{"id":5627,"date":"2019-06-17T14:13:05","date_gmt":"2019-06-17T14:13:05","guid":{"rendered":"https:\/\/biblian.is\/fraedsla\/?page_id=5627"},"modified":"2026-04-17T13:01:09","modified_gmt":"2026-04-17T13:01:09","slug":"fyrra-thessalonikubref-4-kafli","status":"publish","type":"page","link":"https:\/\/biblian.is\/fraedsla\/ritskyring\/fyrra-thessalonikubref-4-kafli\/","title":{"rendered":"Fyrra \u00deessalon\u00edkubr\u00e9f 4. kafli"},"content":{"rendered":"<p><strong>4.3\u00a0<\/strong><em>ver\u00f0i\u00f0 heil\u00f6g&#8230;haldi\u00f0 ykkur fr\u00e1 \u00f3sk\u00edrl\u00edfi: <\/em>Gr\u00edska or\u00f0i\u00f0, sem h\u00e9r er \u00fe\u00fdtt me\u00f0 &#8222;heil\u00f6g&#8220; merkir &#8222;fr\u00e1tekinn handa Gu\u00f0i&#8220;, kalla\u00f0ur til \u00feess a\u00f0 fara a\u00f0 vilja hans. S\u00e1 sem lifir gu\u00f0r\u00e6kilega for\u00f0ast hvers konar lausung og \u00f3reglu \u00ed kynfer\u00f0ism\u00e1lum (Post 15.20, 29; 21.25; 1Kor 5.1; Gal 5.19). \u00cd \u00deessalon\u00edku voru l\u00edkamlegar samfarir f\u00f3lks stundum hluti af hei\u00f0inni tr\u00faari\u00f0kun.<\/p>\n<p><strong>4.8\u00a0<\/strong><em>S\u00e1 sem l\u00edtilsvir\u00f0ir \u00feetta: <\/em>Hinir kristnu \u00ed \u00deessalon\u00edku h\u00f6f\u00f0u ekki or\u00f0i\u00f0 l\u00e6risveinar me\u00f0 \u00fev\u00ed a\u00f0 hl\u00fd\u00f0a bo\u00f0or\u00f0unum \u00ed l\u00f6gm\u00e1li M\u00f3se, en samt s\u00fdndi l\u00edferni \u00feeirra \u00f3tv\u00edr\u00e6tt a\u00f0 \u00feeir heyr\u00f0u til hinum n\u00fdja Gu\u00f0s l\u00fd\u00f0.<\/p>\n<p><strong>4.8\u00a0<\/strong><em>heilaga anda: <\/em>Heilagur andi er \u00f3s\u00fdnilegur kraftur Gu\u00f0s a\u00f0 starfi \u00ed heimi h\u00e9r. Hann fr\u00e6\u00f0ir l\u00e6risveina Krists, styrkir \u00fe\u00e1 \u00ed tr\u00fanni og eflir s\u00e1luhj\u00e1lp \u00feeirra. Helgun hinna endurleystu er verk heilags anda. P\u00e1ll segir heilagan anda \u00e6t\u00ed\u00f0 n\u00e1l\u00e6gan \u00ed l\u00edfi l\u00e6risveina Krists og hj\u00e1lpi hann \u00feeim til \u00feess a\u00f0 lifa Gu\u00f0i vel\u00fe\u00f3knanlegu l\u00edfi. Sj\u00e1 og R\u00f3m 8.1-17; Gal 5.22-26. Sj\u00e1 n\u00e1nar \u201e<a href=\"https:\/\/biblian.is\/fraedsla\/ordtakasafn\/heilagur-andi\/\">Heilagur andi<\/a>\u201c.<\/p>\n<p><strong>4.14\u00a0<\/strong><em>Gu\u00f0 fyrir Jes\u00fa lei\u00f0 \u00e1samt honum fram \u00feau sem sofnu\u00f0 eru: <\/em>Sj\u00e1 athugagrein vi\u00f0 1.10 (v\u00e6nti\u00f0 sonar hans).<\/p>\n<p><strong>4.15\u00a0<\/strong><em>vi\u00f0 komu Drottins: <\/em>Gr\u00edska or\u00f0i\u00f0, sem P\u00e1ll notar h\u00e9r, er<em>par\u00fas\u00eda<\/em>, sem \u00fe\u00fd\u00f0ir &#8222;n\u00e1vist&#8220; e\u00f0a &#8222;koma.&#8220; Me\u00f0al gr\u00edskum\u00e6landi var or\u00f0i\u00f0 l\u00edka haft um h\u00e1t\u00ed\u00f0lega vi\u00f0bur\u00f0i eins og \u00feegar \u00fej\u00f3\u00f0h\u00f6f\u00f0ingi gekk fram \u00e1 hallar\u00ferep e\u00f0a svalir til \u00feess a\u00f0 heilsa \u00e1 \u00feegna s\u00edna.<\/p>\n<p><strong>4.16 <\/strong><em>erkiengilsins: <\/em>H\u00e9r er tr\u00falega \u00e1tt vi\u00f0 Mikael erkiengil (Dan 10.13,21; J\u00fad 9; Opb 12.7).<\/p>\n<p><strong>4.16 <\/strong><em>b\u00e1s\u00fana Gu\u00f0s: <\/em>P\u00e1ll nefnir b\u00e1s\u00fanu e\u00f0a l\u00fa\u00f0ur Gu\u00f0s l\u00edka \u00ed 1Kor 15.51,52. Sj\u00e1 og Sak 9.14; Jes 27.13; Jl 2.1,15).<\/p>\n<p><strong>4.16 <\/strong><em>af himni: <\/em>Sj\u00e1 athugagrein vi\u00f0 1.10 (v\u00e6nti\u00f0 sonar hans).<\/p>\n<p><strong>4.16\u00a0<\/strong><em>upp r\u00edsa: <\/em>\u00deeir sem d\u00e1i\u00f0 hafa af kristnum s\u00f6fnu\u00f0i munu r\u00edsa upp til n\u00fds l\u00edfs og andlegs l\u00edkama (1Kor 15..35-44, 51,52). Sj\u00e1 &#8222;<a href=\"https:\/\/biblian.is\/fraedsla\/ordtakasafn\/upprisa\/\">Upprisan<\/a>&#8222;.<\/p>\n<p><strong>4.17 <\/strong><em>hrifin burt&#8230;\u00ed sk\u00fdjum: <\/em>L\u00e6risveinar Krists, sem ver\u00f0a \u00e1 l\u00edfi vi\u00f0 endurkomu hans, munu ver\u00f0a hrifin burt \u00ed sk\u00fdjum til fundar vi\u00f0 Drottin \u00e1 sama h\u00e1tt og Jes\u00fas var af Gu\u00f0i upp numinn til himna.<\/p>\n","protected":false},"excerpt":{"rendered":"<p>4.3\u00a0ver\u00f0i\u00f0 heil\u00f6g&#8230;haldi\u00f0 ykkur fr\u00e1 \u00f3sk\u00edrl\u00edfi: Gr\u00edska or\u00f0i\u00f0, sem h\u00e9r er <a href=\"https:\/\/biblian.is\/fraedsla\/ritskyring\/fyrra-thessalonikubref-4-kafli\/\"> [&#8230;]<\/a><\/p>\n","protected":false},"author":1,"featured_media":0,"parent":4829,"menu_order":0,"comment_status":"closed","ping_status":"closed","template":"","meta":{"footnotes":""},"class_list":["post-5627","page","type-page","status-publish","hentry"],"_links":{"self":[{"href":"https:\/\/biblian.is\/fraedsla\/wp-json\/wp\/v2\/pages\/5627","targetHints":{"allow":["GET"]}}],"collection":[{"href":"https:\/\/biblian.is\/fraedsla\/wp-json\/wp\/v2\/pages"}],"about":[{"href":"https:\/\/biblian.is\/fraedsla\/wp-json\/wp\/v2\/types\/page"}],"author":[{"embeddable":true,"href":"https:\/\/biblian.is\/fraedsla\/wp-json\/wp\/v2\/users\/1"}],"replies":[{"embeddable":true,"href":"https:\/\/biblian.is\/fraedsla\/wp-json\/wp\/v2\/comments?post=5627"}],"version-history":[{"count":0,"href":"https:\/\/biblian.is\/fraedsla\/wp-json\/wp\/v2\/pages\/5627\/revisions"}],"up":[{"embeddable":true,"href":"https:\/\/biblian.is\/fraedsla\/wp-json\/wp\/v2\/pages\/4829"}],"wp:attachment":[{"href":"https:\/\/biblian.is\/fraedsla\/wp-json\/wp\/v2\/media?parent=5627"}],"curies":[{"name":"wp","href":"https:\/\/api.w.org\/{rel}","templated":true}]}}