{"id":5625,"date":"2019-06-17T14:10:51","date_gmt":"2019-06-17T14:10:51","guid":{"rendered":"https:\/\/biblian.is\/fraedsla\/?page_id=5625"},"modified":"2026-04-17T13:01:09","modified_gmt":"2026-04-17T13:01:09","slug":"fyrra-thessalonikubref-3-kafli","status":"publish","type":"page","link":"https:\/\/biblian.is\/fraedsla\/ritskyring\/fyrra-thessalonikubref-3-kafli\/","title":{"rendered":"Fyrra \u00deessalon\u00edkubr\u00e9f 3. kafli"},"content":{"rendered":"<p><strong>3.1\u00a0<\/strong><em>A\u00feenu: <\/em>H\u00f6fundur Postulas\u00f6gunnar kann fr\u00e1 \u00fev\u00ed a\u00f0 segja, a\u00f0 P\u00e1ll hafi fl\u00fai\u00f0 til A\u00feenu, \u00feegar lei\u00f0togar Gy\u00f0inga h\u00f3fa a\u00f0 ofs\u00e6kja hann \u00ed \u00deessalon\u00edku og Bereu (Post 17.5-34).<\/p>\n<p><strong>3.2\u00a0<\/strong><em>T\u00edm\u00f3teus: <\/em>Sj\u00e1 athugagrein vi\u00f0 1.1 (P\u00e1ll&#8230;T\u00edm\u00f3teus).<\/p>\n<p><strong>3.2\u00a0<\/strong><em>fagna\u00f0arerindi\u00f0 um Krist: <\/em>Sj\u00e1 athugagrein vi\u00f0 1.5.<\/p>\n<p><strong>3.5\u00a0<\/strong><em>Satan: <\/em>Sj\u00e1 athugagrein vi\u00f0 2.18.<\/p>\n<p><strong>3.11\u00a0<\/strong><em>Gu\u00f0 og fa\u00f0ir vor og Drottinn vor Jes\u00fas: <\/em>Sj\u00e1 athugagrein vi\u00f0 2\u00deess 1.1 (Gu\u00f0i, f\u00f6\u00f0ur vorum).<\/p>\n<p><strong>3.13\u00a0<\/strong><em>\u00feegar Drottinn vor Jes\u00fas kemur: <\/em>Sj\u00e1 athugagrein vi\u00f0 1.10 (v\u00e6nti\u00f0 sonar hans).<\/p>\n","protected":false},"excerpt":{"rendered":"<p>3.1\u00a0A\u00feenu: H\u00f6fundur Postulas\u00f6gunnar kann fr\u00e1 \u00fev\u00ed a\u00f0 segja, a\u00f0 P\u00e1ll <a href=\"https:\/\/biblian.is\/fraedsla\/ritskyring\/fyrra-thessalonikubref-3-kafli\/\"> [&#8230;]<\/a><\/p>\n","protected":false},"author":1,"featured_media":0,"parent":4829,"menu_order":0,"comment_status":"closed","ping_status":"closed","template":"","meta":{"footnotes":""},"class_list":["post-5625","page","type-page","status-publish","hentry"],"_links":{"self":[{"href":"https:\/\/biblian.is\/fraedsla\/wp-json\/wp\/v2\/pages\/5625","targetHints":{"allow":["GET"]}}],"collection":[{"href":"https:\/\/biblian.is\/fraedsla\/wp-json\/wp\/v2\/pages"}],"about":[{"href":"https:\/\/biblian.is\/fraedsla\/wp-json\/wp\/v2\/types\/page"}],"author":[{"embeddable":true,"href":"https:\/\/biblian.is\/fraedsla\/wp-json\/wp\/v2\/users\/1"}],"replies":[{"embeddable":true,"href":"https:\/\/biblian.is\/fraedsla\/wp-json\/wp\/v2\/comments?post=5625"}],"version-history":[{"count":0,"href":"https:\/\/biblian.is\/fraedsla\/wp-json\/wp\/v2\/pages\/5625\/revisions"}],"up":[{"embeddable":true,"href":"https:\/\/biblian.is\/fraedsla\/wp-json\/wp\/v2\/pages\/4829"}],"wp:attachment":[{"href":"https:\/\/biblian.is\/fraedsla\/wp-json\/wp\/v2\/media?parent=5625"}],"curies":[{"name":"wp","href":"https:\/\/api.w.org\/{rel}","templated":true}]}}