{"id":5621,"date":"2019-06-17T14:08:02","date_gmt":"2019-06-17T14:08:02","guid":{"rendered":"https:\/\/biblian.is\/fraedsla\/?page_id=5621"},"modified":"2022-12-16T13:58:59","modified_gmt":"2022-12-16T13:58:59","slug":"fyrra-thessalonikubref-1-kafli","status":"publish","type":"page","link":"https:\/\/biblian.is\/fraedsla\/ritskyring\/fyrra-thessalonikubref-1-kafli\/","title":{"rendered":"Fyrra \u00deessalon\u00edkubr\u00e9f 1. kafli"},"content":{"rendered":"<h3>Tr\u00fa \u00deessalon\u00edkumanna og bo\u00f0un P\u00e1ls postula<\/h3>\n<p><em>P\u00e1ll sendir l\u00e6risveinum Krists \u00ed \u00deessalon\u00edku kve\u00f0ju s\u00edna. Hann \u00feakkar \u00feeim fyrir a\u00f0 \u00feeir skuli vera or\u00f0nir fyrirmynd \u00f6llum tr\u00fau\u00f0um \u00ed Grikklandi. Hann hr\u00f3sar \u00feeim fyrir \u00fea\u00f0, a\u00f0 \u00feeir skuli hafa sn\u00fai\u00f0 fr\u00e1 skur\u00f0go\u00f0ad\u00fdrkun og teki\u00f0 \u00ed sta\u00f0inn a\u00f0 \u00fej\u00f3na lifandi og s\u00f6nnum Gu\u00f0i, og \u00fea\u00f0 \u00fer\u00e1tt fyrir \u00ferengingar sem af \u00feeim sinnaskiptum hafa leitt. P\u00e1ll minnir \u00deessalon\u00edkumenn \u00e1 a\u00f0 hann vann h\u00f6r\u00f0um h\u00f6ndum me\u00f0an hann dvaldist hj\u00e1 \u00feeim og bo\u00f0a\u00f0i \u00feeim fagna\u00f0arerindi\u00f0. Og \u00fe\u00f3tt samverkama\u00f0ur P\u00e1ls, T\u00edm\u00f3teus, hafi flutt honum gle\u00f0ifregn um tr\u00fa \u00deessalon\u00edkumanna og k\u00e6rleika, vonast hann til \u00feess a\u00f0 s\u00e9r au\u00f0nist a\u00f0 koma til \u00feeirra aftur. <\/em><em>\u00a0<\/em><\/p>\n<p><strong>1.1\u00a0<\/strong><em>P\u00e1ll, Silvanus og T\u00edm\u00f3teus: <\/em>Sj\u00e1 &#8222;<a href=\"https:\/\/biblian.is\/fraedsla\/ordtakasafn\/pall-sal-fra-tarsus\/\">P\u00e1ll (S\u00e1l) fr\u00e1 Tarsus<\/a>&#8222;. T\u00edm\u00f3teus var samverkama\u00f0ur P\u00e1ls og er nefndur \u00e1 nafn \u00ed m\u00f6rgum br\u00e9fa hans (1Kor 16.10; 2Kor 1.1; Flm 1). P\u00e1ll sendi T\u00edm\u00f3teus til l\u00e6risveinanna \u00ed \u00deessalon\u00edku til \u00feess a\u00f0 hj\u00e1lpa \u00feeim a\u00f0 leysa \u00far einhverjum vanda, sem upp hefur komi\u00f0, e\u00f0a jafnvel setja ni\u00f0ur deilur \u00feeirra \u00ed milli (3.2-6). Postularnir og safna\u00f0arlei\u00f0togarnir \u00ed Jer\u00fasalem ger\u00f0u Silvanus \u00fat \u00e1samt P\u00e1li til \u00feess a\u00f0 stofna n\u00fdja s\u00f6fnu\u00f0i \u00e1 me\u00f0al hei\u00f0ingja (Post 15.22). \u00deeir voru hnepptir \u00ed var\u00f0hald \u00ed Filipp\u00ed (Post 16.16-40) og seinna r\u00e9\u00f0ist \u00e1 \u00fe\u00e1 \u00e6stur m\u00fagur \u00ed \u00deessalon\u00edku (Post 17.1-9).<\/p>\n<p><strong>1.1\u00a0<\/strong><em>s\u00f6fnu\u00f0i: <\/em>Sj\u00e1 &#8222;Kirkjan&#8220;.<\/p>\n<p><strong>1.1\u00a0<\/strong><em>\u00deessalon\u00edkumanna: <\/em>Sj\u00e1 athugagrein undir 2\u00deess 1.1.<\/p>\n<p><strong>1.1\u00a0<\/strong><em>Gu\u00f0i f\u00f6\u00f0ur og Drottni Jes\u00fa Kristi: <\/em>Sj\u00e1 athugagrein vi\u00f0 2\u00deess 1.1 (Gu\u00f0i, f\u00f6\u00f0um vorum).<\/p>\n<p><strong>1.3 <\/strong><em>\u00ed tr\u00fanni: <\/em>Sj\u00e1 &#8222;<a href=\"https:\/\/biblian.is\/fraedsla\/ordtakasafn\/tru\/\">Tr\u00fa<\/a>&#8222;.<\/p>\n<p><strong>1.5\u00a0<\/strong><em>Fagna\u00f0arerindi&#8230;heil\u00f6gum anda: <\/em>Fagna\u00f0arerindi\u00f0 er hvort tveggja \u00ed senn: Fr\u00e1s\u00f6gnin af Jes\u00fa og s\u00e1 bo\u00f0skapur um Gu\u00f0s r\u00edki, sem Jes\u00fas flytur. \u00deeir sem tr\u00faa \u00e1 Jes\u00fa ver\u00f0a l\u00e6risveinar hans og heyra til Gu\u00f0s l\u00fd\u00f0. Sj\u00e1 athugagrein vi\u00f0 4.8 (Heilagur andi).<\/p>\n<p><strong>1.8\u00a0<\/strong><em>or\u00f0 Drottins: <\/em>Fagna\u00f0arerindi\u00f0, &#8222;g\u00f3\u00f0u fr\u00e9ttirnar&#8220;.<\/p>\n<p><strong>1.9 <\/strong><em>sneru\u00f0 ykkur&#8230;fr\u00e1 skur\u00f0go\u00f0unum: <\/em>Flestir l\u00e6risveinar Krists \u00ed \u00deessalon\u00edku h\u00f6f\u00f0u \u00e1\u00f0ur veri\u00f0 hei\u00f0ingjar og \u00fev\u00ed d\u00fdrka\u00f0 gu\u00f0i og gy\u00f0jur hei\u00f0inna manna. Sj\u00e1 &#8222;<a href=\"https:\/\/biblian.is\/fraedsla\/samtidarsaga-bibliunnar\/truarbrogd-i-romverska-heimsveldinu\/\">Gu\u00f0ir og gy\u00f0jur Grikkja og R\u00f3mverja<\/a>&#8222;.<\/p>\n<p><strong>1.10\u00a0<\/strong><em>v\u00e6nti\u00f0&#8230;sonar hans, fr\u00e1 himnum: <\/em>Sj\u00e1 &#8222;<a href=\"https:\/\/biblian.is\/fraedsla\/ordtakasafn\/guds-sonur\/\">Gu\u00f0s sonur<\/a>&#8222;.<\/p>\n<p><strong>1.10\u00a0<\/strong><em>frelsa okkur fr\u00e1 hinni komandi rei\u00f0i: <\/em>P\u00e1li ver\u00f0ur\u00ed br\u00e9fum s\u00ednum t\u00ed\u00f0r\u00e6tt um endurkomu Jes\u00fa (sj\u00e1 4.13-18; sj\u00e1 og 1Kor 15.20-28; Fil 1.10; 2.16; 3.20,21). \u00deeir ver\u00f0a h\u00f3lpnir, sem tr\u00faa \u00e1 Krist (J\u00f3h 12.44-50), en hinum, sem hafna Gu\u00f0i, ver\u00f0ur refsa\u00f0 (Matt 13.47-50; 25.31-46; 1\u00deess 5.1-11). Sj\u00e1 &#8222;<a href=\"https:\/\/biblian.is\/fraedsla\/ordtakasafn\/hjalpraedi\/\">K\u00e6rleikur Gu\u00f0s frelsar (Hj\u00e1lpr\u00e6\u00f0i)<\/a>&#8220; og &#8222;<a href=\"https:\/\/biblian.is\/fraedsla\/ordtakasafn\/endurkoma-drottins-jesu\/\">Endurkoman<\/a>&#8222;.<\/p>\n","protected":false},"excerpt":{"rendered":"<p>Tr\u00fa \u00deessalon\u00edkumanna og bo\u00f0un P\u00e1ls postula P\u00e1ll sendir l\u00e6risveinum Krists <a href=\"https:\/\/biblian.is\/fraedsla\/ritskyring\/fyrra-thessalonikubref-1-kafli\/\"> [&#8230;]<\/a><\/p>\n","protected":false},"author":1,"featured_media":0,"parent":4829,"menu_order":0,"comment_status":"closed","ping_status":"closed","template":"","meta":{"footnotes":""},"class_list":["post-5621","page","type-page","status-publish","hentry"],"_links":{"self":[{"href":"https:\/\/biblian.is\/fraedsla\/wp-json\/wp\/v2\/pages\/5621","targetHints":{"allow":["GET"]}}],"collection":[{"href":"https:\/\/biblian.is\/fraedsla\/wp-json\/wp\/v2\/pages"}],"about":[{"href":"https:\/\/biblian.is\/fraedsla\/wp-json\/wp\/v2\/types\/page"}],"author":[{"embeddable":true,"href":"https:\/\/biblian.is\/fraedsla\/wp-json\/wp\/v2\/users\/1"}],"replies":[{"embeddable":true,"href":"https:\/\/biblian.is\/fraedsla\/wp-json\/wp\/v2\/comments?post=5621"}],"version-history":[{"count":0,"href":"https:\/\/biblian.is\/fraedsla\/wp-json\/wp\/v2\/pages\/5621\/revisions"}],"up":[{"embeddable":true,"href":"https:\/\/biblian.is\/fraedsla\/wp-json\/wp\/v2\/pages\/4829"}],"wp:attachment":[{"href":"https:\/\/biblian.is\/fraedsla\/wp-json\/wp\/v2\/media?parent=5621"}],"curies":[{"name":"wp","href":"https:\/\/api.w.org\/{rel}","templated":true}]}}