{"id":5619,"date":"2019-06-17T14:04:24","date_gmt":"2019-06-17T14:04:24","guid":{"rendered":"https:\/\/biblian.is\/fraedsla\/?page_id=5619"},"modified":"2026-04-17T13:01:12","modified_gmt":"2026-04-17T13:01:12","slug":"kolossubrefid-4-kafli","status":"publish","type":"page","link":"https:\/\/biblian.is\/fraedsla\/ritskyring\/kolossubrefid-4-kafli\/","title":{"rendered":"K\u00f3lossubr\u00e9fi\u00f0 4. kafli"},"content":{"rendered":"<p><strong>4.3\u00a0<\/strong><em>or\u00f0i\u00f0&#8230;leyndard\u00f3m: <\/em>Sj\u00e1 athugagreinar vi\u00f0 1.5 (\u00ed or\u00f0i sannleikans) og 1.26,27 (leyndard\u00f3minn&#8230;leyndard\u00f3mi).<\/p>\n<p><strong>4.3\u00a0<\/strong><em>Hans vegna er \u00e9g n\u00fa \u00ed b\u00f6ndum: <\/em>P\u00e1ll kve\u00f0st sitja \u00ed fangelsi vegna or\u00f0sins, leyndard\u00f3ms Krists. Ekki er vita\u00f0 n\u00e1kv\u00e6mlega hve oft P\u00e1ll var hnepptur \u00ed var\u00f0hald e\u00f0a hve v\u00ed\u00f0a. \u00cd Postulas\u00f6gunni segir, a\u00f0 hann hafi veri\u00f0 varpa\u00f0 \u00ed d\u00fdflissu b\u00e6\u00f0i \u00ed Efesus (Post 24.24-26.32) og Sesareu (Post 19.19-21), og vita\u00f0 er a\u00f0 hann sat \u00ed stofufangelsi \u00ed R\u00f3m (Post 28.11-30).<\/p>\n<p><strong>4.7\u00a0<\/strong><em>T\u00fdk\u00edkus: <\/em>T\u00fdk\u00edkus var fr\u00e1 Litlu-As\u00edu og nafni\u00f0 hans \u00fe\u00fd\u00f0ir &#8222;tilviljunarkenndur&#8220; e\u00f0a &#8222;heppinn.&#8220; Hann var me\u00f0 P\u00e1li \u00e1 kristnibo\u00f0sfer\u00f0um hans (Post 20.4,5) og flutti bo\u00f0 fr\u00e1 honum (Ef 6.21,21; 2T\u00edm 4.12; T\u00edt 3.12).<\/p>\n<p><strong>4.9\u00a0<\/strong><em>Ones\u00edmus: <\/em>Ones\u00edmus haf\u00f0i veri\u00f0 \u00fer\u00e6ll F\u00edlemons. Nafni\u00f0 \u00fe\u00fd\u00f0ir &#8222;nytsamlegur.&#8220; (Sj\u00e1 Br\u00e9f P\u00e1ls til F\u00edlemons).<\/p>\n<p><strong>4.10-17 <\/strong><em>Aristarkus&#8230;Arkippusi: <\/em>Flestir \u00feeir, sem \u00ed \u00feessum versum eru nefndir \u00e1 nafn, koma og fyrir annars sta\u00f0ar \u00ed N\u00fdja testamenti:<\/p>\n<ul>\n<li>Aristarkus (Post 19.29; 20.4,5; 27.2, F\u00edlm 24).<\/li>\n<li>Mark\u00fas (Post 11.27-30; 12..12,24,25; 13.13; 15.36-39; 2T\u00edm 4.11).<\/li>\n<li>Epafras (K\u00f3l 1.7; F\u00edlm 23).<\/li>\n<li>L\u00fakas (F\u00edlm 24; 2T\u00edm 4.11).<\/li>\n<li>Demas (F\u00edlm 24; 2T\u00edm 4.10).<\/li>\n<li>Arkippus (F\u00edlm 2)<\/li>\n<\/ul>\n<p>Jes\u00fas, a\u00f0 vi\u00f0urnefni J\u00fastus og N\u00fdmfa, eru hvergi annars sta\u00f0ar nefnd \u00e1 nafn \u00ed N\u00fdja testamenti en h\u00e9r, \u00ed K\u00f3lossubr\u00e9finu.<\/p>\n<p><strong>4.13\u00a0<\/strong><em>\u00ed La\u00f3d\u00edkeu og \u00ed H\u00ederap\u00f3lis: <\/em>La\u00f3d\u00edkea var um 32 k\u00f3l\u00f3metrum fyrir vestan K\u00f3lossu. Borgin H\u00ederap\u00f3lis var fr\u00e6g fyrir vefna\u00f0 og litunarefni. H\u00fan var \u00ed 10 k\u00f3l\u00f3metra fjarl\u00e6g\u00f0 fr\u00e1 La\u00f3d\u00edkeu \u00ed ofanver\u00f0um L\u00fdkus\u00e1rdal.<\/p>\n<p><strong>4.16\u00a0<\/strong><em>\u00feetta br\u00e9f: <\/em>Hvergi \u00ed N\u00fdja testamenti nema h\u00e9r er minnst \u00e1 \u00feetta br\u00e9f til safna\u00f0arins \u00ed La\u00f3k\u00edkeu.<\/p>\n<p><strong>4.18\u00a0<\/strong><em>Kve\u00f0jan er skrifu\u00f0 me\u00f0 minni, P\u00e1ls, eigin hendi: <\/em>\u00deessi or\u00f0 benda til \u00feess, a\u00f0 sj\u00e1lft hafi br\u00e9fi\u00f0 veri\u00f0 a\u00f0 skrifa\u00f0 af ritara.<\/p>\n","protected":false},"excerpt":{"rendered":"<p>4.3\u00a0or\u00f0i\u00f0&#8230;leyndard\u00f3m: Sj\u00e1 athugagreinar vi\u00f0 1.5 (\u00ed or\u00f0i sannleikans) og 1.26,27 <a href=\"https:\/\/biblian.is\/fraedsla\/ritskyring\/kolossubrefid-4-kafli\/\"> [&#8230;]<\/a><\/p>\n","protected":false},"author":1,"featured_media":0,"parent":4829,"menu_order":0,"comment_status":"closed","ping_status":"closed","template":"","meta":{"footnotes":""},"class_list":["post-5619","page","type-page","status-publish","hentry"],"_links":{"self":[{"href":"https:\/\/biblian.is\/fraedsla\/wp-json\/wp\/v2\/pages\/5619","targetHints":{"allow":["GET"]}}],"collection":[{"href":"https:\/\/biblian.is\/fraedsla\/wp-json\/wp\/v2\/pages"}],"about":[{"href":"https:\/\/biblian.is\/fraedsla\/wp-json\/wp\/v2\/types\/page"}],"author":[{"embeddable":true,"href":"https:\/\/biblian.is\/fraedsla\/wp-json\/wp\/v2\/users\/1"}],"replies":[{"embeddable":true,"href":"https:\/\/biblian.is\/fraedsla\/wp-json\/wp\/v2\/comments?post=5619"}],"version-history":[{"count":0,"href":"https:\/\/biblian.is\/fraedsla\/wp-json\/wp\/v2\/pages\/5619\/revisions"}],"up":[{"embeddable":true,"href":"https:\/\/biblian.is\/fraedsla\/wp-json\/wp\/v2\/pages\/4829"}],"wp:attachment":[{"href":"https:\/\/biblian.is\/fraedsla\/wp-json\/wp\/v2\/media?parent=5619"}],"curies":[{"name":"wp","href":"https:\/\/api.w.org\/{rel}","templated":true}]}}