{"id":5616,"date":"2019-06-17T14:03:17","date_gmt":"2019-06-17T14:03:17","guid":{"rendered":"https:\/\/biblian.is\/fraedsla\/?page_id=5616"},"modified":"2026-04-17T13:01:12","modified_gmt":"2026-04-17T13:01:12","slug":"kolossubrefid-3-kafli","status":"publish","type":"page","link":"https:\/\/biblian.is\/fraedsla\/ritskyring\/kolossubrefid-3-kafli\/","title":{"rendered":"K\u00f3lossubr\u00e9fi\u00f0 3. kafli"},"content":{"rendered":"<p><strong>3.1\u00a0<\/strong><em>\u00fei\u00f0&#8230;eru\u00f0 uppvakin me\u00f0 Kristi: <\/em>Sj\u00e1 athugagrein vi\u00f0 2.12.<\/p>\n<p><strong>3.1\u00a0<\/strong><em>vi\u00f0 h\u00e6gri h\u00f6nd Gu\u00f0s: <\/em>Hei\u00f0urs- og vir\u00f0ingarsess, \u00e6tla\u00f0ur tignum valdsmanni, var konunginum til h\u00e6gri handar.<\/p>\n<p><strong>3.4\u00a0<\/strong><em>\u00deegar Kristur&#8230;opinberast: <\/em>P\u00e1ll ritar i\u00f0ulega um endurkomu Krists \u00ed br\u00e9fum s\u00ednum (1Kor 1.8,9; 15.20-28; 1\u00deess 4.13-18; Fil 1.6; 3.20,21). Sj\u00e1 &#8222;<a href=\"https:\/\/biblian.is\/fraedsla\/ordtakasafn\/endurkoma-drottins-jesu\/\">Endurkoman<\/a>&#8222;.<\/p>\n<p><strong>3.5\u00a0<\/strong><em>h\u00f3rd\u00f3m&#8230;skur\u00f0go\u00f0ad\u00fdrkun: <\/em>\u00deeir sem eiga l\u00edfi\u00f0 n\u00fdja \u00ed Kristi skulu ekki lifa \u00fev\u00ed kynl\u00edfi sem banna\u00f0 er \u00ed l\u00f6gm\u00e1li M\u00f3se og \u00feeim ber l\u00edka a\u00f0 for\u00f0ast \u00f3s\u00e6milegar hugsanir og hvatir (Matt 5.27,28,31,32; R\u00f3m 1.24-27; 1Kor 5.1-5; Gal 5.19; Ef 5.3). \u00de\u00e1 ver\u00f0ur \u00feess hvarvetna vart \u00ed Bibl\u00edunni, a\u00f0 \u00e1girnd er talin s\u00edst sk\u00e1rri en skur\u00f0go\u00f0ad\u00fdrkun (Matt 6.24; Ef 5.5).<\/p>\n<p><strong>3.9\u00a0<\/strong><em>afkl\u00e6\u00f0ist hinum gamla manni: <\/em>K\u00f3lossumenn h\u00f6f\u00f0u i\u00f0ka\u00f0 \u00fdmislegt \u00fea\u00f0 sem andst\u00e6tt var vilja Gu\u00f0s og hinu n\u00fdja l\u00edfi \u00ed Kristi. \u00dea\u00f0 hefur tr\u00falega veri\u00f0 \u00fea\u00f0 sama og P\u00e1ll \u00e1taldi Korintumenn fyrir (1Kor 5.6; 10,11).<\/p>\n<p><strong>3.10\u00a0<\/strong><em>sem Gu\u00f0 er a\u00f0 skapa a\u00f0 n\u00fdju: <\/em>H\u00e9r r\u00e6\u00f0ir P\u00e1ll um Gu\u00f0, f\u00f6\u00f0ur alm\u00e1ttugan, skapara himins og jar\u00f0ar (1M\u00f3s 1.1-2.4). En Kristur &#8222;skapar&#8220; l\u00edka n\u00fdja menn me\u00f0 gj\u00f6f heilags anda (R\u00f3m 3.11; 8.9; Fil 2.13).<\/p>\n<p><strong>3.11 <\/strong><em>gr\u00edskur ma\u00f0ur n\u00e9 Gy\u00f0ingur&#8230;\u00fatlendingur&#8230;frj\u00e1ls ma\u00f0ur: <\/em>Sj\u00e1 athugagrein vi\u00f0 1.27 (Hei\u00f0nar \u00fej\u00f3\u00f0ir). Sj\u00e1 og athugagrein vi\u00f0 2.11 (umskurn).<\/p>\n<p>\u00datlendingar voru ekki m\u00e6ltir \u00e1 gr\u00edsku og var af \u00feeim s\u00f6kum liti\u00f0 ni\u00f0ur \u00e1 \u00fe\u00e1. Sk\u00fdtar voru \u00fej\u00f3\u00f0flokkur \u00far K\u00e1kasusfj\u00f6llum \u00e1 milli Svartahafs og Kasp\u00edahafs. \u00de\u00e9r r\u00e9\u00f0ust oft \u00e1 n\u00e1granna s\u00edna \u00ed su\u00f0ri og voru alr\u00e6mdir fyrir grimmd.<\/p>\n<p>N\u00e1nar um st\u00e9ttaskiptingu \u00ed r\u00f3mverska heimsveldinu sj\u00e1 &#8222;<a href=\"https:\/\/biblian.is\/fraedsla\/samtidarsaga-bibliunnar\/mannlif-og-landshaettir-a-timum-jesu-thjodir-valdhafar-og-stjornmal\/\">Mannl\u00edf og landsh\u00e6ttir \u00e1 t\u00edmum Jes\u00fa: \u00dej\u00f3\u00f0ir, valdhafar og stj\u00f3rnm\u00e1l<\/a>&#8222;og &#8222;<a href=\"https:\/\/biblian.is\/fraedsla\/samtidarsaga-bibliunnar\/thraelar-og-thjonustufolk-a-dogum-jesu\/\">\u00der\u00e6lar og \u00fej\u00f3nustuf\u00f3lk \u00e1 d\u00f6gum Jes\u00fa<\/a>&#8222;.<\/p>\n<p><strong>3.15 <\/strong><em>einum l\u00edkama: <\/em>L\u00edkaminn er kirkjan, l\u00edkami Krists. Sj\u00e1 athugagrein vi\u00f0 1.18.<\/p>\n<p><strong>3.18,19 <\/strong><em>Konur&#8230;eiginm\u00f6nnum: <\/em>Eiginkonan hefur mann sinn \u00ed hei\u00f0ri. \u00c1 sama h\u00e1tt elskar eiginma\u00f0urinn konu s\u00edna eins og Kristur elska\u00f0i kirkjuna. Sj\u00e1 1P\u00e9t 3.7; Gal 3.28,29; Ef 5.22-25.<\/p>\n<p><strong>3.22-4.1 <\/strong><em>\u00der\u00e6lar&#8230;\u00dei\u00f0 sem eigi\u00f0 \u00fer\u00e6la: <\/em>Sj\u00e1 athugagrein vi\u00f0 3.11 (gr\u00edskur ma\u00f0ur n\u00e9 Gy\u00f0ingur). \u00deegar \u00fer\u00e6ll \u00fej\u00f3nar h\u00fasb\u00f3nda s\u00ednum, segir P\u00e1ll, \u00fe\u00e1 \u00fej\u00f3nar hann um lei\u00f0 Kristi. Vondir menn munu taka \u00fat s\u00edna refsingu, og \u00fe\u00e1 ekkert s\u00ed\u00f0ur vondir \u00fer\u00e6lahaldarar.<\/p>\n","protected":false},"excerpt":{"rendered":"<p>3.1\u00a0\u00fei\u00f0&#8230;eru\u00f0 uppvakin me\u00f0 Kristi: Sj\u00e1 athugagrein vi\u00f0 2.12. 3.1\u00a0vi\u00f0 h\u00e6gri <a href=\"https:\/\/biblian.is\/fraedsla\/ritskyring\/kolossubrefid-3-kafli\/\"> [&#8230;]<\/a><\/p>\n","protected":false},"author":1,"featured_media":0,"parent":4829,"menu_order":0,"comment_status":"closed","ping_status":"closed","template":"","meta":{"footnotes":""},"class_list":["post-5616","page","type-page","status-publish","hentry"],"_links":{"self":[{"href":"https:\/\/biblian.is\/fraedsla\/wp-json\/wp\/v2\/pages\/5616","targetHints":{"allow":["GET"]}}],"collection":[{"href":"https:\/\/biblian.is\/fraedsla\/wp-json\/wp\/v2\/pages"}],"about":[{"href":"https:\/\/biblian.is\/fraedsla\/wp-json\/wp\/v2\/types\/page"}],"author":[{"embeddable":true,"href":"https:\/\/biblian.is\/fraedsla\/wp-json\/wp\/v2\/users\/1"}],"replies":[{"embeddable":true,"href":"https:\/\/biblian.is\/fraedsla\/wp-json\/wp\/v2\/comments?post=5616"}],"version-history":[{"count":0,"href":"https:\/\/biblian.is\/fraedsla\/wp-json\/wp\/v2\/pages\/5616\/revisions"}],"up":[{"embeddable":true,"href":"https:\/\/biblian.is\/fraedsla\/wp-json\/wp\/v2\/pages\/4829"}],"wp:attachment":[{"href":"https:\/\/biblian.is\/fraedsla\/wp-json\/wp\/v2\/media?parent=5616"}],"curies":[{"name":"wp","href":"https:\/\/api.w.org\/{rel}","templated":true}]}}