{"id":5614,"date":"2019-06-17T14:01:29","date_gmt":"2019-06-17T14:01:29","guid":{"rendered":"https:\/\/biblian.is\/fraedsla\/?page_id=5614"},"modified":"2026-04-17T13:01:12","modified_gmt":"2026-04-17T13:01:12","slug":"kolossubrefid-2-kafli","status":"publish","type":"page","link":"https:\/\/biblian.is\/fraedsla\/ritskyring\/kolossubrefid-2-kafli\/","title":{"rendered":"K\u00f3lossubr\u00e9fi\u00f0 2. kafli"},"content":{"rendered":"<p><strong>2.1\u00a0<\/strong><em>La\u00f3d\u00edkeu: <\/em>Sj\u00e1 athugagrein vi\u00f0 4.13.<\/p>\n<p><strong>2.3\u00a0<\/strong><em>spekinnar og \u00feekkingarinnar: <\/em>Sj\u00e1 Okv 2.3-6, Jes 45.3 og &#8222;<a href=\"https:\/\/biblian.is\/fraedsla\/ordtakasafn\/spekin\/\">Spekin<\/a>&#8222;.<\/p>\n<p><strong>2.8\u00a0<\/strong><em>heimsv\u00e6ttunum: <\/em>Dular\u00f6fl og andaverur voru \u00e1litin r\u00e1\u00f0a afdrifum f\u00f3lks. A\u00f0 d\u00f3mi P\u00e1ls st\u00f3\u00f0 &#8222;heimurinn&#8220; \u00ed gegn Gu\u00f0i og r\u00e1\u00f0s\u00e1lyktun hans (R\u00f3m 12.2).<\/p>\n<p><strong>2.11\u00a0<\/strong><em>umskurn: <\/em>Sj\u00e1 &#8222;<a href=\"https:\/\/biblian.is\/fraedsla\/ordtakasafn\/umskurn\/\">Umskurn<\/a>&#8222;.<\/p>\n<p><strong>2.12\u00a0<\/strong><em>greftru\u00f0 me\u00f0 Kristi \u00ed sk\u00edrninni: <\/em>Sk\u00edrnar\u00feeginn deyr syndinni og lifir n\u00fa n\u00fdju l\u00edfi, \u00e1 sama h\u00e1tt og Jes\u00fas d\u00f3 og var af Gu\u00f0i reistur upp fr\u00e1 dau\u00f0um (R\u00f3m 6.3-6). Sj\u00e1 og &#8222;<a href=\"https:\/\/biblian.is\/fraedsla\/ordtakasafn\/skirn\/\">Sk\u00edrnin<\/a>&#8222;.<\/p>\n<p><strong>2.13 <\/strong><em>\u00dei\u00f0 voru\u00f0 dau\u00f0&#8230;Gu\u00f0&#8230;fyrigaf okkur \u00f6ll afbrotin:<\/em>Syndin skilur okkur fr\u00e1 Gu\u00f0i; \u00fea\u00f0 er verra en dau\u00f0i.<\/p>\n<p>Jes\u00fas sigra\u00f0i synd og dau\u00f0a, \u00feegar hann d\u00f3 \u00e1 krossinum og var s\u00ed\u00f0an af Gu\u00f0i reistur upp fr\u00e1 dau\u00f0um. Hann heitir \u00feeim fyrirgefningu synda sinna, sem tr\u00faa \u00e1 hann. Sj\u00e1 og &#8222;<a href=\"https:\/\/biblian.is\/fraedsla\/ordtakasafn\/eilift-lif\/\">Eil\u00edft l\u00edf<\/a>&#8222;.<\/p>\n<p><strong>2.14 <\/strong><em>afm\u00e1\u00f0i skuldabr\u00e9fi\u00f0&#8230; me\u00f0 \u00e1kv\u00e6\u00f0um s\u00ednum&#8230;negla \u00fea\u00f0 \u00e1 krossinn: <\/em>Me\u00f0 &#8222;\u00e1kv\u00e6\u00f0um&#8220; er h\u00e9r \u00e1tt vi\u00f0 l\u00f6gm\u00e1li\u00f0 (bo\u00f0or\u00f0in), sem Gu\u00f0 lag\u00f0i fyrir M\u00f3se \u00e1 S\u00edna\u00edfjalli. \u00deegar Jes\u00fas d\u00f3 \u00e1 krossinum, \u00e1fm\u00e1\u00f0i hann sektina, sem sprottin var af \u00f3hl\u00fd\u00f0ni vi\u00f0 fyrirm\u00e6li Drottins.<\/p>\n<p><strong>2.16\u00a0<\/strong><em>d\u00e6ma ykkur fyrir mat e\u00f0a drykk: <\/em>H\u00e9r \u00e1 P\u00e1ll v\u00edsast vi\u00f0 gy\u00f0ing-kristna menn, sem reyndu af f\u00e1 s\u00f6fnu\u00f0inn \u00ed K\u00f3lossu til \u00feess a\u00f0 taka \u00fe\u00e1tt \u00ed tr\u00faarh\u00e1t\u00ed\u00f0um Gy\u00f0inga og fara \u00ed \u00f6llu a\u00f0 si\u00f0um \u00feeirra.<\/p>\n<p><strong>2.18\u00a0<\/strong><em>au\u00f0m\u00fdkt sinni og englad\u00fdrkun: <\/em>\u00deeir sem st\u00e6r\u00f0u sig af au\u00f0m\u00fdkt sinni kunna a\u00f0 hafa veri\u00f0 hinir s\u00f6mu og \u00feeir si\u00f0av\u00f6ndu, sem nefndir eru \u00ed 2.16. Englad\u00fdrkunin getur hafa veri\u00f0 einhver dultr\u00faarsi\u00f0ur, \u00fear sem tilbi\u00f0jendur vegs\u00f6mu\u00f0u andaverur \u00ed himingeimnum, e\u00f0a t\u00f6ldu jafnvel engla birtast s\u00e9r.<\/p>\n<p><strong>2.20,21 <\/strong><em>bo\u00f0 eins og \u00feessi: &#8222;Snertu ekki&#8220;: <\/em>Sj\u00e1 athugagrein vi\u00f0 2.16.<\/p>\n","protected":false},"excerpt":{"rendered":"<p>2.1\u00a0La\u00f3d\u00edkeu: Sj\u00e1 athugagrein vi\u00f0 4.13. 2.3\u00a0spekinnar og \u00feekkingarinnar: Sj\u00e1 Okv <a href=\"https:\/\/biblian.is\/fraedsla\/ritskyring\/kolossubrefid-2-kafli\/\"> [&#8230;]<\/a><\/p>\n","protected":false},"author":1,"featured_media":0,"parent":4829,"menu_order":0,"comment_status":"closed","ping_status":"closed","template":"","meta":{"footnotes":""},"class_list":["post-5614","page","type-page","status-publish","hentry"],"_links":{"self":[{"href":"https:\/\/biblian.is\/fraedsla\/wp-json\/wp\/v2\/pages\/5614","targetHints":{"allow":["GET"]}}],"collection":[{"href":"https:\/\/biblian.is\/fraedsla\/wp-json\/wp\/v2\/pages"}],"about":[{"href":"https:\/\/biblian.is\/fraedsla\/wp-json\/wp\/v2\/types\/page"}],"author":[{"embeddable":true,"href":"https:\/\/biblian.is\/fraedsla\/wp-json\/wp\/v2\/users\/1"}],"replies":[{"embeddable":true,"href":"https:\/\/biblian.is\/fraedsla\/wp-json\/wp\/v2\/comments?post=5614"}],"version-history":[{"count":0,"href":"https:\/\/biblian.is\/fraedsla\/wp-json\/wp\/v2\/pages\/5614\/revisions"}],"up":[{"embeddable":true,"href":"https:\/\/biblian.is\/fraedsla\/wp-json\/wp\/v2\/pages\/4829"}],"wp:attachment":[{"href":"https:\/\/biblian.is\/fraedsla\/wp-json\/wp\/v2\/media?parent=5614"}],"curies":[{"name":"wp","href":"https:\/\/api.w.org\/{rel}","templated":true}]}}