{"id":5610,"date":"2019-06-17T13:55:15","date_gmt":"2019-06-17T13:55:15","guid":{"rendered":"https:\/\/biblian.is\/fraedsla\/?page_id=5610"},"modified":"2026-04-17T13:01:08","modified_gmt":"2026-04-17T13:01:08","slug":"filippibrefid-4-kafli","status":"publish","type":"page","link":"https:\/\/biblian.is\/fraedsla\/ritskyring\/filippibrefid-4-kafli\/","title":{"rendered":"Filipp\u00edbr\u00e9fi\u00f0 4. kafli"},"content":{"rendered":"<p><strong>4.2\u00a0<\/strong><em>Evod\u00edu og S\u00fdnt\u00fdke: <\/em>Gr\u00edsk kvenmannsn\u00f6fn. Evod\u00eda \u00fe\u00fd\u00f0ir &#8222;g\u00f3\u00f0 fer\u00f0 e\u00f0a s\u00e6tur ilmur&#8220; \u00ed merkingunni fars\u00e6ld, en S\u00fdnt\u00fdke \u00fe\u00fd\u00f0ir &#8222;s\u00fa sem talar e\u00f0a hin heppna.&#8220; P\u00e1ll hvetur konur \u00feessar, sem starfa\u00f0 h\u00f6f\u00f0u me\u00f0 honum a\u00f0 \u00fatbrei\u00f0slu fagna\u00f0arerindisins, a\u00f0 l\u00e1ta s\u00e9r koma saman.<\/p>\n<p><strong>4.3 <\/strong><em>Klemens: <\/em>Klemens er \u00ed N\u00fdja testamenti hvergi nefndur nema h\u00e9r. Hann var samverkama\u00f0ur P\u00e1ls vi\u00f0 bo\u00f0un fagna\u00f0arerindisins um Jes\u00fa.<\/p>\n<p><strong>4.3\u00a0<\/strong><em>l\u00edfsins b\u00f3k: <\/em>\u00c1 hana eru skr\u00e1\u00f0 n\u00f6fn \u00feeirra, er l\u00fd\u00f0 Gu\u00f0s heyra til. Sj\u00e1 og 2M\u00f3s 32.32; L\u00fak 10.20; Opb 3.5; 13.8.<\/p>\n<p><strong>4.5\u00a0<\/strong><em>Drottinn er \u00ed n\u00e1nd: <\/em>Sj\u00e1 athugagrein vi\u00f0 1.6.<\/p>\n<h3>\u00deakkir og kve\u00f0jur<\/h3>\n<p>P\u00e1ll bi\u00f0ur Gu\u00f0 \u00feess, a\u00f0 hann vildi uppfylla \u00fearfir Filipp\u00edmanna \u00e1 sama h\u00e1tt og \u00feeir hj\u00e1lpu\u00f0u honum \u00ed \u00ferengingu hans.<\/p>\n<p><strong>4.15\u00a0<\/strong><em>Maked\u00f3n\u00edu: <\/em>Maked\u00f3n\u00eda h\u00e9t h\u00e9ra\u00f0 \u00ed Grikklandi nor\u00f0anver\u00f0u. P\u00e1ll r\u00e6\u00f0ir h\u00e9r um fyrri komu s\u00edna til Fil\u00edpp\u00ed (Post 16.12-40).<\/p>\n<p><strong>4.16\u00a0<\/strong><em>\u00deessalon\u00edku: <\/em>\u00deessalon\u00edka h\u00e9t h\u00f6f\u00f0borg Maked\u00f3n\u00edu. Egnat\u00edu-vegurinn svonefndi liggur inn \u00ed \u00deessalon\u00edku \u00far austur\u00e1tt, gegnum bogahli\u00f0 Galer\u00edusar, sem reist var til minningar um \u00fea\u00f0, er R\u00f3mverjar sigru\u00f0u Persa \u00e1ri\u00f0 298 e.Kr.<\/p>\n<p><strong>4.22 <\/strong><em>\u00ed \u00fej\u00f3nustu keisarans: <\/em>H\u00e9r m\u00e1 vera a\u00f0 P\u00e1ll eigi vi\u00f0 einhverja hermannanna, sem voru fangaver\u00f0ir hans (1.13).<\/p>\n","protected":false},"excerpt":{"rendered":"<p>4.2\u00a0Evod\u00edu og S\u00fdnt\u00fdke: Gr\u00edsk kvenmannsn\u00f6fn. Evod\u00eda \u00fe\u00fd\u00f0ir &#8222;g\u00f3\u00f0 fer\u00f0 e\u00f0a <a href=\"https:\/\/biblian.is\/fraedsla\/ritskyring\/filippibrefid-4-kafli\/\"> [&#8230;]<\/a><\/p>\n","protected":false},"author":1,"featured_media":0,"parent":4829,"menu_order":0,"comment_status":"closed","ping_status":"closed","template":"","meta":{"footnotes":""},"class_list":["post-5610","page","type-page","status-publish","hentry"],"_links":{"self":[{"href":"https:\/\/biblian.is\/fraedsla\/wp-json\/wp\/v2\/pages\/5610","targetHints":{"allow":["GET"]}}],"collection":[{"href":"https:\/\/biblian.is\/fraedsla\/wp-json\/wp\/v2\/pages"}],"about":[{"href":"https:\/\/biblian.is\/fraedsla\/wp-json\/wp\/v2\/types\/page"}],"author":[{"embeddable":true,"href":"https:\/\/biblian.is\/fraedsla\/wp-json\/wp\/v2\/users\/1"}],"replies":[{"embeddable":true,"href":"https:\/\/biblian.is\/fraedsla\/wp-json\/wp\/v2\/comments?post=5610"}],"version-history":[{"count":0,"href":"https:\/\/biblian.is\/fraedsla\/wp-json\/wp\/v2\/pages\/5610\/revisions"}],"up":[{"embeddable":true,"href":"https:\/\/biblian.is\/fraedsla\/wp-json\/wp\/v2\/pages\/4829"}],"wp:attachment":[{"href":"https:\/\/biblian.is\/fraedsla\/wp-json\/wp\/v2\/media?parent=5610"}],"curies":[{"name":"wp","href":"https:\/\/api.w.org\/{rel}","templated":true}]}}