{"id":5608,"date":"2019-06-17T13:54:26","date_gmt":"2019-06-17T13:54:26","guid":{"rendered":"https:\/\/biblian.is\/fraedsla\/?page_id=5608"},"modified":"2026-04-17T13:01:08","modified_gmt":"2026-04-17T13:01:08","slug":"filippibrefid-3-kafli","status":"publish","type":"page","link":"https:\/\/biblian.is\/fraedsla\/ritskyring\/filippibrefid-3-kafli\/","title":{"rendered":"Filipp\u00edbr\u00e9fi\u00f0 3. kafli"},"content":{"rendered":"<h3>Hvatning og heilr\u00e6\u00f0i<\/h3>\n<p>P\u00e1ll skrifar Filipp\u00edm\u00f6nnum, a\u00f0 hann hyggist senda \u00feeim tvo tr\u00faa samverkamenn, \u00fe\u00e1 T\u00edm\u00f3teus og Epafrod\u00edtus, til halds og trausts. Hann varar vi\u00f0 \u00feeim, sem halda \u00fev\u00ed fram a\u00f0 hinir n\u00fdju \u00ed tr\u00fanni \u00feurfi a\u00f0 l\u00e1ta umskerast a\u00f0 h\u00e6tti Gy\u00f0inga og fylgja \u00ed \u00f6llu l\u00f6gm\u00e1li M\u00f3se. Hann tekur d\u00e6mi af eigin \u00e6vi til \u00feess a\u00f0 s\u00fdna fram \u00e1, a\u00f0 d\u00fdrm\u00e6tast af \u00f6llu s\u00e9 a\u00f0 \u00feekkja Krist Jes\u00fa, tr\u00faa \u00e1 hann og fylgja honum. Loks hvetur hann lesendur s\u00edna til \u00feess a\u00f0 lifa eins og s\u00e6mir Gu\u00f0s b\u00f6rnum.<\/p>\n<p><strong>2.25 <\/strong><em>Epafrod\u00edtus: <\/em>\u00deessi l\u00e6risveinn Krists haf\u00f0i veri\u00f0 sendur P\u00e1li me\u00f0 gj\u00f6f til hans fr\u00e1 hinum kristnu \u00ed Filipp\u00ed (4.18). Svo vir\u00f0ist, sem hann hafi or\u00f0i\u00f0 eftir hj\u00e1 postulanum og gerst samverkama\u00f0ur hans. S\u00fa tilhugsun hrygg\u00f0i Epafrod\u00edtus, a\u00f0 Filipp\u00edmenn hef\u00f0u \u00e1hyggjur af lasleika hans n\u00fdveri\u00f0. P\u00e1li var \u00fev\u00ed miki\u00f0 \u00ed mun a\u00f0 senda hann aftur heim til Filipp\u00ed (2.28) \u00e1 vit g\u00f3\u00f0ra vina.<\/p>\n<p><strong>3.2 <\/strong><em>Varist hundana: <\/em>H\u00e9r er \u00e1tt vi\u00f0 \u00fe\u00e1 sem vilja l\u00e1ta hina n\u00fdju \u00ed tr\u00fanni hl\u00fd\u00f0nast l\u00f6gm\u00e1li M\u00f3se, einkum \u00feeim \u00e1kv\u00e6\u00f0um \u00feess, er m\u00e6la svo fyrir a\u00f0 alla karlmenn og piltb\u00f6rn skuli umskera. Sj\u00e1 athugagreinar vi\u00f0 3.3 (umskurnina) og 3.18.<\/p>\n<p><strong>3.3\u00a0<\/strong><em>umskurnina: <\/em>L\u00f6gm\u00e1l M\u00f3se m\u00e6lti svo fyrir, a\u00f0 allt karlkyn Gy\u00f0inga, sem vildi heyra til hinum \u00fatvalda \u00cdsraels l\u00fd\u00f0, skyldi umskera \u00e1 \u00e1ttunda degi fr\u00e1 f\u00e6\u00f0ingu, e\u00f0a eftir atvikum s\u00ed\u00f0ar (1M\u00f3s 34.21-23; 3M\u00f3s 12.3). Sj\u00e1 og &#8222;<a href=\"https:\/\/biblian.is\/fraedsla\/ordtakasafn\/umskurn\/\">Umskurn<\/a>&#8222;.<\/p>\n<p><strong>3.3 <\/strong><em>d\u00fdrkum Gu\u00f0 \u00ed anda: <\/em>Sj\u00e1 athugagrein vi\u00f0 1.19 (andi Jes\u00fa Krists).<\/p>\n<p><strong>3.5 <\/strong><em>\u00e6ttkv\u00edsl Benjam\u00edns, Hebrei af Hebreum: <\/em>P\u00e1ll minnir Filipp\u00edmenn \u00e1, a\u00f0 hann s\u00e9 a\u00f0 \u00e6tt og uppruna Gy\u00f0ingur, af \u00edsraelsku bergi brotinn. \u00cdsraels\u00fej\u00f3\u00f0in samanst\u00f3\u00f0 af 12 \u00e6ttkv\u00edslum, sem komnar voru af sonum \u00e6ttf\u00f6\u00f0urins Jakobs og h\u00e9tu eftir \u00feeim (1M\u00f3s 49.1-28). P\u00e1ll var af \u00e6ttkv\u00edsl Benjam\u00edns, yngsta sonar Jakobs (R\u00f3m 11.1).<\/p>\n<p><strong>3.5\u00a0<\/strong><em>\u00ed l\u00f6gm\u00e1lshl\u00fd\u00f0ni far\u00edsei: <\/em>Or\u00f0i\u00f0 &#8222;far\u00edsei&#8220; \u00fe\u00fd\u00f0ir &#8222;hinir einangru\u00f0u,&#8220; \u00fe.e. \u00feeir, sem halda h\u00f3pinn og umgangast ekki anna\u00f0 f\u00f3lk umfram nau\u00f0syn. Far\u00edsearnir voru flokkur Gy\u00f0inga, sem leitu\u00f0ust vi\u00f0 a\u00f0 hl\u00fd\u00f0a l\u00f6gm\u00e1li M\u00f3se \u00fat \u00ed \u00e6sar og var uppsiga\u00f0 vi\u00f0 \u00fe\u00e1, sem a\u00f0hylltust a\u00f0ra stefnu.<\/p>\n<p>Fyrstu fimm b\u00e6kur Bibl\u00edunnar, Fimmb\u00f3kariti\u00f0, \u00fe.e. Genesis, Exodus, Leviticus, Numeri og Deuteronomium, hafa inni a\u00f0 halda l\u00f6gm\u00e1l M\u00f3se.<\/p>\n<p><strong>3.9\u00a0<\/strong><em>tr\u00fain \u00e1 Krist: <\/em>P\u00e1ll, l\u00e6risveinn Krists og postuli, kenndi a\u00f0 menn r\u00e9ttl\u00e6ttust fyrir tr\u00fa \u00e1 Krist, en ekki fyrir hl\u00fd\u00f0ni vi\u00f0 l\u00f6gm\u00e1l M\u00f3se. Sj\u00e1 Gal 3.1-29.<\/p>\n<p><strong>3.11 <\/strong><em>M\u00e6tti m\u00e9r au\u00f0nast a\u00f0 n\u00e1 til upprisunnar fr\u00e1 dau\u00f0um:<\/em>P\u00e1ll vonar \u00e1 upprisu fr\u00e1 dau\u00f0a til l\u00edfs. Sj\u00e1 &#8222;<a href=\"https:\/\/biblian.is\/fraedsla\/ordtakasafn\/upprisa\/\">Upprisan<\/a>&#8220; og &#8222;<a href=\"https:\/\/biblian.is\/fraedsla\/ordtakasafn\/eilift-lif\/\">Eil\u00edft l\u00edf<\/a>&#8222;.<\/p>\n<p><strong>3.12\u00a0<\/strong><em>geta h\u00f6ndla\u00f0 \u00fea\u00f0: <\/em>P\u00e1ll \u00e1 vi\u00f0 l\u00edfi\u00f0 \u00ed Gu\u00f0i, &#8222;ver\u00f0launin \u00e1 himnum&#8220; (3.14).<\/p>\n<p><strong>3.18 <\/strong><em>\u00f3vinir kross Krists: <\/em>Ef til vill hinir s\u00f6mu, og P\u00e1ll varar Filipp\u00edmenn vi\u00f0 \u00ed 3.2. Ekki var n\u00f3g me\u00f0 a\u00f0 \u00feeir st\u00e6r\u00f0u sig af \u00fev\u00ed a\u00f0 vera umskornir, heldur \u00e1tu \u00feeir einungis \u00e1kve\u00f0nar f\u00e6\u00f0utegundir e\u00f0a f\u00f6stu\u00f0u til \u00feess a\u00f0 s\u00fdna fram \u00e1 elsku s\u00edna til Gu\u00f0s.<\/p>\n<p><strong>3.20\u00a0<\/strong><em>f\u00f6\u00f0urland okkar er \u00e1 himni og fr\u00e1 himni v\u00e6ntum vi\u00f0 frelsarans: <\/em>\u00cd r\u00f3mverska heimsveldinu hlotna\u00f0ist a\u00f0eins f\u00e1um \u00fatv\u00f6ldum borgarar\u00e9ttur. P\u00e1ll bendir \u00e1, a\u00f0 langtum d\u00fdrm\u00e6tara s\u00e9 a\u00f0 eiga f\u00f6\u00f0urland sitt \u00e1 himnum, \u00ed r\u00edki Gu\u00f0s. Um endurkomu Krists sj\u00e1 n\u00e1nar athugagrein vi\u00f0 1.6.<\/p>\n<p><strong>\u00a0<\/strong><\/p>\n","protected":false},"excerpt":{"rendered":"<p>Hvatning og heilr\u00e6\u00f0i P\u00e1ll skrifar Filipp\u00edm\u00f6nnum, a\u00f0 hann hyggist senda <a href=\"https:\/\/biblian.is\/fraedsla\/ritskyring\/filippibrefid-3-kafli\/\"> [&#8230;]<\/a><\/p>\n","protected":false},"author":1,"featured_media":0,"parent":4829,"menu_order":0,"comment_status":"closed","ping_status":"closed","template":"","meta":{"footnotes":""},"class_list":["post-5608","page","type-page","status-publish","hentry"],"_links":{"self":[{"href":"https:\/\/biblian.is\/fraedsla\/wp-json\/wp\/v2\/pages\/5608","targetHints":{"allow":["GET"]}}],"collection":[{"href":"https:\/\/biblian.is\/fraedsla\/wp-json\/wp\/v2\/pages"}],"about":[{"href":"https:\/\/biblian.is\/fraedsla\/wp-json\/wp\/v2\/types\/page"}],"author":[{"embeddable":true,"href":"https:\/\/biblian.is\/fraedsla\/wp-json\/wp\/v2\/users\/1"}],"replies":[{"embeddable":true,"href":"https:\/\/biblian.is\/fraedsla\/wp-json\/wp\/v2\/comments?post=5608"}],"version-history":[{"count":0,"href":"https:\/\/biblian.is\/fraedsla\/wp-json\/wp\/v2\/pages\/5608\/revisions"}],"up":[{"embeddable":true,"href":"https:\/\/biblian.is\/fraedsla\/wp-json\/wp\/v2\/pages\/4829"}],"wp:attachment":[{"href":"https:\/\/biblian.is\/fraedsla\/wp-json\/wp\/v2\/media?parent=5608"}],"curies":[{"name":"wp","href":"https:\/\/api.w.org\/{rel}","templated":true}]}}