{"id":5606,"date":"2019-06-17T13:52:30","date_gmt":"2019-06-17T13:52:30","guid":{"rendered":"https:\/\/biblian.is\/fraedsla\/?page_id=5606"},"modified":"2026-04-17T13:01:08","modified_gmt":"2026-04-17T13:01:08","slug":"filippibrefid-2-kafli","status":"publish","type":"page","link":"https:\/\/biblian.is\/fraedsla\/ritskyring\/filippibrefid-2-kafli\/","title":{"rendered":"Filipp\u00edbr\u00e9fi\u00f0 2. kafli"},"content":{"rendered":"<p><strong>2.1 <\/strong><em>andi hans: <\/em>Sj\u00e1 athugagrein vi\u00f0 1.19.<\/p>\n<p><strong>2.6 <\/strong><em>Hann var \u00ed Gu\u00f0s mynd: <\/em>\u00deetta er og l\u00e1ti\u00f0 \u00ed lj\u00f3si \u00ed J\u00f3h 1.1-18 og K\u00f3l 1.15-20. H\u00f6fundum N\u00fdja testamentis og kirkjufe\u00f0runum ber saman um a\u00f0 Jes\u00fas hafi veri\u00f0 sannur Gu\u00f0 og sannur ma\u00f0ur (2.7). Sj\u00e1 og &#8222;<a href=\"https:\/\/biblian.is\/fraedsla\/ordtakasafn\/guds-sonur\/\">Sonur Gu\u00f0s<\/a>&#8222;. Fil 2.6-11 er l\u00edklega s\u00e1lmur e\u00f0a brot \u00far s\u00e1lmi um Krist, sem Filipp\u00edmenn hafa ef til vill kunna\u00f0.<\/p>\n<p><strong>2.7 <\/strong><em>\u00fej\u00f3ns mynd: <\/em>Kristur hl\u00fdddi Gu\u00f0i skilyr\u00f0islaust eins og \u00fej\u00f3nn (\u00fer\u00e6ll) hl\u00fd\u00f0ir h\u00fasb\u00f3nda s\u00ednum. Sj\u00e1 n\u00e1nar &#8222;<a href=\"https:\/\/biblian.is\/fraedsla\/samtidarsaga-bibliunnar\/thraelar-og-thjonustufolk-a-dogum-jesu\/\">\u00der\u00e6lar og \u00fej\u00f3nustuf\u00f3lk \u00e1 d\u00f6gum Jes\u00fa<\/a>&#8222;.<\/p>\n<p><strong>2.8\u00a0<\/strong><em>dau\u00f0ans \u00e1 krossi: <\/em>Jes\u00fas d\u00f3 \u00e1 krossi. R\u00f3mverjar t\u00f3ku menn af l\u00edfi me\u00f0 \u00fev\u00ed a\u00f0 festa \u00fe\u00e1 upp \u00e1 krosstr\u00e9. Sj\u00e1 &#8222;<a href=\"https:\/\/biblian.is\/fraedsla\/ordtakasafn\/krossfesting\/\">Krossfesting<\/a>&#8222;.<\/p>\n<p><strong>2.11\u00a0<\/strong>Jes\u00fas Kristur er Drottinn: \u00deegar menn j\u00e1tu\u00f0u opinberlega, a\u00f0 Jes\u00fas Kristur v\u00e6ri Drottinn, b\u00e1ru \u00feeir vitni \u00feeirri tr\u00fa sinni, a\u00f0 Jes\u00fas v\u00e6ri sannur Gu\u00f0 og \u00feeir vildu hafa hann a\u00f0 lei\u00f0toga l\u00edfs s\u00edns. Sj\u00e1 og athugagreinar vi\u00f0 1.1 (Kristur Jes\u00fas) og 1.2 (Gu\u00f0i f\u00f6\u00f0ur vorum&#8230;Drottni).<\/p>\n<p><strong>2.12\u00a0<\/strong><em>vinni\u00f0 n\u00fa a\u00f0 s\u00e1luhj\u00e1lp ykkar: <\/em>Bibl\u00edan hefur \u00fdmis or\u00f0 um \u00feau hugt\u00f6k, sem \u00fe\u00fddd eru \u00e1 \u00edslensku me\u00f0 &#8222;s\u00e1luhj\u00e1lp&#8220;, &#8222;frelsun&#8220; og &#8222;frelsari&#8220;. \u00d6ll merkja \u00feau \u00fea\u00f0, sem Gu\u00f0 hefur gert og heldur \u00e1fram a\u00f0 gera til \u00feess a\u00f0 frelsa mennina fr\u00e1 l\u00f6gm\u00e1li syndar og dau\u00f0a. Sj\u00e1 og &#8222;<a href=\"https:\/\/biblian.is\/fraedsla\/ordtakasafn\/hjalpraedi\/\">K\u00e6rleikur Gu\u00f0s frelsar (Hj\u00e1lpr\u00e6\u00f0i)<\/a>&#8222;og &#8222;<a href=\"https:\/\/biblian.is\/fraedsla\/ordtakasafn\/eilift-lif\/\">Eil\u00edft l\u00edf<\/a>&#8222;.<\/p>\n<p><strong>2.15\u00a0<\/strong><em>sk\u00edni\u00f0&#8230;eins og lj\u00f3s \u00ed heiminum: <\/em>\u00cd m\u00f6rgum ritum Bibl\u00edunnar t\u00e1knar &#8222;lj\u00f3s&#8220; Gu\u00f0 og or\u00f0 hans (Slm 119.105; 1J\u00f3h 1.5), en einnig menn og m\u00e1lefni sem lei\u00f0a \u00ed lj\u00f3s sannleika Gu\u00f0s (Jes 49.6). L\u00e6risveinar Jes\u00fa eru stundum nefndir &#8222;b\u00f6rn lj\u00f3ssins&#8220; (J\u00f3h 12.36; Ef 5.8) og &#8222;lj\u00f3s heimsins&#8220; (Matt 5.14-16).<\/p>\n<p><strong>2.16\u00a0<\/strong><em>\u00e1 degi Krists: <\/em>Sj\u00e1 athugagrein vi\u00f0 1.6.<\/p>\n<p><strong>2.17\u00a0<\/strong><em>bl\u00f3\u00f0i m\u00ednu&#8230;f\u00f3rnar\u00fej\u00f3nustu: <\/em>M\u00f3sel\u00f6gm\u00e1l bau\u00f0 Gy\u00f0inga\u00fej\u00f3\u00f0 a\u00f0 bera f\u00f3rnir fram fyrir Gu\u00f0. Vatni e\u00f0a v\u00edni var stundum dreypt \u00e1 altari\u00f0 \u00feegar d\u00fdrum var f\u00f3rnf\u00e6rt Drottni (2Kon 16.13). P\u00e1ll segir tr\u00fa \u00e1 Gu\u00f0 og l\u00edf, sem lifa\u00f0 er \u00ed \u00fej\u00f3nustu vi\u00f0 hann og me\u00f0br\u00e6\u00f0urna, vera Drottni vel\u00fe\u00f3knanlega f\u00f3rn (2.17). Og hann \u00e1 fullt eins von \u00e1 \u00fev\u00ed a\u00f0 falla fyrir hendi m\u00f3tst\u00f6\u00f0umanna sinna sakir Krists. Fari svo, mundi hann fagna \u00feeim dau\u00f0daga.<\/p>\n<p><strong>2.19\u00a0<\/strong><em>T\u00edm\u00f3teus: <\/em>Sj\u00e1 athugagrein vi\u00f0 1.1 (P\u00e1ll og T\u00edm\u00f3teus).<\/p>\n","protected":false},"excerpt":{"rendered":"<p>2.1 andi hans: Sj\u00e1 athugagrein vi\u00f0 1.19. 2.6 Hann var <a href=\"https:\/\/biblian.is\/fraedsla\/ritskyring\/filippibrefid-2-kafli\/\"> [&#8230;]<\/a><\/p>\n","protected":false},"author":1,"featured_media":0,"parent":4829,"menu_order":0,"comment_status":"closed","ping_status":"closed","template":"","meta":{"footnotes":""},"class_list":["post-5606","page","type-page","status-publish","hentry"],"_links":{"self":[{"href":"https:\/\/biblian.is\/fraedsla\/wp-json\/wp\/v2\/pages\/5606","targetHints":{"allow":["GET"]}}],"collection":[{"href":"https:\/\/biblian.is\/fraedsla\/wp-json\/wp\/v2\/pages"}],"about":[{"href":"https:\/\/biblian.is\/fraedsla\/wp-json\/wp\/v2\/types\/page"}],"author":[{"embeddable":true,"href":"https:\/\/biblian.is\/fraedsla\/wp-json\/wp\/v2\/users\/1"}],"replies":[{"embeddable":true,"href":"https:\/\/biblian.is\/fraedsla\/wp-json\/wp\/v2\/comments?post=5606"}],"version-history":[{"count":0,"href":"https:\/\/biblian.is\/fraedsla\/wp-json\/wp\/v2\/pages\/5606\/revisions"}],"up":[{"embeddable":true,"href":"https:\/\/biblian.is\/fraedsla\/wp-json\/wp\/v2\/pages\/4829"}],"wp:attachment":[{"href":"https:\/\/biblian.is\/fraedsla\/wp-json\/wp\/v2\/media?parent=5606"}],"curies":[{"name":"wp","href":"https:\/\/api.w.org\/{rel}","templated":true}]}}