{"id":5604,"date":"2019-06-17T13:50:12","date_gmt":"2019-06-17T13:50:12","guid":{"rendered":"https:\/\/biblian.is\/fraedsla\/?page_id=5604"},"modified":"2022-12-16T13:58:58","modified_gmt":"2022-12-16T13:58:58","slug":"filippibrefid-1-kafli","status":"publish","type":"page","link":"https:\/\/biblian.is\/fraedsla\/ritskyring\/filippibrefid-1-kafli\/","title":{"rendered":"Filipp\u00edbr\u00e9fi\u00f0 1. kafli"},"content":{"rendered":"<h3>P\u00e1ll heilsar Filipp\u00edm\u00f6nnum og \u00feakkar Gu\u00f0i fyrir \u00fe\u00e1<\/h3>\n<p><em>P\u00e1ll byrjar Filipp\u00edbr\u00e9fi\u00f0 me\u00f0 \u00fev\u00ed a\u00f0 heilsa vi\u00f0takendum l\u00edkt \u00fev\u00ed sem oft t\u00ed\u00f0ka\u00f0ist me\u00f0 Grikkjum. Eftir upphafskve\u00f0juna \u00feakkar hann Gu\u00f0i fyrir lesendur br\u00e9fsins og bi\u00f0ur fyrir \u00feeim.<\/em><\/p>\n<p>Filipp\u00ed var \u00e1 d\u00f6gum P\u00e1ls r\u00f3mversk n\u00fdlenda. \u00cd borginni voru sj\u00f3nleikah\u00fas, ba\u00f0sta\u00f0ir, torg og styttur af gu\u00f0um R\u00f3mverja. \u00dear \u00e1ttu heima margir uppgjafahermenn r\u00f3mverskir. Sj\u00e1 n\u00e1nar &#8222;<a href=\"https:\/\/biblian.is\/fraedsla\/samtidarsaga-bibliunnar\/romverska-heimsveldid\/\">R\u00f3mverska heimsveldi\u00f0<\/a>&#8222;.<\/p>\n<p>Filipp\u00ed h\u00e9t eftir Filippusi II. Maked\u00f3n\u00edukonungi, f\u00f6\u00f0ur Alexanders mikla. Um mi\u00f0ja 4. \u00f6ld f. Kr. haf\u00f0i hann lagt \u00feetta sveitah\u00e9ra\u00f0 undir sig vegna gull- og silfurn\u00e1ma sem \u00fear var a\u00f0 finna. Seinna var\u00f0 Filipp\u00ed mikil borg eftir a\u00f0 R\u00f3mverjar hert\u00f3ku sta\u00f0inn og l\u00f6g\u00f0u Egnat\u00edu-veginn svokalla\u00f0a, hina fr\u00e6gu og fj\u00f6lf\u00f6rnu \u00fej\u00f3\u00f0braut milli Adr\u00edahafsins \u00ed vestri og B\u00fdsans (n\u00fa Istanb\u00fal) \u00ed austri, en h\u00fan l\u00e1 um Filipp\u00ed.<\/p>\n<p><strong>1.1 <\/strong><em>P\u00e1ll og T\u00edm\u00f3teus: <\/em>P\u00e1ll var fyrr \u00e1 \u00e6vi far\u00edsei og vildi hl\u00fd\u00f0a l\u00f6gm\u00e1li M\u00f3se af fremsta megni. H\u00e9r kallar hann sig aftur \u00e1 m\u00f3ti \u00fej\u00f3n Jes\u00fa Krists. Sj\u00e1 n\u00e1nar &#8222;<a href=\"https:\/\/biblian.is\/fraedsla\/ordtakasafn\/pall-sal-fra-tarsus\/\">P\u00e1ll (S\u00e1l) fr\u00e1 Tarsus<\/a>&#8222;.<\/p>\n<p>T\u00edm\u00f3teus var &#8222;sonur tr\u00faa\u00f0rar konu af gy\u00f0inga\u00e6tt, en fa\u00f0ir hans var gr\u00edskur&#8220; (Post 16.1). T\u00edm\u00f3teusar, samstarfsmanns P\u00e1ls, er geti\u00f0 \u00ed m\u00f6rgum br\u00e9fa hans (1Kor 4.17; 2Kor 1.1; 1\u00deess 1.1; F\u00edlm 1).<\/p>\n<p><strong>1.1\u00a0<\/strong><em>Krists Jes\u00fa: Jes\u00fas<\/em>var algengt karlmannsnafn me\u00f0al Gy\u00f0inga \u00feessa t\u00edma. &#8222;Kristur&#8220; \u00fe\u00fd\u00f0ir &#8222;hinn Smur\u00f0i&#8220; e\u00f0a &#8222;\u00fatvaldi.&#8220; Sj\u00e1 og &#8222;Mess\u00edas (hinn \u00fatvaldi)&#8220;.<\/p>\n<p><strong>1.1\u00a0<\/strong><em>biskupum \u00feeirra og dj\u00e1knum: <\/em>Gr\u00edska or\u00f0i\u00f0 &#8222;episkopos&#8220;, sem h\u00e9r er \u00fe\u00fdtt me\u00f0 or\u00f0inu &#8222;biskup&#8220; \u00fe\u00fd\u00f0ir eftirlits- e\u00f0a tilsj\u00f3narma\u00f0ur. Biskupar voru lei\u00f0togar hvers safna\u00f0ar nefndir. Gr\u00edska or\u00f0i\u00f0 &#8222;diakonos&#8220; (dj\u00e1kni) merkir \u00fej\u00f3nn. \u00cd frumkirkjunni s\u00e1u \u00feeir me\u00f0al annars um &#8222;daglega \u00fathlutun&#8220; til \u00feurfamanna (Post 6.1).<\/p>\n<p><strong>1.2\u00a0<\/strong><em>Gu\u00f0i f\u00f6\u00f0ur vorum&#8230;Drottni: <\/em>\u00cd m\u00f6rgum br\u00e9fa sinna notar P\u00e1ll or\u00f0i\u00f0 &#8222;fa\u00f0ir&#8220; um Gu\u00f0 (Gal 1.2,3; 1Kor 1.3; R\u00f3m 1.7). \u00deegar Jes\u00fas er nefndur &#8222;Drottinn&#8220; er kve\u00f0i\u00f0 svo sk\u00fdrt \u00e1 um vald hans og m\u00e1tt sem ver\u00f0a m\u00e1. Sj\u00e1 &#8222;Drottinn (nota\u00f0 um Jes\u00fa)&#8220;.<\/p>\n<p><strong>1.5 <\/strong><em>fagna\u00f0arerindi\u00f0: <\/em>Fagna\u00f0arerindi\u00f0 (sbr. gu\u00f0spjall, \u00e1 ensku &#8222;gospel&#8220;) er hvort tveggja \u00ed senn bo\u00f0skapurinn um Jes\u00fa og bo\u00f0skapur Jes\u00fa um Gu\u00f0s r\u00edki.<\/p>\n<p><strong>1.5 <\/strong><em>fr\u00e1 \u00fev\u00ed \u00fei\u00f0 t\u00f3ku\u00f0 vi\u00f0 \u00fev\u00ed: <\/em>H\u00e9r rifjar P\u00e1ll \u00fea\u00f0 upp, er hann kom fyrst til Filipp\u00ed (Post 16.11-40).<\/p>\n<p><strong>1.6 <\/strong><em>allt til dags Jes\u00fa Krists: <\/em>\u00c1 nokkrum st\u00f6\u00f0um \u00ed Filipp\u00edbr\u00e9fi s\u00ednu r\u00e6\u00f0irP\u00e1ll um endurkomu Krists (1.10; 2.16; 3.20,21) og v\u00e6ntir hennar jafnvel \u00e1\u00f0ur langt um l\u00ed\u00f0ur (4.5). Sj\u00e1 og &#8222;<a href=\"https:\/\/biblian.is\/fraedsla\/ordtakasafn\/endurkoma-drottins-jesu\/\">Endurkoman<\/a>&#8222;.<\/p>\n<p><strong>1.7 <\/strong><em>\u00ed fj\u00f6trum m\u00ednum: <\/em>\u00deegar P\u00e1ll skrifa\u00f0i Filipp\u00edbr\u00e9fi\u00f0, hefur hann anna\u00f0 hvort veri\u00f0 fangi \u00ed einhverri borg vi\u00f0 Mi\u00f0jar\u00f0arhafi\u00f0 austanvert, \u00fear sem var r\u00f3mverskat setuli\u00f0 (1.13), e\u00f0a jafnvel \u00ed stofufangelsi \u00ed R\u00f3m (Post 28.16.30,31). Svartholi\u00f0 \u00e1 myndinni h\u00e9r a\u00f0 ne\u00f0an er fr\u00e1 d\u00f6gum R\u00f3mverja. Dyflissa \u00feessi er \u00ed Filipp\u00ed og g\u00e6ti veri\u00f0 hluti fangelsisins \u00fear sem P\u00e1ll var hnepptur \u00ed var\u00f0hald (Post 16.23,24).<\/p>\n<p><strong>1.10 <\/strong><em>til dags Krists: <\/em>Sj\u00e1 athugagrein vi\u00f0 1.6.<\/p>\n<p><strong>1.12 <\/strong><em>l\u00edfvar\u00f0arh\u00f6llinni&#8230;\u00ed fj\u00f6trum: <\/em>L\u00edfv\u00f6r\u00f0urinn var herdeild og gegndi \u00fev\u00ed hlutverki a\u00f0 g\u00e6ta keisarans \u00ed R\u00f3m og h\u00e1ttsettra emb\u00e6ttismanna sem h\u00f6f\u00f0u a\u00f0setur \u00ed borgum heimsveldisins. P\u00e1ll hefur \u00e1rei\u00f0anlega ekki l\u00e1ti\u00f0 t\u00e6kif\u00e6ri\u00f0 \u00f3nota\u00f0 a\u00f0 segja var\u00f0m\u00f6nnum s\u00ednum fr\u00e1 Jes\u00fa Kristi. Sj\u00e1 og athugagrein vi\u00f0 1.7.<\/p>\n<p><strong>1.19\u00a0<\/strong><em>andi Jes\u00fa Krists: <\/em>\u00cd Filipp\u00edbr\u00e9finu nefnir P\u00e1ll oft heilagan anda. Andinn hj\u00e1lpar P\u00e1li (1.19), skapar samf\u00e9lag me\u00f0al j\u00e1tenda Krists (2.1) og Gu\u00f0 er tilbe\u00f0inn \u00ed anda (3.3). Sj\u00e1 og &#8222;<a href=\"https:\/\/biblian.is\/fraedsla\/ordtakasafn\/heilagur-andi\/\">Heilagur andi<\/a>&#8222;.<\/p>\n<p><strong>1.23 <\/strong><em>fara h\u00e9\u00f0an og vera me\u00f0 Kristi: <\/em>P\u00e1ll treystir \u00fev\u00ed, a\u00f0 l\u00e6risveinar Jes\u00fa muni ver\u00f0a me\u00f0 honum eftir a\u00f0 jar\u00f0l\u00edfinu l\u00fdkur. Sj\u00e1 og 2Kor 5.1-9 og &#8222;<a href=\"https:\/\/biblian.is\/fraedsla\/ordtakasafn\/eilift-lif\/\">Eil\u00edft l\u00edf<\/a>&#8222;.<\/p>\n<p><strong>1.28<\/strong><em>m\u00f3tst\u00f6\u00f0umenn: <\/em>Vera m\u00e1, a\u00f0 P\u00e1ll eigi h\u00e9r vi\u00f0 \u00fe\u00e1, sem hann kallar &#8222;hunda&#8220; \u00ed 3.2, en \u00fea\u00f0 voru menn sem reyndu a\u00f0 lei\u00f0a huga safna\u00f0arf\u00f3lksins fr\u00e1 fagna\u00f0arerindinu, sem P\u00e1ll haf\u00f0i bo\u00f0a\u00f0. Eins kann a\u00f0 vera, a\u00f0 hann v\u00edsi til einhverra annarra, sem ollu usla me\u00f0al j\u00e1tenda Krists \u00ed Filipp\u00ed.<\/p>\n<p><strong>1.30 <\/strong><em>N\u00fa eigi\u00f0 \u00fei\u00f0 \u00ed s\u00f6mu bar\u00e1ttu sem \u00fei\u00f0 s\u00e1u\u00f0 mig heyja<\/em>: Fyrst \u00feegar P\u00e1ll kom til Filippi var honum mis\u00feyrmt og hann hnepptur \u00ed var\u00f0hald (Post 16.16-40). N\u00fa hefur hann enn veri\u00f0 fangelsa\u00f0ur. P\u00e1li er m\u00f3tl\u00e6ti\u00f0 tilefni til \u00feess a\u00f0 \u00fej\u00f3na Kristi.<\/p>\n","protected":false},"excerpt":{"rendered":"<p>P\u00e1ll heilsar Filipp\u00edm\u00f6nnum og \u00feakkar Gu\u00f0i fyrir \u00fe\u00e1 P\u00e1ll byrjar <a href=\"https:\/\/biblian.is\/fraedsla\/ritskyring\/filippibrefid-1-kafli\/\"> [&#8230;]<\/a><\/p>\n","protected":false},"author":1,"featured_media":0,"parent":4829,"menu_order":0,"comment_status":"closed","ping_status":"closed","template":"","meta":{"footnotes":""},"class_list":["post-5604","page","type-page","status-publish","hentry"],"_links":{"self":[{"href":"https:\/\/biblian.is\/fraedsla\/wp-json\/wp\/v2\/pages\/5604","targetHints":{"allow":["GET"]}}],"collection":[{"href":"https:\/\/biblian.is\/fraedsla\/wp-json\/wp\/v2\/pages"}],"about":[{"href":"https:\/\/biblian.is\/fraedsla\/wp-json\/wp\/v2\/types\/page"}],"author":[{"embeddable":true,"href":"https:\/\/biblian.is\/fraedsla\/wp-json\/wp\/v2\/users\/1"}],"replies":[{"embeddable":true,"href":"https:\/\/biblian.is\/fraedsla\/wp-json\/wp\/v2\/comments?post=5604"}],"version-history":[{"count":0,"href":"https:\/\/biblian.is\/fraedsla\/wp-json\/wp\/v2\/pages\/5604\/revisions"}],"up":[{"embeddable":true,"href":"https:\/\/biblian.is\/fraedsla\/wp-json\/wp\/v2\/pages\/4829"}],"wp:attachment":[{"href":"https:\/\/biblian.is\/fraedsla\/wp-json\/wp\/v2\/media?parent=5604"}],"curies":[{"name":"wp","href":"https:\/\/api.w.org\/{rel}","templated":true}]}}