{"id":5600,"date":"2019-06-17T13:44:52","date_gmt":"2019-06-17T13:44:52","guid":{"rendered":"https:\/\/biblian.is\/fraedsla\/?page_id=5600"},"modified":"2026-04-17T13:01:08","modified_gmt":"2026-04-17T13:01:08","slug":"efesusbrefid-6-kafli","status":"publish","type":"page","link":"https:\/\/biblian.is\/fraedsla\/ritskyring\/efesusbrefid-6-kafli\/","title":{"rendered":"Efesusbr\u00e9fi\u00f0 6. kafli"},"content":{"rendered":"<p><strong>6.1-4 <\/strong><em>B\u00f6rn&#8230;foreldrum: <\/em>B\u00f6rnum ber a\u00f0 hl\u00fd\u00f0a foreldrum s\u00ednum &#8222;vegna Drottins&#8220;, enda heyra \u00feau honum til. \u00de\u00e1 ber og foreldrum a\u00f0 s\u00ednum leyti a\u00f0 ala b\u00f6rnin upp me\u00f0 aga og fr\u00e6\u00f0slu um Drottin. Vitna\u00f0 er til 4. bo\u00f0or\u00f0sins (2M\u00f3s 20.12; 5M\u00f3s 5.16) og fyrirheitisins, er \u00fear fylgir: &#8222;Til \u00feess a\u00f0 \u00fe\u00e9r vegni vel og \u00fe\u00fa ver\u00f0ir langl\u00edfur \u00e1 j\u00f6r\u00f0inni&#8220;.<\/p>\n<p><strong>6.5-9\u00a0<\/strong><em>\u00der\u00e6lar&#8230;h\u00fasb\u00e6ndum: <\/em>Sj\u00e1 &#8222;\u00der\u00e6lar og \u00fej\u00f3nustuf\u00f3lk \u00e1 d\u00f6gum Jes\u00fa&#8220; \u00e1 bls. 1907. Sumir \u00fer\u00e6lahaldarar merktu s\u00e9r \u00fe\u00fd s\u00edn me\u00f0 \u00fev\u00ed a\u00f0 l\u00e1ta \u00feau hafa um h\u00e1lsinn b\u00f6nd eins og \u00fea\u00f0, sem s\u00fdnt er \u00e1 myndinni h\u00e9r a\u00f0 ne\u00f0an. \u00c1 bandi\u00f0 er letra\u00f0: &#8222;Gj\u00f6ri\u00f0 svo vel a\u00f0 skila m\u00e9r, stroku\u00fer\u00e6lnum, til Apron\u00edlanusar.&#8220; \u00deurfti \u00fe\u00e1 vart a\u00f0 spyrja a\u00f0 leikslokum.<\/p>\n<p><strong>6.11,12 <\/strong><em>v\u00e9labr\u00f6g\u00f0 dj\u00f6fulsins&#8230;andaverur vonskunnar: <\/em>Dj\u00f6fullinn (&#8222;r\u00f3gberinn&#8220;) er l\u00edka nefndur Satan, sem \u00fe\u00fd\u00f0ir &#8222;andst\u00e6\u00f0ingur Gu\u00f0s&#8220;.<\/p>\n<p>\u00cd Bibl\u00edunni, svo sem einnig \u00ed ver\u00f6ld fornaldar, t\u00e1knar &#8222;myrkur&#8220; oft vol\u00e6\u00f0i, refsingu og dau\u00f0a (5M\u00f3s 28.28; Slm 14.3; Jes 5.30) og \u00fe\u00e1, sem standa \u00ed gegn Gu\u00f0i (sj\u00e1 athugagrein vi\u00f0 4.18).<\/p>\n<p><strong>6.13 <\/strong><em>\u00e1 hinum vonda degi: <\/em>\u00c1tt er vi\u00f0 reynslut\u00edma, b\u00e6\u00f0i \u00e1 yfirstandandi d\u00f6gum (5.16) og einhvern t\u00edma \u00ed framt\u00ed\u00f0 (1Kor 3.10-15; Opb 2.10).<\/p>\n<p><strong>6.14-17 <\/strong><em>gyrt&#8230;um lendar ykkar&#8230;sver\u00f0: <\/em>\u00c1tt er vi\u00f0 volduga le\u00f0ur\u00f3l e\u00f0a belti \u00far \u00f6\u00f0ru efni, sem herma\u00f0urinn haf\u00f0i um sig mi\u00f0jan og gat fest vi\u00f0 vopn og \u00fdmis \u00e1h\u00f6ld. \u00deetta mittisband var\u00f0i hann og studdi \u00e1 sama h\u00e1tt og sannleikur Gu\u00f0s er manninum \u00f6ruggur skj\u00f3lveggur. Verjurnar, sem h\u00e9r eru nefndar, hl\u00edf\u00f0u h\u00f6f\u00f0i og bol. Sk\u00f3r hermannsins voru sandalar me\u00f0 broddum, er veittu g\u00f3\u00f0a vi\u00f0spyrnu. Ferhyrndur skj\u00f6ldurinn var \u00far tr\u00e9, kl\u00e6ddur striga og skinni. \u00c1 undan orrustu var honum d\u00fdft \u00ed vatn svo a\u00f0 slokkna\u00f0i \u00e1 \u00f6rvum andst\u00e6\u00f0ingsins, sem kveikt haf\u00f0i veri\u00f0 \u00ed, \u00e1 sama h\u00e1tt og tr\u00fain drepur \u00ed logandi skeytum \u00f3vinarins. Hj\u00e1lmurinn var af skinni, styrktur me\u00f0 brons\u00feynnum. R\u00f3mverska sver\u00f0i\u00f0 var stuttur, beinn kor\u00f0i, tv\u00edeggja. \u00dea\u00f0 t\u00e1knar h\u00e9r Gu\u00f0s or\u00f0, hi\u00f0 eina af umr\u00e6ddum v\u00edgb\u00fana\u00f0i, sem ekki er a\u00f0eins nota\u00f0 til varnar heldur og \u00feegar r\u00e1\u00f0ist er til atl\u00f6gu (sj\u00e1 og Heb 4.12).<\/p>\n<p><strong>6.15\u00a0<\/strong><em>fagna\u00f0arerindi\u00f0: <\/em>Sj\u00e1 athugagrein vi\u00f0 1.13.<\/p>\n<p><strong>6.16 <\/strong><em>hins vonda: <\/em>Sj\u00e1 athugagrein vi\u00f0 6.11,12.<\/p>\n<p><strong>6.18\u00a0<\/strong><em>\u00ed anda: <\/em>Sj\u00e1 &#8222;<a href=\"https:\/\/biblian.is\/fraedsla\/ordtakasafn\/heilagur-andi\/\">Heilagur andi<\/a>&#8222;.<\/p>\n<p><strong>6.19\u00a0<\/strong><em>leyndard\u00f3m fagna\u00f0arerindisins: <\/em>Sj\u00e1 athugagreinar vi\u00f0 1.9 (hann hefur birt oss leyndard\u00f3m vilja s\u00edns) og 3.4 (leyndard\u00f3m Krists). Sj\u00e1 og R\u00f3m 16.25,26; 1Kor 15.51-54; K\u00f3l 1.26,27.<\/p>\n<p><strong>6.21-22 <\/strong><em>T\u00fdk\u00edkus: <\/em>Nafni\u00f0 merkir &#8222;tilviljunarkenndur&#8220; e\u00f0a l\u00edka &#8222;heppinn&#8220;. T\u00fdk\u00edkus var samstarfsma\u00f0ur P\u00e1ll \u00ed s\u00f6fnu\u00f0um As\u00edu (Post 20.4; K\u00f3l 4.7-9; 2T\u00edm 4.12; T\u00edtus 3.12).<\/p>\n<p><strong>6.23 <\/strong><em>Gu\u00f0i f\u00f6\u00f0ur og Drottni Jes\u00fa Kristi: <\/em>Sj\u00e1 athugagreinar vi\u00f0 1.2 (Gu\u00f0i f\u00f6\u00f0ur) og 1.3 (Drottni). Sj\u00e1 og athugagrein <a href=\"https:\/\/biblian.is\/fraedsla\/ordtakasafn\/pall-sal-fra-tarsus\/\">P\u00e1ll&#8230;postuli Krists Jes\u00fa<\/a>.<\/p>\n","protected":false},"excerpt":{"rendered":"<p>6.1-4 B\u00f6rn&#8230;foreldrum: B\u00f6rnum ber a\u00f0 hl\u00fd\u00f0a foreldrum s\u00ednum &#8222;vegna Drottins&#8220;, <a href=\"https:\/\/biblian.is\/fraedsla\/ritskyring\/efesusbrefid-6-kafli\/\"> [&#8230;]<\/a><\/p>\n","protected":false},"author":1,"featured_media":0,"parent":4829,"menu_order":0,"comment_status":"closed","ping_status":"closed","template":"","meta":{"footnotes":""},"class_list":["post-5600","page","type-page","status-publish","hentry"],"_links":{"self":[{"href":"https:\/\/biblian.is\/fraedsla\/wp-json\/wp\/v2\/pages\/5600","targetHints":{"allow":["GET"]}}],"collection":[{"href":"https:\/\/biblian.is\/fraedsla\/wp-json\/wp\/v2\/pages"}],"about":[{"href":"https:\/\/biblian.is\/fraedsla\/wp-json\/wp\/v2\/types\/page"}],"author":[{"embeddable":true,"href":"https:\/\/biblian.is\/fraedsla\/wp-json\/wp\/v2\/users\/1"}],"replies":[{"embeddable":true,"href":"https:\/\/biblian.is\/fraedsla\/wp-json\/wp\/v2\/comments?post=5600"}],"version-history":[{"count":0,"href":"https:\/\/biblian.is\/fraedsla\/wp-json\/wp\/v2\/pages\/5600\/revisions"}],"up":[{"embeddable":true,"href":"https:\/\/biblian.is\/fraedsla\/wp-json\/wp\/v2\/pages\/4829"}],"wp:attachment":[{"href":"https:\/\/biblian.is\/fraedsla\/wp-json\/wp\/v2\/media?parent=5600"}],"curies":[{"name":"wp","href":"https:\/\/api.w.org\/{rel}","templated":true}]}}