{"id":5596,"date":"2019-06-17T13:42:53","date_gmt":"2019-06-17T13:42:53","guid":{"rendered":"https:\/\/biblian.is\/fraedsla\/?page_id=5596"},"modified":"2022-12-16T13:58:57","modified_gmt":"2022-12-16T13:58:57","slug":"efesusbrefid-4-kafli","status":"publish","type":"page","link":"https:\/\/biblian.is\/fraedsla\/ritskyring\/efesusbrefid-4-kafli\/","title":{"rendered":"Efesusbr\u00e9fi\u00f0 4. kafli"},"content":{"rendered":"<h3>L\u00edferni \u00feeirri, sem eru l\u00edkami Krists. B\u00f6rn lj\u00f3ssins.<\/h3>\n<p>P\u00e1ll bi\u00f0ur kristna menn \u00ed Efesus a\u00f0 lifa \u00ed eindr\u00e6gni og n\u00fdta n\u00e1\u00f0arg\u00e1furnar, sem heilagur andi hefur gefi\u00f0 \u00feeim, til \u00feess a\u00f0 \u00fej\u00f3na l\u00edkama Krists, kirkjunni. Hann lei\u00f0beinir \u00feeim l\u00edka um \u00fea\u00f0 hvernig \u00feeir skuli koma fram hver vi\u00f0 annan, bi\u00f0ur \u00fe\u00e1 a\u00f0 berjast gegn hinu illa og heg\u00f0a s\u00e9r a\u00f0 \u00f6llu eins og b\u00f6rn lj\u00f3ssins.<\/p>\n<p><strong>4.1\u00a0<\/strong><em>bandinginn vegna Drottins: <\/em>Sj\u00e1 athugagrein vi\u00f0 3.1.<\/p>\n<p><strong>4.4-6\u00a0<\/strong><em>Einn er l\u00edkaminn&#8230;fa\u00f0ir allra: <\/em>L\u00edkaminn er kirkjan (sj\u00e1 athugagrein vi\u00f0 1.22,23). Efesusbr\u00e9fi\u00f0 nefnir einingu l\u00e6risveina Krists sj\u00f6 sinnum. \u00cd 4.4 eru \u00feeir sag\u00f0ir einn l\u00edkami (2.16), \u00feeir n\u00e1lgast f\u00f6\u00f0urinn \u00ed einum anda (2.18), Gu\u00f0 hefur kalla\u00f0 okkur til (einnar og s\u00f6mu) vonar (1.18). \u00cd 4.5 r\u00e6\u00f0ir um einn Drottin (1.3), eina tr\u00fa (sj\u00e1 athugagrein vi\u00f0 1.3) og eina sk\u00edrn. Sj\u00e1 og &#8222;<a href=\"https:\/\/biblian.is\/fraedsla\/ordtakasafn\/skirn\/\">Sk\u00edrn<\/a>&#8222;. Loks er sj\u00f6unda d\u00e6mi\u00f0 \u00ed 4.6: Einn Gu\u00f0 og fa\u00f0ir allra, sem er yfir \u00f6llum, me\u00f0 \u00f6llum og \u00ed \u00f6llum.<\/p>\n<p><strong>4.9,10 <\/strong><em>&#8222;steig upp&#8220;&#8230;stigi\u00f0 ni\u00f0ur \u00ed undirdj\u00fap jar\u00f0arinnar: <\/em>40 d\u00f6gum eftir a\u00f0 Gu\u00f0 reisti Jes\u00fa upp fr\u00e1 dau\u00f0um, steig hann upp til himna (L\u00fak 24.50,51; Post 1.3,6-11; 2.33). H\u00f6fundur Fyrra P\u00e9tursbr\u00e9fs skrifar, a\u00f0 \u00feegar Jes\u00fas var deyddur hafi hann stigi\u00f0 ni\u00f0ur til andanna \u00ed var\u00f0haldi og pr\u00e9dika\u00f0 fyrir \u00feeim (1P\u00e9t 3.19). &#8222;Andarnir \u00ed var\u00f0haldi&#8220; kunna a\u00f0 vera \u00feeir, sem dvelja \u00ed <em>Sheol<\/em>( \u00fe.e. undirheimum, Helju, hj\u00e1 Grikkum <em>Hades)<\/em>, \u00fear sem hinir dau\u00f0u b\u00ed\u00f0a d\u00f3ms (Opb 20.13).<\/p>\n<p><strong>4.11 <\/strong><em>postular&#8230;sp\u00e1menn: <\/em>Sj\u00e1 athugagrein vi\u00f0 2.20,21. Kristur velur menn til \u00e1kve\u00f0inna starfa. Annars sta\u00f0ar \u00ed N\u00fdja testamenti er \u00fea\u00f0 heilagur andi, sem \u00fathlutar n\u00e1\u00f0arg\u00e1fum (1Kor 12-14). \u00cd R\u00f3mverjabr\u00e9finu segir P\u00e1ll, a\u00f0 Gu\u00f0 s\u00e9 s\u00e1 sem gefur n\u00e1\u00f0arg\u00e1furnar (R\u00f3m 12.4-8).<\/p>\n<p><strong>4.13\u00a0<\/strong><em>syni Gu\u00f0s: <\/em>Sj\u00e1 athugagrein vi\u00f0 1.6.<\/p>\n<p><strong>4.14 <\/strong><em>sl\u00e6gum m\u00f6nnum: <\/em>Einhverjir safna\u00f0armenn hafa \u00fatbreitt villukenningar. &#8222;Hugsun \u00feeirra er allslaus, skilningur \u00feeirra blinda\u00f0ur&#8220; (4.18).<\/p>\n<p><strong>4.18 <\/strong><em>skilningur \u00feeirra blinda\u00f0ur: <\/em>Or\u00f0i\u00f0 sem h\u00e9r er \u00fe\u00fdtt \u00e1 \u00edslensku me\u00f0 &#8222;blinda\u00f0ur&#8220; er \u00e1 gr\u00edsku &#8222;myrkva\u00f0ur&#8220;. V\u00ed\u00f0a \u00ed Bibl\u00edunni t\u00e1knar myrkur\u00fej\u00e1ningu, eymd ( Slm 107.10) og heimsku (Pr\u00e9d 2.14). Andst\u00e6\u00f0ingar Gu\u00f0s eru kalla\u00f0ir &#8222;heimsdrottnar myrkursins&#8220; (Ef 6.12) og \u00feeim sem ekki gj\u00f6ra vilja hans kann a\u00f0 ver\u00f0a &#8222;varpa\u00f0 \u00ed ystu myrkur&#8220; (Matt 22.13), sem er eil\u00edfur kvalasta\u00f0ur.<\/p>\n<p><strong>4.25 <\/strong><em>vi\u00f0 erum hvert annars limir: <\/em>Sj\u00e1 athugagrein vi\u00f0 1.22,23.<\/p>\n<p><strong>4.27 <\/strong><em>dj\u00f6flinum: <\/em>Sj\u00e1 athugagrein vi\u00f0 2.2.<\/p>\n","protected":false},"excerpt":{"rendered":"<p>L\u00edferni \u00feeirri, sem eru l\u00edkami Krists. B\u00f6rn lj\u00f3ssins. P\u00e1ll bi\u00f0ur <a href=\"https:\/\/biblian.is\/fraedsla\/ritskyring\/efesusbrefid-4-kafli\/\"> [&#8230;]<\/a><\/p>\n","protected":false},"author":1,"featured_media":0,"parent":4829,"menu_order":0,"comment_status":"closed","ping_status":"closed","template":"","meta":{"footnotes":""},"class_list":["post-5596","page","type-page","status-publish","hentry"],"_links":{"self":[{"href":"https:\/\/biblian.is\/fraedsla\/wp-json\/wp\/v2\/pages\/5596","targetHints":{"allow":["GET"]}}],"collection":[{"href":"https:\/\/biblian.is\/fraedsla\/wp-json\/wp\/v2\/pages"}],"about":[{"href":"https:\/\/biblian.is\/fraedsla\/wp-json\/wp\/v2\/types\/page"}],"author":[{"embeddable":true,"href":"https:\/\/biblian.is\/fraedsla\/wp-json\/wp\/v2\/users\/1"}],"replies":[{"embeddable":true,"href":"https:\/\/biblian.is\/fraedsla\/wp-json\/wp\/v2\/comments?post=5596"}],"version-history":[{"count":0,"href":"https:\/\/biblian.is\/fraedsla\/wp-json\/wp\/v2\/pages\/5596\/revisions"}],"up":[{"embeddable":true,"href":"https:\/\/biblian.is\/fraedsla\/wp-json\/wp\/v2\/pages\/4829"}],"wp:attachment":[{"href":"https:\/\/biblian.is\/fraedsla\/wp-json\/wp\/v2\/media?parent=5596"}],"curies":[{"name":"wp","href":"https:\/\/api.w.org\/{rel}","templated":true}]}}