{"id":5594,"date":"2019-06-17T13:41:49","date_gmt":"2019-06-17T13:41:49","guid":{"rendered":"https:\/\/biblian.is\/fraedsla\/?page_id=5594"},"modified":"2026-04-17T13:01:08","modified_gmt":"2026-04-17T13:01:08","slug":"efesusbrefid-3-kafli","status":"publish","type":"page","link":"https:\/\/biblian.is\/fraedsla\/ritskyring\/efesusbrefid-3-kafli\/","title":{"rendered":"Efesusbr\u00e9fi\u00f0 3. kafli"},"content":{"rendered":"<p><strong>3.1 <\/strong><em>bandingi: <\/em>Bandingi \u00fe\u00fd\u00f0ir fangi. P\u00e1ll \u00e1 ef til vill vi\u00f0 eigin fangavist \u00ed dyflissu r\u00f3mverskra yfirvalda. L\u00edka m\u00e1 sk\u00fdra \u00feetta vers svo, Kristur hafi fanga\u00f0 hug hans og hjarta og bo\u00f0i\u00f0 honum a\u00f0 pr\u00e9dika fagna\u00f0arerindi\u00f0 fyrir hei\u00f0ingjunum (Post 9.15,16).<\/p>\n<p><strong>3.4 <\/strong><em>leyndard\u00f3m Krists: <\/em>Sj\u00e1 K\u00f3l 1.26,27 og athugagrein vi\u00f0 1.9.<\/p>\n<p><strong>3.18\u00a0<\/strong><em>v\u00edddin&#8230;d\u00fdptin: <\/em>P\u00e1ll l\u00fdsir \u00fev\u00ed, hve k\u00e6rleikur Krists er \u00f3vi\u00f0jafnanlegur og \u00f3endanlegur.<\/p>\n","protected":false},"excerpt":{"rendered":"<p>3.1 bandingi: Bandingi \u00fe\u00fd\u00f0ir fangi. P\u00e1ll \u00e1 ef til vill <a href=\"https:\/\/biblian.is\/fraedsla\/ritskyring\/efesusbrefid-3-kafli\/\"> [&#8230;]<\/a><\/p>\n","protected":false},"author":1,"featured_media":0,"parent":4829,"menu_order":0,"comment_status":"closed","ping_status":"closed","template":"","meta":{"footnotes":""},"class_list":["post-5594","page","type-page","status-publish","hentry"],"_links":{"self":[{"href":"https:\/\/biblian.is\/fraedsla\/wp-json\/wp\/v2\/pages\/5594","targetHints":{"allow":["GET"]}}],"collection":[{"href":"https:\/\/biblian.is\/fraedsla\/wp-json\/wp\/v2\/pages"}],"about":[{"href":"https:\/\/biblian.is\/fraedsla\/wp-json\/wp\/v2\/types\/page"}],"author":[{"embeddable":true,"href":"https:\/\/biblian.is\/fraedsla\/wp-json\/wp\/v2\/users\/1"}],"replies":[{"embeddable":true,"href":"https:\/\/biblian.is\/fraedsla\/wp-json\/wp\/v2\/comments?post=5594"}],"version-history":[{"count":0,"href":"https:\/\/biblian.is\/fraedsla\/wp-json\/wp\/v2\/pages\/5594\/revisions"}],"up":[{"embeddable":true,"href":"https:\/\/biblian.is\/fraedsla\/wp-json\/wp\/v2\/pages\/4829"}],"wp:attachment":[{"href":"https:\/\/biblian.is\/fraedsla\/wp-json\/wp\/v2\/media?parent=5594"}],"curies":[{"name":"wp","href":"https:\/\/api.w.org\/{rel}","templated":true}]}}