{"id":5588,"date":"2019-06-16T01:54:23","date_gmt":"2019-06-16T01:54:23","guid":{"rendered":"https:\/\/biblian.is\/fraedsla\/?page_id=5588"},"modified":"2026-04-17T13:01:10","modified_gmt":"2026-04-17T13:01:10","slug":"galatabrefid-6-kafli","status":"publish","type":"page","link":"https:\/\/biblian.is\/fraedsla\/ritskyring\/galatabrefid-6-kafli\/","title":{"rendered":"Galatabr\u00e9fi\u00f0 6. kafli"},"content":{"rendered":"<p><strong>6.1\u00a0<\/strong><em>Ef einhver er sta\u00f0inn a\u00f0 misgj\u00f6r\u00f0: <\/em>Synd er s\u00e9rhvert brot gegn vilja Gu\u00f0s. Sj\u00e1 &#8222;<a href=\"https:\/\/biblian.is\/fraedsla\/ordtakasafn\/synd\/\">Synd<\/a>&#8222;.<\/p>\n<p><strong>6.2 <\/strong><em>l\u00f6gm\u00e1l Krists: <\/em>L\u00f6gm\u00e1l Krists er a\u00f0 vi\u00f0 mennirnir elskum hver annan \u00e1 sama h\u00e1tt og Kristur hefur elska\u00f0 okkur (J\u00f3h 13.34; 1Kor 9.21; 1J\u00f3h 2.7-11; 4.10-12). L\u00e6risveinar Krists elska af \u00fev\u00ed a\u00f0 Gu\u00f0 hefur teki\u00f0 \u00fe\u00e1 \u00ed s\u00e1tt \u00e1n ver\u00f0skuldunar og elska\u00f0 \u00fe\u00e1 a\u00f0 fyrra brag\u00f0i.<\/p>\n<p><strong>6.8 <\/strong><em>uppskera gl\u00f6tun&#8230;uppskera eil\u00edft l\u00edf: <\/em>\u00cd N\u00fdja testamenti r\u00e6\u00f0ir v\u00ed\u00f0a um eil\u00edft l\u00edf og eil\u00edfa gl\u00f6tun (himnar\u00edki og helv\u00edti). Sj\u00e1 &#8222;<a href=\"https:\/\/biblian.is\/fraedsla\/ordtakasafn\/eilift-lif\/\">Eil\u00edft l\u00edf<\/a>&#8220;\u00a0og &#8222;<a href=\"https:\/\/biblian.is\/fraedsla\/ordtakasafn\/helviti\/\">Helv\u00edti<\/a>&#8222;.<\/p>\n<p><strong>6.11 <\/strong><em>hversu st\u00f3rum st\u00f6fum: <\/em>Sj\u00e1 athugagrein vi\u00f0 4.14,15.<\/p>\n<p><strong>6.12 <\/strong><em>\u00fer\u00f6ngva ykkur til a\u00f0 l\u00e1ta umskerast: <\/em>Sj\u00e1 athugagrein vi\u00f0 1.7.<\/p>\n<p><strong>6.14 <\/strong><em>er \u00e9g krossfestur heiminum: <\/em>&#8222;Heimurinn&#8220; er \u00ed munni P\u00e1ls \u00f6flin sem standa gegn Gu\u00f0i.<\/p>\n<p><strong>6.17 <\/strong><em>merki Jes\u00fa: <\/em>Or\u00f0i\u00f0, sem \u00e1 gr\u00edsku er haft um &#8222;merki&#8220; er einnig haft um &#8222;marki\u00f0&#8220; \u00e1 \u00fer\u00e6lum og skepnum. P\u00e1ll \u00e1 h\u00e9r vi\u00f0 \u00fea\u00f0, a\u00f0 hann beri \u00e1 l\u00edkama s\u00ednum merki um mei\u00f0ingar \u00feeirra, sem ofs\u00f3ttu hann vegna tr\u00faar hans \u00e1 Jes\u00fa Krist. \u00cd 2Kor 11.23-26 segir hann fr\u00e1 \u00fev\u00ed, a\u00f0 hann hafi margsinnis veri\u00f0 barinn. Hann ber merki \u00feeirra barsm\u00ed\u00f0a.<\/p>\n","protected":false},"excerpt":{"rendered":"<p>6.1\u00a0Ef einhver er sta\u00f0inn a\u00f0 misgj\u00f6r\u00f0: Synd er s\u00e9rhvert brot <a href=\"https:\/\/biblian.is\/fraedsla\/ritskyring\/galatabrefid-6-kafli\/\"> [&#8230;]<\/a><\/p>\n","protected":false},"author":1,"featured_media":0,"parent":4829,"menu_order":0,"comment_status":"closed","ping_status":"closed","template":"","meta":{"footnotes":""},"class_list":["post-5588","page","type-page","status-publish","hentry"],"_links":{"self":[{"href":"https:\/\/biblian.is\/fraedsla\/wp-json\/wp\/v2\/pages\/5588","targetHints":{"allow":["GET"]}}],"collection":[{"href":"https:\/\/biblian.is\/fraedsla\/wp-json\/wp\/v2\/pages"}],"about":[{"href":"https:\/\/biblian.is\/fraedsla\/wp-json\/wp\/v2\/types\/page"}],"author":[{"embeddable":true,"href":"https:\/\/biblian.is\/fraedsla\/wp-json\/wp\/v2\/users\/1"}],"replies":[{"embeddable":true,"href":"https:\/\/biblian.is\/fraedsla\/wp-json\/wp\/v2\/comments?post=5588"}],"version-history":[{"count":0,"href":"https:\/\/biblian.is\/fraedsla\/wp-json\/wp\/v2\/pages\/5588\/revisions"}],"up":[{"embeddable":true,"href":"https:\/\/biblian.is\/fraedsla\/wp-json\/wp\/v2\/pages\/4829"}],"wp:attachment":[{"href":"https:\/\/biblian.is\/fraedsla\/wp-json\/wp\/v2\/media?parent=5588"}],"curies":[{"name":"wp","href":"https:\/\/api.w.org\/{rel}","templated":true}]}}