{"id":5586,"date":"2019-06-16T01:51:33","date_gmt":"2019-06-16T01:51:33","guid":{"rendered":"https:\/\/biblian.is\/fraedsla\/?page_id=5586"},"modified":"2026-04-17T13:01:10","modified_gmt":"2026-04-17T13:01:10","slug":"galatabrefid-5-kafli","status":"publish","type":"page","link":"https:\/\/biblian.is\/fraedsla\/ritskyring\/galatabrefid-5-kafli\/","title":{"rendered":"Galatabr\u00e9fi\u00f0 5. kafli"},"content":{"rendered":"<p><strong>5.7,8\u00a0<\/strong><em>Hver&#8230;ekki fr\u00e1 \u00feeim sem kalla\u00f0i ykkur: <\/em>Sj\u00e1 athugagrein vi\u00f0 1.7. Or\u00f0in &#8222;\u00feeim sem kalla\u00f0i ykkur&#8220; eiga vi\u00f0 sj\u00e1lfan Gu\u00f0 (1.6).<\/p>\n<p><strong>5.9 <\/strong><em>L\u00edti\u00f0 s\u00fardeig: <\/em>Ger er l\u00edtill gulleitur sveppur. \u00deegar hann er settur saman vi\u00f0 hveiti og vatn, lyftir deigi\u00f0 s\u00e9r. P\u00e1ll hefur \u00ed huga, a\u00f0 einn fri\u00f0arspillir e\u00f0a f\u00e1mennur h\u00f3pur villumanna s\u00e9 n\u00f3g til \u00feess a\u00f0 allt safna\u00f0arf\u00f3lk \u00ed Galatalandi l\u00e1ti glepjast.<\/p>\n<p><strong>5.11 <\/strong><em>enn \u00fe\u00e1 a\u00f0 pr\u00e9dika umskurn: <\/em>\u00d3r\u00f3aseggirnir hafa haldi\u00f0 \u00fev\u00ed fram, a\u00f0 P\u00e1ll v\u00e6ri me\u00f0m\u00e6ltur umskurn, en hann neitar \u00fev\u00ed.<\/p>\n<p><strong>5.12 <\/strong><em>aflima sig: <\/em>Sj\u00e1 &#8222;<a href=\"https:\/\/biblian.is\/fraedsla\/ordtakasafn\/umskurn\/\">Umskurn<\/a>&#8222;. H\u00e9r f\u00e6rir P\u00e1ll gr\u00f3flega \u00ed st\u00edlinn.<\/p>\n<h3>Lokaor\u00f0<\/h3>\n<p>P\u00e1ll endar Galatabr\u00e9fi\u00f0 me\u00f0 \u00e1drepu um \u00fe\u00e1, sem heimta af kristnum m\u00f6nnum \u00ed Galatalandi, a\u00f0 \u00feeir l\u00e1ti umskerast. Hann minnir Galata enn einu sinni \u00e1 \u00fea\u00f0 sem mest \u00e1 r\u00ed\u00f0i fyrir hinn kristna, en \u00fea\u00f0 s\u00e9 a\u00f0 deyja syndinni og ver\u00f0a n\u00fdr ma\u00f0ur fyrir tr\u00fana \u00e1 Jes\u00fa Krists.<\/p>\n<p><strong>5.16 <\/strong><em>Lifi\u00f0 \u00ed andanum: <\/em>Sj\u00e1 athugagrein vi\u00f0 3.2.<\/p>\n<p><strong>5.18 <\/strong><em>undir l\u00f6gm\u00e1li<\/em>: Sj\u00e1 athugagrein vi\u00f0 2.16. H\u00e9r er helst a\u00f0 heyra \u00e1 P\u00e1li, a\u00f0 eigingjarnar hvatir og M\u00f3sel\u00f6g s\u00e9u hvor tveggja jafn ill. Hann \u00e1 vi\u00f0 a\u00f0 verk holdsins lei\u00f0i til dau\u00f0a. Og \u00feeir hafa rangt fyrir s\u00e9r, segir hann, sem hyggja a\u00f0 hl\u00fd\u00f0ni vi\u00f0 l\u00f6gm\u00e1l M\u00f3se bjargi \u00feeim l\u00edfi \u00feeirra.<\/p>\n<p><strong>5.20 <\/strong><em>Skur\u00f0go\u00f0ad\u00fdrkun, fj\u00f6lkynngi: <\/em>\u00c1 \u00fdmsum skei\u00f0um \u00ed s\u00f6gu sinni sneru \u00cdsraelsmenn baki vi\u00f0 Gu\u00f0i og t\u00f3ku \u00ed sta\u00f0inn a\u00f0 tilbi\u00f0ja skur\u00f0go\u00f0 (Jes 44.1-20). Hei\u00f0ingjarnir (a\u00f0 me\u00f0t\u00f6ldum Grikkjum, R\u00f3mverjum og Gal\u00f6tum) d\u00fdrku\u00f0u \u00feannig marga gu\u00f0i og gy\u00f0jur. Sj\u00e1 &#8222;<a href=\"https:\/\/biblian.is\/fraedsla\/samtidarsaga-bibliunnar\/truarbrogd-i-romverska-heimsveldinu\/\">Gu\u00f0ir og gy\u00f0jur Grikkja og R\u00f3mverja<\/a>&#8222;. Me\u00f0 fj\u00f6lkynngi kann h\u00e9r a\u00f0 vera \u00e1tt vi\u00f0 \u00fea\u00f0, er menn su\u00f0u s\u00e9r me\u00f0ul og mixt\u00farur \u00ed \u00fev\u00ed skyni a\u00f0 fremja sei\u00f0 og forneskju.<\/p>\n<p><strong>5.21\u00a0<\/strong><em>Gu\u00f0s r\u00edki: <\/em>Konungd\u00f3mur Drottins yfir allri ver\u00f6ld, b\u00e6\u00f0i h\u00e9r og \u00ed komandi heimi.<\/p>\n<p><strong>5.25 <\/strong><em>andinn hefur vaki\u00f0 okkur til l\u00edfs: <\/em>Sj\u00e1 athugagrein vi\u00f0 3.2. Heilagur andi l\u00edfgar, l\u00f6gm\u00e1li\u00f0 ekki. En l\u00f6gm\u00e1li\u00f0 gerir menn me\u00f0vita\u00f0a um syndina.<\/p>\n","protected":false},"excerpt":{"rendered":"<p>5.7,8\u00a0Hver&#8230;ekki fr\u00e1 \u00feeim sem kalla\u00f0i ykkur: Sj\u00e1 athugagrein vi\u00f0 1.7. <a href=\"https:\/\/biblian.is\/fraedsla\/ritskyring\/galatabrefid-5-kafli\/\"> [&#8230;]<\/a><\/p>\n","protected":false},"author":1,"featured_media":0,"parent":4829,"menu_order":0,"comment_status":"closed","ping_status":"closed","template":"","meta":{"footnotes":""},"class_list":["post-5586","page","type-page","status-publish","hentry"],"_links":{"self":[{"href":"https:\/\/biblian.is\/fraedsla\/wp-json\/wp\/v2\/pages\/5586","targetHints":{"allow":["GET"]}}],"collection":[{"href":"https:\/\/biblian.is\/fraedsla\/wp-json\/wp\/v2\/pages"}],"about":[{"href":"https:\/\/biblian.is\/fraedsla\/wp-json\/wp\/v2\/types\/page"}],"author":[{"embeddable":true,"href":"https:\/\/biblian.is\/fraedsla\/wp-json\/wp\/v2\/users\/1"}],"replies":[{"embeddable":true,"href":"https:\/\/biblian.is\/fraedsla\/wp-json\/wp\/v2\/comments?post=5586"}],"version-history":[{"count":0,"href":"https:\/\/biblian.is\/fraedsla\/wp-json\/wp\/v2\/pages\/5586\/revisions"}],"up":[{"embeddable":true,"href":"https:\/\/biblian.is\/fraedsla\/wp-json\/wp\/v2\/pages\/4829"}],"wp:attachment":[{"href":"https:\/\/biblian.is\/fraedsla\/wp-json\/wp\/v2\/media?parent=5586"}],"curies":[{"name":"wp","href":"https:\/\/api.w.org\/{rel}","templated":true}]}}