{"id":5584,"date":"2019-06-16T01:49:29","date_gmt":"2019-06-16T01:49:29","guid":{"rendered":"https:\/\/biblian.is\/fraedsla\/?page_id=5584"},"modified":"2026-04-17T13:01:10","modified_gmt":"2026-04-17T13:01:10","slug":"galatabrefid-4-kafli","status":"publish","type":"page","link":"https:\/\/biblian.is\/fraedsla\/ritskyring\/galatabrefid-4-kafli\/","title":{"rendered":"Galatabr\u00e9fi\u00f0 4. kafli"},"content":{"rendered":"<p><strong>4.1 <\/strong><em>erfinginn er \u00f3fullve\u00f0ja&#8230;\u00fer\u00e6li: <\/em>P\u00e1ll l\u00edkir b\u00f6rnum vi\u00f0 \u00fer\u00e6la af \u00fev\u00ed a\u00f0 \u00feau \u00feurfa a\u00f0 hl\u00fd\u00f0a foreldrunum \u00ed einu og \u00f6llu \u00feanga\u00f0 til \u00feau ver\u00f0a fullve\u00f0ja (4.2).<\/p>\n<p><strong>4.2\u00a0<\/strong><em>undir fj\u00e1rhaldsm\u00f6nnum og r\u00e1\u00f0sm\u00f6nnum: <\/em>P\u00e1li ver\u00f0ur hugsa\u00f0 til r\u00f3mverskra r\u00e9ttarvenja. R\u00e1\u00f0sma\u00f0ur \u00e1byrg\u00f0ist barn til 14 \u00e1ra aldurs. Fj\u00e1rhaldsma\u00f0ur g\u00e6tti eigna ungs manns \u00feanga\u00f0 til hann var\u00f0 25 \u00e1ra. P\u00e1ll l\u00edkir l\u00f6gm\u00e1linu vi\u00f0 \u00feessa g\u00e6slumenn.<\/p>\n<p><strong>4.3\u00a0<\/strong><em>heimsv\u00e6ttanna: <\/em>Heimsv\u00e6ttir kallar P\u00e1ll \u00feann margv\u00edslega \u00e1tr\u00fana\u00f0 manna, sem r\u00e9\u00f0i hugsunum \u00feeirra og ger\u00f0um \u00e1\u00f0ur en \u00feeir t\u00f3ku tr\u00fa \u00e1 Jes\u00fa Krist.<\/p>\n<p><strong>4.4\u00a0<\/strong><em>sendi Gu\u00f0 son sinn: <\/em>Mar\u00eda, m\u00f3\u00f0ir Jes\u00fa, var Gy\u00f0ingur (Matt 1.18-25; L\u00fak 1.26-56; 2.1-20). Jes\u00fas var \u00fev\u00ed l\u00edka Gy\u00f0ingur og hl\u00fdddi M\u00f3sel\u00f6gum.<\/p>\n<p><strong>4.6\u00a0<\/strong><em>hefur Gu\u00f0 sent anda sonar s\u00edns \u00ed hj\u00f6rtu okkar: <\/em>Hjarta\u00f0 var \u00e1liti\u00f0 l\u00edff\u00e6ri og mi\u00f0st\u00f6\u00f0 hugar mannsins og vilja. Ef andi Krists b\u00fdr \u00ed hjarta manns mun s\u00e1 \u00f6\u00f0last kraft til \u00feess a\u00f0 lifa a\u00f0 Gu\u00f0s vilja. Sj\u00e1 &#8222;<a href=\"https:\/\/biblian.is\/fraedsla\/ordtakasafn\/guds-sonur\/\">Sonur Gu\u00f0s<\/a>&#8222;.<\/p>\n<p><strong>4.6 <\/strong><em>Abba, fa\u00f0ir: <\/em>Gr\u00edska or\u00f0i\u00f0, sem \u00fe\u00fdtt er \u00e1 \u00edslensku me\u00f0 &#8222;fa\u00f0ir&#8220; er dregi\u00f0 af arame\u00edska or\u00f0inu &#8222;abba,&#8220; sem samsvarar or\u00f0unum &#8222;pabbi&#8220; e\u00f0a &#8222;p\u00e1pi minn&#8220; hj\u00e1 okkur.<\/p>\n<p><strong>4.8 <\/strong><em>gu\u00f0a sem eru ekki neinir gu\u00f0ir: <\/em>Anna\u00f0 hvort \u00e1 P\u00e1ll vi\u00f0 falsgu\u00f0i e\u00f0a a\u00f0 \u00f6\u00f0rum kosti heimsv\u00e6ttirnar, sem um r\u00e6\u00f0ir \u00ed 4.3.<\/p>\n<p><strong>4.9\u00a0<\/strong><em>veiku og f\u00e1t\u00e6klegu v\u00e6tta: <\/em>Sj\u00e1 athugagrein vi\u00f0 4.3. H\u00e9r g\u00e6ti P\u00e1ll l\u00edka \u00e1tt vi\u00f0 andaverur tengdar gangi himintungla og tali\u00f0 var a\u00f0 \u00e1kv\u00f6r\u00f0u\u00f0u farna\u00f0 manna \u00e1 j\u00f6r\u00f0inni og afdrif \u00feeirra annars heims. \u00deessar v\u00e6ttir voru \u00f6flugar a\u00f0 \u00fev\u00ed leyti a\u00f0 \u00fe\u00e6r h\u00f6f\u00f0u vald yfir hugsun manna, en &#8222;veikar og f\u00e1t\u00e6klegar&#8220; \u00feegar \u00e1 reyndi og hj\u00e1lpar var \u00fe\u00f6rf.<\/p>\n<p><strong>4.14,15<\/strong><em>l\u00edkams\u00e1sigkomulag&#8230;augun hef\u00f0u\u00f0 \u00fei\u00f0 stungi\u00f0 \u00far ykkur: <\/em>P\u00e1ll var ekki heill heilsu \u00feegar hann kom fyrsta sinni til Galatalands. H\u00e9r m\u00e6tti l\u00e1ta s\u00e9r til hugar koma, a\u00f0 hann hafi \u00fej\u00e1\u00f0st af einhverjum augnsj\u00fakd\u00f3mi.<\/p>\n<p><strong>4.17\u00a0<\/strong><em>\u00deeir: <\/em>Sj\u00e1 athugagrein vi\u00f0 1.7.<\/p>\n<p><strong>4.22\u00a0<\/strong><em>Abraham \u00e1tti tvo sonu: <\/em>Abraham haf\u00f0i enga tr\u00fa \u00e1 \u00fev\u00ed a\u00f0 \u00feau Sara myndu eignast son. Hann gat \u00fev\u00ed barn vi\u00f0 Hagar, amb\u00e1tt S\u00f6ru, og var drengnum gefi\u00f0 nafni\u00f0 \u00cdsmael (1M\u00f3s 16.1-16). Abraham og Sara eignu\u00f0ust s\u00ed\u00f0ar drenginn \u00cdsak. Hann var sonurinn, sem Gu\u00f0 haf\u00f0i gefi\u00f0 fyrirheit um, og af honum er \u00cdsraels\u00fej\u00f3\u00f0in komin. Hver, sem erfi\u00f0ar undir l\u00f6gm\u00e1linu er \u00fer\u00e6ll \u00e1 sama h\u00e1tt og Hagar og sonur hennar. En hinn, sem tr\u00fair \u00e1 Jes\u00fas Krist, er l\u00edkur ni\u00f0jum S\u00f6ru, enda var h\u00fan m\u00f3\u00f0ir drengsins sem f\u00e6ddist samkv\u00e6mt fyrirheiti Gu\u00f0s.<\/p>\n<p><strong>4.29,30 <\/strong><em>s\u00e1 sem f\u00e6ddur var \u00e1 n\u00e1tt\u00farulegan h\u00e1tt: <\/em>P\u00e1ll \u00e1 vi\u00f0 \u00cdsamel (1M\u00f3s 21.9,10). Hann hvetur kristna menn \u00ed Galatalandi ti \u00feess a\u00f0 h\u00e6tt a\u00f0 rei\u00f0a sig \u00e1 l\u00f6gm\u00e1li\u00f0, sem enginn arfur fylgir.<\/p>\n","protected":false},"excerpt":{"rendered":"<p>4.1 erfinginn er \u00f3fullve\u00f0ja&#8230;\u00fer\u00e6li: P\u00e1ll l\u00edkir b\u00f6rnum vi\u00f0 \u00fer\u00e6la af <a href=\"https:\/\/biblian.is\/fraedsla\/ritskyring\/galatabrefid-4-kafli\/\"> [&#8230;]<\/a><\/p>\n","protected":false},"author":1,"featured_media":0,"parent":4829,"menu_order":0,"comment_status":"closed","ping_status":"closed","template":"","meta":{"footnotes":""},"class_list":["post-5584","page","type-page","status-publish","hentry"],"_links":{"self":[{"href":"https:\/\/biblian.is\/fraedsla\/wp-json\/wp\/v2\/pages\/5584","targetHints":{"allow":["GET"]}}],"collection":[{"href":"https:\/\/biblian.is\/fraedsla\/wp-json\/wp\/v2\/pages"}],"about":[{"href":"https:\/\/biblian.is\/fraedsla\/wp-json\/wp\/v2\/types\/page"}],"author":[{"embeddable":true,"href":"https:\/\/biblian.is\/fraedsla\/wp-json\/wp\/v2\/users\/1"}],"replies":[{"embeddable":true,"href":"https:\/\/biblian.is\/fraedsla\/wp-json\/wp\/v2\/comments?post=5584"}],"version-history":[{"count":0,"href":"https:\/\/biblian.is\/fraedsla\/wp-json\/wp\/v2\/pages\/5584\/revisions"}],"up":[{"embeddable":true,"href":"https:\/\/biblian.is\/fraedsla\/wp-json\/wp\/v2\/pages\/4829"}],"wp:attachment":[{"href":"https:\/\/biblian.is\/fraedsla\/wp-json\/wp\/v2\/media?parent=5584"}],"curies":[{"name":"wp","href":"https:\/\/api.w.org\/{rel}","templated":true}]}}