{"id":5582,"date":"2019-06-16T01:47:45","date_gmt":"2019-06-16T01:47:45","guid":{"rendered":"https:\/\/biblian.is\/fraedsla\/?page_id=5582"},"modified":"2026-04-17T13:01:10","modified_gmt":"2026-04-17T13:01:10","slug":"galatabrefid-3-kafli","status":"publish","type":"page","link":"https:\/\/biblian.is\/fraedsla\/ritskyring\/galatabrefid-3-kafli\/","title":{"rendered":"Galatabr\u00e9fi\u00f0 3. kafli"},"content":{"rendered":"<h3>Vi\u00f0 ver\u00f0um Gu\u00f0s b\u00f6rn fyrir tr\u00fana \u00e1 Krist<\/h3>\n<p>P\u00e1ll gj\u00f6r\u00feekkir l\u00f6gm\u00e1l M\u00f3se og getur \u00f3hika\u00f0 fullyrt a\u00f0 enginn ver\u00f0i Gu\u00f0i \u00fe\u00f3knanlegur me\u00f0 einni saman hl\u00fd\u00f0ni vi\u00f0 bo\u00f0or\u00f0 \u00feess og reglur. Vi\u00f0 ver\u00f0um Gu\u00f0s b\u00f6rn fyrir tr\u00fana \u00e1 Jes\u00fa Krist. En allir sem eiga \u00feessa tr\u00fa eru b\u00f6rn Abrahams \u00e6ttf\u00f6\u00f0ur Gy\u00f0inga, sem fyrstur manna \u00f6\u00f0la\u00f0ist fyrirheit fr\u00e1 Gu\u00f0i.<\/p>\n<p><strong>3.2 <\/strong><em>andann: <\/em>P\u00e1ll minnist oft \u00e1 heilagan anda \u00ed Galatabr\u00e9finu. Sj\u00e1 &#8222;<a href=\"https:\/\/biblian.is\/fraedsla\/ordtakasafn\/heilagur-andi\/\">Heilagur andi<\/a>&#8222;.<\/p>\n<p><strong>3.3 <\/strong><em>byrja \u00ed heil\u00f6gum anda&#8230;fullna \u00fea\u00f0 \u00ed eigin m\u00e6tti: <\/em>Einhverjir safna\u00f0armenn \u00ed Galatalandi hafa, a\u00f0 \u00fev\u00ed er vir\u00f0ist, l\u00e1ti\u00f0 umskerast til \u00feess a\u00f0 &#8222;fullna&#8220; \u00fea\u00f0 sem byrja\u00f0i \u00ed heil\u00f6gum anda.<\/p>\n<p><strong>3.7\u00a0<\/strong><em>ni\u00f0jar Abrahams: <\/em>Gu\u00f0 \u00fatvaldi Abraham og samkv\u00e6mt \u00fev\u00ed voru allir ni\u00f0jar Abrahams Gu\u00f0s b\u00f6rn.<\/p>\n<p><strong>3.13\u00a0<\/strong><em>b\u00f6lvun l\u00f6gm\u00e1lsins: <\/em>P\u00e1ll telur b\u00f6lvun hlj\u00f3tast af l\u00f6gm\u00e1linu af \u00fev\u00ed a\u00f0 enginn ma\u00f0ur er f\u00e6r um a\u00f0 hl\u00fd\u00f0a \u00e1kv\u00e6\u00f0um \u00feess til hl\u00edtar. En Jes\u00fas t\u00f3k \u00e1 sig syndir allra manna, d\u00f3 \u00e1 krossinum og &#8222;keypti&#8220; \u00fe\u00e1 sem \u00e1 hann tr\u00faa &#8222;undan b\u00f6lvun l\u00f6gm\u00e1lsins.&#8220;<\/p>\n<p><strong>3.16\u00a0<\/strong><em>Abraham og ni\u00f0ja hans: <\/em>Gr\u00edska or\u00f0i\u00f0 yfir &#8222;ni\u00f0ja&#8220; e\u00f0a afkv\u00e6mi getur hvort heldur er \u00fe\u00fdtt einn afkomanda e\u00f0a fleiri. H\u00e9r notar P\u00e1ll \u00fea\u00f0 um Jes\u00fa Krist.<\/p>\n<p><strong>3.17 <\/strong><em>fj\u00f6gur hundru\u00f0 og \u00ferj\u00e1t\u00edu \u00e1rum s\u00ed\u00f0ar: <\/em>M\u00f6rgum \u00f6ldum eftir a\u00f0 Gu\u00f0 ger\u00f0i s\u00e1ttm\u00e1la sinn vi\u00f0 Abraham gaf hann l\u00f6gm\u00e1li\u00f0 M\u00f3se og \u00cdsraels\u00fej\u00f3\u00f0inni.<\/p>\n<p><strong>3.19\u00a0<\/strong><em>Hva\u00f0 er \u00fe\u00e1 l\u00f6gm\u00e1li\u00f0: <\/em>Sj\u00e1 athugagrein vi\u00f0 2.16 (L\u00f6gm\u00e1li\u00f0).<\/p>\n<p><strong>3.19\u00a0<\/strong><em>ni\u00f0jinn: <\/em>Jes\u00fas Kristur. Sj\u00e1 athugagrein vi\u00f0 3.16.<\/p>\n<p><strong>3.19\u00a0<\/strong><em>Englar s\u00e1u um a\u00f0 semja \u00fea\u00f0: <\/em>\u00de\u00f3tt hvergi standi skrifa\u00f0 \u00ed Heilagri ritningu var \u00fea\u00f0 tr\u00fa manna samkv\u00e6mt erfikenningu Gy\u00f0inga, a\u00f0 englar hef\u00f0u \u00e1tt hlut a\u00f0 tilur\u00f0 l\u00f6gm\u00e1lsins \u00e1 S\u00edna\u00edfjalli (5M\u00f3s 33.2).<\/p>\n<p><strong>3.27\u00a0<\/strong><em>eru\u00f0 sk\u00edr\u00f0: <\/em>Vi\u00f0 sk\u00edrnina er vatni\u00f0 t\u00e1kn \u00feess a\u00f0 sk\u00edrnar\u00feeginn ver\u00f0ur n\u00fdr ma\u00f0ur og einn af heimilism\u00f6nnum Gu\u00f0s. \u00cd R\u00f3mverjabr\u00e9finu l\u00edkir P\u00e1ll sk\u00edrninni vi\u00f0 \u00fea\u00f0 a\u00f0 deyja og vera grafinn me\u00f0 Kristi (R\u00f3m 6.3-5). \u00dea\u00f0 l\u00edf deyr, sem hneppt var \u00ed \u00fer\u00e6ld\u00f3m syndarinnar og n\u00fdr ma\u00f0ur f\u00e6\u00f0ist. Sj\u00e1 og &#8222;<a href=\"https:\/\/biblian.is\/fraedsla\/ordtakasafn\/skirn\/\">Sk\u00edrn<\/a>&#8222;.<\/p>\n<p><strong>3.29 <\/strong><em>ni\u00f0jar Abrahams: <\/em>Sj\u00e1 athugagrein vi\u00f0 3.7.<\/p>\n","protected":false},"excerpt":{"rendered":"<p>Vi\u00f0 ver\u00f0um Gu\u00f0s b\u00f6rn fyrir tr\u00fana \u00e1 Krist P\u00e1ll gj\u00f6r\u00feekkir <a href=\"https:\/\/biblian.is\/fraedsla\/ritskyring\/galatabrefid-3-kafli\/\"> [&#8230;]<\/a><\/p>\n","protected":false},"author":1,"featured_media":0,"parent":4829,"menu_order":0,"comment_status":"closed","ping_status":"closed","template":"","meta":{"footnotes":""},"class_list":["post-5582","page","type-page","status-publish","hentry"],"_links":{"self":[{"href":"https:\/\/biblian.is\/fraedsla\/wp-json\/wp\/v2\/pages\/5582","targetHints":{"allow":["GET"]}}],"collection":[{"href":"https:\/\/biblian.is\/fraedsla\/wp-json\/wp\/v2\/pages"}],"about":[{"href":"https:\/\/biblian.is\/fraedsla\/wp-json\/wp\/v2\/types\/page"}],"author":[{"embeddable":true,"href":"https:\/\/biblian.is\/fraedsla\/wp-json\/wp\/v2\/users\/1"}],"replies":[{"embeddable":true,"href":"https:\/\/biblian.is\/fraedsla\/wp-json\/wp\/v2\/comments?post=5582"}],"version-history":[{"count":0,"href":"https:\/\/biblian.is\/fraedsla\/wp-json\/wp\/v2\/pages\/5582\/revisions"}],"up":[{"embeddable":true,"href":"https:\/\/biblian.is\/fraedsla\/wp-json\/wp\/v2\/pages\/4829"}],"wp:attachment":[{"href":"https:\/\/biblian.is\/fraedsla\/wp-json\/wp\/v2\/media?parent=5582"}],"curies":[{"name":"wp","href":"https:\/\/api.w.org\/{rel}","templated":true}]}}