{"id":5576,"date":"2019-06-15T17:18:34","date_gmt":"2019-06-15T17:18:34","guid":{"rendered":"https:\/\/biblian.is\/fraedsla\/?page_id=5576"},"modified":"2026-04-17T13:01:08","modified_gmt":"2026-04-17T13:01:08","slug":"fyrra-korintubref-16-kafli","status":"publish","type":"page","link":"https:\/\/biblian.is\/fraedsla\/ritskyring\/fyrra-korintubref-16-kafli\/","title":{"rendered":"Fyrra Korintubr\u00e9f 16. kafli"},"content":{"rendered":"<p><strong>16.1-3 <\/strong><em>samskotin&#8230;til Jer\u00fasalem: <\/em>\u00de\u00f3tt P\u00e1ll pr\u00e9dika\u00f0i mest \u00ed As\u00edu, Makd\u00f3n\u00edu og Grikklandi, var honum l\u00edka umhuga\u00f0 um gy\u00f0ing-kristna menn \u00ed Palest\u00ednu og safna\u00f0i f\u00e9 til stu\u00f0nings hinum f\u00e1t\u00e6ku \u00fear (sj\u00e1 Gal 2.1-10; 2Kor 8.1-14 og R\u00f3m 15.35,36).<\/p>\n<p><strong>16.5\u00a0<\/strong><em>Maked\u00f3n\u00edu: <\/em>P\u00e1ll skrifa\u00f0i s\u00f6fnu\u00f0um \u00ed \u00deessal\u00f3n\u00edku og Filipp\u00ed, en \u00fea\u00f0 voru borgir \u00ed Maked\u00f3n\u00edu, sem hann haf\u00f0i heims\u00f3tt.<\/p>\n<p><strong>16.8\u00a0<\/strong><em>Efesus allt til hv\u00edtasunnu: <\/em>Sj\u00e1 athugagrein vi\u00f0 15.32 (Efesus). Hv\u00edtasunnan, \u00f6\u00f0ru nafni Uppskeruh\u00e1t\u00ed\u00f0in, var ein af \u00feremur h\u00f6fu\u00f0h\u00e1t\u00ed\u00f0um Gy\u00f0inga, en \u00fe\u00e1 streymdu p\u00edlagr\u00edmar til Jer\u00fasalem.<\/p>\n<p><strong>16.10-12\u00a0<\/strong><em>T\u00edm\u00f3teus&#8230;Apoll\u00f3s:<\/em>Sj\u00e1 athugagreinar vi\u00f0 4.17 og 1.11,12.<\/p>\n<p><strong>16.15\u00a0<\/strong><em>Akkeu: <\/em>Borgirnar A\u00feena og Korinta voru \u00ed Akkeu.<\/p>\n<p><strong>16.17 <\/strong><em>Fort\u00fanatusar og Akka\u00edkusar: <\/em>Um Stefanas sj\u00e1 athugagrein vi\u00f0 1.14-16. Fort\u00fanatus og Akka\u00edkus eru hvergi annars sta\u00f0ar nefndir \u00e1 nafn \u00ed N\u00fdja testamenti.<\/p>\n<p><strong>16.19 <\/strong><em>S\u00f6fnu\u00f0irnir \u00ed As\u00edu: <\/em>As\u00eda h\u00e9t mikilsh\u00e1ttar skattland R\u00f3mverja \u00ed Litlu-As\u00edu vestanver\u00f0ri.<\/p>\n<p><strong>16.19 <\/strong><em>Akv\u00edlas og Priska: <\/em>\u00deessi hj\u00f3n rak Kl\u00e1d\u00edus keisari burt \u00far R\u00f3maborg \u00e1ri\u00f0 49 e. Kr. \u00e1samt me\u00f0 \u00f6\u00f0rum Gy\u00f0ingum, sem \u00fear \u00e1ttu heima. \u00deau settust a\u00f0 \u00ed Korintu (Post 18.1-4) en fluttu s\u00ed\u00f0ar til Efesus (Post 18.18-26). \u00dear unnu \u00feau a\u00f0 tjaldgj\u00f6r\u00f0 og P\u00e1ll postuli me\u00f0 \u00feeim um skei\u00f0. Sj\u00e1 og R\u00f3m 16.3; 2T\u00edm 4.19.<\/p>\n<p><strong>16.21\u00a0<\/strong><em>Kve\u00f0jan er me\u00f0 eigin hendi minni: <\/em>P\u00e1ll hefur a\u00f0 \u00f6llum l\u00edkindum lesi\u00f0 efni br\u00e9fsins fyrir, en annar skrifa\u00f0 \u00fea\u00f0 upp. Sj\u00e1 R\u00f3m 16.22.<\/p>\n","protected":false},"excerpt":{"rendered":"<p>16.1-3 samskotin&#8230;til Jer\u00fasalem: \u00de\u00f3tt P\u00e1ll pr\u00e9dika\u00f0i mest \u00ed As\u00edu, Makd\u00f3n\u00edu <a href=\"https:\/\/biblian.is\/fraedsla\/ritskyring\/fyrra-korintubref-16-kafli\/\"> [&#8230;]<\/a><\/p>\n","protected":false},"author":1,"featured_media":0,"parent":4829,"menu_order":0,"comment_status":"closed","ping_status":"closed","template":"","meta":{"footnotes":""},"class_list":["post-5576","page","type-page","status-publish","hentry"],"_links":{"self":[{"href":"https:\/\/biblian.is\/fraedsla\/wp-json\/wp\/v2\/pages\/5576","targetHints":{"allow":["GET"]}}],"collection":[{"href":"https:\/\/biblian.is\/fraedsla\/wp-json\/wp\/v2\/pages"}],"about":[{"href":"https:\/\/biblian.is\/fraedsla\/wp-json\/wp\/v2\/types\/page"}],"author":[{"embeddable":true,"href":"https:\/\/biblian.is\/fraedsla\/wp-json\/wp\/v2\/users\/1"}],"replies":[{"embeddable":true,"href":"https:\/\/biblian.is\/fraedsla\/wp-json\/wp\/v2\/comments?post=5576"}],"version-history":[{"count":0,"href":"https:\/\/biblian.is\/fraedsla\/wp-json\/wp\/v2\/pages\/5576\/revisions"}],"up":[{"embeddable":true,"href":"https:\/\/biblian.is\/fraedsla\/wp-json\/wp\/v2\/pages\/4829"}],"wp:attachment":[{"href":"https:\/\/biblian.is\/fraedsla\/wp-json\/wp\/v2\/media?parent=5576"}],"curies":[{"name":"wp","href":"https:\/\/api.w.org\/{rel}","templated":true}]}}