{"id":5574,"date":"2019-06-15T17:17:55","date_gmt":"2019-06-15T17:17:55","guid":{"rendered":"https:\/\/biblian.is\/fraedsla\/?page_id=5574"},"modified":"2026-04-17T13:01:08","modified_gmt":"2026-04-17T13:01:08","slug":"fyrra-korintubref-15-kafli","status":"publish","type":"page","link":"https:\/\/biblian.is\/fraedsla\/ritskyring\/fyrra-korintubref-15-kafli\/","title":{"rendered":"Fyrra Korintubr\u00e9f 15. kafli"},"content":{"rendered":"<p><strong>15.1,2 <\/strong><em>fagna\u00f0arerindi\u00f0 sem \u00e9g bo\u00f0a\u00f0i&#8230;\u00dea\u00f0 mun og frelsa ykkur: <\/em>Sj\u00e1 athugagreinar vi\u00f0 1.17,18 og 1.20-27. Sj\u00e1 og 15.3-7 og &#8222;<a href=\"https:\/\/biblian.is\/fraedsla\/ordtakasafn\/hjalpraedi\/\">K\u00e6rleikur Gu\u00f0s frelsar (Hj\u00e1lpr\u00e6\u00f0i)<\/a>&#8222;.<\/p>\n<p><strong>15.5,6\u00a0<\/strong><em>Kefasi, s\u00ed\u00f0an \u00feeim t\u00f3lf&#8230;fimm hundru\u00f0 br\u00e6\u00f0rum: <\/em>Sj\u00e1 athugagrein vi\u00f0 1.11,12. &#8222;\u00deeir t\u00f3lf&#8220; eru postular Krists (Matt 10.2-4). Um br\u00e6\u00f0urna fimm hundru\u00f0 er ekkert vita\u00f0 og \u00feeir eru ekki nefndir neins sta\u00f0ar annars sta\u00f0ar \u00ed N\u00fdja testamenti.<\/p>\n<p><strong>15.7 <\/strong><em>Jakobi&#8230;postulunum: <\/em>Jakob var br\u00f3\u00f0ir Jes\u00fa (Mrk 6.3; Gal 1.19; Post 12.17; 15.13). Sj\u00e1 athugagrein vi\u00f0 1.1.<\/p>\n<p><strong>15.9 <\/strong><em>\u00e9g ofs\u00f3tti s\u00f6fnu\u00f0 Gu\u00f0s: <\/em>\u00c1\u00f0ur en Jes\u00fas kj\u00f6ri P\u00e1l til \u00feess a\u00f0 pr\u00e9dika fagna\u00f0arerindi\u00f0, haf\u00f0i far\u00edseinn S\u00e1l (P\u00e1ll) ofs\u00f3tt l\u00e6risveinana (Gal 1.13-16; Post 8.3; 9.1,2). &#8222;S\u00f6fnu\u00f0ur Gu\u00f0s&#8220; er h\u00e9r allir \u00feeir, sem fylgja Kristi.<\/p>\n<p><strong>15.12\u00a0<\/strong><em>hvernig geta \u00fe\u00e1 nokkur ykkar sagt a\u00f0 dau\u00f0ir r\u00edsi ekki upp? <\/em>\u00cd s\u00f6fnu\u00f0inum \u00ed Korintu var f\u00f3lk, sem ekki tr\u00fa\u00f0i \u00e1 upprisuna. Sumt af \u00fev\u00ed kann a\u00f0 hafa a\u00f0hyllst \u00fe\u00e1 kenningu, a\u00f0 s\u00e1lin lif\u00f0i af l\u00edkamsdau\u00f0ann, en jar\u00f0neskar leifar manna rotnu\u00f0u \u00ed gr\u00f6finni; \u00fea\u00f0 er kenningin um &#8222;\u00f3dau\u00f0leika s\u00e1larinnar.&#8220; Kenning P\u00e1ls um eil\u00edfa l\u00edfi\u00f0 er me\u00f0 \u00f6\u00f0rum h\u00e6tti. Sj\u00e1 &#8222;<a href=\"https:\/\/biblian.is\/fraedsla\/ordtakasafn\/upprisa\/\">Upprisan<\/a>&#8222;.<\/p>\n<p><strong>15.17 <\/strong><em>ef Kristur er ekki upprisinn&#8230;Syndir ykkar eru \u00fe\u00e1 ekki enn \u00ed burtu teknar: <\/em>Sj\u00e1 15.4-7, \u00fear sem P\u00e1ll tekur \u00ed f\u00e1um or\u00f0um saman fagna\u00f0arerindi\u00f0 um Jes\u00fa. P\u00e1ll kalla\u00f0i \u00fea\u00f0 &#8222;leyndard\u00f3m Gu\u00f0s,&#8220; a\u00f0 hann skyldi senda Jes\u00fa \u00ed heiminn til \u00feess a\u00f0 deyja \u00e1 krossi til syndafyrirgefningar (1Kor 2.1,4). N\u00fa segir hann, a\u00f0 hafi Gu\u00f0i ekki reist Jes\u00fa fr\u00e1 dau\u00f0um, s\u00e9 tr\u00fain f\u00e1n\u00fdt og fyrirheit Gu\u00f0s um syndafyrirgefningu \u00f3satt.<\/p>\n<p><strong>15.21\u00a0<\/strong><em>dau\u00f0inn kom me\u00f0 manni: <\/em>H\u00e9r \u00e1 P\u00e1ll vi\u00f0 Adam. Adam og Eva \u00f3hl\u00fd\u00f0nu\u00f0ust bo\u00f0i Gu\u00f0s me\u00f0 \u00fev\u00ed a\u00f0 eta \u00e1v\u00f6xtinn af skilningstr\u00e9 g\u00f3\u00f0s og ills (1M\u00f3s 3.20). Fyrir \u00fe\u00e1 synd kom dau\u00f0inn \u00ed heiminn. En fyrirgefningin sem Jes\u00fas f\u00e6rir mun bera siguror\u00f0 af synd og dau\u00f0a.<\/p>\n<p><strong>15.24 <\/strong><em>S\u00ed\u00f0an kemur endirinn: <\/em>Sj\u00e1 athugagreinar vi\u00f0 1.7; 3.12-13; 4.5.<\/p>\n<p><strong>15.24 <\/strong><em>Gu\u00f0i f\u00f6\u00f0ur: <\/em>Sj\u00e1 athugagrein vi\u00f0 1.3 (Gu\u00f0i f\u00f6\u00f0ur vorum).<\/p>\n<p><strong>15.29 <\/strong><em>Til hvers eru menn annars a\u00f0 l\u00e1ta sk\u00edrast fyrir hina d\u00e1nu? <\/em>Sj\u00e1 athugagrein vi\u00f0 1.13. Sumir l\u00e9tu sk\u00edrast fyrir h\u00f6nd vina og vandamanna sem d\u00e1i\u00f0 h\u00f6f\u00f0u \u00f3sk\u00edr\u00f0ir. P\u00e1ll segir \u00feetta \u00f3\u00fearfa.<\/p>\n<p><strong>15.32\u00a0<\/strong><em>barist vi\u00f0 villid\u00fdr \u00ed Efesus: <\/em>P\u00e1ll var staddur \u00ed Efesus \u00feegar hann skrifa\u00f0i Korintum\u00f6nnum. Ekki er lj\u00f3st hvort hann \u00e1 h\u00e9r vi\u00f0 \u00f3argad\u00fdr e\u00f0a f\u00f3lk, sem var honum andsn\u00fai\u00f0 og ger\u00f0i l\u00edti\u00f0 \u00far kenningu hans.<\/p>\n<p><strong>15.32\u00a0<\/strong><em>etum \u00fe\u00e1 og drekkum: <\/em>P\u00e1ll vitnar h\u00e9r \u00ed Jesaja 22.13. Ef dau\u00f0ir r\u00edsa ekki upp, segir hann, geta menn lifa\u00f0 og leiki\u00f0 s\u00e9r \u00e1hyggjulausir<\/p>\n<p><strong>15.33\u00a0<\/strong><em>Vondur f\u00e9lagsskapur spillir g\u00f3\u00f0um si\u00f0um: <\/em>H\u00e9r vitnar P\u00e1ll \u00ed gr\u00edska sj\u00f3nleikinn &#8222;Thais&#8220; eftir Menander.<\/p>\n<p><strong>15.34 <\/strong><em>syndga: <\/em>Sj\u00e1 athugagrein vi\u00f0 14.24,25.<\/p>\n<p><strong>15.35\u00a0<\/strong><em>Hvernig r\u00edsa dau\u00f0ir upp? <\/em>\u00deessa spurningu hafa hinir kristnu \u00ed Korintu tr\u00falega bori\u00f0 upp vi\u00f0 P\u00e1l \u00ed einu af br\u00e9fum s\u00ednum til hans (sj\u00e1 athugagrein vi\u00f0 7.1).<\/p>\n<p><strong>15.44\u00a0<\/strong><em>andlegur l\u00edkami: <\/em>Samkv\u00e6mt kenningu P\u00e1ls f\u00e1 menn n\u00fdjan l\u00edkama, \u00feegar \u00feeir r\u00edsa upp fr\u00e1 dau\u00f0um. \u00deetta fer \u00ed b\u00e1ga vi\u00f0 \u00fe\u00e1 almennu tr\u00fa \u00e1 d\u00f6gum P\u00e1ls, a\u00f0 l\u00edkaminn muni a\u00f0 v\u00edsu rotna \u00ed gr\u00f6finni, en s\u00e1lin lifa af l\u00edkamsdau\u00f0ann.<\/p>\n<p><strong>15.45-49\u00a0<\/strong><em>Adam&#8230;Jes\u00fas: <\/em>Sj\u00e1 athugagrein vi\u00f0 15.21. P\u00e1ll kallar Jes\u00fa &#8222;hinn s\u00ed\u00f0ari Adam&#8220; af \u00fev\u00ed a\u00f0 hann sigra\u00f0i dau\u00f0ann, sem kom \u00ed heiminn vegna brots &#8222;hins fyrsta manns&#8220;, Adams. L\u00edkamir \u00feeirra, sem \u00e1 Jes\u00fa tr\u00faa, eru dau\u00f0legir n\u00fa eins og l\u00edkami &#8222;hins fyrsta manns&#8220;, Adams, en \u00feegar \u00feeir r\u00edsa upp fr\u00e1 dau\u00f0um munu \u00feeir f\u00e1 andlegan l\u00edkama eins og Jes\u00fas.<\/p>\n<p><strong>15.50\u00a0<\/strong><em>Gu\u00f0s r\u00edki: <\/em>Sj\u00e1 athugagrein vi\u00f0 4.20.<\/p>\n<p><strong>15.51\u00a0<\/strong><em>Vi\u00f0 munum ekki \u00f6ll deyja en \u00f6ll munum vi\u00f0 umbreytast: <\/em>\u00dea\u00f0 var kenning P\u00e1ls, a\u00f0 \u00feegar Jes\u00fas k\u00e6mi aftur, mundu \u00feau sem \u00fe\u00e1 lif\u00f0u umbreytast og ver\u00f0a hrifin burt til fundar vi\u00f0 Drottin og vera upp fr\u00e1 \u00fev\u00ed me\u00f0 honum alla t\u00edma \u00ed \u00f3forgengilegum l\u00edkama (1\u00deess 4.15-17).<\/p>\n<p><strong>15.52\u00a0<\/strong><em>l\u00fa\u00f0urinn mun gjalla og \u00fe\u00e1 munu dau\u00f0ir upp r\u00edsa: <\/em>Sj\u00e1 Matt 24.31; J\u00f3h 5.25; 1\u00deess 4.16 og Opb 8.2-11.19. Sj\u00e1 og &#8222;<a href=\"https:\/\/biblian.is\/fraedsla\/ordtakasafn\/endurkoma-drottins-jesu\/\">Endurkoman<\/a>&#8222;.<\/p>\n<p><strong>15.54\u00a0<\/strong><em>hi\u00f0 forgengilega&#8230;ver\u00f0ur \u00f3dau\u00f0legt: <\/em>Sj\u00e1 &#8222;<a href=\"https:\/\/biblian.is\/fraedsla\/ordtakasafn\/eilift-lif\/\">Eil\u00edft l\u00edf<\/a>&#8220; og &#8222;<a href=\"https:\/\/biblian.is\/fraedsla\/ordtakasafn\/upprisa\/\">Upprisan<\/a>&#8222;.<\/p>\n<p><strong>15.56\u00a0<\/strong><em>l\u00f6gm\u00e1li\u00f0 afl syndarinnar: <\/em>P\u00e1ll \u00e1 ekki vi\u00f0 \u00fea\u00f0 a\u00f0 l\u00f6gm\u00e1l M\u00f3se komi f\u00f3lki beinl\u00ednis til a\u00f0 syndga, heldur fari menn a\u00f0 finna til l\u00f6ngunar til \u00feess a\u00f0 brj\u00f3ta af s\u00e9r, \u00feegar l\u00f6gm\u00e1li\u00f0 hefur sagt \u00feeim hva\u00f0 er banna\u00f0. Sj\u00e1 R\u00f3m 7.7-12.<\/p>\n","protected":false},"excerpt":{"rendered":"<p>15.1,2 fagna\u00f0arerindi\u00f0 sem \u00e9g bo\u00f0a\u00f0i&#8230;\u00dea\u00f0 mun og frelsa ykkur: Sj\u00e1 <a href=\"https:\/\/biblian.is\/fraedsla\/ritskyring\/fyrra-korintubref-15-kafli\/\"> [&#8230;]<\/a><\/p>\n","protected":false},"author":1,"featured_media":0,"parent":4829,"menu_order":0,"comment_status":"closed","ping_status":"closed","template":"","meta":{"footnotes":""},"class_list":["post-5574","page","type-page","status-publish","hentry"],"_links":{"self":[{"href":"https:\/\/biblian.is\/fraedsla\/wp-json\/wp\/v2\/pages\/5574","targetHints":{"allow":["GET"]}}],"collection":[{"href":"https:\/\/biblian.is\/fraedsla\/wp-json\/wp\/v2\/pages"}],"about":[{"href":"https:\/\/biblian.is\/fraedsla\/wp-json\/wp\/v2\/types\/page"}],"author":[{"embeddable":true,"href":"https:\/\/biblian.is\/fraedsla\/wp-json\/wp\/v2\/users\/1"}],"replies":[{"embeddable":true,"href":"https:\/\/biblian.is\/fraedsla\/wp-json\/wp\/v2\/comments?post=5574"}],"version-history":[{"count":0,"href":"https:\/\/biblian.is\/fraedsla\/wp-json\/wp\/v2\/pages\/5574\/revisions"}],"up":[{"embeddable":true,"href":"https:\/\/biblian.is\/fraedsla\/wp-json\/wp\/v2\/pages\/4829"}],"wp:attachment":[{"href":"https:\/\/biblian.is\/fraedsla\/wp-json\/wp\/v2\/media?parent=5574"}],"curies":[{"name":"wp","href":"https:\/\/api.w.org\/{rel}","templated":true}]}}