{"id":5572,"date":"2019-06-15T17:15:22","date_gmt":"2019-06-15T17:15:22","guid":{"rendered":"https:\/\/biblian.is\/fraedsla\/?page_id=5572"},"modified":"2022-12-16T13:58:58","modified_gmt":"2022-12-16T13:58:58","slug":"fyrra-korintubref-14-kafli","status":"publish","type":"page","link":"https:\/\/biblian.is\/fraedsla\/ritskyring\/fyrra-korintubref-14-kafli\/","title":{"rendered":"Fyrra Korintubr\u00e9f 14. kafli"},"content":{"rendered":"<p><strong>14.1\u00a0<\/strong><em>S\u00e6kist eftir g\u00e1fum andans: <\/em>Sj\u00e1 &#8222;<a href=\"https:\/\/biblian.is\/fraedsla\/ordtakasafn\/gafur-andans\/\">G\u00e1fur andans<\/a>&#8220; og athugagrein vi\u00f0 12.3 (Gu\u00f0s anda).<\/p>\n<p><strong>14.2-4 <\/strong><em>s\u00e1 sem talar tungum&#8230; byggir a\u00f0eins upp sj\u00e1lfan sig: <\/em>Sj\u00e1 athugagrein vi\u00f0 12.10 (tala tungum). Me\u00f0 hj\u00e1lp \u00feessarar n\u00e1\u00f0argjafar lofu\u00f0u menn Gu\u00f0. En utana\u00f0komandi hlj\u00f3ta a\u00f0 hafa undrast, \u00feegar \u00feeir ur\u00f0u \u00ed fyrsta sinni vitni a\u00f0 tungutali. Og \u00fea\u00f0 gagna\u00f0i \u00feeim ekkert, \u00fev\u00ed a\u00f0 \u00feeir botnu\u00f0u ekkert \u00ed \u00fev\u00ed sem &#8222;sagt&#8220; var.<\/p>\n<p><strong>14.5\u00a0<\/strong><em>\u00c9g vildi a\u00f0 \u00fei\u00f0 t\u00f6lu\u00f0u\u00f0 \u00f6ll tungum: <\/em>Sj\u00e1 athugagreinar vi\u00f0 13.2 (sp\u00e1d\u00f3msg\u00e1fu) og 12.10 (tungutal). P\u00e1ll taldi r\u00e9ttilega, a\u00f0 sp\u00e1d\u00f3msg\u00e1fan (\u00feegar tala\u00f0 er or\u00f0 speki og \u00feekkingar fr\u00e1 Gu\u00f0i) ger\u00f0i s\u00f6fnu\u00f0inum meira gagn en tungutali\u00f0.<\/p>\n<p><strong>14.8 <\/strong><em>\u00f3greinilegt hlj\u00f3\u00f0: <\/em>L\u00fa\u00f0rar boru \u00feeyttir \u00ed orrustum, en einnig til \u00feess a\u00f0 kalla f\u00f3lk saman til gu\u00f0s\u00fej\u00f3nustu \u00ed musterinu \u00ed Jer\u00fasalem. Gy\u00f0ingum f\u00e9ll l\u00edtt myntsl\u00e1tta me\u00f0 myndum konunga og keisara. \u00dev\u00ed var sum mynt \u00ed J\u00fadeu slegin me\u00f0 mynd af musterisl\u00fa\u00f0runum, einnig eftir a\u00f0 munsteri\u00f0 var lagt \u00ed r\u00fast af R\u00f3mverjum \u00e1ri\u00f0 70 e. Kr.<\/p>\n<p><strong>14.15\u00a0<\/strong><em>\u00c9g vil bi\u00f0ja me\u00f0 anda&#8230;einnig bi\u00f0ja me\u00f0 skilningi: <\/em>A\u00f0 bi\u00f0ja me\u00f0 anda merkir (\u00f3lj\u00f3sa) b\u00e6n me\u00f0 tungutali, b\u00e6n manns sem er fr\u00e1 s\u00e9r numinn.. Sj\u00e1 athugagrein vi\u00f0 12.10 (tala tungum). A\u00f0 bi\u00f0ja me\u00f0 skilningi \u00fe\u00fd\u00f0ir, a\u00f0 be\u00f0i\u00f0 er vitandi vits, \u00feannig a\u00f0 bi\u00f0jandinn er me\u00f0 sj\u00e1lfum s\u00e9r og veit n\u00e1kv\u00e6mlega hva\u00f0 hann er a\u00f0 segja.<\/p>\n<p><strong>14.24,25\u00a0<\/strong><em>vantr\u00faa\u00f0ur<\/em><strong>&#8230;<\/strong><em>\u00fe\u00e1 mundu allir sannf\u00e6ra hann&#8230;Leyndustu hugsanir hans ver\u00f0a opinberar: <\/em>Synd er \u00fea\u00f0 sem skilur okkur fr\u00e1 Gu\u00f0i og \u00f6\u00f0rum m\u00f6nnum. Sj\u00e1 og &#8222;<a href=\"https:\/\/biblian.is\/fraedsla\/ordtakasafn\/synd\/\">Synd<\/a>&#8222;. \u00deegar or\u00f0 Gu\u00f0s hlj\u00f3mar, me\u00f0 allri sinni speki og \u00feekkingu, \u00fe\u00e1 gera menn s\u00e9r grein fyrir \u00fev\u00ed a\u00f0 \u00feeir hafa syndga\u00f0 (broti\u00f0 gegn vilja Gu\u00f0s). \u00deeir kunna \u00fe\u00e1 l\u00edka a\u00f0 finna hj\u00e1 s\u00e9r hv\u00f6t til \u00feess a\u00f0 j\u00e1ta syndir s\u00ednar og opinbera leyndustu hugsanir s\u00ednar.<\/p>\n<p><strong>14.30\u00a0<\/strong><em>F\u00e1i einhver&#8230;opinberun: <\/em>Hj\u00e1 safna\u00f0arf\u00f3lki \u00ed Korintu hefur \u00fea\u00f0 greinilega veri\u00f0 til si\u00f0s a\u00f0 hinir og \u00feessir lykjust upp me\u00f0 bo\u00f0 fr\u00e1 Gu\u00f0i. Menn skulu, segir P\u00e1ll, vir\u00f0a hver annan og leyfa \u00feeim a\u00f0 tala, einum \u00ed einu, sem fengi\u00f0 hafa opinberun fr\u00e1 Gu\u00f0i. Annars tala margir \u00ed einu og \u00fea\u00f0 veldur truflun.<\/p>\n<p><strong>14.34\u00a0<\/strong><em>skulu konur \u00feegja \u00e1 safna\u00f0arsamkomum: <\/em>P\u00e1ll vitnar h\u00e9r ekki til neinnar greinar \u00ed l\u00f6gm\u00e1li M\u00f3se, heldur \u00ed &#8222;erfikenningu forfe\u00f0ranna.&#8220; Sj\u00e1 aftur \u00e1 m\u00f3ti 11.5 \u00fear sem gengi\u00f0 er \u00fat fr\u00e1 \u00fev\u00ed a\u00f0 konur bi\u00f0ji og flytji sp\u00e1d\u00f3ma Gu\u00f0s. Sj\u00e1 og athugagrein vi\u00f0 11.6,10.<\/p>\n<p><strong>14.37\u00a0<\/strong><em>sp\u00e1ma\u00f0ur e\u00f0a g\u00e6ddur g\u00e1fum andans: <\/em>Sj\u00e1 athugagrein vi\u00f0 12.10 (sp\u00e1d\u00f3msg\u00e1fu). S\u00e1, sem &#8222;g\u00e6ddur er g\u00e1fum andans&#8220; er leiddur af anda Gu\u00f0s e\u00f0a hann hefur hloti\u00f0 einhverja s\u00e9rstaka n\u00e1\u00f0arg\u00e1fu. Sj\u00e1 &#8222;<a href=\"https:\/\/biblian.is\/fraedsla\/ordtakasafn\/gafur-andans\/\">G\u00e1fur andans<\/a>&#8222;.<\/p>\n<p><strong>14.39 <\/strong><em>S\u00e6kist&#8230;eftir sp\u00e1mannlegri g\u00e1fu: <\/em>Sj\u00e1 athugagrein vi\u00f0 13.2.<\/p>\n","protected":false},"excerpt":{"rendered":"<p>14.1\u00a0S\u00e6kist eftir g\u00e1fum andans: Sj\u00e1 &#8222;G\u00e1fur andans&#8220; og athugagrein vi\u00f0 <a href=\"https:\/\/biblian.is\/fraedsla\/ritskyring\/fyrra-korintubref-14-kafli\/\"> [&#8230;]<\/a><\/p>\n","protected":false},"author":1,"featured_media":0,"parent":4829,"menu_order":0,"comment_status":"closed","ping_status":"closed","template":"","meta":{"footnotes":""},"class_list":["post-5572","page","type-page","status-publish","hentry"],"_links":{"self":[{"href":"https:\/\/biblian.is\/fraedsla\/wp-json\/wp\/v2\/pages\/5572","targetHints":{"allow":["GET"]}}],"collection":[{"href":"https:\/\/biblian.is\/fraedsla\/wp-json\/wp\/v2\/pages"}],"about":[{"href":"https:\/\/biblian.is\/fraedsla\/wp-json\/wp\/v2\/types\/page"}],"author":[{"embeddable":true,"href":"https:\/\/biblian.is\/fraedsla\/wp-json\/wp\/v2\/users\/1"}],"replies":[{"embeddable":true,"href":"https:\/\/biblian.is\/fraedsla\/wp-json\/wp\/v2\/comments?post=5572"}],"version-history":[{"count":0,"href":"https:\/\/biblian.is\/fraedsla\/wp-json\/wp\/v2\/pages\/5572\/revisions"}],"up":[{"embeddable":true,"href":"https:\/\/biblian.is\/fraedsla\/wp-json\/wp\/v2\/pages\/4829"}],"wp:attachment":[{"href":"https:\/\/biblian.is\/fraedsla\/wp-json\/wp\/v2\/media?parent=5572"}],"curies":[{"name":"wp","href":"https:\/\/api.w.org\/{rel}","templated":true}]}}