{"id":5570,"date":"2019-06-15T17:13:31","date_gmt":"2019-06-15T17:13:31","guid":{"rendered":"https:\/\/biblian.is\/fraedsla\/?page_id=5570"},"modified":"2026-04-17T13:01:08","modified_gmt":"2026-04-17T13:01:08","slug":"fyrra-korintubref-13-kafli","status":"publish","type":"page","link":"https:\/\/biblian.is\/fraedsla\/ritskyring\/fyrra-korintubref-13-kafli\/","title":{"rendered":"Fyrra Korintubr\u00e9f 13. kafli"},"content":{"rendered":"<p><strong>13.1\u00a0<\/strong><em>engla: <\/em>Or\u00f0i\u00f0 &#8222;engill&#8220; er \u00e1 gr\u00edsku <em>angelos <\/em>og \u00fe\u00fd\u00f0ir &#8222;sendibo\u00f0i.&#8220;<\/p>\n<p><strong>13.1 <\/strong><em>hlj\u00f3mandi m\u00e1lmur e\u00f0a hvellandi bjalla: <\/em>M\u00e1lmur kann a\u00f0 hafa veri\u00f0 \u00e1sl\u00e1ttarhlj\u00f3\u00f0f\u00e6ri, en l\u00edka g\u00e6ti veri\u00f0 \u00e1tt vi\u00f0 st\u00f3ran l\u00e1t\u00fansvasa fyrir aftan gr\u00edskt leiksvi\u00f0 sem \u00e1tti a\u00f0 au\u00f0velda \u00e1horfendum a\u00f0 heyra til leikaranna. Bj\u00f6llur eru tr\u00falega m\u00e1lmgj\u00f6ll, sk\u00e1lar sem slegi\u00f0 er saman (eins og \u00e1 myndinni), bari\u00f0 \u00ed me\u00f0 k\u00f3lfi ellegar fest vi\u00f0 fingur hlj\u00f3\u00f0f\u00e6raleikarans. B\u00e6\u00f0i \u00feessi hlj\u00f3\u00f0f\u00e6ri voru notu\u00f0 vi\u00f0 hei\u00f0na gu\u00f0sd\u00fdrkun.<\/p>\n<p><strong>13.2 <\/strong><em>sp\u00e1d\u00f3msg\u00e1fu: <\/em>Sagnor\u00f0i\u00f0 <em>a\u00f0 sp\u00e1<\/em>merkir &#8222;a\u00f0 tala satt or\u00f0 fr\u00e1 Gu\u00f0i&#8220; um n\u00fat\u00ed\u00f0 og framt\u00ed\u00f0. <em>Sp\u00e1d\u00f3mur<\/em>er s\u00e1 bo\u00f0skapur, sem fluttur er.<\/p>\n<p><strong>13.4-13 <\/strong><em>K\u00e6rleikurinn: <\/em>Af gr\u00edskum or\u00f0um sem merkja &#8222;\u00e1st&#8220; koma <em>storge<\/em>(m\u00e1ga\u00e1st, k\u00e6rleikur skyldmenna \u00ed milli) og <em>eros <\/em>(mun\u00fa\u00f0 elskenda) ekki fyrir \u00ed N\u00fdja testamenti. \u00dea\u00f0 gerir aftur \u00e1 m\u00f3ti <em>phil\u00eda <\/em>sem \u00fe\u00fd\u00f0ir &#8222;v\u00e6ntum\u00feykja.&#8220; K\u00e6rleikur \u00ed \u00feessum versum er hins vegar gr\u00edska or\u00f0i\u00f0 <em>agape<\/em>, \u00fear sem \u00e1tt er vi\u00f0 &#8222;k\u00e6rleika Gu\u00f0s&#8220; (J\u00f3h 3.16; R\u00f3m 5.5-8) og k\u00e6rleika \u00feess manns sem er rei\u00f0ub\u00fainn til \u00feess a\u00f0 f\u00f3rna og afneita sj\u00e1lfum s\u00e9r. \u00deann k\u00e6rleika ber l\u00e6risveinum Jes\u00fa a\u00f0 au\u00f0s\u00fdna hver \u00f6\u00f0rum (Mrk 12.31; R\u00f3m 13.9; 3M\u00f3s 19.18). Sj\u00e1 og &#8222;<a href=\"https:\/\/biblian.is\/fraedsla\/ordtakasafn\/kaerleikurinn\/\">K\u00e6rleikur<\/a>&#8222;.<\/p>\n<p><strong>13.8 <\/strong><em>sp\u00e1d\u00f3msg\u00e1fur&#8230;tungur: <\/em>Sj\u00e1 athugagreinar vi\u00f0 13.2 og 12.10 (tungutal).<\/p>\n<p><strong>13.10-12\u00a0<\/strong><em>\u00feegar hi\u00f0 fullkomna kemur&#8230;\u00fe\u00e1 munum v\u00e9r sj\u00e1: <\/em>H\u00e9r hefur P\u00e1ll v\u00edsast \u00ed huga \u00feann dag \u00ed framt\u00ed\u00f0, \u00feegar Jes\u00fas kemur aftur. Sj\u00e1 athugagreinar vi\u00f0 1.7 og 4.5.<\/p>\n<p><strong>13.12\u00a0<\/strong><em>svo sem \u00ed skuggsj\u00e1, \u00ed r\u00e1\u00f0g\u00e1tu: <\/em>Speglar \u00feessa t\u00edma voru ger\u00f0ir af m\u00e1lmblendi kopars og \u00fdmissa annarra m\u00e1lma a\u00f0 auki og voru \u00fev\u00ed n\u00e6sta \u00f3fullkomnir a\u00f0 ekki s\u00e9 meira sagt.. H\u00e9r \u00e1 myndinni er spegill fr\u00e1 Egyptalandi, um \u00fea\u00f0 bil 3200 \u00e1ra.<\/p>\n","protected":false},"excerpt":{"rendered":"<p>13.1\u00a0engla: Or\u00f0i\u00f0 &#8222;engill&#8220; er \u00e1 gr\u00edsku angelos og \u00fe\u00fd\u00f0ir &#8222;sendibo\u00f0i.&#8220; <a href=\"https:\/\/biblian.is\/fraedsla\/ritskyring\/fyrra-korintubref-13-kafli\/\"> [&#8230;]<\/a><\/p>\n","protected":false},"author":1,"featured_media":0,"parent":4829,"menu_order":0,"comment_status":"closed","ping_status":"closed","template":"","meta":{"footnotes":""},"class_list":["post-5570","page","type-page","status-publish","hentry"],"_links":{"self":[{"href":"https:\/\/biblian.is\/fraedsla\/wp-json\/wp\/v2\/pages\/5570","targetHints":{"allow":["GET"]}}],"collection":[{"href":"https:\/\/biblian.is\/fraedsla\/wp-json\/wp\/v2\/pages"}],"about":[{"href":"https:\/\/biblian.is\/fraedsla\/wp-json\/wp\/v2\/types\/page"}],"author":[{"embeddable":true,"href":"https:\/\/biblian.is\/fraedsla\/wp-json\/wp\/v2\/users\/1"}],"replies":[{"embeddable":true,"href":"https:\/\/biblian.is\/fraedsla\/wp-json\/wp\/v2\/comments?post=5570"}],"version-history":[{"count":0,"href":"https:\/\/biblian.is\/fraedsla\/wp-json\/wp\/v2\/pages\/5570\/revisions"}],"up":[{"embeddable":true,"href":"https:\/\/biblian.is\/fraedsla\/wp-json\/wp\/v2\/pages\/4829"}],"wp:attachment":[{"href":"https:\/\/biblian.is\/fraedsla\/wp-json\/wp\/v2\/media?parent=5570"}],"curies":[{"name":"wp","href":"https:\/\/api.w.org\/{rel}","templated":true}]}}