{"id":5568,"date":"2019-06-15T17:12:31","date_gmt":"2019-06-15T17:12:31","guid":{"rendered":"https:\/\/biblian.is\/fraedsla\/?page_id=5568"},"modified":"2026-04-17T13:01:08","modified_gmt":"2026-04-17T13:01:08","slug":"fyrra-korintubref-12-kafli","status":"publish","type":"page","link":"https:\/\/biblian.is\/fraedsla\/ritskyring\/fyrra-korintubref-12-kafli\/","title":{"rendered":"Fyrra Korintubr\u00e9f 12. kafli"},"content":{"rendered":"<p><strong>12.1 <\/strong><em>g\u00e1fur andans: <\/em>Sj\u00e1 &#8222;<a href=\"https:\/\/biblian.is\/fraedsla\/ordtakasafn\/gafur-andans\/\">G\u00e1fur andans<\/a>&#8222;.<\/p>\n<p><strong>12.2\u00a0<\/strong><em>l\u00e9tu\u00f0 \u00fei\u00f0 lei\u00f0a ykkur til m\u00e1llausra skur\u00f0go\u00f0anna: <\/em>Margir hinna kristnu \u00ed Korintu h\u00f6f\u00f0u tilbe\u00f0i\u00f0 \u00fdmsa gu\u00f0i \u00e1\u00f0ur en \u00feeir ger\u00f0ust l\u00e6risveinar Jes\u00fa. \u00cd borginni voru m\u00f6rg hof og \u00f6lturu helgu\u00f0 \u00feessum go\u00f0um. Sj\u00e1 athugagreinar vi\u00f0 8.7 og 8.10.<\/p>\n<p><strong>12.3\u00a0<\/strong><em>Gu\u00f0s anda: <\/em>\u00c1tt er vi\u00f0 heilagan anda, kraft Gu\u00f0s a\u00f0 starfi h\u00e9r \u00ed heimi. Heilagur andi huggar l\u00fd\u00f0 Gu\u00f0s, hj\u00e1lpar honum og minnir hann \u00e1 allt \u00fea\u00f0 sem Jes\u00fas sag\u00f0i. H\u00e9r l\u00fdsir P\u00e1ll einst\u00f6kum g\u00e1fum andans. Hann segir l\u00edka, a\u00f0 andinn hafi gefi\u00f0 s\u00e9r styrk til \u00feess a\u00f0 pr\u00e9dika, jafnvel \u00fe\u00f3tt hann \u00f3tta\u00f0ist, a\u00f0 Korintumenn teldu heimsku bo\u00f0skapinn um a\u00f0 Jes\u00fas hef\u00f0i d\u00e1i\u00f0 \u00e1 krossi fyrir \u00fe\u00e1 (2.3). Sj\u00e1 og R\u00f3m 12.6-8 og &#8222;<a href=\"https:\/\/biblian.is\/fraedsla\/ordtakasafn\/heilagur-andi\/\">Heilagur andi<\/a>&#8222;.<\/p>\n<p><strong>12.10\u00a0<\/strong><em>sp\u00e1d\u00f3msg\u00e1fu: <\/em>\u00deeir sem hlutu sp\u00e1d\u00f3msg\u00e1fu fluttu \u00e1rei\u00f0anlegan bo\u00f0skap fr\u00e1 Gu\u00f0i.<\/p>\n<p><strong>12.10\u00a0<\/strong><em>tala tungum&#8230;\u00fatleggja tungutal: <\/em>\u00deeir sem \u00feegi\u00f0 h\u00f6f\u00f0u \u00feessar s\u00e9rst\u00f6ku n\u00e1\u00f0arg\u00e1fur t\u00f6lu\u00f0u \u00f6\u00f0rum \u00f3skiljanlegt tungum\u00e1l, sem \u00feeir einir g\u00e1tu \u00fe\u00fdtt, sem innbl\u00e1snir voru af anda Gu\u00f0s. \u00deetta er kalla\u00f0 &#8222;tungutal&#8220; (glossolali). Sj\u00e1 Post 1.1-12.<\/p>\n<p><strong>12.12\u00a0<\/strong><em>einn l\u00edkami, \u00feannig er og Kristur: <\/em>Kristur er h\u00f6fu\u00f0 kirkjunnar, sem er samf\u00e9lag heilagra. \u00deeir eru allir einn l\u00edkami, \u00fev\u00ed allir eiga \u00feeir hlutdeild \u00ed hinu eina brau\u00f0i og hinum eina bikar blessunarinnar (10.16,17).<\/p>\n<p><strong>12.13\u00a0<\/strong><em>Gy\u00f0ingar e\u00f0a Grikkir, \u00fer\u00e6lar: <\/em>\u00cd s\u00f6fnu\u00f0inum \u00ed Korintu var f\u00f3lk af \u00f6llu m\u00f6gulegu tagi. Sj\u00e1 &#8222;<a href=\"https:\/\/biblian.is\/fraedsla\/ordtakasafn\/heidingjarnir\/\">Hei\u00f0ingjarnir<\/a>&#8220; og &#8222;<a href=\"https:\/\/biblian.is\/fraedsla\/samtidarsaga-bibliunnar\/thraelar-og-thjonustufolk-a-dogum-jesu\/\">\u00der\u00e6lar og \u00fej\u00f3nustuf\u00f3lk \u00e1 d\u00f6gum Jes\u00fa<\/a>&#8222;.<\/p>\n<p><strong>12.13 <\/strong><em>\u00cd einum anda vorum vi\u00f0 \u00f6ll sk\u00edr\u00f0: <\/em>Sj\u00e1 athugagrein vi\u00f0 1.13. S\u00e1, sem hlaut sk\u00edrn \u00ed Jes\u00fa nafni og handayfirlagningu, \u00f6\u00f0la\u00f0ist og gj\u00f6f andans og \u00fea\u00f0 jafnt fyrir \u00fev\u00ed \u00fe\u00f3tt n\u00fdr v\u00e6ri \u00ed tr\u00fanni (Post 4.8; 13.3,9.52; 19.5,6). \u00dea\u00f0 er \u00feetta, sem P\u00e1ll \u00e1 vi\u00f0 \u00feegar hann skrifar: &#8222;\u00d6ll fengum vi\u00f0 einn anda a\u00f0 drekka.&#8220;<\/p>\n<p><strong>12.22 <\/strong><em>l\u00edkamanum: <\/em>\u00deegar P\u00e1ll r\u00e6\u00f0ir um l\u00edkamann \u00ed \u00feessum versum, \u00e1 hann vi\u00f0 l\u00edkama Krists. Limirnir eru safna\u00f0arf\u00f3lki\u00f0. Finni einn fyrir s\u00e1rsauka, kveinkar s\u00e9r allur l\u00edkaminn. Og s\u00e9 einn limur \u00ed h\u00e1vegum haf\u00f0ur, samgle\u00f0jast allir limirnir honum.<\/p>\n<p><strong>12.27 <\/strong><em>l\u00edkami Krists: <\/em>Sj\u00e1 athugagrein vi\u00f0 12.12.<\/p>\n<p><strong>12.28 <\/strong><em>Gu\u00f0 hefur gefi\u00f0 \u00f6llum sitt hlutverk: <\/em>Sj\u00e1 athugagrein vi\u00f0 12.1 (g\u00e1fur andans). Sj\u00e1 og athugagreinar vi\u00f0 1.1 (postuli) og 12.10 (sp\u00e1ma\u00f0ur). \u00deeir, sem h\u00f6f\u00f0u hloti\u00f0 s\u00e9rstaka n\u00e1\u00f0arg\u00e1fu til \u00feess a\u00f0 kenna, g\u00e1tu \u00fatsk\u00fdrt ritningarnar og fagna\u00f0arerindi\u00f0 um Jes\u00fa \u00feannig, a\u00f0 \u00e1heyrendur fengu skili\u00f0 \u00fea\u00f0. Sj\u00e1 athugagrein vi\u00f0 12.10 (tala tungum).<\/p>\n","protected":false},"excerpt":{"rendered":"<p>12.1 g\u00e1fur andans: Sj\u00e1 &#8222;G\u00e1fur andans&#8222;. 12.2\u00a0l\u00e9tu\u00f0 \u00fei\u00f0 lei\u00f0a ykkur <a href=\"https:\/\/biblian.is\/fraedsla\/ritskyring\/fyrra-korintubref-12-kafli\/\"> [&#8230;]<\/a><\/p>\n","protected":false},"author":1,"featured_media":0,"parent":4829,"menu_order":0,"comment_status":"closed","ping_status":"closed","template":"","meta":{"footnotes":""},"class_list":["post-5568","page","type-page","status-publish","hentry"],"_links":{"self":[{"href":"https:\/\/biblian.is\/fraedsla\/wp-json\/wp\/v2\/pages\/5568","targetHints":{"allow":["GET"]}}],"collection":[{"href":"https:\/\/biblian.is\/fraedsla\/wp-json\/wp\/v2\/pages"}],"about":[{"href":"https:\/\/biblian.is\/fraedsla\/wp-json\/wp\/v2\/types\/page"}],"author":[{"embeddable":true,"href":"https:\/\/biblian.is\/fraedsla\/wp-json\/wp\/v2\/users\/1"}],"replies":[{"embeddable":true,"href":"https:\/\/biblian.is\/fraedsla\/wp-json\/wp\/v2\/comments?post=5568"}],"version-history":[{"count":0,"href":"https:\/\/biblian.is\/fraedsla\/wp-json\/wp\/v2\/pages\/5568\/revisions"}],"up":[{"embeddable":true,"href":"https:\/\/biblian.is\/fraedsla\/wp-json\/wp\/v2\/pages\/4829"}],"wp:attachment":[{"href":"https:\/\/biblian.is\/fraedsla\/wp-json\/wp\/v2\/media?parent=5568"}],"curies":[{"name":"wp","href":"https:\/\/api.w.org\/{rel}","templated":true}]}}