{"id":5564,"date":"2019-06-15T17:09:35","date_gmt":"2019-06-15T17:09:35","guid":{"rendered":"https:\/\/biblian.is\/fraedsla\/?page_id=5564"},"modified":"2026-04-17T13:01:08","modified_gmt":"2026-04-17T13:01:08","slug":"fyrra-korintubref-10-kafli","status":"publish","type":"page","link":"https:\/\/biblian.is\/fraedsla\/ritskyring\/fyrra-korintubref-10-kafli\/","title":{"rendered":"Fyrra Korintubr\u00e9f 10. kafli"},"content":{"rendered":"<p><strong>10.1\u00a0<\/strong><em>forfe\u00f0ur okkar&#8230;gengu allir yfir hafi\u00f0: <\/em>Forfe\u00f0urnir eru \u00cdsraelsmenn, sem fl\u00fd\u00f0u burt \u00far \u00fer\u00e6ld\u00f3minum \u00ed Egyptalandi. Gu\u00f0 kom \u00feeim til bjargar me\u00f0 \u00fev\u00ed a\u00f0 klj\u00fafa hafi\u00f0 og gera \u00fea\u00f0 a\u00f0 \u00feurrlendi (2M\u00f3s 14.21-29).<\/p>\n<p><strong>10.2\u00a0<\/strong><em>M\u00f3se: <\/em>Sj\u00e1 &#8222;<a href=\"https:\/\/biblian.is\/fraedsla\/ordtakasafn\/mose\/\">M\u00f3se<\/a>&#8222;.<\/p>\n<p><strong>10.11 <\/strong><em>\u00fea\u00f0 er rita\u00f0: <\/em>H\u00e9r er \u00e1tt vi\u00f0 helgirit Gy\u00f0inga, sem kristnir menn nefna Gamla testamenti.<\/p>\n<p><strong>10.16,17 <\/strong><em>bikar blessunarinnar&#8230;brau\u00f0i\u00f0 sem v\u00e9r brj\u00f3tum: <\/em>Vi\u00f0 s\u00ed\u00f0ustu kv\u00f6ldm\u00e1lt\u00ed\u00f0ina r\u00e6ddi Jes\u00fas um brau\u00f0i\u00f0 og v\u00edni\u00f0 og sag\u00f0i a\u00f0 \u00fea\u00f0 t\u00e1kna\u00f0i l\u00edkama hans og bl\u00f3\u00f0, sem yr\u00f0i f\u00f3rna\u00f0 og \u00fathellt til syndafyrirgefningar (sj\u00e1 11.23-26).<\/p>\n<p><strong>10.19-21 <\/strong><em>skur\u00f0go\u00f0um&#8230;illra anda: <\/em>Einhverjum hinna kristnu \u00ed Korintu hefur tr\u00falega veri\u00f0 bo\u00f0i\u00f0 a\u00f0 taka \u00fe\u00e1tt \u00ed h\u00e1t\u00ed\u00f0ah\u00f6ldum \u00ed hofum hei\u00f0inna go\u00f0a. L\u00edklegt er a\u00f0 \u00fear hafi veri\u00f0 \u00e1 bor\u00f0um matur og drykkur, sem \u00feessum skur\u00f0go\u00f0um haf\u00f0i veri\u00f0 f\u00e6r\u00f0ur a\u00f0 f\u00f3rnargj\u00f6f. P\u00e1ll minnir h\u00e9r \u00e1, a\u00f0 \u00fea\u00f0 jafngildi \u00fev\u00ed, a\u00f0 \u00feessum kosti hafi veri\u00f0 f\u00f3rna\u00f0 illum \u00f6ndum. \u00dea\u00f0 gengur ekki a\u00f0 taka \u00fe\u00e1tt b\u00e6\u00f0i \u00ed bor\u00f0haldi Drottins og bor\u00f0haldi illra anda.<\/p>\n<p><strong>10.23 <\/strong><em>Allt er leyfilegt: <\/em>Sj\u00e1 athugagreinar vi\u00f0 6.12 og 5.1,2.<\/p>\n<p><strong>10.26\u00a0<\/strong><em>j\u00f6r\u00f0in er Drottins og allt sem \u00e1 henni er: <\/em>H\u00e9r vitna\u00f0 P\u00e1ll \u00ed upphaf 24. Dav\u00ed\u00f0ss\u00e1lms. Hann \u00e1 vi\u00f0 \u00fea\u00f0, a\u00f0 \u00f6ll f\u00e6\u00f0a s\u00e9 fr\u00e1 Gu\u00f0i komin og \u00fev\u00ed \u00f3h\u00e6tt a\u00f0 neyta hennar. Sj\u00e1 og Mrk 7.15,16; Post 10.1-11.18.<\/p>\n<p><strong>10.28-29 <\/strong><em>eti\u00f0 ekki&#8230;vegna samviskunnar: <\/em>\u00de\u00f3tt safna\u00f0arf\u00f3lk Gu\u00f0s \u00feurfi n\u00fa ekki lengur a\u00f0 halda l\u00f6gm\u00e1l M\u00f3se, ver\u00f0ur \u00fea\u00f0 samt sem \u00e1\u00f0ur a\u00f0 g\u00e6ta \u00feess a\u00f0 \u00ed\u00feyngja ekki \u00f6\u00f0rum me\u00f0 breytni sinni. \u00de\u00f3tt ekki s\u00e9 a\u00f0 marka skur\u00f0go\u00f0, getur \u00fea\u00f0 fari\u00f0 fyrir brj\u00f3sti\u00f0 \u00e1 \u00feeim l\u00e6risveinum sem \u00e1\u00f0ur tilb\u00e1\u00f0u \u00feau, a\u00f0 horfa upp \u00e1 tr\u00fabr\u00e6\u00f0ur s\u00edna eta kj\u00f6t sem \u00feeim hefur veri\u00f0 f\u00f3rna\u00f0.<\/p>\n<p><strong>10.33-11.1 <\/strong><em>\u00c9g&#8230;reyni&#8230;a\u00f0 \u00fe\u00f3knast \u00f6llum&#8230;breyti eftir Kristi: <\/em>P\u00e1ll var \u00e1 \u00fev\u00ed a\u00f0 stundum v\u00e6ri nau\u00f0synlegt a\u00f0 l\u00e1ta \u00fdmislegt \u00f3gert til \u00feess a\u00f0 hneyksla ekki n\u00fdja l\u00e6risveina Krists (9.22,23). Sj\u00e1lfur kenndi Jes\u00fas, a\u00f0 l\u00e6risveinar hans skyldu vera f\u00fasir til \u00feess a\u00f0 \u00fej\u00f3na \u00f6\u00f0rum (Mrk 10.23-25).<\/p>\n","protected":false},"excerpt":{"rendered":"<p>10.1\u00a0forfe\u00f0ur okkar&#8230;gengu allir yfir hafi\u00f0: Forfe\u00f0urnir eru \u00cdsraelsmenn, sem fl\u00fd\u00f0u <a href=\"https:\/\/biblian.is\/fraedsla\/ritskyring\/fyrra-korintubref-10-kafli\/\"> [&#8230;]<\/a><\/p>\n","protected":false},"author":1,"featured_media":0,"parent":4829,"menu_order":0,"comment_status":"closed","ping_status":"closed","template":"","meta":{"footnotes":""},"class_list":["post-5564","page","type-page","status-publish","hentry"],"_links":{"self":[{"href":"https:\/\/biblian.is\/fraedsla\/wp-json\/wp\/v2\/pages\/5564","targetHints":{"allow":["GET"]}}],"collection":[{"href":"https:\/\/biblian.is\/fraedsla\/wp-json\/wp\/v2\/pages"}],"about":[{"href":"https:\/\/biblian.is\/fraedsla\/wp-json\/wp\/v2\/types\/page"}],"author":[{"embeddable":true,"href":"https:\/\/biblian.is\/fraedsla\/wp-json\/wp\/v2\/users\/1"}],"replies":[{"embeddable":true,"href":"https:\/\/biblian.is\/fraedsla\/wp-json\/wp\/v2\/comments?post=5564"}],"version-history":[{"count":0,"href":"https:\/\/biblian.is\/fraedsla\/wp-json\/wp\/v2\/pages\/5564\/revisions"}],"up":[{"embeddable":true,"href":"https:\/\/biblian.is\/fraedsla\/wp-json\/wp\/v2\/pages\/4829"}],"wp:attachment":[{"href":"https:\/\/biblian.is\/fraedsla\/wp-json\/wp\/v2\/media?parent=5564"}],"curies":[{"name":"wp","href":"https:\/\/api.w.org\/{rel}","templated":true}]}}