{"id":5562,"date":"2019-06-15T17:08:34","date_gmt":"2019-06-15T17:08:34","guid":{"rendered":"https:\/\/biblian.is\/fraedsla\/?page_id=5562"},"modified":"2026-04-17T13:01:09","modified_gmt":"2026-04-17T13:01:09","slug":"fyrra-korintubref-9-kafli","status":"publish","type":"page","link":"https:\/\/biblian.is\/fraedsla\/ritskyring\/fyrra-korintubref-9-kafli\/","title":{"rendered":"Fyrra Korintubr\u00e9f 9. kafli"},"content":{"rendered":"<p><strong>9.2\u00a0<\/strong><em>\u00de\u00f3tt \u00e9g v\u00e6ri ekki postuli fyrir a\u00f0ra: <\/em>Sj\u00e1 athugagrein vi\u00f0 1.1. Sumir h\u00e9ldu \u00fev\u00ed fram, a\u00f0 P\u00e1ll v\u00e6ri ekki postuli, af \u00fev\u00ed a\u00f0 hann hef\u00f0i ekki veri\u00f0 l\u00e6risveinn Jes\u00fa fr\u00e1 \u00f6ndver\u00f0u. \u00deeir dr\u00f3gu kennivald hans og pr\u00e9dikun \u00ed efa.<\/p>\n<p><strong>9.4-6 <\/strong><em>vi\u00f0 Barnabas&#8230;vinna fyrir uppihaldi: <\/em>Barnabas var reisubr\u00f3\u00f0ir P\u00e1ls \u00ed einni af kristnibo\u00f0sfer\u00f0um hans (Post 13.1-15.2). H\u00e9r heldur P\u00e1ll \u00fev\u00ed fram, a\u00f0 \u00feeir Barnabas (sj\u00e1 Gal 2) eigi ekki s\u00ed\u00f0ur en hinir postularnir r\u00e9tt \u00e1 \u00fev\u00ed a\u00f0 framfleyta s\u00e9r me\u00f0 pr\u00e9dikun fagna\u00f0arerindisins. Sj\u00e1 athugagrein vi\u00f0 1.11,12. P\u00e1ll haf\u00f0i \u00e1vallt stunda\u00f0 anna\u00f0 starf me\u00f0fram, \u00fe\u00f3tt honum fyndist raunar a\u00f0 Korintumenn og fleiri \u00e6ttu a\u00f0 grei\u00f0a s\u00e9r laun \u00e1 sama h\u00e1tt og a\u00f0rir f\u00e1 kaupgrei\u00f0slur fyrir vinnu s\u00edna. Fram kemur \u00ed Post 18.3 a\u00f0 P\u00e1ll hafi veri\u00f0 tjaldgj\u00f6r\u00f0arma\u00f0ur.<\/p>\n<p><strong>9.8-12\u00a0<\/strong><em>l\u00f6gm\u00e1li M\u00f3se&#8230;hlutdeild \u00ed uppskerunni: <\/em>H\u00e9r vitna\u00f0 P\u00e1ll \u00ed 5M\u00f3s 25.4. Skepnum sem nota\u00f0ar voru til \u00feess a\u00f0 \u00fereskja korni\u00f0 (skilja hveiti\u00f0 fr\u00e1 hisminu) var leyft a\u00f0 n\u00e1 s\u00e9r \u00ed kjaftfylli. P\u00e1li fannst hann \u00e1 sama h\u00e1tt eiga a\u00f0 f\u00e1 laun fyrir a\u00f0 vera lei\u00f0togi og pr\u00e9dikari hinnar n\u00fdju hreyfingar.<\/p>\n<p><strong>9.13-14\u00a0<\/strong><em>\u00feeir sem vinna vi\u00f0 helgid\u00f3minn: <\/em>Prestar \u00cdsraels m\u00e1ttu taka s\u00e9r til matar af \u00fev\u00ed, sem f\u00f3rna\u00f0 var \u00ed musterinu. P\u00e1ll f\u00e6rir h\u00e9r r\u00f6k a\u00f0 \u00fev\u00ed, a\u00f0 s\u00e9r beri og \u00fe\u00f3knun fyrir bo\u00f0un or\u00f0sins.<\/p>\n<p><strong>9.16\u00a0<\/strong><em>bo\u00f0a fagna\u00f0arerindi\u00f0: <\/em>Jes\u00fas f\u00f3l P\u00e1li a\u00f0 pr\u00e9dika fagna\u00f0arerindi\u00f0 b\u00e6\u00f0i Gy\u00f0ingum og hei\u00f0ingjum (Gal 1.16; 2.6-8; sj\u00e1 og Post 9.1-15; 13.44-49).<\/p>\n<p><strong>9.20\u00a0<\/strong><em>l\u00f6gm\u00e1li M\u00f3se: <\/em><strong><span style=\"color: #ff0000;\">Kafla um l\u00f6gm\u00e1li\u00f0 vantar.<\/span><\/strong><\/p>\n<p><strong>9.25 <\/strong><em>sigursveig: <\/em>\u00deeir sem f\u00f3ru me\u00f0 sigur af h\u00f3lmi \u00ed \u00ed\u00fer\u00f3ttakeppnum \u00ed Korintu til forna hlutu \u00ed ver\u00f0laun krans \u00far gr\u00e6nu laufi. \u00dear kemur, a\u00f0 laufin visna, en s\u00e1 sigursveigur sem l\u00e6risveinar Jes\u00fa hlj\u00f3ta a\u00f0 launum fyrir a\u00f0 standa st\u00f6\u00f0ugir allt til enda, hann varir um eil\u00edfa t\u00ed\u00f0. Sj\u00e1 og 2T\u00edm 4.8; 1P\u00e9t 5.4; Opb 3.11.<\/p>\n","protected":false},"excerpt":{"rendered":"<p>9.2\u00a0\u00de\u00f3tt \u00e9g v\u00e6ri ekki postuli fyrir a\u00f0ra: Sj\u00e1 athugagrein vi\u00f0 <a href=\"https:\/\/biblian.is\/fraedsla\/ritskyring\/fyrra-korintubref-9-kafli\/\"> [&#8230;]<\/a><\/p>\n","protected":false},"author":1,"featured_media":0,"parent":4829,"menu_order":0,"comment_status":"closed","ping_status":"closed","template":"","meta":{"footnotes":""},"class_list":["post-5562","page","type-page","status-publish","hentry"],"_links":{"self":[{"href":"https:\/\/biblian.is\/fraedsla\/wp-json\/wp\/v2\/pages\/5562","targetHints":{"allow":["GET"]}}],"collection":[{"href":"https:\/\/biblian.is\/fraedsla\/wp-json\/wp\/v2\/pages"}],"about":[{"href":"https:\/\/biblian.is\/fraedsla\/wp-json\/wp\/v2\/types\/page"}],"author":[{"embeddable":true,"href":"https:\/\/biblian.is\/fraedsla\/wp-json\/wp\/v2\/users\/1"}],"replies":[{"embeddable":true,"href":"https:\/\/biblian.is\/fraedsla\/wp-json\/wp\/v2\/comments?post=5562"}],"version-history":[{"count":0,"href":"https:\/\/biblian.is\/fraedsla\/wp-json\/wp\/v2\/pages\/5562\/revisions"}],"up":[{"embeddable":true,"href":"https:\/\/biblian.is\/fraedsla\/wp-json\/wp\/v2\/pages\/4829"}],"wp:attachment":[{"href":"https:\/\/biblian.is\/fraedsla\/wp-json\/wp\/v2\/media?parent=5562"}],"curies":[{"name":"wp","href":"https:\/\/api.w.org\/{rel}","templated":true}]}}