{"id":5560,"date":"2019-06-15T17:06:20","date_gmt":"2019-06-15T17:06:20","guid":{"rendered":"https:\/\/biblian.is\/fraedsla\/?page_id=5560"},"modified":"2026-04-17T13:01:09","modified_gmt":"2026-04-17T13:01:09","slug":"fyrra-korintubref-8-kafli","status":"publish","type":"page","link":"https:\/\/biblian.is\/fraedsla\/ritskyring\/fyrra-korintubref-8-kafli\/","title":{"rendered":"Fyrra Korintubr\u00e9f 8. kafli"},"content":{"rendered":"<p><strong>8.1\u00a0<\/strong><em>\u00de\u00e1 er a\u00f0 minnast \u00e1 kj\u00f6ti\u00f0: <\/em>H\u00e9r heldur P\u00e1ll \u00e1fram a\u00f0 svara spurningunum, sem safna\u00f0armenn \u00ed Korintu b\u00e1ru upp vi\u00f0 hann \u00ed br\u00e9fi, sem \u00feeir skrifu\u00f0u honum. Sj\u00e1 athugagrein vi\u00f0 7.1.<\/p>\n<p><strong>8.1\u00a0<\/strong><em>kj\u00f6ti\u00f0 sem f\u00f3rna\u00f0 hefur veri\u00f0 skur\u00f0go\u00f0um: <\/em>\u00cd forn\u00f6ld bjuggu menn s\u00e9r til go\u00f0amyndir og tilb\u00e1\u00f0u \u00fe\u00e6r. \u00deessum skur\u00f0go\u00f0um voru f\u00e6r\u00f0ar f\u00f3rnir, matf\u00f6ng margs konar og jar\u00f0argr\u00f3\u00f0i. Sl\u00e1trarar tileinku\u00f0u kj\u00f6tafur\u00f0ir s\u00ednar \u00feessum hj\u00e1gu\u00f0inum e\u00f0a hinum og vi\u00f0skiptavinirnir f\u00f3ru me\u00f0 \u00feetta \u00ed hofin og f\u00e6r\u00f0u a\u00f0 f\u00f3rnargj\u00f6f. Fyrst ekkert er a\u00f0 marka afgu\u00f0i, segir P\u00e1ll, \u00fe\u00e1 ska\u00f0ar \u00fea\u00f0 engan a\u00f0 leggja s\u00e9r \u00feetta f\u00f3rnarkj\u00f6t til munns. Allt um \u00fea\u00f0 fannst sumum l\u00e6risveinum \u00f3t\u00e6kt a\u00f0 gera svo, \u00fear sem utana\u00f0komandi mundu halda a\u00f0 me\u00f0 \u00fev\u00ed v\u00e6ru \u00feeir a\u00f0 samsinna skur\u00f0go\u00f0ad\u00fdrkun.<\/p>\n<p><strong>8.5 <\/strong><em>\u00e1 himni: <\/em>\u00cd Bibl\u00edunni er himinninn sta\u00f0urinn \u00fear sem Gu\u00f0 \u00e1 heima og r\u00e6\u00f0ur r\u00edkjum. Jes\u00fas talar oft um \u00fea\u00f0 a\u00f0 einn dag \u00ed framt\u00ed\u00f0 muni r\u00edki Gu\u00f0s muni koma \u00ed fyllingu sinni. Hinum tr\u00fau ver\u00f0ur umbuna\u00f0 me\u00f0 \u00fev\u00ed a\u00f0 \u00feeir f\u00e1 a\u00f0 ver\u00f0a \u00feegnar \u00ed Gu\u00f0s r\u00edki.<\/p>\n<p><strong>8.6 <\/strong><em>Gu\u00f0, f\u00f6\u00f0urinn: <\/em>Sj\u00e1 athugagrein vi\u00f0 1.3 (Gu\u00f0i, f\u00f6\u00f0ur vorum).<\/p>\n<p><strong>8.6 <\/strong><em>Drottin, Jes\u00fa Krist, sem allt var\u00f0 til fyrir: <\/em>Sj\u00e1 athugagreinar vi\u00f0 1.3 (Drottni Jes\u00fa Krists). Samkv\u00e6mt kristinni tr\u00fa er Jes\u00fas sonur Gu\u00f0s, var til fr\u00e1 upphafi og vi\u00f0staddur sk\u00f6pun heimsins, \u00e1samt heil\u00f6gum anda (J\u00f3h 1.2,3).<\/p>\n<p><strong>8.7\u00a0<\/strong><em>eta sumir kj\u00f6ti\u00f0 enn sem f\u00f3rnarkj\u00f6t: <\/em>Hei\u00f0ingjar \u00ed Korintuborg h\u00f6f\u00f0u drukki\u00f0 \u00fea\u00f0 \u00ed sig me\u00f0 m\u00f3\u00f0urmj\u00f3lkinni a\u00f0 skur\u00f0go\u00f0 v\u00e6ru lifandi, gu\u00f0legar andaverur. \u00deeim fannst \u00feeir \u00fev\u00edbreg\u00f0ast Gu\u00f0i, f\u00f6\u00f0ur Jes\u00fas Krists, ef \u00feeir l\u00f6g\u00f0u s\u00e9r f\u00f3rnarkj\u00f6t til munns. Sj\u00e1 og athugagrein vi\u00f0 6.13.<\/p>\n<p><strong>8.10\u00a0<\/strong><em>sj\u00e1i \u00feig&#8230;sitja til bor\u00f0s \u00ed go\u00f0ahofi: <\/em>Sumir l\u00e6risveinanna \u00ed Korintu kunna a\u00f0 hafa veri\u00f0 bo\u00f0nir \u00ed \u00e1tveislur \u00ed hofum borgarinnar. Ekki er \u00f3l\u00edklegt a\u00f0 \u00fear hafi veri\u00f0 \u00e1 bor\u00f0um f\u00f3rnarkj\u00f6t. P\u00e1ll segir lesendum s\u00ednum a\u00f0 ekkert s\u00e9 athugavert vi\u00f0 \u00feennan kost og \u00fe\u00f3tt menn neyti hans \u00fe\u00fd\u00f0i \u00fea\u00f0 ekki a\u00f0 \u00feeir tr\u00fai \u00e1 skur\u00f0go\u00f0. En valdi \u00feetta matar\u00e6\u00f0i einhverjum l\u00e6risveini samviskubiti, \u00fe\u00f3tt hann vilji samt sem \u00e1\u00f0ur fara a\u00f0 ford\u00e6mi annarra og styrkari br\u00e6\u00f0ra, sem kj\u00f6ti\u00f0 eta, \u00fe\u00e1 er betra a\u00f0 l\u00e1ta \u00fea\u00f0 eiga sig. Annars eiga menn \u00e1 h\u00e6ttu a\u00f0 ver\u00f0a \u00feess valdandi, a\u00f0 me\u00f0br\u00f3\u00f0ir breyti gegn samvisku sinni og syndgi \u00fear me\u00f0.<\/p>\n","protected":false},"excerpt":{"rendered":"<p>8.1\u00a0\u00de\u00e1 er a\u00f0 minnast \u00e1 kj\u00f6ti\u00f0: H\u00e9r heldur P\u00e1ll \u00e1fram <a href=\"https:\/\/biblian.is\/fraedsla\/ritskyring\/fyrra-korintubref-8-kafli\/\"> [&#8230;]<\/a><\/p>\n","protected":false},"author":1,"featured_media":0,"parent":4829,"menu_order":0,"comment_status":"closed","ping_status":"closed","template":"","meta":{"footnotes":""},"class_list":["post-5560","page","type-page","status-publish","hentry"],"_links":{"self":[{"href":"https:\/\/biblian.is\/fraedsla\/wp-json\/wp\/v2\/pages\/5560","targetHints":{"allow":["GET"]}}],"collection":[{"href":"https:\/\/biblian.is\/fraedsla\/wp-json\/wp\/v2\/pages"}],"about":[{"href":"https:\/\/biblian.is\/fraedsla\/wp-json\/wp\/v2\/types\/page"}],"author":[{"embeddable":true,"href":"https:\/\/biblian.is\/fraedsla\/wp-json\/wp\/v2\/users\/1"}],"replies":[{"embeddable":true,"href":"https:\/\/biblian.is\/fraedsla\/wp-json\/wp\/v2\/comments?post=5560"}],"version-history":[{"count":0,"href":"https:\/\/biblian.is\/fraedsla\/wp-json\/wp\/v2\/pages\/5560\/revisions"}],"up":[{"embeddable":true,"href":"https:\/\/biblian.is\/fraedsla\/wp-json\/wp\/v2\/pages\/4829"}],"wp:attachment":[{"href":"https:\/\/biblian.is\/fraedsla\/wp-json\/wp\/v2\/media?parent=5560"}],"curies":[{"name":"wp","href":"https:\/\/api.w.org\/{rel}","templated":true}]}}