{"id":5558,"date":"2019-06-15T17:04:56","date_gmt":"2019-06-15T17:04:56","guid":{"rendered":"https:\/\/biblian.is\/fraedsla\/?page_id=5558"},"modified":"2026-04-17T13:01:09","modified_gmt":"2026-04-17T13:01:09","slug":"fyrra-korintubref-7-kafli","status":"publish","type":"page","link":"https:\/\/biblian.is\/fraedsla\/ritskyring\/fyrra-korintubref-7-kafli\/","title":{"rendered":"Fyrra Korintubr\u00e9f 7. kafli"},"content":{"rendered":"<p><strong>7.1\u00a0<\/strong><em>\u00fea\u00f0 sem \u00fei\u00f0 hafi\u00f0 rita\u00f0: <\/em>Korintumenn h\u00f6f\u00f0u skrifa\u00f0 P\u00e1li til og lagt fyrir hann \u00fdmsar spurningar. S\u00fa, sem hann svarar h\u00e9r, snertir kynfer\u00f0ism\u00e1l. Hinar tekur hann til umfj\u00f6llunar \u00ed 7.25, 8.1, 12.1 og 16.1. Sumir safna\u00f0armenn t\u00f6ldu heimilt a\u00f0 stunda kynl\u00edf utan hj\u00f3nabands, en P\u00e1ll vildi fortakslaust fara eftir l\u00f6gm\u00e1li M\u00f3se, sem krefst \u00feess strengilega a\u00f0 hj\u00f3n s\u00e9u hvort \u00f6\u00f0ru tr\u00fa. A\u00f0rir \u00e1litu, a\u00f0 algert sk\u00edrl\u00edfi styrkti andann og f\u00e6r\u00f0i menn n\u00e6r Gu\u00f0i. P\u00e1ll vill ekki heldur taka undir \u00fea\u00f0. \u00cd 7.2-40 kynnist lesandinn vi\u00f0horfi hans og hollr\u00e1\u00f0um, en hann tekur fram, a\u00f0 sumt af \u00fev\u00ed s\u00e9 &#8222;sko\u00f0un&#8220; hans.<\/p>\n<p><strong>7.1 <\/strong><em>gott fyrir mann a\u00f0 vera ekki vi\u00f0 konu kenndur: <\/em>E\u00f0a &#8222;gott fyrir hj\u00f3n a\u00f0 lifa ekki kynl\u00edfi.&#8220;<\/p>\n<p><strong>7.9 <\/strong><em>brenna af girnd: <\/em>E\u00f0a &#8222;brenna \u00ed logum v\u00edtis.&#8220;<\/p>\n<p><strong>7.17\u00a0<\/strong><em>s\u00f6fnu\u00f0unum: <\/em>Or\u00f0i\u00f0 &#8222;s\u00f6fnu\u00f0ur&#8220; (kirkja) er \u00e1 gr\u00edsku<em>ekkles\u00eda<\/em>og er nota\u00f0 um s\u00e9rhverja samkomu f\u00f3lks. \u00cd N\u00fdja testamenti getur &#8222;s\u00f6fnu\u00f0ur&#8220; \u00e1tt vi\u00f0 alla l\u00e6risveina Krists, en einnig einhvern \u00e1kve\u00f0inn &#8222;s\u00f6fnu\u00f0&#8220; eins og h\u00e9r. Sj\u00e1<a href=\"https:\/\/biblian.is\/fraedsla\/ordtakasafn\/kirkjan\/\"> &#8222;Kirkjan&#8220;<\/a>.<\/p>\n<p><strong>7.18,19\u00a0<\/strong><em>umskorinn: <\/em>Sj\u00e1 &#8222;<a href=\"https:\/\/biblian.is\/fraedsla\/ordtakasafn\/umskurn\/\">Umskurn<\/a>&#8222;. \u00cd frumkirkjunni kr\u00f6f\u00f0ust sumir \u00feess, a\u00f0 \u00f6ll piltb\u00f6rn v\u00e6ru umskorin. Svo sem \u00ed fleiri br\u00e9fum s\u00ednum l\u00e6tur P\u00e1ll h\u00e9r \u00ed lj\u00f3si \u00fe\u00e1 sko\u00f0un, a\u00f0 umskurn s\u00e9 ekki skilyr\u00f0i fyrir a\u00f0ild a\u00f0 s\u00f6fnu\u00f0i Gu\u00f0s (kirkjunni). Sj\u00e1 og R\u00f3m 2.25-29; Gal 5.2-6.<\/p>\n<p><strong>7.22\u00a0<\/strong><em>\u00fer\u00e6ll Krists: <\/em>P\u00e1ll \u00e1leit sj\u00e1lfan sig og a\u00f0ra l\u00e6risveina Krists vera \u00fej\u00f3na hans og \u00fer\u00e6la (R\u00f3m 1.1; Fil 1.1). Allir eru \u00feeir Krists, sem \u00e1 hann tr\u00faa, vegna &#8222;ver\u00f0sins&#8220; sem fyrir \u00fe\u00e1 var greitt. Allir eru jafnir \u00ed s\u00f6fnu\u00f0i Gu\u00f0s, hvort heldur \u00feeir eru &#8222;frj\u00e1lsir menn&#8220; e\u00f0a &#8222;\u00fer\u00e6lar&#8220; samkv\u00e6mt \u00fej\u00f3\u00f0f\u00e9lagsstiga r\u00f3mverska heimsveldisins (Gal 3.26-29).<\/p>\n<p><strong>7.23\u00a0<\/strong><em>\u00dei\u00f0 eru\u00f0 ver\u00f0i keyptir: <\/em>Sj\u00e1 athugagrein vi\u00f0 6.20.<\/p>\n<p><strong>7.25 <\/strong><em>einl\u00edfi<\/em>: E\u00f0a &#8222;hreinir sveinar og meyjar.&#8220;<\/p>\n<p><strong>7.29 <\/strong><em>t\u00edminn er or\u00f0inn naumur: <\/em>E\u00f0a &#8222;Drottinn er \u00ed n\u00e1nd&#8220; e\u00f0a &#8222;\u00farslitastundin n\u00e1lgast.&#8220; Sj\u00e1 einnig athugagrein vi\u00f0 1.7.<\/p>\n<p><strong>7.34 <\/strong><em>\u00d3gifta konan og m\u00e6rin: <\/em>E\u00f0a: &#8222;meyjarnar.&#8220;<\/p>\n<p><strong>7.36 <\/strong><em>heitmey&#8230;Giftist \u00feau: <\/em>Vers 36-38 m\u00e1 einnig \u00fe\u00fd\u00f0a svo: &#8222;Ef fa\u00f0ir telur a\u00f0 hann geri d\u00f3ttur sinni vansa me\u00f0 \u00fev\u00ed a\u00f0 hindra a\u00f0 h\u00fan giftist, og ef h\u00fan er \u00e1 giftingaraldri, \u00fe\u00e1 geri hann eins og honum s\u00fdnist og gifti hana. Hann gerir ekkert rangt \u00ed \u00fev\u00ed. En \u00fea\u00f0 er betra a\u00f0 hann s\u00e9 sta\u00f0fastur og \u00e1kve\u00f0i a\u00f0 l\u00e1ta d\u00f3ttur s\u00edna ekki ganga \u00ed hj\u00f3naband. Hann gerir \u00fev\u00ed vel, ef hann leyfir henni a\u00f0 giftast og \u00fe\u00f3 enn betur ef hann l\u00e6tur hana \u00e1fram vera \u00f3gifta.&#8220;<\/p>\n<p><strong>7.40\u00a0<\/strong><em>anda Gu\u00f0s: <\/em>Sj\u00e1 athugagrein vi\u00f0 12.3.<\/p>\n","protected":false},"excerpt":{"rendered":"<p>7.1\u00a0\u00fea\u00f0 sem \u00fei\u00f0 hafi\u00f0 rita\u00f0: Korintumenn h\u00f6f\u00f0u skrifa\u00f0 P\u00e1li til <a href=\"https:\/\/biblian.is\/fraedsla\/ritskyring\/fyrra-korintubref-7-kafli\/\"> [&#8230;]<\/a><\/p>\n","protected":false},"author":1,"featured_media":0,"parent":4829,"menu_order":0,"comment_status":"closed","ping_status":"closed","template":"","meta":{"footnotes":""},"class_list":["post-5558","page","type-page","status-publish","hentry"],"_links":{"self":[{"href":"https:\/\/biblian.is\/fraedsla\/wp-json\/wp\/v2\/pages\/5558","targetHints":{"allow":["GET"]}}],"collection":[{"href":"https:\/\/biblian.is\/fraedsla\/wp-json\/wp\/v2\/pages"}],"about":[{"href":"https:\/\/biblian.is\/fraedsla\/wp-json\/wp\/v2\/types\/page"}],"author":[{"embeddable":true,"href":"https:\/\/biblian.is\/fraedsla\/wp-json\/wp\/v2\/users\/1"}],"replies":[{"embeddable":true,"href":"https:\/\/biblian.is\/fraedsla\/wp-json\/wp\/v2\/comments?post=5558"}],"version-history":[{"count":0,"href":"https:\/\/biblian.is\/fraedsla\/wp-json\/wp\/v2\/pages\/5558\/revisions"}],"up":[{"embeddable":true,"href":"https:\/\/biblian.is\/fraedsla\/wp-json\/wp\/v2\/pages\/4829"}],"wp:attachment":[{"href":"https:\/\/biblian.is\/fraedsla\/wp-json\/wp\/v2\/media?parent=5558"}],"curies":[{"name":"wp","href":"https:\/\/api.w.org\/{rel}","templated":true}]}}