{"id":5554,"date":"2019-06-15T17:01:41","date_gmt":"2019-06-15T17:01:41","guid":{"rendered":"https:\/\/biblian.is\/fraedsla\/?page_id=5554"},"modified":"2026-04-17T13:01:09","modified_gmt":"2026-04-17T13:01:09","slug":"fyrra-korintubref-5-kafli","status":"publish","type":"page","link":"https:\/\/biblian.is\/fraedsla\/ritskyring\/fyrra-korintubref-5-kafli\/","title":{"rendered":"Fyrra Korintubr\u00e9f 5. kafli"},"content":{"rendered":"<p><strong>5.1,2 <\/strong><em>hei\u00f0ingja&#8230;mikill\u00e1t: <\/em>Flestum hei\u00f0ingjum (en svo nefndu Gy\u00f0ingar \u00fe\u00e1 sem ekki voru gy\u00f0ingatr\u00faar) hefur veri\u00f0 \u00f3kunnugt um l\u00f6gm\u00e1l M\u00f3se. Sumir Korintumanna skildu bo\u00f0skap P\u00e1ls svo, a\u00f0 \u00feeir v\u00e6ru \u00f3bundnir af bo\u00f0or\u00f0um Gu\u00f0s og t\u00f3ku upp \u00f3si\u00f0samt l\u00edferni.<\/p>\n<p><strong>5.6,7\u00a0<\/strong><em>l\u00edti\u00f0 s\u00fardeig&#8230;gamla s\u00fardeigi\u00f0: <\/em>Ger er agnarl\u00edtill gulur sveppur. \u00deegar hann <em>er settur saman vi\u00f0 <\/em>hveiti og vatn, lyftir deigi\u00f0 s\u00e9r, \u00feannig a\u00f0 ekki ver\u00f0ur \u00far flatbrau\u00f0 \u00feegar baka\u00f0 er. \u00deetta er kalla\u00f0 s\u00fardeig. P\u00e1ll \u00e1 vi\u00f0 \u00fea\u00f0, a\u00f0 ekki \u00feurfa margir a\u00f0 s\u00fdna af s\u00e9r \u00f3hollt ford\u00e6mi til \u00feess a\u00f0 allur s\u00f6fnu\u00f0urinn \u00ed Korintu taki a\u00f0 fremja illt og lifa \u00f3gu\u00f0lega. A\u00f0 &#8222;hreinsa burt gamla s\u00fardeigi\u00f0&#8220; v\u00edsar til \u00feess si\u00f0ar Gy\u00f0inga a\u00f0 fleygja \u00f6llu s\u00fardeigi sk\u00f6mmu fyrir p\u00e1skah\u00e1t\u00ed\u00f0ina \u00e1r hvert (2M\u00f3s 13.3-10).<\/p>\n<p><strong>5.7\u00a0<\/strong><em>p\u00e1skalambi okkar&#8230;sem er Kristur: <\/em>Sj\u00e1 &#8222;<a href=\"https:\/\/biblian.is\/fraedsla\/ordtakasafn\/paskar-og-hatid-osyrdu-braudanna\/\">P\u00e1skar og h\u00e1t\u00ed\u00f0 \u00f3s\u00fdr\u00f0u brau\u00f0anna<\/a>&#8222;. P\u00e1ll l\u00edkir dau\u00f0a Jes\u00fa vi\u00f0 \u00fea\u00f0 \u00feegar p\u00e1skalambinu var f\u00f3rna\u00f0. \u00c1 sama h\u00e1tt og bl\u00f3\u00f0 lambsins bjarga\u00f0i \u00cdsraelsm\u00f6nnum fr\u00e1 engli dau\u00f0ans, frelsa\u00f0i f\u00f3rnardau\u00f0i Jes\u00fa m\u00f6nnunum fr\u00e1 synd og dau\u00f0a (R\u00f3m 3.25,26).<\/p>\n<h3>Hollr\u00e1\u00f0 vi\u00f0 samb\u00fa\u00f0arvanda<\/h3>\n<p><em>P\u00e1ll fjallar um hn\u00f6kra sem hann hefur haft spurnir af a\u00f0 s\u00e9u \u00e1 saml\u00edfi Korintumanna. R\u00e1\u00f0gj\u00f6f hans \u00ed hj\u00faskaparm\u00e1lum er svar vi\u00f0 spurningum, sem lesendur br\u00e9fsins hafa bori\u00f0 upp vi\u00f0 hann \u00ed tilskrifi (7.1). <\/em><\/p>\n<p><strong>5.9\u00a0<\/strong><em>\u00ed br\u00e9finu: <\/em>P\u00e1ll vitnar \u00ed anna\u00f0 br\u00e9f, sem hann haf\u00f0i rita\u00f0 Korintum\u00f6nnum \u00e1\u00f0ur. \u00deetta fyrra br\u00e9f hefur ekki var\u00f0veist.<\/p>\n","protected":false},"excerpt":{"rendered":"<p>5.1,2 hei\u00f0ingja&#8230;mikill\u00e1t: Flestum hei\u00f0ingjum (en svo nefndu Gy\u00f0ingar \u00fe\u00e1 sem <a href=\"https:\/\/biblian.is\/fraedsla\/ritskyring\/fyrra-korintubref-5-kafli\/\"> [&#8230;]<\/a><\/p>\n","protected":false},"author":1,"featured_media":0,"parent":4829,"menu_order":0,"comment_status":"closed","ping_status":"closed","template":"","meta":{"footnotes":""},"class_list":["post-5554","page","type-page","status-publish","hentry"],"_links":{"self":[{"href":"https:\/\/biblian.is\/fraedsla\/wp-json\/wp\/v2\/pages\/5554","targetHints":{"allow":["GET"]}}],"collection":[{"href":"https:\/\/biblian.is\/fraedsla\/wp-json\/wp\/v2\/pages"}],"about":[{"href":"https:\/\/biblian.is\/fraedsla\/wp-json\/wp\/v2\/types\/page"}],"author":[{"embeddable":true,"href":"https:\/\/biblian.is\/fraedsla\/wp-json\/wp\/v2\/users\/1"}],"replies":[{"embeddable":true,"href":"https:\/\/biblian.is\/fraedsla\/wp-json\/wp\/v2\/comments?post=5554"}],"version-history":[{"count":0,"href":"https:\/\/biblian.is\/fraedsla\/wp-json\/wp\/v2\/pages\/5554\/revisions"}],"up":[{"embeddable":true,"href":"https:\/\/biblian.is\/fraedsla\/wp-json\/wp\/v2\/pages\/4829"}],"wp:attachment":[{"href":"https:\/\/biblian.is\/fraedsla\/wp-json\/wp\/v2\/media?parent=5554"}],"curies":[{"name":"wp","href":"https:\/\/api.w.org\/{rel}","templated":true}]}}