{"id":5552,"date":"2019-06-15T16:59:44","date_gmt":"2019-06-15T16:59:44","guid":{"rendered":"https:\/\/biblian.is\/fraedsla\/?page_id=5552"},"modified":"2022-12-16T13:58:58","modified_gmt":"2022-12-16T13:58:58","slug":"fyrra-korintubref-4-kafli","status":"publish","type":"page","link":"https:\/\/biblian.is\/fraedsla\/ritskyring\/fyrra-korintubref-4-kafli\/","title":{"rendered":"Fyrra Korintubr\u00e9f 4. kafli"},"content":{"rendered":"<p><strong>4.1\u00a0<\/strong><em>\u00fej\u00f3na Krists: <\/em>P\u00e1ll kallar oft sj\u00e1lfan sig \u00fej\u00f3n, sem \u00fe\u00fd\u00f0ir b\u00f3kstaflega &#8222;\u00fer\u00e6ll&#8220; Krists. Sj\u00e1 og athugagrein vi\u00f0 2.1 (leyndard\u00f3m).<\/p>\n<p><strong>4.5 <\/strong><em>\u00e1\u00f0ur en Drottinn kemur. Hann mun lei\u00f0a \u00fea\u00f0 \u00ed lj\u00f3s, sem \u00ed myrkrinu er huli\u00f0: <\/em>Sj\u00e1 athugagrein vi\u00f0 1.7. \u00deegar Jes\u00fas kemur aftur, segir P\u00e1ll, \u00fe\u00e1 mun hann opinbera alla leyndard\u00f3ma Gu\u00f0s, og leysa \u00far \u00f6llum \u00feeim r\u00e1\u00f0g\u00e1tum, sem eru ofvaxnar mannlegum skilningi.<\/p>\n<p><strong>4.6 <\/strong><em>Apoll\u00f3s: <\/em>Sj\u00e1 athugagrein vi\u00f0 1.11,12.<\/p>\n<p><strong>4.9\u00a0<\/strong><em>Gu\u00f0 hafa sett okkur postulana s\u00edsta allra: <\/em>Sj\u00e1 athugagrein vi\u00f0 1.1. P\u00e1ll haf\u00f0i, eins og fleiri postular, m\u00e1tt \u00feola hungur, \u00feorsta, a\u00f0hl\u00e1tur, pyndingar og fangavist.<\/p>\n<p><strong>4.15 <\/strong><em>hafi\u00f0 \u00fei\u00f0 \u00fe\u00f3 eigi marga fe\u00f0ur: <\/em>P\u00e1ll \u00e1leit sig r\u00e9ttilega &#8222;f\u00f6\u00f0ur&#8220; Korintumanna \u00ed tr\u00fanni. Sj\u00e1 og Gal 4.19 og 1\u00deess 2.7,8.<\/p>\n<p><strong>4.17 <\/strong><em>T\u00edm\u00f3teus: <\/em>P\u00e1ll sendi hinum kristnu \u00ed Korintu T\u00edm\u00f3teus, samstarfsmann sinn, \u00ed \u00fev\u00ed skyni a\u00f0 hann h\u00e9ldi \u00fear \u00e1fram \u00feeirri kennslu, sem P\u00e1ll h\u00f3f. T\u00edm\u00f3teus var sonur gy\u00f0ing-kristinnar m\u00f3\u00f0ur og gr\u00edsks f\u00f6\u00f0ur fr\u00e1 L\u00fdstru. Sj\u00e1 og 2Kor 1.1; 1\u00deess 1.1; F\u00edlm 1.<\/p>\n<p><strong>4.19\u00a0<\/strong><em>hina mikill\u00e1tu: <\/em>H\u00e9r \u00e1 P\u00e1ll tr\u00falega vi\u00f0 \u00fe\u00e1, sem hann kallar &#8222;hina st\u00f3rmiklu postula&#8220; \u00ed 2Kor 12.11. \u00deeir t\u00f6ldu sig b\u00faa yfir s\u00e9rstakri speki og \u00fev\u00ed yfir P\u00e1l og hina postulana hafna.<\/p>\n<p><strong>4.20\u00a0<\/strong><em>Gu\u00f0s r\u00edki: <\/em>R\u00edki Gu\u00f0s er veldi hans \u00ed \u00feessu l\u00edfi og hinu komanda. \u00dea\u00f0 er gert opinbert \u00ed verkum Krists og l\u00edfi l\u00e6risveina hans.<\/p>\n","protected":false},"excerpt":{"rendered":"<p>4.1\u00a0\u00fej\u00f3na Krists: P\u00e1ll kallar oft sj\u00e1lfan sig \u00fej\u00f3n, sem \u00fe\u00fd\u00f0ir <a href=\"https:\/\/biblian.is\/fraedsla\/ritskyring\/fyrra-korintubref-4-kafli\/\"> [&#8230;]<\/a><\/p>\n","protected":false},"author":1,"featured_media":0,"parent":4829,"menu_order":0,"comment_status":"closed","ping_status":"closed","template":"","meta":{"footnotes":""},"class_list":["post-5552","page","type-page","status-publish","hentry"],"_links":{"self":[{"href":"https:\/\/biblian.is\/fraedsla\/wp-json\/wp\/v2\/pages\/5552","targetHints":{"allow":["GET"]}}],"collection":[{"href":"https:\/\/biblian.is\/fraedsla\/wp-json\/wp\/v2\/pages"}],"about":[{"href":"https:\/\/biblian.is\/fraedsla\/wp-json\/wp\/v2\/types\/page"}],"author":[{"embeddable":true,"href":"https:\/\/biblian.is\/fraedsla\/wp-json\/wp\/v2\/users\/1"}],"replies":[{"embeddable":true,"href":"https:\/\/biblian.is\/fraedsla\/wp-json\/wp\/v2\/comments?post=5552"}],"version-history":[{"count":0,"href":"https:\/\/biblian.is\/fraedsla\/wp-json\/wp\/v2\/pages\/5552\/revisions"}],"up":[{"embeddable":true,"href":"https:\/\/biblian.is\/fraedsla\/wp-json\/wp\/v2\/pages\/4829"}],"wp:attachment":[{"href":"https:\/\/biblian.is\/fraedsla\/wp-json\/wp\/v2\/media?parent=5552"}],"curies":[{"name":"wp","href":"https:\/\/api.w.org\/{rel}","templated":true}]}}