{"id":5550,"date":"2019-06-15T16:58:49","date_gmt":"2019-06-15T16:58:49","guid":{"rendered":"https:\/\/biblian.is\/fraedsla\/?page_id=5550"},"modified":"2026-04-17T13:01:08","modified_gmt":"2026-04-17T13:01:08","slug":"fyrra-korintubref-3-kafli","status":"publish","type":"page","link":"https:\/\/biblian.is\/fraedsla\/ritskyring\/fyrra-korintubref-3-kafli\/","title":{"rendered":"Fyrra Korintubr\u00e9f 3. kafli"},"content":{"rendered":"<p><strong>3.1\u00a0<\/strong><em>menn sem sj\u00e1 ekki nema sj\u00e1lfa sig: <\/em>Sj\u00e1 athugagrein vi\u00f0 1.20-27.<\/p>\n<p><strong>3.3\u00a0<\/strong><em>enn \u00fe\u00e1 lifi\u00f0 \u00fei\u00f0 \u00ed sj\u00e1lfshyggju: <\/em>\u00dea\u00f0 f\u00e9kk P\u00e1li \u00e1hyggjum, a\u00f0 Korintumenn h\u00f6gu\u00f0u ekki l\u00edfi s\u00ednu eins og \u00feeir sem l\u00e1ta anda Gu\u00f0s lei\u00f0a sig. \u00de\u00f3tt \u00feeir v\u00e6ru or\u00f0nir l\u00e6risveinar og hef\u00f0u gengi\u00f0 Jes\u00fa \u00e1 h\u00f6nd, h\u00e9ldu \u00feeir \u00e1fram a\u00f0 deila hver vi\u00f0 annan og \u00e1stunda \u00fea\u00f0 sem \u00feeir h\u00f6f\u00f0u \u00e1kve\u00f0i\u00f0 a\u00f0 l\u00e1ta af, \u00feegar \u00feeir snerust til tr\u00faar fyrir pr\u00e9dikun P\u00e1ls (5.1-6.20).<\/p>\n<p><strong>3.4\u00a0<\/strong><em>Apoll\u00f3s: <\/em>Sj\u00e1 athugagrein vi\u00f0 1.11,12.<\/p>\n<p><strong>3.6-10\u00a0<\/strong><em>\u00c9g gr\u00f3\u00f0ursetti, Apoll\u00f3s v\u00f6kva\u00f0i&#8230;hef \u00e9g lagt grundv\u00f6ll: <\/em>P\u00e1ll og Apoll\u00f3s unnu sitt verki\u00f0 hvor. P\u00e1ll stofna\u00f0i s\u00f6fnu\u00f0inn \u00ed Korintu og Apoll\u00f3s stu\u00f0la\u00f0i a\u00f0 vexti hans. En grundv\u00f6llur &#8222;byggingarinnar&#8220; n\u00fdju er Kristur sj\u00e1lfur (1.10-17).<\/p>\n<p><strong>3.12-13 <\/strong><em>Dagurinn mun lei\u00f0a \u00fea\u00f0 \u00ed lj\u00f3s af \u00fev\u00ed a\u00f0 hann opinberast me\u00f0 eldi: <\/em>H\u00e9r er \u00e1 fer\u00f0 myndin af d\u00f3msdegi, \u00feegar Gu\u00f0 rannsakar l\u00edferni manna og hvort \u00feeir hafa reynst tr\u00fair. N\u00fdja testamenti l\u00fdsir dvalarsta\u00f0 og \u00e1standi d\u00e6mdra illvirkja, sem er eldur og p\u00edna (L\u00fak 16.23; Opb 20.14). P\u00e1ll gr\u00edpur til l\u00edkingar af eldinum, sem kveiktur er til \u00feess a\u00f0 br\u00e6\u00f0a m\u00e1lma. Tr\u00e9, hey og h\u00e1lmur fu\u00f0ra upp \u00ed \u00feeim loga. Gull og silfur br\u00e1\u00f0na, en d\u00fdrir steinar ekki. P\u00e1ll kve\u00f0ur kenningu s\u00edna ver\u00f0a pr\u00f3fa\u00f0a \u00ed eldi \u00feess dags, \u00feegar Gu\u00f0 d\u00e6mir. F\u00e1i h\u00fan sta\u00f0ist, mun ekkert b\u00e1l ey\u00f0a henni, fremur en gimsteinn v\u00e6ri. Sj\u00e1 og &#8222;<a href=\"https:\/\/biblian.is\/fraedsla\/ordtakasafn\/eldur\/\">Eldur<\/a>&#8222;.<\/p>\n<p><strong>3.16\u00a0<\/strong><em>\u00fei\u00f0 eru\u00f0 musteri Gu\u00f0s: <\/em>Habakkuk sp\u00e1ma\u00f0ur segir, a\u00f0 Drottinn s\u00e9 \u00ed s\u00ednu heilaga musteri og \u00f6ll j\u00f6r\u00f0in skuli vera hlj\u00f3\u00f0 framm fyrir honum (Hab 2.20). P\u00e1ll segir Gu\u00f0 b\u00faa innra me\u00f0 hinum kristnu \u00ed Korintu af \u00fev\u00ed a\u00f0 Gu\u00f0i hafi gefi\u00f0 \u00feeim heilagan anda sinn. H\u00e9\u00f0an \u00ed fr\u00e1 eru \u00feeir allir heilagir \u00e1 sama h\u00e1tt og musteri\u00f0 var heilagt vegna n\u00e1vistar Drottins. Sj\u00e1 6.19; sj\u00e1 og 2Kor 6.16.<\/p>\n","protected":false},"excerpt":{"rendered":"<p>3.1\u00a0menn sem sj\u00e1 ekki nema sj\u00e1lfa sig: Sj\u00e1 athugagrein vi\u00f0 <a href=\"https:\/\/biblian.is\/fraedsla\/ritskyring\/fyrra-korintubref-3-kafli\/\"> [&#8230;]<\/a><\/p>\n","protected":false},"author":1,"featured_media":0,"parent":4829,"menu_order":0,"comment_status":"closed","ping_status":"closed","template":"","meta":{"footnotes":""},"class_list":["post-5550","page","type-page","status-publish","hentry"],"_links":{"self":[{"href":"https:\/\/biblian.is\/fraedsla\/wp-json\/wp\/v2\/pages\/5550","targetHints":{"allow":["GET"]}}],"collection":[{"href":"https:\/\/biblian.is\/fraedsla\/wp-json\/wp\/v2\/pages"}],"about":[{"href":"https:\/\/biblian.is\/fraedsla\/wp-json\/wp\/v2\/types\/page"}],"author":[{"embeddable":true,"href":"https:\/\/biblian.is\/fraedsla\/wp-json\/wp\/v2\/users\/1"}],"replies":[{"embeddable":true,"href":"https:\/\/biblian.is\/fraedsla\/wp-json\/wp\/v2\/comments?post=5550"}],"version-history":[{"count":0,"href":"https:\/\/biblian.is\/fraedsla\/wp-json\/wp\/v2\/pages\/5550\/revisions"}],"up":[{"embeddable":true,"href":"https:\/\/biblian.is\/fraedsla\/wp-json\/wp\/v2\/pages\/4829"}],"wp:attachment":[{"href":"https:\/\/biblian.is\/fraedsla\/wp-json\/wp\/v2\/media?parent=5550"}],"curies":[{"name":"wp","href":"https:\/\/api.w.org\/{rel}","templated":true}]}}