{"id":5544,"date":"2019-06-15T04:17:53","date_gmt":"2019-06-15T04:17:53","guid":{"rendered":"https:\/\/biblian.is\/fraedsla\/?page_id=5544"},"modified":"2025-06-27T02:05:56","modified_gmt":"2025-06-27T02:05:56","slug":"sidara-korintubref-13-kafli","status":"publish","type":"page","link":"https:\/\/biblian.is\/fraedsla\/ritskyring\/sidara-korintubref-13-kafli\/","title":{"rendered":"S\u00ed\u00f0ara Korintubr\u00e9f 13. kafli"},"content":{"rendered":"<p><strong>13.2 <\/strong><em>vi\u00f0 a\u00f0ra komu m\u00edna&#8230;brotleg hafa or\u00f0i\u00f0: <\/em>Sj\u00e1 athugagrein vi\u00f0 12.14. H\u00e9r er tr\u00falega \u00e1tt vi\u00f0 lausung \u00ed kynfer\u00f0ism\u00e1lum (1Kor 5), skur\u00f0go\u00f0ad\u00fdrkun (1Kor 8; 2Kor 6.14-7.1), og \u00f3vi\u00f0eigandi heg\u00f0un vi\u00f0 kv\u00f6ldm\u00e1lt\u00ed\u00f0ina (1Kor 11.17-34).<\/p>\n<h3>\u00c1minningar og kve\u00f0jur<\/h3>\n<p>P\u00e1ll undirb\u00fdr fyrirhuga\u00f0a heims\u00f3kn s\u00edna me\u00f0 \u00fev\u00ed a\u00f0 hvetja Korintumenn til \u00feess a\u00f0 l\u00edta r\u00e6kilega \u00ed eigin barm og rannsaka hvort tr\u00fain \u00e1 Krist komi fram \u00ed breytni \u00feeirra. Standist \u00feeir pr\u00f3fi\u00f0 \u00fearf hann ekki a\u00f0 s\u00fdna \u00feeim h\u00f6rku, \u00feegar hann kemur.<\/p>\n<p><strong>13.7\u00a0<\/strong><em>geri\u00f0 ekki neitt illt: <\/em>Sj\u00e1 athugagreinar vi\u00f0 13.2 og 12.21.<\/p>\n<p><strong>13.9\u00a0<\/strong><em>\u00feegar \u00e9g er veikur: <\/em>Sj\u00e1 athugagrein vi\u00f0 12.8.<\/p>\n<p><strong>13.12 <\/strong><em>Allir heilagir: <\/em>Getur b\u00e6\u00f0i \u00e1tt vi\u00f0 alla l\u00e6risveina Krists e\u00f0a safna\u00f0armennina \u00ed \u00feeim sta\u00f0 \u00fear sem hann ritar br\u00e9fi\u00f0.<\/p>\n","protected":false},"excerpt":{"rendered":"<p>13.2 vi\u00f0 a\u00f0ra komu m\u00edna&#8230;brotleg hafa or\u00f0i\u00f0: Sj\u00e1 athugagrein vi\u00f0 <a href=\"https:\/\/biblian.is\/fraedsla\/ritskyring\/sidara-korintubref-13-kafli\/\"> [&#8230;]<\/a><\/p>\n","protected":false},"author":1,"featured_media":0,"parent":4829,"menu_order":0,"comment_status":"closed","ping_status":"closed","template":"","meta":{"footnotes":""},"class_list":["post-5544","page","type-page","status-publish","hentry"],"_links":{"self":[{"href":"https:\/\/biblian.is\/fraedsla\/wp-json\/wp\/v2\/pages\/5544","targetHints":{"allow":["GET"]}}],"collection":[{"href":"https:\/\/biblian.is\/fraedsla\/wp-json\/wp\/v2\/pages"}],"about":[{"href":"https:\/\/biblian.is\/fraedsla\/wp-json\/wp\/v2\/types\/page"}],"author":[{"embeddable":true,"href":"https:\/\/biblian.is\/fraedsla\/wp-json\/wp\/v2\/users\/1"}],"replies":[{"embeddable":true,"href":"https:\/\/biblian.is\/fraedsla\/wp-json\/wp\/v2\/comments?post=5544"}],"version-history":[{"count":0,"href":"https:\/\/biblian.is\/fraedsla\/wp-json\/wp\/v2\/pages\/5544\/revisions"}],"up":[{"embeddable":true,"href":"https:\/\/biblian.is\/fraedsla\/wp-json\/wp\/v2\/pages\/4829"}],"wp:attachment":[{"href":"https:\/\/biblian.is\/fraedsla\/wp-json\/wp\/v2\/media?parent=5544"}],"curies":[{"name":"wp","href":"https:\/\/api.w.org\/{rel}","templated":true}]}}