{"id":5542,"date":"2019-06-15T04:17:12","date_gmt":"2019-06-15T04:17:12","guid":{"rendered":"https:\/\/biblian.is\/fraedsla\/?page_id=5542"},"modified":"2025-06-27T02:05:56","modified_gmt":"2025-06-27T02:05:56","slug":"sidara-korintubref-12-kafli","status":"publish","type":"page","link":"https:\/\/biblian.is\/fraedsla\/ritskyring\/sidara-korintubref-12-kafli\/","title":{"rendered":"S\u00ed\u00f0ara Korintubr\u00e9f 12. kafli"},"content":{"rendered":"<p><strong>12.2-4 <\/strong><em>til \u00feri\u00f0ja himins&#8230;\u00ed Parad\u00eds: <\/em>H\u00e9r \u00e1 P\u00e1ll vi\u00f0 sig sj\u00e1lfan, \u00fe\u00f3tt hann tali um sig \u00ed \u00feri\u00f0ju pers\u00f3nu (12.7). \u00cd \u00feennan t\u00edma greindi menn \u00e1 um \u00fea\u00f0, hva\u00f0 himnar\u00edki v\u00e6ri margar h\u00e6\u00f0ir. \u00deri\u00f0ji himinn \u00e1tti a\u00f0 vera b\u00fasta\u00f0ur Gu\u00f0s. Sj\u00e1 &#8222;<a href=\"https:\/\/biblian.is\/fraedsla\/ordtakasafn\/paradis\/\">Parad\u00eds<\/a>&#8222;.<\/p>\n<p><strong>12.8\u00a0<\/strong><em>l\u00e1ta hann fara fr\u00e1 m\u00e9r: <\/em>Ekki er vita\u00f0, hva\u00f0 \u00fea\u00f0 var sem \u00fej\u00e1\u00f0i P\u00e1l svo mj\u00f6g. Ef til vill hefur \u00fea\u00f0 veri\u00f0 einhver l\u00edkamlegur annmarki ellegar sj\u00fakd\u00f3mur (Gal 4.13,14), hugarangur, depur\u00f0 (2Kor 11.28), e\u00f0a \u00fe\u00e1 ofs\u00f3knirnar, sem hann m\u00e1tti s\u00e6ta (gal 5.11; 2Kor 11.24-29). Hann beiddi Gu\u00f0 l\u00e9tta af s\u00e9r \u00feessari kv\u00f6l, en Gu\u00f0 var\u00f0 ekki vi\u00f0 \u00fev\u00ed til \u00feess a\u00f0 P\u00e1ll l\u00e6r\u00f0i a\u00f0 treysta krafti hans \u00ed sta\u00f0 \u00feess a\u00f0 tr\u00faa \u00e1 eigin m\u00e1tt sinn og megin. \u00dear kom a\u00f0 P\u00e1ll skildi, a\u00f0 n\u00e1\u00f0 Gu\u00f0s og g\u00e6ska var allt sem hann \u00fearfna\u00f0ist. \u00dev\u00ed gat hann sagt me\u00f0 sanni: &#8222;\u00deegar \u00e9g er veikur \u00fe\u00e1 er \u00e9g m\u00e1ttugur.&#8220;<\/p>\n<p><strong>12.11 <\/strong><em>\u00c9g hef haga\u00f0 m\u00e9r eins og heimskingi: <\/em>P\u00e1ll f\u00f3r hj\u00e1 s\u00e9r \u00fat af \u00fev\u00ed a\u00f0 hann skyldi gera uppsk\u00e1tt um \u00fe\u00e6r vitranir og opinberanir, sem honum h\u00f6f\u00f0u hlotnast fr\u00e1 Gu\u00f0i. Hann ugg\u00f0i, a\u00f0 menn teldu hann vera a\u00f0 monta sig af \u00feessu.<\/p>\n<p><strong>12.11 <\/strong><em>hinum st\u00f3rmiklu postulum: <\/em>Sj\u00e1 athugagrein vi\u00f0 11.5.<\/p>\n<p><strong>12.12\u00a0<\/strong><em>postulat\u00e1kn&#8230;undur og kraftaverk: <\/em>\u00deegar Jes\u00fas kaus s\u00e9r postulana t\u00f3lf, gaf hann \u00feeim vald til \u00feess a\u00f0 reka \u00fat illa anda, l\u00e6kna sj\u00faka og reisa jafnvel dau\u00f0a til l\u00edfs (Matt 10.1,8). P\u00e1ll nefnir l\u00edka g\u00e1furnar a\u00f0 vinna kraftavek og l\u00e6kna sj\u00faka sem s\u00e9rstakar gjafir heilags anda, gefnar sumum og ekki \u00f6\u00f0rum (1Kor 12.28,29). \u00de\u00f3tt hann v\u00e6ri ekki me\u00f0al postulanna t\u00f3lf, gafst honum af Gu\u00f0i sama h\u00e6fni og \u00feeim (Post 13.9-12; 19.11,12; 28.3-6). Sj\u00e1 og athugagrein vi\u00f0 1.1 (postuli).<\/p>\n<p><strong>12.13 <\/strong><em>\u00e9g sj\u00e1lfur hef ekki veri\u00f0 ykkur til byr\u00f0i: <\/em>P\u00e1ll \u00e1r\u00e9ttar \u00fea\u00f0 enn einu sinni vi\u00f0 Korintumenn, a\u00f0 hann haf\u00f0i ekki be\u00f0i\u00f0 \u00fe\u00e1 styrkja sig fj\u00e1rhagslega, \u00f3l\u00edkt falspostulunum (1Kor 1.9; 2Kor 11.7-10). En hann hefur \u00e1hyggjur af \u00fev\u00ed, a\u00f0 \u00feeim hafi fyrir viki\u00f0 ekki fundist eins miki\u00f0 til um kenningu hans.<\/p>\n<p><strong>12.14 <\/strong><em>\u00ed \u00feri\u00f0ja sinn a\u00f0 \u00e9g er fer\u00f0b\u00fainn a\u00f0 koma til ykkar:<\/em>\u00cd fyrstu heims\u00f3kn sinni til Korintumanna kom P\u00e1ll \u00e1 f\u00f3t kristnum s\u00f6fnu\u00f0i \u00fear (Post 18.1-17). \u00cd anna\u00f0 skipti\u00f0 f\u00f3ru hlutirnir nokkur \u00farskei\u00f0is, eins og l\u00fdst er \u00ed 2Kor 2.1.<\/p>\n<p><strong>12.18 <\/strong><em>T\u00edtus: <\/em>Sj\u00e1 athugagreinar vi\u00f0 7.6 og 8.6. P\u00e1ll minnir Korintumenn \u00e1, a\u00f0 T\u00edtus hafi ekki heldur fari\u00f0 fram \u00e1 neinar peningagrei\u00f0slur vi\u00f0 \u00fe\u00e1.<\/p>\n<p><strong>12.20 <\/strong><em>a\u00f0 m\u00e9r muni \u00feykja \u00fei\u00f0 \u00f6\u00f0ruv\u00edsi en \u00e9g \u00f3ska: <\/em>P\u00e1ll kv\u00ed\u00f0ir \u00fev\u00ed, a\u00f0 \u00ed \u00feri\u00f0ju heims\u00f3kn sinni til Korintumanna muni ver\u00f0a n\u00faningur me\u00f0 honum og \u00feeim, \u00feeir ver\u00f0a \u00f3samm\u00e1la innbyr\u00f0is og \u00feykkja b\u00f3lgna \u00e1 b\u00e1\u00f0a b\u00f3ga.<\/p>\n<p><strong>12.21\u00a0<\/strong><em>\u00feeirra sem \u00e1\u00f0ur hafa syndga\u00f0: <\/em>\u00dea\u00f0 er \u00f3hugur \u00ed P\u00e1li af \u00fev\u00ed a\u00f0 hann \u00f3ttast, a\u00f0 \u00fea\u00f0 muni angra hann mj\u00f6g a\u00f0 komast a\u00f0 \u00fev\u00ed, a\u00f0 sumir \u00ed Korintu hafi ekki enn l\u00e1ti\u00f0 af g\u00f6mlum syndum eins og t.d. saurl\u00edfi (1Kor 5).<\/p>\n","protected":false},"excerpt":{"rendered":"<p>12.2-4 til \u00feri\u00f0ja himins&#8230;\u00ed Parad\u00eds: H\u00e9r \u00e1 P\u00e1ll vi\u00f0 sig <a href=\"https:\/\/biblian.is\/fraedsla\/ritskyring\/sidara-korintubref-12-kafli\/\"> [&#8230;]<\/a><\/p>\n","protected":false},"author":1,"featured_media":0,"parent":4829,"menu_order":0,"comment_status":"closed","ping_status":"closed","template":"","meta":{"footnotes":""},"class_list":["post-5542","page","type-page","status-publish","hentry"],"_links":{"self":[{"href":"https:\/\/biblian.is\/fraedsla\/wp-json\/wp\/v2\/pages\/5542","targetHints":{"allow":["GET"]}}],"collection":[{"href":"https:\/\/biblian.is\/fraedsla\/wp-json\/wp\/v2\/pages"}],"about":[{"href":"https:\/\/biblian.is\/fraedsla\/wp-json\/wp\/v2\/types\/page"}],"author":[{"embeddable":true,"href":"https:\/\/biblian.is\/fraedsla\/wp-json\/wp\/v2\/users\/1"}],"replies":[{"embeddable":true,"href":"https:\/\/biblian.is\/fraedsla\/wp-json\/wp\/v2\/comments?post=5542"}],"version-history":[{"count":0,"href":"https:\/\/biblian.is\/fraedsla\/wp-json\/wp\/v2\/pages\/5542\/revisions"}],"up":[{"embeddable":true,"href":"https:\/\/biblian.is\/fraedsla\/wp-json\/wp\/v2\/pages\/4829"}],"wp:attachment":[{"href":"https:\/\/biblian.is\/fraedsla\/wp-json\/wp\/v2\/media?parent=5542"}],"curies":[{"name":"wp","href":"https:\/\/api.w.org\/{rel}","templated":true}]}}