{"id":5540,"date":"2019-06-15T04:15:34","date_gmt":"2019-06-15T04:15:34","guid":{"rendered":"https:\/\/biblian.is\/fraedsla\/?page_id=5540"},"modified":"2025-06-27T02:05:56","modified_gmt":"2025-06-27T02:05:56","slug":"sidara-korintubref-11-kafli","status":"publish","type":"page","link":"https:\/\/biblian.is\/fraedsla\/ritskyring\/sidara-korintubref-11-kafli\/","title":{"rendered":"S\u00ed\u00f0ara Korintubr\u00e9f 11. kafli"},"content":{"rendered":"<p><strong>11.2 <\/strong><em>hreina mey: <\/em>Me\u00f0al b\u00e6\u00f0i Gy\u00f0inga og Grikkja var br\u00fa\u00f0ur s\u00fdnu eftirs\u00f3knarver\u00f0ari, ef h\u00fan haf\u00f0i ekki karlmanns kennt. P\u00e1ll l\u00edkir sj\u00e1lfum s\u00e9r vi\u00f0 f\u00f6\u00f0ur, en Korintum\u00f6nnum vi\u00f0 hreina mey. F\u00f6\u00f0urnum er \u00ed mun a\u00f0 var\u00f0veita meyna \u00f3spjalla\u00f0a uns r\u00e9ttur eiginma\u00f0ur er fundinn, \u00fe.e. Kristur. Sj\u00e1 og Ef 5.23,24; Fil 1.9-11; Opb 21.1,2.)<\/p>\n<p><strong>11.4\u00a0<\/strong><em>anda: <\/em>Sj\u00e1 athugagrein vi\u00f0 1.22.<\/p>\n<p><strong>11.5\u00a0<\/strong><em>hinum st\u00f3rmiklu postulum: <\/em>\u00deeir fluttu annan bo\u00f0skap en P\u00e1ll (11.4). En \u00feessir &#8222;st\u00f3rmiklu postular&#8220; voru tr\u00falega slyngir l\u00fd\u00f0skrumarar. Og \u00feeir vir\u00f0ast hafa fari\u00f0 fram \u00e1 peningagrei\u00f0slur sj\u00e1lfum s\u00e9r til uppihalds.<\/p>\n<p>St\u00f3rmiklu postularnir kunna a\u00f0 hafa veri\u00f0 \u00feeir s\u00f6mu og P\u00e1ll kallar &#8222;hina mikill\u00e1tu&#8220; \u00ed 1Kor 4.19. \u00deeir \u00fe\u00f3ttust b\u00faa yfir visku \u00e6\u00f0ri og meiri en P\u00e1ll og hinir postularnir. \u00deessi viska var &#8222;gnostismi&#8220; (af gr\u00edska or\u00f0inu &#8222;gn\u00f3sis&#8220; sem \u00fe\u00fd\u00f0ir \u00feekking). Gnost\u00edkar a\u00f0hylltust \u00fdmsar tr\u00faar- og heimspekikenningar hins gr\u00edska menningarsv\u00e6\u00f0is. \u00deeir h\u00e9ldu \u00fev\u00ed fram, a\u00f0 l\u00edkaminn og hi\u00f0 efnislega v\u00e6ri illt, en speki andans g\u00f3\u00f0. \u00deeir s\u00f6g\u00f0u a\u00f0 menn eignu\u00f0ust samf\u00e9lag vi\u00f0 Gu\u00f0 ef \u00feeir hef\u00f0u \u00ed hei\u00f0ri \u00e1kve\u00f0in, andleg sannindi. \u00deeir ger\u00f0u l\u00edti\u00f0 \u00far krossi Krists af \u00fev\u00ed a\u00f0 \u00feeir t\u00f6ldu a\u00f0 Gu\u00f0 gripi seint til svo jar\u00f0bundins, \u00e1\u00fereifanlegs hlutar til \u00feess a\u00f0 f\u00e6ra m\u00f6nnum frelsun.<\/p>\n<p><strong>11.7 <\/strong><em>bo\u00f0a\u00f0i ykkur fagna\u00f0arerindi\u00f0 \u00f3keypis: <\/em>P\u00e1ll \u00e6tla\u00f0ist ekki til launa fyrir kennslu s\u00edna og pr\u00e9dikun (1Kor 9.1-23). \u00dear af lei\u00f0andi var hann upp \u00e1 framl\u00f6g fr\u00e1 \u00f6\u00f0rum s\u00f6fnu\u00f0um kominn, \u00e1 me\u00f0an hann dvaldi \u00ed Korintu (11.8,9).<\/p>\n<p><strong>11.14 <\/strong><em>Satan sj\u00e1lfur tekur \u00e1 sig lj\u00f3sengilsmynd: <\/em>Sj\u00e1athugagrein vi\u00f0 4.4. \u00cd einu riti Gy\u00f0inga (sem ekki er \u00ed Bibl\u00edunni) eru samverkamenn Satans nefndir &#8222;lj\u00f3senglar.&#8220;<\/p>\n<p><strong>11.15 <\/strong><em>\u00fej\u00f3nar hans: <\/em>Falspostularnir, sem nefndir eru \u00ed 11.13.<\/p>\n<p><strong>11.20 <\/strong><em>einhver hneppi ykkur \u00ed \u00e1nau\u00f0: <\/em>P\u00e1ll gr\u00edpur til l\u00edkingam\u00e1ls. Hann \u00e1 ekki vi\u00f0 \u00fea\u00f0, a\u00f0 Korintumenn s\u00e9u \u00fer\u00e6lar \u00ed \u00feess or\u00f0s venjulegu merkingu, heldur hafi \u00feeir a\u00f0hyllst falspostula og bo\u00f0skap \u00feeirra. \u00deeim peningum var illa vari\u00f0, sem greiddir voru falskennurum.<\/p>\n<p><strong>11.22\u00a0<\/strong><em>Hebrear&#8230;Abrahams ni\u00f0jar: <\/em>Falspostularnir voru Gy\u00f0ingar eins og P\u00e1ll. Hann efast ekki um, a\u00f0 me\u00f0al \u00feegna hins n\u00fdja Gu\u00f0s l\u00fd\u00f0s s\u00e9 og f\u00f3lk af \u00cdsraels\u00fej\u00f3\u00f0. \u00cd \u00feennan t\u00edma veltu margir h\u00f3par manna \u00fev\u00ed fyrir s\u00e9r hver v\u00e6ri me\u00f0 sanni l\u00fd\u00f0ur Gu\u00f0s. P\u00e1ll er \u00ed engum vafa um svari\u00f0: \u00dea\u00f0 eru l\u00e6risveinar Jes\u00fa Krists.<\/p>\n<p><strong>11.24,25 <\/strong><em>h\u00f6ggin \u00ferj\u00e1t\u00edu og n\u00edu&#8230;be\u00f0i\u00f0 skipbrot: <\/em>\u00d6fugt vi\u00f0 falspostulana, sem h\u00f6f\u00f0u gert s\u00e9r l\u00edti\u00f0 fyrir og slegi\u00f0 suma Korintumenn \u00ed andliti\u00f0, haf\u00f0i P\u00e1ll sj\u00e1lfur \u00fer\u00e1faldlega m\u00e1tt \u00feola ofbeldi og barsm\u00ed\u00f0ar (Post 14.9; 16.22). \u00cd M\u00f3sel\u00f6gum var kve\u00f0i\u00f0 svo \u00e1, a\u00f0 engan mann skyldi h\u00fd\u00f0a fleiri en fj\u00f6rut\u00edu vandarh\u00f6ggum (5M\u00f3s 25.3). \u00cd 27. kap\u00edtula Postulas\u00f6gunni segir fr\u00e1 \u00fev\u00ed er P\u00e1ll bei\u00f0 eitt \u00feessara \u00feriggja skipbrota.<\/p>\n<p><strong>11.32,33\u00a0<\/strong><em>\u00cd Damaskus setti landsh\u00f6f\u00f0ingi Areta konungs v\u00f6r\u00f0 um borgina: <\/em>\u00cd Post 9.23-25 er \u00fev\u00ed l\u00fdst, er P\u00e1ll slapp \u00e1 brott fr\u00e1 Damaskus. P\u00e1ll haf\u00f0i \u00e1\u00f0ur fari\u00f0 til Damaskus og ofs\u00f3tt \u00fear l\u00e6risveina Krists Sj\u00e1 og Post 9.1-19.<\/p>\n","protected":false},"excerpt":{"rendered":"<p>11.2 hreina mey: Me\u00f0al b\u00e6\u00f0i Gy\u00f0inga og Grikkja var br\u00fa\u00f0ur <a href=\"https:\/\/biblian.is\/fraedsla\/ritskyring\/sidara-korintubref-11-kafli\/\"> [&#8230;]<\/a><\/p>\n","protected":false},"author":1,"featured_media":0,"parent":4829,"menu_order":0,"comment_status":"closed","ping_status":"closed","template":"","meta":{"footnotes":""},"class_list":["post-5540","page","type-page","status-publish","hentry"],"_links":{"self":[{"href":"https:\/\/biblian.is\/fraedsla\/wp-json\/wp\/v2\/pages\/5540","targetHints":{"allow":["GET"]}}],"collection":[{"href":"https:\/\/biblian.is\/fraedsla\/wp-json\/wp\/v2\/pages"}],"about":[{"href":"https:\/\/biblian.is\/fraedsla\/wp-json\/wp\/v2\/types\/page"}],"author":[{"embeddable":true,"href":"https:\/\/biblian.is\/fraedsla\/wp-json\/wp\/v2\/users\/1"}],"replies":[{"embeddable":true,"href":"https:\/\/biblian.is\/fraedsla\/wp-json\/wp\/v2\/comments?post=5540"}],"version-history":[{"count":0,"href":"https:\/\/biblian.is\/fraedsla\/wp-json\/wp\/v2\/pages\/5540\/revisions"}],"up":[{"embeddable":true,"href":"https:\/\/biblian.is\/fraedsla\/wp-json\/wp\/v2\/pages\/4829"}],"wp:attachment":[{"href":"https:\/\/biblian.is\/fraedsla\/wp-json\/wp\/v2\/media?parent=5540"}],"curies":[{"name":"wp","href":"https:\/\/api.w.org\/{rel}","templated":true}]}}