{"id":5538,"date":"2019-06-15T04:14:16","date_gmt":"2019-06-15T04:14:16","guid":{"rendered":"https:\/\/biblian.is\/fraedsla\/?page_id=5538"},"modified":"2025-06-27T02:05:55","modified_gmt":"2025-06-27T02:05:55","slug":"sidara-korintubref-10-kafli","status":"publish","type":"page","link":"https:\/\/biblian.is\/fraedsla\/ritskyring\/sidara-korintubref-10-kafli\/","title":{"rendered":"S\u00ed\u00f0ara Korintubr\u00e9f 10. kafli"},"content":{"rendered":"<h3>P\u00e1ll heldur fast fram postulad\u00f3mi s\u00ednum.<\/h3>\n<p>H\u00e9r verst P\u00e1ll \u00e1r\u00e1sum m\u00f3tst\u00f6\u00f0umanna sinna \u00ed Korintu. Hann minnir \u00fe\u00e1 \u00e1, a\u00f0 hann hafi \u00fej\u00e1\u00f0st vegna fagna\u00f0arerindisins og hloti\u00f0 vitranir fr\u00e1 Gu\u00f0i. Hann sn\u00fdst gegn falspostulum, sem hafa st\u00e6rt sig af eigin opinberunum, en n\u00ed\u00f0st um lei\u00f0 \u00e1 Korintum\u00f6nnum.<\/p>\n<p><strong>10.2 <\/strong><em>stj\u00f3rnast af mannlegum hv\u00f6tum: <\/em>Sumir b\u00e1ru P\u00e1li \u00fea\u00f0 \u00e1 br\u00fdn, a\u00f0 hann v\u00e6ri ekkert nema bl\u00ed\u00f0m\u00e6lin framan \u00ed menn, en allur annar \u00e1 bak (10.1). A\u00f0rir n\u00fa\u00f0u honum \u00fev\u00ed um nasir, a\u00f0 hann og samverkamenn hans l\u00e9tu stj\u00f3rnast af mannlegum hv\u00f6tum, \u00fe.e. heg\u00f0u\u00f0u s\u00e9r a\u00f0 h\u00e6tti heimsins. &#8222;Heimurinn&#8220; hj\u00e1 P\u00e1li merkir menn og m\u00e1lefni \u00ed andst\u00f6\u00f0u vi\u00f0 Drottin Gu\u00f0 (R\u00f3m 12.2; Gal 4.3; 1Kor 6.14).<\/p>\n<p><strong>10.4 <\/strong><em>vopn Gu\u00f0s: <\/em>H\u00e9r \u00e1 P\u00e1ll vi\u00f0 kraft heilags anda. \u00dea\u00f0 er hann sem eflir P\u00e1l og a\u00f0ra postula til or\u00f0a og verka, er sannf\u00e6ra menn um a\u00f0 fagna\u00f0arerindi\u00f0 um Jes\u00fa s\u00e9 sannleikur.<\/p>\n<p><strong>10.10 <\/strong><em>Br\u00e9fin&#8230;eru \u00feung og str\u00f6ng: <\/em>\u00cd einu \u00feeirra br\u00e9fa, sem P\u00e1ll rita\u00f0i Korintum\u00f6nnum, mun hann hafa veri\u00f0 \u00e6\u00f0i har\u00f0or\u00f0ur og \u00fea\u00f0 svo, a\u00f0 sumu safna\u00f0arf\u00f3lki \u00fe\u00f3tti vi\u00f0 hann. Anna\u00f0 hvort hefur \u00feetta veri\u00f0 br\u00e9fi\u00f0 sem um r\u00e6\u00f0ir \u00ed 1Kor 5.9 e\u00f0a \u00fe\u00e1 br\u00e9fi\u00f0 sem minnst er \u00e1 \u00ed 2Kor 2.1-4. Einhverjir munu hafa haft \u00e1 or\u00f0i, a\u00f0 P\u00e1ll v\u00e6ri \u00f3\u00e1heyrilegur r\u00e6\u00f0uma\u00f0ur. \u00cd 1Kor 2.3 vi\u00f0urkennir P\u00e1ll a\u00f0 hann hafi veri\u00f0 haldinn &#8222;\u00f3tta og mikilli angist&#8220; fyrst \u00feegar hann heims\u00f3tti Korintumenn.<\/p>\n<p><strong>10.15\u00a0<\/strong><em>\u00e9g miklast ekki: <\/em>Bers\u00fdnilega hafa einhverjir m\u00f3tst\u00f6\u00f0umanna P\u00e1ls eigna\u00f0 s\u00e9r sj\u00e1lfum bo\u00f0skapinn \u00ed sta\u00f0inn fyrir a\u00f0 l\u00e1ta P\u00e1l nj\u00f3ta sannm\u00e6lis ellegar gefa Gu\u00f0i d\u00fdr\u00f0ina.<\/p>\n","protected":false},"excerpt":{"rendered":"<p>P\u00e1ll heldur fast fram postulad\u00f3mi s\u00ednum. H\u00e9r verst P\u00e1ll \u00e1r\u00e1sum <a href=\"https:\/\/biblian.is\/fraedsla\/ritskyring\/sidara-korintubref-10-kafli\/\"> [&#8230;]<\/a><\/p>\n","protected":false},"author":1,"featured_media":0,"parent":4829,"menu_order":0,"comment_status":"closed","ping_status":"closed","template":"","meta":{"footnotes":""},"class_list":["post-5538","page","type-page","status-publish","hentry"],"_links":{"self":[{"href":"https:\/\/biblian.is\/fraedsla\/wp-json\/wp\/v2\/pages\/5538","targetHints":{"allow":["GET"]}}],"collection":[{"href":"https:\/\/biblian.is\/fraedsla\/wp-json\/wp\/v2\/pages"}],"about":[{"href":"https:\/\/biblian.is\/fraedsla\/wp-json\/wp\/v2\/types\/page"}],"author":[{"embeddable":true,"href":"https:\/\/biblian.is\/fraedsla\/wp-json\/wp\/v2\/users\/1"}],"replies":[{"embeddable":true,"href":"https:\/\/biblian.is\/fraedsla\/wp-json\/wp\/v2\/comments?post=5538"}],"version-history":[{"count":0,"href":"https:\/\/biblian.is\/fraedsla\/wp-json\/wp\/v2\/pages\/5538\/revisions"}],"up":[{"embeddable":true,"href":"https:\/\/biblian.is\/fraedsla\/wp-json\/wp\/v2\/pages\/4829"}],"wp:attachment":[{"href":"https:\/\/biblian.is\/fraedsla\/wp-json\/wp\/v2\/media?parent=5538"}],"curies":[{"name":"wp","href":"https:\/\/api.w.org\/{rel}","templated":true}]}}