{"id":5533,"date":"2019-06-15T04:12:26","date_gmt":"2019-06-15T04:12:26","guid":{"rendered":"https:\/\/biblian.is\/fraedsla\/?page_id=5533"},"modified":"2025-06-27T02:05:56","modified_gmt":"2025-06-27T02:05:56","slug":"sidara-korintubref-8-kafli","status":"publish","type":"page","link":"https:\/\/biblian.is\/fraedsla\/ritskyring\/sidara-korintubref-8-kafli\/","title":{"rendered":"S\u00ed\u00f0ara Korintubr\u00e9f 8. kafli"},"content":{"rendered":"<p><strong>8.1\u00a0<\/strong><em>s\u00f6fnu\u00f0unum \u00ed Maked\u00f3n\u00edu: <\/em>S\u00f6fnu\u00f0unum, sem P\u00e1ll haf\u00f0i komi\u00f0 \u00e1 f\u00f3t \u00ed Filipp\u00ed, \u00deessal\u00f3n\u00edku og ef til vill Beroju (Post 16.12-17.13).<\/p>\n<p><strong>8.2\u00a0<\/strong><em>\u00ferengingar sem \u00feeir hafa or\u00f0i\u00f0 fyrir: <\/em>\u00deessu andstreymi er ekki l\u00fdst n\u00e1nar, \u00fe\u00f3tt P\u00e1ll nefni \u00fea\u00f0 \u00ed \u00f6\u00f0rum br\u00e9fum s\u00ednum einnig (Fil 1.29,30; 1\u00deess 1.6; 2.14; 3.3,4).<\/p>\n<p><strong>8.4\u00a0<\/strong><em>samskotum til hinna heil\u00f6gu: <\/em>Fj\u00e1rstu\u00f0ningur vi\u00f0 l\u00e6risveina Jes\u00fa \u00ed Jer\u00fasalem. \u00deessir &#8222;heil\u00f6gu&#8220; bjuggu vi\u00f0 vanefni og skorti f\u00e9 til \u00feess a\u00f0 standa undir starfi s\u00ednu. \u00dev\u00ed var leita\u00f0 til tr\u00fabr\u00e6\u00f0ra og systra \u00ed \u00f6\u00f0rum l\u00f6ndum um a\u00f0sto\u00f0. \u00deessi samskot eru nefnd v\u00ed\u00f0ar (1Kor 16.1-3,15; R\u00f3m 15.25,26,31; 2Kor 9).<\/p>\n<p><strong>8.6 <\/strong><em>T\u00edtus: <\/em>T\u00edtus var n\u00e1inn samstarfsma\u00f0ur P\u00e1ls, hei\u00f0in-kristinn. Hann haf\u00f0i fylgt P\u00e1li \u00e1 fer\u00f0 hans til Jer\u00fasalem (Gal 2.1-3). Sj\u00e1 og 2.13 og athugagrein vi\u00f0 7.6.<\/p>\n<p><strong>8.14\u00a0<\/strong><em>gn\u00e6g\u00f0 ykkar: <\/em>L\u00e6risveinar Jes\u00fa, kristnir menn \u00ed Korintu, voru st\u00f6ndugri en ger\u00f0ist \u00ed sumum s\u00f6fnu\u00f0um \u00f6\u00f0rum. P\u00e1ll hvetur \u00fe\u00e1 til \u00feess a\u00f0 gefa sem \u00fev\u00ed nemur rausnarlegar, svo a\u00f0 &#8222;j\u00f6fnu\u00f0ur ver\u00f0i.&#8220;<\/p>\n<p><strong>8.15\u00a0<\/strong><em>S\u00e1 sem miklu safna\u00f0i: <\/em>H\u00e9r vitnar P\u00e1ll \u00ed 2M\u00f3s 16.17,18 \u00fear sem segir fr\u00e1 \u00fev\u00ed, \u00feegar \u00cdsraelsmenn s\u00f6fnu\u00f0u manna (himnabrau\u00f0i) \u00ed ey\u00f0im\u00f6rkinni.<\/p>\n<p><strong>8.18 <\/strong><em>\u00feann br\u00f3\u00f0ur sem or\u00f0 fer af: <\/em>\u00d3nefndur ma\u00f0ur, sem geti\u00f0 haf\u00f0i s\u00e9r gott or\u00f0 fyrir a\u00f0 \u00fatbrei\u00f0a fagna\u00f0arerindi\u00f0 og hvetja s\u00f6fnu\u00f0i til \u00feess a\u00f0 l\u00e1ta myndarlega af hendi rakna til fj\u00e1rs\u00f6fnunar T\u00edtusar.<\/p>\n<p><strong>8.19 <\/strong><em>s\u00f6fnu\u00f0urinn: <\/em>Gr\u00edska or\u00f0i\u00f0 yfir &#8222;s\u00f6fnu\u00f0ur&#8220; (kirkja) er<em>ekkles\u00eda. <\/em>\u00dea\u00f0 var haft um hvers konar sams\u00f6fnu\u00f0 f\u00f3lks. Or\u00f0i\u00f0 &#8222;kirkja&#8220; getur \u00e1tt vi\u00f0 alla l\u00e6risveina Krists hvar sem \u00feeir eru, en l\u00edka einstakan s\u00f6fnu\u00f0, eins og h\u00e9r, \u2013 og svo kirkjubyggingu. Sj\u00e1 og &#8222;<a href=\"https:\/\/biblian.is\/fraedsla\/ordtakasafn\/kirkjan\/\">Kirkja<\/a>&#8222;.<\/p>\n<p><strong>\u00a08.22\u00a0<\/strong><em>sendi \u00e9g annan br\u00f3\u00f0ur: <\/em>\u00deetta er \u00f3\u00feekktur l\u00e6risveinn, sendur af s\u00f6fnu\u00f0unum og hefur noti\u00f0 vir\u00f0ingar (8.24). P\u00e1ll hvatti Korintumenn til \u00feess a\u00f0 l\u00e1ta \u00e1sannast \u00fea\u00f0 g\u00f3\u00f0a or\u00f0 sem af \u00feeim f\u00e6ri me\u00f0 \u00fev\u00ed a\u00f0 koma vel fram vi\u00f0 l\u00e6risveinana tvo.<\/p>\n","protected":false},"excerpt":{"rendered":"<p>8.1\u00a0s\u00f6fnu\u00f0unum \u00ed Maked\u00f3n\u00edu: S\u00f6fnu\u00f0unum, sem P\u00e1ll haf\u00f0i komi\u00f0 \u00e1 f\u00f3t <a href=\"https:\/\/biblian.is\/fraedsla\/ritskyring\/sidara-korintubref-8-kafli\/\"> [&#8230;]<\/a><\/p>\n","protected":false},"author":1,"featured_media":0,"parent":4829,"menu_order":0,"comment_status":"closed","ping_status":"closed","template":"","meta":{"footnotes":""},"class_list":["post-5533","page","type-page","status-publish","hentry"],"_links":{"self":[{"href":"https:\/\/biblian.is\/fraedsla\/wp-json\/wp\/v2\/pages\/5533","targetHints":{"allow":["GET"]}}],"collection":[{"href":"https:\/\/biblian.is\/fraedsla\/wp-json\/wp\/v2\/pages"}],"about":[{"href":"https:\/\/biblian.is\/fraedsla\/wp-json\/wp\/v2\/types\/page"}],"author":[{"embeddable":true,"href":"https:\/\/biblian.is\/fraedsla\/wp-json\/wp\/v2\/users\/1"}],"replies":[{"embeddable":true,"href":"https:\/\/biblian.is\/fraedsla\/wp-json\/wp\/v2\/comments?post=5533"}],"version-history":[{"count":0,"href":"https:\/\/biblian.is\/fraedsla\/wp-json\/wp\/v2\/pages\/5533\/revisions"}],"up":[{"embeddable":true,"href":"https:\/\/biblian.is\/fraedsla\/wp-json\/wp\/v2\/pages\/4829"}],"wp:attachment":[{"href":"https:\/\/biblian.is\/fraedsla\/wp-json\/wp\/v2\/media?parent=5533"}],"curies":[{"name":"wp","href":"https:\/\/api.w.org\/{rel}","templated":true}]}}