{"id":5524,"date":"2019-06-15T04:08:00","date_gmt":"2019-06-15T04:08:00","guid":{"rendered":"https:\/\/biblian.is\/fraedsla\/?page_id=5524"},"modified":"2025-06-27T02:05:56","modified_gmt":"2025-06-27T02:05:56","slug":"sidara-korintubref-6-kafli","status":"publish","type":"page","link":"https:\/\/biblian.is\/fraedsla\/ritskyring\/sidara-korintubref-6-kafli\/","title":{"rendered":"S\u00ed\u00f0ara Korintubr\u00e9f 6. kafli"},"content":{"rendered":"<p><strong>6.2 <\/strong><em>hj\u00e1lpa\u00f0i \u00e9g \u00fe\u00e9r: <\/em>Sj\u00e1 athugagrein vi\u00f0 1.6 (frelsist).<\/p>\n<p><strong>6.3-7 <\/strong><em>tilefni til \u00e1steytingar&#8230;me\u00f0 or\u00f0i sannleikans: <\/em>P\u00e1ll minnir Korintumenn \u00e1, a\u00f0 b\u00e6\u00f0i hann og samverkamenn hans hafi lagt hart a\u00f0 s\u00e9r og vilja\u00f0 fyrir alla muni for\u00f0ast hvers konar \u00e1rekstra vi\u00f0 menn (1.22,23; 2.17; 1Kor 9.1-23). Sj\u00e1 og athugagrein vi\u00f0 1.8. P\u00e1ll sta\u00f0h\u00e6fir, a\u00f0 kenning hans um Jes\u00fa s\u00e9 r\u00e9tt, \u00fe\u00f3tt sumir safna\u00f0armenn \u00ed Korintu hafi reynt a\u00f0 telja m\u00f6nnum tr\u00fa um hi\u00f0 gagnst\u00e6\u00f0a (1Kor 2.10-12; 2Kor 10.1-13; 11.4-15; 12.11).<\/p>\n<p><strong>6.10 <\/strong><em>au\u00f0ga \u00fe\u00f3 marga&#8230;\u00e1 \u00fe\u00f3 allt: <\/em>P\u00e1ll \u00e1 vi\u00f0 r\u00edkid\u00e6mi fagna\u00f0arerindisins um Jes\u00fa, en ekki jar\u00f0neskar eigur e\u00f0a b\u00faskaparleg g\u00e6\u00f0i. \u00deeir sem \u00e1 Jes\u00fa tr\u00faa eiga fj\u00e1rsj\u00f3\u00f0, sem ekki ver\u00f0ur komist h\u00f6ndum undir \u00ed \u00feessum heimi.<\/p>\n<p><strong>6.14 <\/strong><em>Dragi\u00f0 ekki ok me\u00f0 vantr\u00fau\u00f0um: <\/em>Hafi\u00f0 ekkert saman vi\u00f0 \u00fe\u00e1 a\u00f0 s\u00e6lda, sem ekki tr\u00faa \u00e1 Jes\u00fa. Margar freistingar herju\u00f0u \u00e1 Korintumenn. Vafalaust hafa \u00feeir \u00e1tt vini og kunningja, sem ekki tr\u00fa\u00f0u \u00e1 Jes\u00fa og \u00e6tlu\u00f0ust til \u00feess af l\u00e6risveinum hans a\u00f0 \u00feeir h\u00e9ldu \u00e1fram a\u00f0 lifa og heg\u00f0a s\u00e9r eins og \u00feeir h\u00f6f\u00f0u gert \u00e1\u00f0ur en \u00feeir komust til tr\u00faar (6.16).<\/p>\n<p><strong>6.14\u00a0<\/strong><em>lj\u00f3si og myrkri: <\/em>Sj\u00e1 athugagrein vi\u00f0 4.4. \u00cd Bibl\u00edunni t\u00e1knar &#8222;myrkur&#8220; kv\u00f6l og \u00fej\u00e1ningu (Slm 107.10) e\u00f0a heimsku og r\u00e1\u00f0leysi (Pr\u00e9d 2.14). Andst\u00e6\u00f0ingar Gu\u00f0s eru kalla\u00f0ir &#8222;heimsdrottnar \u00feessa myrkurs&#8220; (Ef 6.12).<\/p>\n<p><strong>6.15 <\/strong><em>Bel\u00edar: <\/em>Hebreskt or\u00f0, sem merkir &#8222;einskis n\u00fdtur.&#8220; Anna\u00f0 nafn \u00e1 Satan.<\/p>\n<p><strong>6.16 <\/strong><em>skur\u00f0go\u00f0? Vi\u00f0 erum musteri lifanda Gu\u00f0s: <\/em>\u00deeir sem d\u00fdrka skur\u00f0go\u00f0 eru \u00ed myrkri og vinir Satans (6.14,15). Sumum \u00edb\u00faum Korintu hefur v\u00edsast veri\u00f0 bo\u00f0i\u00f0 a\u00f0 taka \u00fe\u00e1tt \u00ed h\u00e1t\u00ed\u00f0ah\u00f6ldum hei\u00f0ingja. \u00dear kunna a\u00f0 hafa veri\u00f0 \u00e1 bor\u00f0 bornir r\u00e9ttir \u00far kj\u00f6ti sem f\u00f3rna\u00f0 haf\u00f0i veri\u00f0 skur\u00f0go\u00f0um. Vi\u00f0staddir g\u00e1tu me\u00f0 \u00feessu bo\u00f0i\u00f0 freistingum heim og \u00feeir vanvirtu Drottin. Er \u00feeir \u00e1tu og drukku m\u00e1tti leggja \u00fea\u00f0 \u00feannig \u00fat, a\u00f0 \u00feeir tilb\u00e6\u00f0u skur\u00f0go\u00f0in, sem matf\u00f6ngunum haf\u00f0i veri\u00f0 f\u00f3rna\u00f0. Sj\u00e1 og 1Kor 8.1-12; 10.1-22.<\/p>\n<p>P\u00e1llkva\u00f0 anda Gu\u00f0s b\u00faa \u00ed hverjum l\u00e6risveini Jes\u00fa og v\u00e6ri \u00fev\u00ed l\u00edkami kristins manns eins og musteri (1Kor 3.16). L\u00e6risveinarnir skyldu \u00fev\u00ed l\u00e1ta \u00f3gert a\u00f0 tilbi\u00f0ja skur\u00f0go\u00f0, enda hef\u00f0i sl\u00edkt \u00f3hreinleika \u00ed f\u00f6r me\u00f0 s\u00e9r.<\/p>\n<h3>Brot \u00far \u00f6\u00f0ru br\u00e9fi<\/h3>\n<p>Allt \u00ed einu er l\u00edkt og br\u00e9fritarinn missi ni\u00f0ur \u00fer\u00e1\u00f0inn \u00e1 milli 6.14 og 7.1. Sumir fr\u00e6\u00f0imenn hafa \u00fev\u00ed l\u00e1ti\u00f0 s\u00e9r til hugar koma, a\u00f0 h\u00e9r s\u00e9 um brot \u00far \u00f6\u00f0ru br\u00e9fi a\u00f0 r\u00e6\u00f0a. N\u00fa er viki\u00f0 a\u00f0 skur\u00f0go\u00f0um og tala\u00f0 um hve mikilv\u00e6gt s\u00e9 a\u00f0 for\u00f0ast a\u00f0 saurga sig hvort heldur er \u00e1 l\u00edkama e\u00f0a s\u00e1l. \u00deetta minnir \u00e1 \u00fea\u00f0 sem P\u00e1ll segir \u00ed 1Kor 8.1-13.<\/p>\n","protected":false},"excerpt":{"rendered":"<p>6.2 hj\u00e1lpa\u00f0i \u00e9g \u00fe\u00e9r: Sj\u00e1 athugagrein vi\u00f0 1.6 (frelsist). 6.3-7 <a href=\"https:\/\/biblian.is\/fraedsla\/ritskyring\/sidara-korintubref-6-kafli\/\"> [&#8230;]<\/a><\/p>\n","protected":false},"author":1,"featured_media":0,"parent":4829,"menu_order":0,"comment_status":"closed","ping_status":"closed","template":"","meta":{"footnotes":""},"class_list":["post-5524","page","type-page","status-publish","hentry"],"_links":{"self":[{"href":"https:\/\/biblian.is\/fraedsla\/wp-json\/wp\/v2\/pages\/5524","targetHints":{"allow":["GET"]}}],"collection":[{"href":"https:\/\/biblian.is\/fraedsla\/wp-json\/wp\/v2\/pages"}],"about":[{"href":"https:\/\/biblian.is\/fraedsla\/wp-json\/wp\/v2\/types\/page"}],"author":[{"embeddable":true,"href":"https:\/\/biblian.is\/fraedsla\/wp-json\/wp\/v2\/users\/1"}],"replies":[{"embeddable":true,"href":"https:\/\/biblian.is\/fraedsla\/wp-json\/wp\/v2\/comments?post=5524"}],"version-history":[{"count":0,"href":"https:\/\/biblian.is\/fraedsla\/wp-json\/wp\/v2\/pages\/5524\/revisions"}],"up":[{"embeddable":true,"href":"https:\/\/biblian.is\/fraedsla\/wp-json\/wp\/v2\/pages\/4829"}],"wp:attachment":[{"href":"https:\/\/biblian.is\/fraedsla\/wp-json\/wp\/v2\/media?parent=5524"}],"curies":[{"name":"wp","href":"https:\/\/api.w.org\/{rel}","templated":true}]}}