{"id":5522,"date":"2019-06-15T04:05:17","date_gmt":"2019-06-15T04:05:17","guid":{"rendered":"https:\/\/biblian.is\/fraedsla\/?page_id=5522"},"modified":"2025-06-27T02:05:56","modified_gmt":"2025-06-27T02:05:56","slug":"sidara-korintubref-5-kafli","status":"publish","type":"page","link":"https:\/\/biblian.is\/fraedsla\/ritskyring\/sidara-korintubref-5-kafli\/","title":{"rendered":"S\u00ed\u00f0ara Korintubr\u00e9f 5. kafli"},"content":{"rendered":"<p><strong>5.1 <\/strong><em>jar\u00f0nesk tjaldb\u00fa\u00f0 okkar: <\/em>L\u00edfi mannsins \u00ed heiminum er h\u00e9r l\u00edkt vi\u00f0 fer\u00f0alag. L\u00edkamir mannanna eru forgengilegir; \u00feeir tjalda til einnar n\u00e6tur. \u00deegar ma\u00f0urinn deyr og l\u00edkami hans ver\u00f0ur a\u00f0 engu f\u00e6r Gu\u00f0 honum n\u00fdjan, andlega l\u00edkama (1Kor 15).<\/p>\n<p><strong>5.5 <\/strong><em>anda sinn: <\/em>Sj\u00e1 athugagrein vi\u00f0 1.22.<\/p>\n<p><strong>5.12 <\/strong><em>sem hr\u00f3sa s\u00e9r: <\/em>Me\u00f0al Korintumenn voru \u00feeir, sem miklu\u00f0ust af eigin \u00e1g\u00e6ti, en \u00e1felltust P\u00e1l og breiddu \u00fea\u00f0 \u00fat, a\u00f0 hann v\u00e6ri ekki me\u00f0 \u00f6llum mjalla (5.13)<\/p>\n<p><strong>5.14\u00a0<\/strong><em>Ef einn er d\u00e1inn: <\/em>Jes\u00fas d\u00f3 fyrir alla menn. \u00deeir sem tr\u00faa \u00e1 hann eru d\u00e1nir syndinni og hafa eignast n\u00fdtt l\u00edf. Sj\u00e1 og R\u00f3m 5.6-8; 6.3-11.<\/p>\n<p><strong>5.16 <\/strong><em>\u00de\u00f3tt \u00e9g og hafi \u00feekkt Krist sem mann: <\/em>\u00deessi or\u00f0 ber tr\u00falega a\u00f0 skilja svo, a\u00f0 P\u00e1ll var fyrr \u00e1 \u00e1rum me\u00f0al \u00feeirra sem ofs\u00f3ttu l\u00e6risveina Jes\u00fa. Sj\u00e1 Fil 3.6; Post 8.1-3 og 9.1,2.<\/p>\n<p><strong>5.18\u00a0<\/strong><em>Gu\u00f0i, sem s\u00e6tti mig vi\u00f0 sig fyrir Krist og gaf m\u00e9r \u00fej\u00f3nustu s\u00e1ttarger\u00f0arinnar: <\/em>Dau\u00f0i Jes\u00fa m\u00e1\u00f0i \u00fat syndina og kom a\u00f0 n\u00fdju \u00e1 s\u00e1ttum milli Gu\u00f0s og manna. &#8222;S\u00e1ttarger\u00f0&#8220; er stundum \u00fe\u00fdtt me\u00f0 or\u00f0inu &#8222;fri\u00f0ur&#8220;.<\/p>\n","protected":false},"excerpt":{"rendered":"<p>5.1 jar\u00f0nesk tjaldb\u00fa\u00f0 okkar: L\u00edfi mannsins \u00ed heiminum er h\u00e9r <a href=\"https:\/\/biblian.is\/fraedsla\/ritskyring\/sidara-korintubref-5-kafli\/\"> [&#8230;]<\/a><\/p>\n","protected":false},"author":1,"featured_media":0,"parent":4829,"menu_order":0,"comment_status":"closed","ping_status":"closed","template":"","meta":{"footnotes":""},"class_list":["post-5522","page","type-page","status-publish","hentry"],"_links":{"self":[{"href":"https:\/\/biblian.is\/fraedsla\/wp-json\/wp\/v2\/pages\/5522","targetHints":{"allow":["GET"]}}],"collection":[{"href":"https:\/\/biblian.is\/fraedsla\/wp-json\/wp\/v2\/pages"}],"about":[{"href":"https:\/\/biblian.is\/fraedsla\/wp-json\/wp\/v2\/types\/page"}],"author":[{"embeddable":true,"href":"https:\/\/biblian.is\/fraedsla\/wp-json\/wp\/v2\/users\/1"}],"replies":[{"embeddable":true,"href":"https:\/\/biblian.is\/fraedsla\/wp-json\/wp\/v2\/comments?post=5522"}],"version-history":[{"count":0,"href":"https:\/\/biblian.is\/fraedsla\/wp-json\/wp\/v2\/pages\/5522\/revisions"}],"up":[{"embeddable":true,"href":"https:\/\/biblian.is\/fraedsla\/wp-json\/wp\/v2\/pages\/4829"}],"wp:attachment":[{"href":"https:\/\/biblian.is\/fraedsla\/wp-json\/wp\/v2\/media?parent=5522"}],"curies":[{"name":"wp","href":"https:\/\/api.w.org\/{rel}","templated":true}]}}