{"id":5520,"date":"2019-06-15T04:04:23","date_gmt":"2019-06-15T04:04:23","guid":{"rendered":"https:\/\/biblian.is\/fraedsla\/?page_id=5520"},"modified":"2025-06-27T02:05:56","modified_gmt":"2025-06-27T02:05:56","slug":"sidara-korintubref-4-kafli","status":"publish","type":"page","link":"https:\/\/biblian.is\/fraedsla\/ritskyring\/sidara-korintubref-4-kafli\/","title":{"rendered":"S\u00ed\u00f0ara Korintubr\u00e9f 4. kafli"},"content":{"rendered":"<p><strong>4.3 <\/strong><em>\u00feeim einum, sem glatast: <\/em>&#8222;Glata\u00f0ir&#8220; eru \u00feeir, sem ekki tr\u00faa \u00e1 Krist Jes\u00fa. \u00deeim er or\u00f0 krossins heimska (1Kor 1.18). Or\u00f0 krossins er bo\u00f0skapurinn um Jes\u00fa og dau\u00f0a hans \u00e1 krossinum.<\/p>\n<p><strong>4.4\u00a0<\/strong><em>gu\u00f0 \u00feessarar aldar&#8230;lj\u00f3si\u00f0: <\/em>H\u00e9r \u00e1 P\u00e1ll vi\u00f0 Satan. Sj\u00e1 &#8222;Satan&#8220; \u00e1 bls. 945 og athugagrein vi\u00f0 1.12 (mannlegri speki). \u00cd Bibl\u00edunni t\u00e1knar lj\u00f3si\u00f0 Gu\u00f0 og Gu\u00f0s or\u00f0 (Slm 119.105; J\u00f3h 1.4,5; 1J\u00f3h 1.5), og ennfremur f\u00f3lk og vi\u00f0bur\u00f0i, sem opinbera sannleika Gu\u00f0s (Jes 49.6). L\u00e6risveinar Jes\u00fa eru stundum nefndir &#8222;b\u00f6rn lj\u00f3ssins&#8220; (J\u00f3h 12.36; Ef 5.8).<\/p>\n<p><strong>4.7\u00a0<\/strong><em>leirkerum: <\/em>Leirker voru algeng \u00edl\u00e1t \u00e1 d\u00f6gum P\u00e1ls. \u00c1 myndinni er leirker fr\u00e1 Palest\u00ednu fr\u00e1 fyrstu \u00f6ldinni eftir Krists bur\u00f0.<\/p>\n<p><strong>4.13,14\u00a0<\/strong><em>\u00c9g tr\u00fa\u00f0i&#8230;Gu\u00f0, sem vakti upp Drottin Jes\u00fa: <\/em>Sj\u00e1 &#8222;Tr\u00fa&#8220; \u00e1 bls. 1827. P\u00e1ll skrifar h\u00e9r um \u00fea\u00f0, er Drottinn Gu\u00f0 reisti Jes\u00fa upp fr\u00e1 dau\u00f0um \u00e1 \u00feri\u00f0ja degi eftir a\u00f0 hann d\u00f3 \u00e1 krossinum (Matt 28.1-10; Post 2.22-24). Sj\u00e1 og &#8222;<a href=\"https:\/\/biblian.is\/fraedsla\/ordtakasafn\/upprisa\/\">Upprisan<\/a>&#8222;.<\/p>\n<p><strong>4.17\u00a0<\/strong><em>eil\u00edfrar d\u00fdr\u00f0ar: <\/em>H\u00e9r r\u00e6\u00f0ir P\u00e1ll um \u00feann dag \u00ed framt\u00ed\u00f0 \u00feegar Jes\u00fas gefur l\u00e6risveinum s\u00ednum eil\u00edft l\u00edf og n\u00fdja, andlega l\u00edkama (1Kor 15.45-57; R\u00f3m 8.18). Sj\u00e1 og <a href=\"https:\/\/biblian.is\/fraedsla\/ordtakasafn\/eilift-lif\/\">&#8222;Eil\u00edft l\u00edf&#8220;<\/a>.<\/p>\n","protected":false},"excerpt":{"rendered":"<p>4.3 \u00feeim einum, sem glatast: &#8222;Glata\u00f0ir&#8220; eru \u00feeir, sem ekki <a href=\"https:\/\/biblian.is\/fraedsla\/ritskyring\/sidara-korintubref-4-kafli\/\"> [&#8230;]<\/a><\/p>\n","protected":false},"author":1,"featured_media":0,"parent":4829,"menu_order":0,"comment_status":"closed","ping_status":"closed","template":"","meta":{"footnotes":""},"class_list":["post-5520","page","type-page","status-publish","hentry"],"_links":{"self":[{"href":"https:\/\/biblian.is\/fraedsla\/wp-json\/wp\/v2\/pages\/5520","targetHints":{"allow":["GET"]}}],"collection":[{"href":"https:\/\/biblian.is\/fraedsla\/wp-json\/wp\/v2\/pages"}],"about":[{"href":"https:\/\/biblian.is\/fraedsla\/wp-json\/wp\/v2\/types\/page"}],"author":[{"embeddable":true,"href":"https:\/\/biblian.is\/fraedsla\/wp-json\/wp\/v2\/users\/1"}],"replies":[{"embeddable":true,"href":"https:\/\/biblian.is\/fraedsla\/wp-json\/wp\/v2\/comments?post=5520"}],"version-history":[{"count":0,"href":"https:\/\/biblian.is\/fraedsla\/wp-json\/wp\/v2\/pages\/5520\/revisions"}],"up":[{"embeddable":true,"href":"https:\/\/biblian.is\/fraedsla\/wp-json\/wp\/v2\/pages\/4829"}],"wp:attachment":[{"href":"https:\/\/biblian.is\/fraedsla\/wp-json\/wp\/v2\/media?parent=5520"}],"curies":[{"name":"wp","href":"https:\/\/api.w.org\/{rel}","templated":true}]}}