{"id":5518,"date":"2019-06-15T04:03:04","date_gmt":"2019-06-15T04:03:04","guid":{"rendered":"https:\/\/biblian.is\/fraedsla\/?page_id=5518"},"modified":"2025-06-27T02:05:56","modified_gmt":"2025-06-27T02:05:56","slug":"sidara-korintubref-3-kafli","status":"publish","type":"page","link":"https:\/\/biblian.is\/fraedsla\/ritskyring\/sidara-korintubref-3-kafli\/","title":{"rendered":"S\u00ed\u00f0ara Korintubr\u00e9f 3. kafli"},"content":{"rendered":"<p><strong>3.6 <\/strong><em>n\u00fds s\u00e1ttm\u00e1la: <\/em>Jerem\u00eda sp\u00e1ma\u00f0ur bo\u00f0a\u00f0i n\u00fdjan s\u00e1ttm\u00e1la Gu\u00f0s vi\u00f0 l\u00fd\u00f0 sinn (31.31-33). Efni hans er fyrirgefning synda. P\u00e1ll h\u00e9lt \u00fev\u00ed fram, a\u00f0 l\u00f6gm\u00e1li\u00f0 deyddi (R\u00f3m 3.20; 7.8-11). Sj\u00e1 og R\u00f3m 1.16,17; 3.19-26.<\/p>\n<p><strong>3.7 <\/strong><em>L\u00f6gm\u00e1li\u00f0: <\/em>Sj\u00e1\u00a0&#8222;<a href=\"https:\/\/biblian.is\/fraedsla\/ordtakasafn\/mose\/\">M\u00f3se<\/a>&#8222;. \u00deegar M\u00f3se kom ofan af S\u00edna\u00edfjalli st\u00f3\u00f0 lj\u00f3mi Gu\u00f0s d\u00fdr\u00f0ar af andliti hans (2M\u00f3s 34.29-35).<\/p>\n<p><strong>3.9 <\/strong><em>\u00fej\u00f3nustan sem sakfellir: <\/em>H\u00e9r \u00e1 P\u00e1ll vi\u00f0 l\u00f6gm\u00e1l M\u00f3se (sj\u00e1 athugagrein vi\u00f0 6. vers).<\/p>\n<p><strong>3.15,16 <\/strong><em>hv\u00edlir sk\u00fdla yfir hj\u00f6rtum \u00feeirra: <\/em>P\u00e1ll segir, a\u00f0 \u00cdsraelsmenn hafi ekki vita\u00f0, til hvers l\u00f6gm\u00e1l M\u00f3se var. &#8222;Sk\u00fdlan&#8220; ver\u00f0i \u00fev\u00ed a\u00f0eins tekin burt, a\u00f0 menn t\u00falki l\u00f6gm\u00e1li\u00f0 \u00ed lj\u00f3si tr\u00faarinnar \u00e1 Jes\u00fa Krist.<\/p>\n","protected":false},"excerpt":{"rendered":"<p>3.6 n\u00fds s\u00e1ttm\u00e1la: Jerem\u00eda sp\u00e1ma\u00f0ur bo\u00f0a\u00f0i n\u00fdjan s\u00e1ttm\u00e1la Gu\u00f0s vi\u00f0 <a href=\"https:\/\/biblian.is\/fraedsla\/ritskyring\/sidara-korintubref-3-kafli\/\"> [&#8230;]<\/a><\/p>\n","protected":false},"author":1,"featured_media":0,"parent":4829,"menu_order":0,"comment_status":"closed","ping_status":"closed","template":"","meta":{"footnotes":""},"class_list":["post-5518","page","type-page","status-publish","hentry"],"_links":{"self":[{"href":"https:\/\/biblian.is\/fraedsla\/wp-json\/wp\/v2\/pages\/5518","targetHints":{"allow":["GET"]}}],"collection":[{"href":"https:\/\/biblian.is\/fraedsla\/wp-json\/wp\/v2\/pages"}],"about":[{"href":"https:\/\/biblian.is\/fraedsla\/wp-json\/wp\/v2\/types\/page"}],"author":[{"embeddable":true,"href":"https:\/\/biblian.is\/fraedsla\/wp-json\/wp\/v2\/users\/1"}],"replies":[{"embeddable":true,"href":"https:\/\/biblian.is\/fraedsla\/wp-json\/wp\/v2\/comments?post=5518"}],"version-history":[{"count":0,"href":"https:\/\/biblian.is\/fraedsla\/wp-json\/wp\/v2\/pages\/5518\/revisions"}],"up":[{"embeddable":true,"href":"https:\/\/biblian.is\/fraedsla\/wp-json\/wp\/v2\/pages\/4829"}],"wp:attachment":[{"href":"https:\/\/biblian.is\/fraedsla\/wp-json\/wp\/v2\/media?parent=5518"}],"curies":[{"name":"wp","href":"https:\/\/api.w.org\/{rel}","templated":true}]}}