{"id":5516,"date":"2019-06-15T04:02:02","date_gmt":"2019-06-15T04:02:02","guid":{"rendered":"https:\/\/biblian.is\/fraedsla\/?page_id=5516"},"modified":"2025-06-27T02:05:56","modified_gmt":"2025-06-27T02:05:56","slug":"sidara-korintubref-2-kafli","status":"publish","type":"page","link":"https:\/\/biblian.is\/fraedsla\/ritskyring\/sidara-korintubref-2-kafli\/","title":{"rendered":"S\u00ed\u00f0ara Korintubr\u00e9f 2. kafli"},"content":{"rendered":"<p><strong>2.3,4 <\/strong><em>\u00c9g skrifa\u00f0i einmitt \u00feetta&#8230;skrifa\u00f0i \u00e9g ykkur me\u00f0 m\u00f6rgum t\u00e1rum: <\/em>P\u00e1ll vildi ekki koma rei\u00f0ur til Korintumanna, og ekki heldur a\u00f0 \u00feeir hrygg\u00f0ust yfir \u00fev\u00ed sem hann skrifa\u00f0i \u00feeim. En honum hefur s\u00e1rna\u00f0 framfer\u00f0i \u00feeirra.<\/p>\n<p><strong>2.6\u00a0<\/strong><em>L\u00e1ti\u00f0 \u00feeim manni n\u00e6gja \u00fe\u00e1 refsingu: <\/em>Ma\u00f0ur nokkur hefur r\u00e1\u00f0ist gegn P\u00e1li og kenningu hans. Hinir kristnu \u00ed Korintu munu hafa vaki\u00f0 athygli \u00e1 m\u00e1lflutningi hans opinberlega. P\u00e1ll hvetur Korintumenn til \u00feess a\u00f0 fyrirgefa manni \u00feessum.<\/p>\n<p><strong>2.7\u00a0<\/strong><em>\u00e6ttu\u00f0 \u00fei\u00f0 n\u00fa &#8230;a\u00f0 fyrirgefa honum: <\/em>Sj\u00e1 &#8222;<a href=\"https:\/\/biblian.is\/fraedsla\/ordtakasafn\/synd\/\">Synd<\/a>&#8222;.<\/p>\n<p><strong>2.12\u00a0<\/strong><em>\u00e9g kom til Tr\u00f3as: <\/em>Tr\u00f3as var mikil hafnarborg \u00ed Maked\u00f3n\u00edu. Sj\u00e1 Post 16.8; 20.5-12.<\/p>\n<p><strong>2.13 <\/strong><em>T\u00edtus, br\u00f3\u00f0ur minn: <\/em>Sj\u00e1 athugagrein vi\u00f0 8.6.<\/p>\n<p><strong>2.14\u00a0<\/strong><em>eins og \u00feekkan ilm: <\/em>P\u00e1ll l\u00edkir fagna\u00f0arerindinu um Krist vi\u00f0 vellyktandi. Ilmv\u00f6tn voru h\u00f6f\u00f0 \u00ed litlum leirfl\u00f6skum eins og sj\u00e1st h\u00e9r \u00e1 myndinni.<\/p>\n<p><strong>2.17\u00a0<\/strong><em>pranga me\u00f0 Gu\u00f0s or\u00f0: <\/em>\u00de\u00f3tt sj\u00e1lfsagt \u00fe\u00e6tti a\u00f0 s\u00f6fnu\u00f0ir styddu fj\u00e1rhagslega \u00fe\u00e1 sem pr\u00e9diku\u00f0u \u00feeim fagna\u00f0arerindi\u00f0, var ekki \u00fear me\u00f0 sagt a\u00f0 tr\u00fabo\u00f0unum \u00e6tti a\u00f0 haldast uppi a\u00f0 hafa \u00e1heyrendur s\u00edna a\u00f0 f\u00e9\u00fe\u00fafu. Sj\u00e1 og 1Kor 4.9-13; 0.11-18.<\/p>\n","protected":false},"excerpt":{"rendered":"<p>2.3,4 \u00c9g skrifa\u00f0i einmitt \u00feetta&#8230;skrifa\u00f0i \u00e9g ykkur me\u00f0 m\u00f6rgum t\u00e1rum: <a href=\"https:\/\/biblian.is\/fraedsla\/ritskyring\/sidara-korintubref-2-kafli\/\"> [&#8230;]<\/a><\/p>\n","protected":false},"author":1,"featured_media":0,"parent":4829,"menu_order":0,"comment_status":"closed","ping_status":"closed","template":"","meta":{"footnotes":""},"class_list":["post-5516","page","type-page","status-publish","hentry"],"_links":{"self":[{"href":"https:\/\/biblian.is\/fraedsla\/wp-json\/wp\/v2\/pages\/5516","targetHints":{"allow":["GET"]}}],"collection":[{"href":"https:\/\/biblian.is\/fraedsla\/wp-json\/wp\/v2\/pages"}],"about":[{"href":"https:\/\/biblian.is\/fraedsla\/wp-json\/wp\/v2\/types\/page"}],"author":[{"embeddable":true,"href":"https:\/\/biblian.is\/fraedsla\/wp-json\/wp\/v2\/users\/1"}],"replies":[{"embeddable":true,"href":"https:\/\/biblian.is\/fraedsla\/wp-json\/wp\/v2\/comments?post=5516"}],"version-history":[{"count":0,"href":"https:\/\/biblian.is\/fraedsla\/wp-json\/wp\/v2\/pages\/5516\/revisions"}],"up":[{"embeddable":true,"href":"https:\/\/biblian.is\/fraedsla\/wp-json\/wp\/v2\/pages\/4829"}],"wp:attachment":[{"href":"https:\/\/biblian.is\/fraedsla\/wp-json\/wp\/v2\/media?parent=5516"}],"curies":[{"name":"wp","href":"https:\/\/api.w.org\/{rel}","templated":true}]}}