{"id":5514,"date":"2019-06-15T04:00:10","date_gmt":"2019-06-15T04:00:10","guid":{"rendered":"https:\/\/biblian.is\/fraedsla\/?page_id=5514"},"modified":"2025-06-27T02:05:55","modified_gmt":"2025-06-27T02:05:55","slug":"sidara-korintubref-1-kafli","status":"publish","type":"page","link":"https:\/\/biblian.is\/fraedsla\/ritskyring\/sidara-korintubref-1-kafli\/","title":{"rendered":"S\u00ed\u00f0ara Korintubr\u00e9f 1. kafli"},"content":{"rendered":"<h3>Heilsun, b\u00e6nir og \u00feakkir<\/h3>\n<p>P\u00e1ll byrjar br\u00e9f sitt me\u00f0 \u00fev\u00ed a\u00f0 heilsa lesendum s\u00ednum, safna\u00f0arf\u00f3lkinu \u00ed Korintu og Akkeu, og flytur kve\u00f0ju fr\u00e1 T\u00edm\u00f3teusi. \u00dev\u00ed n\u00e6st lofar hann Gu\u00f0 og \u00feakkar honum fyrir a\u00f0 hafa hughreyst sig \u00ed s\u00e9rhverri \u00fer\u00f6ng, svo a\u00f0 hefur geta\u00f0 hughreyst a\u00f0ra \u00ed \u00ferengingum \u00feeirra.<\/p>\n<p><strong>1.1\u00a0<\/strong><em>P\u00e1ll&#8230;postuli Jes\u00fa Krists: <\/em>Sj\u00e1 athugagrein vi\u00f0 1Kor 1.1 og &#8222;<a href=\"https:\/\/biblian.is\/fraedsla\/ordtakasafn\/pall-sal-fra-tarsus\/\">P\u00e1ll (S\u00e1l) fr\u00e1 Tarsus<\/a>&#8222;.<\/p>\n<p><strong>1.1 <\/strong><em>T\u00edm\u00f3teus: <\/em>P\u00e1ll haf\u00f0i sent T\u00edm\u00f3teus til Korintu a\u00f0 fylgja eftir brautry\u00f0jandastarfi s\u00ednu \u00fear a\u00f0 pr\u00e9dikun fagna\u00f0arerindisins (1Kor 4.17; 16.10).<\/p>\n<p><strong>1.2 <\/strong><em>Gu\u00f0 og fa\u00f0ir Drottins vors Jes\u00fa Krists: <\/em>Sj\u00e1 athugagreinar vi\u00f0 1Kor 1.3.<\/p>\n<p><strong>1.3\u00a0<\/strong><em>huggunar: <\/em>Gu\u00f0 veitti P\u00e1li og safna\u00f0arm\u00f6nnum \u00ed Korintu &#8222;huggun&#8220; me\u00f0 \u00fev\u00ed a\u00f0 fylla \u00fe\u00e1 kjarki og von sem ger\u00f0i \u00feeim kleift a\u00f0 horfast \u00ed augu vi\u00f0 \u00fej\u00e1ningar, h\u00e6ttur og jafnvel dau\u00f0a.<\/p>\n<p><strong>1.5\u00a0<\/strong><em>\u00fej\u00e1ningum Krists: <\/em>Jes\u00fas lei\u00f0 \u00fej\u00e1ningar og d\u00f3 \u00e1 krossinum (Mrk 8.31; L\u00fak 9.22; 1P\u00e9t 1.11; 4.13; Heb 2.9-11).<\/p>\n<p><strong>1.6 <\/strong><em>frelsist: <\/em>&#8222;A\u00f0 frelsast&#8220; merkir a\u00f0 ma\u00f0urinn &#8222;losnar fr\u00e1 synd og hvers kyns illsku&#8220; vegna \u00feess sem Gu\u00f0 hefur fyrir hann gert og gerir enn. M\u00e1 einnig or\u00f0a svo: &#8222;A\u00f0 \u00f6\u00f0last eil\u00edft l\u00edf.&#8220; Sj\u00e1 og &#8222;<a href=\"https:\/\/biblian.is\/fraedsla\/ordtakasafn\/hjalpraedi\/\">K\u00e6rleikur Gu\u00f0s frelsar (Hj\u00e1lpr\u00e6\u00f0i)<\/a>&#8220; og &#8222;<a href=\"https:\/\/biblian.is\/fraedsla\/ordtakasafn\/eilift-lif\/\">Eil\u00edft l\u00edf<\/a>&#8222;.<\/p>\n<p><strong>1.8 <\/strong><em>\u00ferenging \u00fe\u00e1 sem \u00e9g var\u00f0 fyrir \u00ed As\u00edu: <\/em>As\u00eda h\u00e9t \u00e1 d\u00f6gum P\u00e1ls r\u00f3mverskt skattland \u00ed su\u00f0vesturhluta \u00feess landsv\u00e6\u00f0is \u00fear sem n\u00fana er Tyrkland. P\u00e1ll segir ekkert fr\u00e1 \u00fev\u00ed n\u00e1nar hverjar \u00f3gnir hann m\u00e1tti \u00feola \u00ed Efesus, en v\u00edsast hafa \u00fea\u00f0 veri\u00f0 pyndingar og l\u00edfl\u00e1tsh\u00f3tanir (sj\u00e1 og Post 20.17-19).<\/p>\n<h3>P\u00e1l langar til a\u00f0 fri\u00f0m\u00e6last vi\u00f0 m\u00f3tst\u00f6\u00f0umenn s\u00edna.<\/h3>\n<p>P\u00e1li er ofarlega \u00ed huga a\u00f0 semja fri\u00f0 vi\u00f0 \u00f3vildarmenn s\u00edna. \u00de\u00e1 hvetur hann og Korintumenn til \u00feess a\u00f0 fyrirgefa hver \u00f6\u00f0rum. Eftir a\u00f0 hafa \u00fathellt hjarta s\u00ednu l\u00e6tur hann fylgja meginkenningar um hinn n\u00fdja s\u00e1ttm\u00e1la Gu\u00f0s, sem runninn er af r\u00f3tum heilags anda, svo a\u00f0 hver s\u00e1 sem tilheyrir Kristi ver\u00f0ur n\u00fdr ma\u00f0ur. S\u00ed\u00f0an kemur \u00fea\u00f0, sem vel kann a\u00f0 vera &#8222;brot&#8220; af \u00f6\u00f0ru br\u00e9fi (6.14-7.16).<\/p>\n<p><strong>1.12\u00a0<\/strong><em>mannlegri speki: <\/em>P\u00e1ll r\u00e6\u00f0ir h\u00e9r um veraldarvisku, sem gerir l\u00edti\u00f0 \u00far speki Gu\u00f0s. Hann l\u00e9t hins vegar ekki stj\u00f3rnast af hyggju \u00feessa heims, heldur kaus a\u00f0 l\u00e1ta lei\u00f0ast af g\u00e6sku Gu\u00f0s. &#8222;Heimurinn&#8220; var P\u00e1li samnefnari alls \u00feess sem st\u00f3\u00f0 \u00ed gegn Gu\u00f0i (R\u00f3m 12.2; Gal 4.3; 1Kor 6.14). Sj\u00e1 og &#8222;<a href=\"https:\/\/biblian.is\/fraedsla\/ordtakasafn\/spekin\/\">Spekin<\/a>&#8222;.<\/p>\n<p><strong>1.15 <\/strong><em>var \u00fea\u00f0 \u00e1setningur minn a\u00f0 koma&#8230;til ykkar: <\/em>P\u00e1ll haf\u00f0i tvisvar sinnum \u00e1sett s\u00e9r a\u00f0 heims\u00e6kja Korintumenn (1Kor 16.1-9) \u00feegar hann var \u00e1 fer\u00f0inni me\u00f0 samskotaf\u00e9 fr\u00e1 s\u00f6fnu\u00f0um \u00ed Litlu-As\u00edu og Grikklandi. En hann h\u00e6tti vi\u00f0 \u00fea\u00f0 af \u00fev\u00ed a\u00f0 hann vildi s\u00ed\u00f0ur \u00feurfa a\u00f0 snupra \u00fe\u00e1 fyrir l\u00edferni \u00feeirra. (1.23,24).<\/p>\n<p><strong>1.19 <\/strong><em>Sonur Gu\u00f0s: <\/em>Konungstitill \u00ed \u00cdsrael til forna (Slm 2.6-8). P\u00e1ll kallar Jes\u00fa &#8222;son Gu\u00f0s&#8220; og gefur me\u00f0 \u00fev\u00ed til kynna, a\u00f0 Gu\u00f0 hafi \u00fatvali\u00f0 hann til \u00feess a\u00f0 r\u00edkja yfir hinum n\u00fdja \u00cdsrael (heilagri, almennri kirkju). Sj\u00e1 og &#8222;<a href=\"https:\/\/biblian.is\/fraedsla\/ordtakasafn\/guds-sonur\/\">Sonur Gu\u00f0s<\/a>&#8222;.<\/p>\n<p><strong>1.19 <\/strong><em>Silvanus og T\u00edm\u00f3teus: <\/em>Silvanus \u00feessi er tr\u00falega s\u00e1 sem \u00ed Post 5.32 er sag\u00f0ur g\u00e6ddur sp\u00e1d\u00f3msg\u00e1fu. Hann var r\u00f3mverskur borgari eins og P\u00e1ll (Post 16.37). \u00deegar P\u00e1ll og Barnabas skildu a\u00f0 skiptum (Post 15.37-39) sl\u00f3st Silvanus \u00ed f\u00f6r me\u00f0 P\u00e1li. Sj\u00e1 og athugagrein vi\u00f0 1.1 (T\u00edm\u00f3teus).<\/p>\n<p><strong>1.22 <\/strong><em>sett innsigli sitt \u00e1 okkur og gefi\u00f0 okkur anda sinn: <\/em>H\u00e9r \u00e1 P\u00e1ll a\u00f0 sj\u00e1lfs\u00f6g\u00f0u vi\u00f0 heilagan anda. \u00cd 1Kor 12-14 r\u00e6\u00f0ir hann um andag\u00e1furnar, sem heilagur andi gefur \u00feeim sem s\u00e9rstaklega er \u00e6tla\u00f0 er a\u00f0 styrkja l\u00edkama Krists, s\u00f6fnu\u00f0inn. Sj\u00e1 og athugagrein vi\u00f0 1Kor 12.3 (Gu\u00f0s andi) og &#8222;<a href=\"https:\/\/biblian.is\/fraedsla\/ordtakasafn\/heilagur-andi\/\">Heilagur andi<\/a>&#8222;.<\/p>\n<p><strong>1.24\u00a0<\/strong><em>tr\u00fa: <\/em>Sj\u00e1 &#8222;<a href=\"https:\/\/biblian.is\/fraedsla\/ordtakasafn\/tru\/\">Tr\u00fa<\/a>&#8222;.<\/p>\n","protected":false},"excerpt":{"rendered":"<p>Heilsun, b\u00e6nir og \u00feakkir P\u00e1ll byrjar br\u00e9f sitt me\u00f0 \u00fev\u00ed <a href=\"https:\/\/biblian.is\/fraedsla\/ritskyring\/sidara-korintubref-1-kafli\/\"> [&#8230;]<\/a><\/p>\n","protected":false},"author":1,"featured_media":0,"parent":4829,"menu_order":0,"comment_status":"closed","ping_status":"closed","template":"","meta":{"footnotes":""},"class_list":["post-5514","page","type-page","status-publish","hentry"],"_links":{"self":[{"href":"https:\/\/biblian.is\/fraedsla\/wp-json\/wp\/v2\/pages\/5514","targetHints":{"allow":["GET"]}}],"collection":[{"href":"https:\/\/biblian.is\/fraedsla\/wp-json\/wp\/v2\/pages"}],"about":[{"href":"https:\/\/biblian.is\/fraedsla\/wp-json\/wp\/v2\/types\/page"}],"author":[{"embeddable":true,"href":"https:\/\/biblian.is\/fraedsla\/wp-json\/wp\/v2\/users\/1"}],"replies":[{"embeddable":true,"href":"https:\/\/biblian.is\/fraedsla\/wp-json\/wp\/v2\/comments?post=5514"}],"version-history":[{"count":0,"href":"https:\/\/biblian.is\/fraedsla\/wp-json\/wp\/v2\/pages\/5514\/revisions"}],"up":[{"embeddable":true,"href":"https:\/\/biblian.is\/fraedsla\/wp-json\/wp\/v2\/pages\/4829"}],"wp:attachment":[{"href":"https:\/\/biblian.is\/fraedsla\/wp-json\/wp\/v2\/media?parent=5514"}],"curies":[{"name":"wp","href":"https:\/\/api.w.org\/{rel}","templated":true}]}}