{"id":5512,"date":"2019-06-13T21:30:21","date_gmt":"2019-06-13T21:30:21","guid":{"rendered":"https:\/\/biblian.is\/fraedsla\/?page_id=5512"},"modified":"2025-06-27T02:04:25","modified_gmt":"2025-06-27T02:04:25","slug":"romverjabrefid-16-kafli","status":"publish","type":"page","link":"https:\/\/biblian.is\/fraedsla\/ritskyring\/romverjabrefid-16-kafli\/","title":{"rendered":"R\u00f3mverjabr\u00e9fi\u00f0 16. kafli"},"content":{"rendered":"<p><strong>16.1\u00a0<\/strong><em>F\u00f6be&#8230;dj\u00e1kni safna\u00f0arins \u00ed Kenkreu: <\/em>H\u00fan er ekki nefnd annars sta\u00f0ar \u00ed N\u00fdja testamenti. Or\u00f0i\u00f0, sem h\u00e9r er \u00fe\u00fdtt me\u00f0 &#8222;dj\u00e1kni&#8220; getur l\u00edka merkt &#8222;lei\u00f0togi.&#8220; Lj\u00f3st er, a\u00f0 konur gegndu engu s\u00ed\u00f0ur forystuhlutverki \u00ed frumkirkjunni en karlmenn. Kenkrea var hafnarb\u00e6r um 11 km. su\u00f0austur af Korintu.<\/p>\n<p><strong>16.3\u00a0<\/strong><em>Prisku og Akv\u00edlasi: <\/em>\u00deessi hj\u00f3n h\u00f6f\u00f0u \u00e1\u00f0ur \u00e1tt heima \u00ed R\u00f3maborg, en veri\u00f0 v\u00edsa\u00f0 \u00fea\u00f0an brott \u00e1samt \u00f6\u00f0rum Gy\u00f0ingum kringum \u00e1ri\u00f0 49 e. Kr. (sj\u00e1 innganginn a\u00f0 R\u00f3mverjabr\u00e9finu). \u00deau unnu s\u00ed\u00f0ar a\u00f0 tjaldgj\u00f6r\u00f0 me\u00f0 P\u00e1li. Sj\u00e1 og Post 18.18-26; 1Kor 16.19 og 2T\u00edm 4.19.<\/p>\n<p><strong>16.5,6 <\/strong><em>Ep\u00e6netusi&#8230;Mar\u00edu: <\/em>Ep\u00e6netusar er a\u00f0eins geti\u00f0 h\u00e9r og hvergi annars sta\u00f0ar \u00ed N\u00fdjatestamenti. Ekki er vita\u00f0, hvort Mar\u00eda er einhver \u00feeirra kvenna me\u00f0 \u00fev\u00ed nafni, sem fr\u00e1 er sagt \u00ed gu\u00f0spj\u00f6llunum og Postulas\u00f6gunni.<\/p>\n<p><strong>16.7 <\/strong><em>Andr\u00f3n\u00edkusi og J\u00fan\u00edu&#8230;postulanna: <\/em>N\u00f6fn \u00feeirra koma ekki fyrir annars sta\u00f0ar \u00ed N\u00fdja testameni. J\u00fan\u00eda er a\u00f0 l\u00edkindum kvenmannsnafn. Or\u00f0i\u00f0 &#8222;postuli&#8220; er sums sta\u00f0ar \u00ed N\u00fdja testamenti nota\u00f0 \u00ed v\u00ed\u00f0ari merkingu en &#8222;einn hinna t\u00f3lf, sem Jes\u00fas valdi.&#8220; Svo mun og h\u00e9r.<\/p>\n<p><strong>16.8-15\u00a0<\/strong><em>Ampl\u00edatusi&#8230;Olympasi: <\/em>Ekkert \u00feeirra m\u00f6rgu mannanafna sem fyrir koma \u00ed \u00feessum versum eru nefnd annars sta\u00f0ar \u00ed N\u00fdja testamenti. Tryf\u00e6na, Tryf\u00f3sa, Persis, J\u00fal\u00eda og Olympas eru kvenmannsn\u00f6fn og vitna um forystust\u00f6rf kvenna \u00ed frumkirkjunni.<\/p>\n<p><strong>16.20 <\/strong><em>Satan: <\/em>Satan merkir &#8222;andst\u00e6\u00f0ingur.&#8220;<\/p>\n<p><strong>16.21\u00a0<\/strong><em>T\u00edm\u00f3teus: <\/em>Hann var &#8222;sonur tr\u00faa\u00f0rar konu af gy\u00f0inga\u00e6tt, en fa\u00f0ir hans var gr\u00edskur&#8230;P\u00e1ll vildi hafa hann me\u00f0 s\u00e9r og umskar hann s\u00f6kum Gy\u00f0inga,&#8220; eins og segir \u00ed Post 16.1-3.<\/p>\n<p><strong>16.21 <\/strong><em>L\u00fak\u00edus, Jason og S\u00f3s\u00edpater: <\/em>L\u00fak\u00edus einhver er nefndur \u00ed Post 13.1 og nafni\u00f0 Jason kemur fyrir \u00ed Post 17.5-9, en \u00f3v\u00edst er a\u00f0 um s\u00f6mu menn s\u00e9 a\u00f0 r\u00e6\u00f0a og h\u00e9r. Nafni\u00f0 S\u00f3s\u00edpater kann a\u00f0 vera afbrug\u00f0ningur af nafninu S\u00f3pater \u00ed Post 20.4.<\/p>\n<p><strong>16.22\u00a0<\/strong><em>Tert\u00edus: <\/em>Tert\u00edus \u00feessi skrifa\u00f0i upp \u00fea\u00f0, sem P\u00e1ll las honum fyrir. Einhver l\u00edkamlegur annmarki kann a\u00f0 hafa komi\u00f0 \u00ed veg fyrir a\u00f0 P\u00e1ll g\u00e6ti skrifa\u00f0 sj\u00e1lfur. Sj\u00e1 og 2Kor 10.10; 12.7; Gal 4.13-16; 6.11.<\/p>\n<p><strong>16.23-24\u00a0<\/strong><em>Gajus&#8230;Erastus&#8230;Kvartus: <\/em>Nafni\u00f0 Gajus kemur l\u00edka fyrir \u00ed Post 19.29; 20.4; 1Kor 1.14 og 3J\u00f3h 1, en ekki mun um sama mann a\u00f0 r\u00e6\u00f0a \u00ed hverju tilfelli. Erastus og Kvartus eru ekki nefndir annars sta\u00f0ar \u00ed N\u00fdja testamenti. \u00dear sem Erastus var gjaldkeri borgarinnar, bendir \u00fea\u00f0 \u00e1kve\u00f0i\u00f0 til \u00feess a\u00f0 fagna\u00f0arerindi\u00f0 um Jes\u00fa Krist haf\u00f0i um \u00feessar mundir ekki einasta n\u00e1\u00f0 til hinna f\u00e1t\u00e6ku, heldur einnig hinna r\u00edku.<\/p>\n<p><strong>16.25\u00a0<\/strong><em>fagna\u00f0arerindi: <\/em>Sj\u00e1 athugagrein vi\u00f0 1.1 (postuli&#8230;fagna\u00f0arerindi).<\/p>\n<p><strong>16.26\u00a0<\/strong><em>\u00ed sp\u00e1mannlegum ritningum&#8230;a\u00f0 bo\u00f0i Gu\u00f0s kunngj\u00f6r\u00f0ur: <\/em>Sj\u00e1 athugagrein vi\u00f0 1.2 (sp\u00e1menn).<\/p>\n","protected":false},"excerpt":{"rendered":"<p>16.1\u00a0F\u00f6be&#8230;dj\u00e1kni safna\u00f0arins \u00ed Kenkreu: H\u00fan er ekki nefnd annars sta\u00f0ar <a href=\"https:\/\/biblian.is\/fraedsla\/ritskyring\/romverjabrefid-16-kafli\/\"> [&#8230;]<\/a><\/p>\n","protected":false},"author":1,"featured_media":0,"parent":4829,"menu_order":0,"comment_status":"closed","ping_status":"closed","template":"","meta":{"footnotes":""},"class_list":["post-5512","page","type-page","status-publish","hentry"],"_links":{"self":[{"href":"https:\/\/biblian.is\/fraedsla\/wp-json\/wp\/v2\/pages\/5512","targetHints":{"allow":["GET"]}}],"collection":[{"href":"https:\/\/biblian.is\/fraedsla\/wp-json\/wp\/v2\/pages"}],"about":[{"href":"https:\/\/biblian.is\/fraedsla\/wp-json\/wp\/v2\/types\/page"}],"author":[{"embeddable":true,"href":"https:\/\/biblian.is\/fraedsla\/wp-json\/wp\/v2\/users\/1"}],"replies":[{"embeddable":true,"href":"https:\/\/biblian.is\/fraedsla\/wp-json\/wp\/v2\/comments?post=5512"}],"version-history":[{"count":0,"href":"https:\/\/biblian.is\/fraedsla\/wp-json\/wp\/v2\/pages\/5512\/revisions"}],"up":[{"embeddable":true,"href":"https:\/\/biblian.is\/fraedsla\/wp-json\/wp\/v2\/pages\/4829"}],"wp:attachment":[{"href":"https:\/\/biblian.is\/fraedsla\/wp-json\/wp\/v2\/media?parent=5512"}],"curies":[{"name":"wp","href":"https:\/\/api.w.org\/{rel}","templated":true}]}}