{"id":5506,"date":"2019-06-13T21:25:50","date_gmt":"2019-06-13T21:25:50","guid":{"rendered":"https:\/\/biblian.is\/fraedsla\/?page_id=5506"},"modified":"2025-06-27T02:04:24","modified_gmt":"2025-06-27T02:04:24","slug":"romverjabrefid-13-kafli","status":"publish","type":"page","link":"https:\/\/biblian.is\/fraedsla\/ritskyring\/romverjabrefid-13-kafli\/","title":{"rendered":"R\u00f3mverjabr\u00e9fi\u00f0 13. kafli"},"content":{"rendered":"<p><strong>13.1 <\/strong><em>engin v\u00e6ru yfirv\u00f6ld ef Gu\u00f0 g\u00e6fi \u00feau ekki: <\/em>P\u00e1ll var sannf\u00e6r\u00f0ur um a\u00f0 sj\u00e1lfur Gu\u00f0 og enginn annar efldi menn til valda. \u00dev\u00ed snerust \u00feeir, sem \u00f3hl\u00fd\u00f0nu\u00f0ust yfirv\u00f6ldunum, gegn Gu\u00f0i sj\u00e1lfum.<\/p>\n<p><strong>13.3,4\u00a0<\/strong><em>yfirv\u00f6ld&#8230;\u00fej\u00f3na Gu\u00f0i: <\/em>L\u00e6risveinum Jes\u00fa ber a\u00f0 hl\u00fd\u00f0a yfirv\u00f6ldum af \u00fev\u00ed a\u00f0 \u00feau eru \u00fej\u00f3nar Gu\u00f0s. Yfirv\u00f6ldin g\u00e6tu banna\u00f0 l\u00e6risveinunum a\u00f0 koma saman, e\u00f0a jafnvel teki\u00f0 \u00fe\u00e1 af l\u00edfi, ef \u00feeir risu \u00ed einhverju gegn \u00feeim. \u00dea\u00f0 myndi hindra fagna\u00f0arerindi\u00f0 og koma \u00ed veg fyrir a\u00f0 \u00fea\u00f0 breiddist \u00fat um r\u00f3mverska heimsveldi\u00f0.<\/p>\n<p>\u00cd hl\u00fd\u00f0ni vi\u00f0 yfirv\u00f6ldin f\u00f3lst l\u00edka a\u00f0 grei\u00f0a \u00feeim skatta og skyldur til styrktar og hernum til upphalds. L\u00e6risveinar Jes\u00fa \u00e1ttu varla au\u00f0velt me\u00f0 \u00fea\u00f0, \u00fev\u00ed a\u00f0 \u00feeir vissu a\u00f0 skattf\u00e9\u00f0 rann \u00ed vasa keisara, sem ekki tr\u00fa\u00f0i \u00e1 Gu\u00f0 og kraf\u00f0ist \u00feess jafnvel a\u00f0 vera sj\u00e1lfur tilbe\u00f0inn (sj\u00e1 athugagrein vi\u00f0 Matt 22.9).<\/p>\n<p><strong>13.11\u00a0<\/strong><em>N\u00fa er okkur hj\u00e1lpr\u00e6\u00f0i\u00f0 n\u00e6r: <\/em>\u00cd br\u00e9fum s\u00ednum minntist P\u00e1ll oft \u00e1 daginn, \u00feegar Jes\u00fas k\u00e6mi aftur og settist a\u00f0 r\u00edki s\u00ednu (1Kor 15.20-28; Fil 3.20,21; 1\u00deess 4.13-18). Hann vissi, a\u00f0 Drottinn v\u00e6ri &#8222;\u00ed n\u00e1nd&#8220; (Fil 4.5). \u00c1 \u00feeim sama degi myndi Jes\u00fas &#8222;frelsa&#8220; l\u00e6risveina s\u00edna. Sj\u00e1 athugagrein vi\u00f0 1.16 (frelsar hvern \u00feann mann sem tr\u00fair). Sj\u00e1 &#8222;<a href=\"https:\/\/biblian.is\/fraedsla\/ordtakasafn\/hjalpraedi\/\">K\u00e6rleikur Gu\u00f0s frelsar (Hj\u00e1lpr\u00e6\u00f0i)<\/a>&#8220; og &#8222;<a href=\"https:\/\/biblian.is\/fraedsla\/ordtakasafn\/endurkoma-drottins-jesu\/\">Endurkoman<\/a>&#8222;.<\/p>\n<p><strong>13.12\u00a0<\/strong><em>n\u00f3ttina&#8230;dagurinn&#8230;myrkursins&#8230;lj\u00f3ssins: <\/em>\u00deegar P\u00e1ll r\u00e6\u00f0ir um &#8222;n\u00f3ttina&#8220; \u00e1 hann vi\u00f0 yfirstandandi t\u00ed\u00f0, \u00e1\u00f0ur en Jes\u00fas kemur aftur til \u00feess a\u00f0 r\u00edkja. &#8222;Dagurinn&#8220; er hj\u00e1lpr\u00e6\u00f0i\u00f0, sem nefnt er \u00ed 13.11.<\/p>\n<p>&#8222;Lj\u00f3s&#8220; \u00ed Bibl\u00edunni t\u00e1knar Gu\u00f0 (J\u00f3h 1.3,4; 1J\u00f3h 1.5), Gu\u00f0s or\u00f0 (Slm 119.105) og f\u00f3lk og vi\u00f0bur\u00f0i sem birta sannleika Gu\u00f0s (Jes 49.6). &#8222;Myrkur&#8220; t\u00e1knar au\u00f0n, ey\u00f0ileggingu og dau\u00f0a (Slm 143.3; Jes 5.30) og \u00fe\u00e1, sem r\u00edsa \u00ed gegn Gu\u00f0i (J\u00f3h 8.12). H\u00e9r hefur P\u00e1ll \u00ed huga \u00fea\u00f0, sem menn hafast a\u00f0 \u00e1 bak vi\u00f0 tj\u00f6ldin og fer \u00ed b\u00e1ga vi\u00f0 vilja Gu\u00f0s (13.13).<\/p>\n","protected":false},"excerpt":{"rendered":"<p>13.1 engin v\u00e6ru yfirv\u00f6ld ef Gu\u00f0 g\u00e6fi \u00feau ekki: P\u00e1ll <a href=\"https:\/\/biblian.is\/fraedsla\/ritskyring\/romverjabrefid-13-kafli\/\"> [&#8230;]<\/a><\/p>\n","protected":false},"author":1,"featured_media":0,"parent":4829,"menu_order":0,"comment_status":"closed","ping_status":"closed","template":"","meta":{"footnotes":""},"class_list":["post-5506","page","type-page","status-publish","hentry"],"_links":{"self":[{"href":"https:\/\/biblian.is\/fraedsla\/wp-json\/wp\/v2\/pages\/5506","targetHints":{"allow":["GET"]}}],"collection":[{"href":"https:\/\/biblian.is\/fraedsla\/wp-json\/wp\/v2\/pages"}],"about":[{"href":"https:\/\/biblian.is\/fraedsla\/wp-json\/wp\/v2\/types\/page"}],"author":[{"embeddable":true,"href":"https:\/\/biblian.is\/fraedsla\/wp-json\/wp\/v2\/users\/1"}],"replies":[{"embeddable":true,"href":"https:\/\/biblian.is\/fraedsla\/wp-json\/wp\/v2\/comments?post=5506"}],"version-history":[{"count":0,"href":"https:\/\/biblian.is\/fraedsla\/wp-json\/wp\/v2\/pages\/5506\/revisions"}],"up":[{"embeddable":true,"href":"https:\/\/biblian.is\/fraedsla\/wp-json\/wp\/v2\/pages\/4829"}],"wp:attachment":[{"href":"https:\/\/biblian.is\/fraedsla\/wp-json\/wp\/v2\/media?parent=5506"}],"curies":[{"name":"wp","href":"https:\/\/api.w.org\/{rel}","templated":true}]}}