{"id":5504,"date":"2019-06-13T21:24:27","date_gmt":"2019-06-13T21:24:27","guid":{"rendered":"https:\/\/biblian.is\/fraedsla\/?page_id=5504"},"modified":"2025-06-27T02:04:24","modified_gmt":"2025-06-27T02:04:24","slug":"romverjabrefid-12-kafli","status":"publish","type":"page","link":"https:\/\/biblian.is\/fraedsla\/ritskyring\/romverjabrefid-12-kafli\/","title":{"rendered":"R\u00f3mverjabr\u00e9fi\u00f0 12. kafli"},"content":{"rendered":"<p><strong>12.1\u00a0<\/strong><em>bj\u00f3\u00f0i\u00f0 fram sj\u00e1lf ykkur a\u00f0 lifandi&#8230;f\u00f3rn: <\/em>F\u00f3rnir gegndu \u00fe\u00fd\u00f0ingarmiklu hlutverki \u00ed tr\u00faari\u00f0kun gy\u00f0inga \u00e1 d\u00f6gum P\u00e1ls, svo sem einnig \u00ed \u00f6\u00f0rum tr\u00faarbr\u00f6g\u00f0um. Sj\u00e1 <a href=\"https:\/\/biblian.is\/fraedsla\/ordtakasafn\/fornir-i-musterinu\/\">&#8222;F\u00f3rnirnar \u00ed musterinu&#8220;<\/a>. En P\u00e1ll segir, a\u00f0 l\u00e6risveinar Jes\u00fa \u00feurfi ekki a\u00f0 sl\u00e1tra skepnum e\u00f0a f\u00e6ra a\u00f0rar f\u00f3rnargjafir til \u00feess a\u00f0 \u00e1vinna s\u00e9r vel\u00fe\u00f3knun Gu\u00f0s. \u00deeir eigi hins vegar a\u00f0 f\u00e6ra sj\u00e1lfa sig Gu\u00f0i \u00ed \u00fej\u00f3nustu vi\u00f0 hann.<\/p>\n<p><strong>12.2\u00a0<\/strong><em>heims: <\/em>Me\u00f0 &#8222;heiminum&#8220; \u00e1 P\u00e1ll vi\u00f0 jar\u00f0l\u00edfi\u00f0 h\u00e9r og n\u00fa, me\u00f0 \u00f6llu \u00fev\u00ed sem er illt og andst\u00e6tt Gu\u00f0i en engu a\u00f0 s\u00ed\u00f0ur \u00ed miklum metum hj\u00e1 m\u00f6nnunum. Hann vissi, a\u00f0 sl\u00edkt er \u00fe\u00f3 n\u00e6sta hverfult og ver\u00f0ur loks a\u00f0 engu (sj\u00e1 1Kor 2.6-8).<\/p>\n<p><strong>12.5 <\/strong><em>einn l\u00edkami \u00ed Kristi: <\/em>P\u00e1ll r\u00e6\u00f0ir h\u00e9r um allan l\u00e6risveinah\u00f3p Jes\u00fa, en kirkjan er stundum nefnd &#8222;l\u00edkami Krists&#8220; \u00e1 j\u00f6r\u00f0u. Sj\u00e1 og 1Kor 12.12-31.<\/p>\n<p><strong>12.6 <\/strong><em>margv\u00edslegar n\u00e1\u00f0arg\u00e1fur: <\/em>Heilagur andi gefur l\u00e6risveinum Jes\u00fa mismunandi gjafir. Sumar \u00feessar &#8222;n\u00e1\u00f0arg\u00e1fur&#8220; eru taldar upp \u00ed 12.6-8. &#8222;Sp\u00e1d\u00f3msg\u00e1fa&#8220; l\u00fdsir s\u00e9r \u00ed \u00fev\u00ed a\u00f0 menn b\u00faa yfir s\u00e9rst\u00f6kum h\u00e6fileika til \u00feess a\u00f0 nema bo\u00f0skap Gu\u00f0s og f\u00e6ra hann \u00f6\u00f0ru f\u00f3lki. A\u00f0rar g\u00e1fur, sem h\u00e9r eru nefndar eru \u00fej\u00f3nustustarf, kennsla, gjafmildi og forysta (\u00feeir, sem veita forst\u00f6\u00f0u). Sj\u00e1 og 1Kor 12.4-11.<\/p>\n<p><strong>12.11\u00a0<\/strong><em>\u00ed andanum: <\/em>Sj\u00e1 athugagrein vi\u00f0 1.3-4 (heilagur andi).<\/p>\n<p><strong>12.13\u00a0<\/strong><em>Taki\u00f0 \u00fe\u00e1tt \u00ed \u00fe\u00f6rfum heilagra&#8230;gestrisni: <\/em>P\u00e1ll og a\u00f0rir postular frumkirkjunnar l\u00e9tu ekki undir h\u00f6fu\u00f0 leggjast a\u00f0 safna f\u00e9 til styrktar f\u00e1t\u00e6kum. Gy\u00f0ingar unnu g\u00f3\u00f0an beina gestum, sem a\u00f0 gar\u00f0i bar og bu\u00f0u fram b\u00e6\u00f0i mat og n\u00e6turgrei\u00f0a. P\u00e1ll hvetur l\u00e6risveina Jes\u00fa til \u00feess a\u00f0 fara a\u00f0 d\u00e6mi \u00feeirra og muna eftir gestrisninni.<\/p>\n<p><strong>12.16 <\/strong><em>umgangist f\u00faslega l\u00edtilmagna<\/em>: E\u00f0a &#8222;V\u00edki\u00f0 ykkur ekki undan \u00fev\u00ed a\u00f0 inna af hendi algeng st\u00f6rf.&#8220;<\/p>\n<p><strong>12.19\u00a0<\/strong><em>eins og rita\u00f0 er: <\/em>Sj\u00e1 athugagrein vi\u00f0 10.11.<\/p>\n","protected":false},"excerpt":{"rendered":"<p>12.1\u00a0bj\u00f3\u00f0i\u00f0 fram sj\u00e1lf ykkur a\u00f0 lifandi&#8230;f\u00f3rn: F\u00f3rnir gegndu \u00fe\u00fd\u00f0ingarmiklu hlutverki <a href=\"https:\/\/biblian.is\/fraedsla\/ritskyring\/romverjabrefid-12-kafli\/\"> [&#8230;]<\/a><\/p>\n","protected":false},"author":1,"featured_media":0,"parent":4829,"menu_order":0,"comment_status":"closed","ping_status":"closed","template":"","meta":{"footnotes":""},"class_list":["post-5504","page","type-page","status-publish","hentry"],"_links":{"self":[{"href":"https:\/\/biblian.is\/fraedsla\/wp-json\/wp\/v2\/pages\/5504","targetHints":{"allow":["GET"]}}],"collection":[{"href":"https:\/\/biblian.is\/fraedsla\/wp-json\/wp\/v2\/pages"}],"about":[{"href":"https:\/\/biblian.is\/fraedsla\/wp-json\/wp\/v2\/types\/page"}],"author":[{"embeddable":true,"href":"https:\/\/biblian.is\/fraedsla\/wp-json\/wp\/v2\/users\/1"}],"replies":[{"embeddable":true,"href":"https:\/\/biblian.is\/fraedsla\/wp-json\/wp\/v2\/comments?post=5504"}],"version-history":[{"count":0,"href":"https:\/\/biblian.is\/fraedsla\/wp-json\/wp\/v2\/pages\/5504\/revisions"}],"up":[{"embeddable":true,"href":"https:\/\/biblian.is\/fraedsla\/wp-json\/wp\/v2\/pages\/4829"}],"wp:attachment":[{"href":"https:\/\/biblian.is\/fraedsla\/wp-json\/wp\/v2\/media?parent=5504"}],"curies":[{"name":"wp","href":"https:\/\/api.w.org\/{rel}","templated":true}]}}