{"id":5502,"date":"2019-06-13T21:23:19","date_gmt":"2019-06-13T21:23:19","guid":{"rendered":"https:\/\/biblian.is\/fraedsla\/?page_id=5502"},"modified":"2025-06-27T02:04:24","modified_gmt":"2025-06-27T02:04:24","slug":"romverjabrefid-11-kafli","status":"publish","type":"page","link":"https:\/\/biblian.is\/fraedsla\/ritskyring\/romverjabrefid-11-kafli\/","title":{"rendered":"R\u00f3mverjabr\u00e9fi\u00f0 11. kafli"},"content":{"rendered":"<p><strong>11.1\u00a0<\/strong><em>Sj\u00e1lfur er \u00e9g \u00cdsraelsma\u00f0ur&#8230;af \u00e6ttkv\u00edsl Benjam\u00edns: <\/em>Sj\u00e1 athugagrein vi\u00f0 1.1. S\u00e1l, sem var fyrsti konungur \u00cdsraelsmanna, var l\u00edka af \u00e6ttkv\u00edsl Benjam\u00edns. H\u00fan dr\u00f3 nafn af yngsta syni Jakobs (\u00cdsraels).<\/p>\n<p><strong>11.2\u00a0<\/strong><em>El\u00eda: <\/em>Meira en 800 \u00e1rum \u00e1\u00f0ur en Jes\u00fas var \u00ed heiminn borinn bar\u00f0ist sp\u00e1ma\u00f0urinn El\u00eda gegn hj\u00e1gu\u00f0ad\u00fdrkun, einkum \u00fe\u00f3 tilbei\u00f0slu kanverska go\u00f0sins Baal. Sj\u00e1 og 1Kon 19.10-18.<\/p>\n<p><strong>11.7\u00a0<\/strong><em>\u00dea\u00f0 sem \u00cdsrael keppir eftir&#8230;\u00fatv\u00f6ldum hlotna\u00f0ist \u00fea\u00f0: <\/em>F\u00e6stir Gy\u00f0ingar tr\u00fa\u00f0u \u00fev\u00ed a\u00f0 Jes\u00fas v\u00e6ri Mess\u00edas (hinn smur\u00f0i \u2013 \u00fatvaldi) Drottins.<\/p>\n<p><strong>11.12\u00a0<\/strong><em>fall \u00feeirra&#8230;og \u00f3farir: <\/em>\u00cdsraelsmenn h\u00f6fnu\u00f0u Jes\u00fa, hinum \u00fatvalda Drottins (Mess\u00edasi).<\/p>\n<p><strong>11.13\u00a0<\/strong><em>hei\u00f0ingjar&#8230;postuli: <\/em>Sj\u00e1 athugagrein vi\u00f0 1.16 (hei\u00f0ingjar) og 1.1 (postuli).<\/p>\n<p><strong>11.16\u00a0<\/strong><em>deigi\u00f0&#8230;r\u00f3tin: <\/em>P\u00e1ll breg\u00f0ur upp tveimur l\u00edkingum, sem eiga a\u00f0 s\u00fdna a\u00f0 s\u00e9 hluti af heild heilagur, \u00fe\u00e1 er heildin \u00f6ll \u00fea\u00f0 einnig. Sj\u00e1 og 4M\u00f3s 15.17-21. Fyrstu l\u00e6risveinar Jes\u00fa voru Gy\u00f0ingar (hlutinn) og ur\u00f0u til \u00feess a\u00f0 hei\u00f0ingjunum (heildinni) f\u00e9ll heilagleiki \u00ed skaut me\u00f0 \u00fev\u00ed a\u00f0 \u00feeir ur\u00f0u kristnir.<\/p>\n<p><strong>11.17\u00a0<\/strong><em>villiol\u00eduvi\u00f0ur: <\/em>&#8222;Gr\u00e6\u00f0a&#8220; m\u00e1 greinar e\u00f0a lauf einnar pl\u00f6ntu \u00e1 a\u00f0ra. \u00deessi a\u00f0fer\u00f0 hefur lengi veri\u00f0 vi\u00f0 l\u00fd\u00f0i \u00ed \u00fev\u00ed skyni a\u00f0 kynb\u00e6ta jurtir og tr\u00e9 og auka frj\u00f3semi \u00feeirra. P\u00e1ll l\u00edkir h\u00e9r hei\u00f0ingjunum vi\u00f0 greinar sem skornar hafa veri\u00f0 af hagajurt og gr\u00e6ddar vi\u00f0 gar\u00f0pl\u00f6ntu. Samkv\u00e6mt l\u00edkingunni eru \u00cdsraelsmenn r\u00e6kta\u00f0ur ol\u00eduvi\u00f0ur og hafa utana\u00f0komandi greinar (hei\u00f0ingjarnir) veri\u00f0 gr\u00e6ddir \u00e1 hann. Upp fr\u00e1 \u00fev\u00ed t\u00e1knar ol\u00eduvi\u00f0urinn allan Gu\u00f0s l\u00fd\u00f0.<\/p>\n<p><strong>11.19\u00a0<\/strong><em>Greinarnar: <\/em>P\u00e1ll \u00e1 vi\u00f0 \u00fe\u00e1 \u00ed \u00cdsrael sem ekki tr\u00fa\u00f0u Jes\u00fa n\u00e9 treystu Gu\u00f0i. Hann varar vi\u00f0 \u00fev\u00ed a\u00f0 Gu\u00f0 kunni l\u00edka a\u00f0 h\u00f6ggva af stofninum hei\u00f0ingja (greinar) sem falla fr\u00e1.<\/p>\n<p><strong>11.25\u00a0<\/strong><em>Nokkur hluti \u00cdsraels&#8230;hei\u00f0ingjar: <\/em>Sj\u00e1 athugagrein vi\u00f0 2.9,10. Gu\u00f0 hefur gefi\u00f0 hei\u00f0ingjum kost \u00e1 a\u00f0 tilheyra s\u00ednum l\u00fd\u00f0, me\u00f0fram af \u00fev\u00ed a\u00f0 sumir gy\u00f0ingar \u00feversk\u00f6llu\u00f0ust vi\u00f0 a\u00f0 gefa gaum a\u00f0 Drottni.<\/p>\n<p><strong>11.26\u00a0<\/strong><em>S\u00edon: <\/em>Sj\u00e1 athugagrein vi\u00f0 9.33.<\/p>\n<p><strong>11.28\u00a0<\/strong><em>\u00fatvalningar&#8230;elska\u00f0ir sakir forfe\u00f0ranna: <\/em>\u00cdsraels\u00fej\u00f3\u00f0in er oft nefnd &#8222;Gu\u00f0s \u00fatvalda \u00fej\u00f3\u00f0&#8220; af \u00fev\u00ed a\u00f0 Gu\u00f0 \u00fatvaldi Abraham og afkv\u00e6mi hans til \u00feess a\u00f0 allar \u00e6ttkv\u00edslir jar\u00f0arinnar skyldu af honum blessun hlj\u00f3ta (1M\u00f3s 12.1-3). Sj\u00e1 og athugagreinar vi\u00f0 2.9,10 og 3.2.<\/p>\n<p><strong>11.36\u00a0<\/strong><em>Amen: <\/em>Or\u00f0i\u00f0 er hebreska og \u00fe\u00fd\u00f0ir &#8222;\u00e1rei\u00f0anlegt, sannleikanum samkv\u00e6mt.&#8220; \u00dea\u00f0 er l\u00edka nota\u00f0 \u00ed merkingunni &#8222;j\u00e1, \u00fea\u00f0 er vissulega svo&#8220; e\u00f0a &#8222;svo skal ver\u00f0a.&#8220; Jes\u00fas notar or\u00f0i\u00f0, \u00feegar hann segir: Sannlega, sannlega segi \u00e9g y\u00f0ur&#8230;. \u00dea\u00f0 er og mj\u00f6g oft haft \u00ed lok b\u00e6nar (sbr. Fa\u00f0ir vor).<\/p>\n","protected":false},"excerpt":{"rendered":"<p>11.1\u00a0Sj\u00e1lfur er \u00e9g \u00cdsraelsma\u00f0ur&#8230;af \u00e6ttkv\u00edsl Benjam\u00edns: Sj\u00e1 athugagrein vi\u00f0 1.1. <a href=\"https:\/\/biblian.is\/fraedsla\/ritskyring\/romverjabrefid-11-kafli\/\"> [&#8230;]<\/a><\/p>\n","protected":false},"author":1,"featured_media":0,"parent":4829,"menu_order":0,"comment_status":"closed","ping_status":"closed","template":"","meta":{"footnotes":""},"class_list":["post-5502","page","type-page","status-publish","hentry"],"_links":{"self":[{"href":"https:\/\/biblian.is\/fraedsla\/wp-json\/wp\/v2\/pages\/5502","targetHints":{"allow":["GET"]}}],"collection":[{"href":"https:\/\/biblian.is\/fraedsla\/wp-json\/wp\/v2\/pages"}],"about":[{"href":"https:\/\/biblian.is\/fraedsla\/wp-json\/wp\/v2\/types\/page"}],"author":[{"embeddable":true,"href":"https:\/\/biblian.is\/fraedsla\/wp-json\/wp\/v2\/users\/1"}],"replies":[{"embeddable":true,"href":"https:\/\/biblian.is\/fraedsla\/wp-json\/wp\/v2\/comments?post=5502"}],"version-history":[{"count":0,"href":"https:\/\/biblian.is\/fraedsla\/wp-json\/wp\/v2\/pages\/5502\/revisions"}],"up":[{"embeddable":true,"href":"https:\/\/biblian.is\/fraedsla\/wp-json\/wp\/v2\/pages\/4829"}],"wp:attachment":[{"href":"https:\/\/biblian.is\/fraedsla\/wp-json\/wp\/v2\/media?parent=5502"}],"curies":[{"name":"wp","href":"https:\/\/api.w.org\/{rel}","templated":true}]}}