{"id":5500,"date":"2019-06-13T21:21:33","date_gmt":"2019-06-13T21:21:33","guid":{"rendered":"https:\/\/biblian.is\/fraedsla\/?page_id=5500"},"modified":"2025-06-27T02:04:24","modified_gmt":"2025-06-27T02:04:24","slug":"romverjabrefid-10-kafli","status":"publish","type":"page","link":"https:\/\/biblian.is\/fraedsla\/ritskyring\/romverjabrefid-10-kafli\/","title":{"rendered":"R\u00f3mverjabr\u00e9fi\u00f0 10. kafli"},"content":{"rendered":"<p><strong>10.1\u00a0<\/strong><em>\u00feeir: <\/em>Sj\u00e1 athugagreinar vi\u00f0 2.9,10; 3.2 og 1.16 (Gy\u00f0inginn fyrst og a\u00f0ra s\u00ed\u00f0an).<\/p>\n<p><strong>10.3\u00a0<\/strong><em>reyna a\u00f0 \u00e1vinna s\u00e9r r\u00e9ttl\u00e6ti: <\/em>Sj\u00e1 athugagreinar vi\u00f0 2.12; 7.7 og 7.8. Sumir voru \u00feeirrar sko\u00f0unar, a\u00f0 eina lei\u00f0in til \u00feess a\u00f0 afla s\u00e9r vi\u00f0urkenningar hj\u00e1 Gu\u00f0i v\u00e6ri a\u00f0 hl\u00fd\u00f0a l\u00f6gm\u00e1linu.<\/p>\n<p><strong>10.6\u00a0<\/strong><em>r\u00e9ttl\u00e6ti\u00f0 af tr\u00fanni: <\/em>\u00deeir sem tr\u00faa \u00e1 Krist gera s\u00e9r grein fyrir \u00fev\u00ed, a\u00f0 r\u00e9ttl\u00e6ti\u00f0 af tr\u00fanni er gj\u00f6f fr\u00e1 Gu\u00f0i, sem enginn ma\u00f0ur getur \u00e1unni\u00f0 s\u00e9r.<\/p>\n<p><strong>10.6,7\u00a0<\/strong><em>\u00ed himininn&#8230;fr\u00e1 dau\u00f0um: <\/em>Sj\u00e1 5M\u00f3s 30.11-14 og athugagrein vi\u00f0 1.18. Undirdj\u00fapin eru sta\u00f0ur (\u00fe\u00f3 fremur \u00e1stand) \u00feeirra sem illt hafa frami\u00f0 og b\u00ed\u00f0a d\u00f3ms Gu\u00f0s (Slm 71.20).<\/p>\n<p><strong>10.9\u00a0<\/strong><em>Jes\u00fas er Drottinn&#8230;a\u00f0 Gu\u00f0 hafi upp vaki\u00f0 hann fr\u00e1 dau\u00f0um: <\/em>Sj\u00e1 athugagreinar vi\u00f0 1.3-4 (sonur Gu\u00f0s) og 4.24.<\/p>\n<p><strong>10.11\u00a0<\/strong><em>Ritningin: <\/em>Helgirit Gy\u00f0inga, sem kristnir menn nefna Gamla testamenti.<\/p>\n<p><strong>10.12\u00a0<\/strong><em>Gy\u00f0ingum og Grikkjum: <\/em>Sj\u00e1 athugagrein vi\u00f0 2.9,10.<\/p>\n<p><strong>10.13\u00a0<\/strong><em>h\u00f3lpinn: <\/em>Sj\u00e1 athugagrein vi\u00f0 1.16 (frelsar hvern \u00feann mann sem tr\u00fair).<\/p>\n<p><strong>10.16\u00a0<\/strong><em>Jesaja: <\/em>Sj\u00e1 athugagrein vi\u00f0 9.27.<\/p>\n<p><strong>10.18\u00a0<\/strong><em>\u00feeir: <\/em>Sj\u00e1 athugagreinar vi\u00f0 2.10 og 3.2.<\/p>\n<p><strong>10.19\u00a0<\/strong><em>M\u00f3se: <\/em>Gu\u00f0 birti M\u00f3se l\u00f6gin, sem hann skyldi leggja fyrir \u00cdsraelsmenn. Sj\u00e1 &#8222;<a href=\"https:\/\/biblian.is\/fraedsla\/ordtakasafn\/mose\/\">M\u00f3se<\/a>&#8222;.<\/p>\n<p><strong>10.19\u00a0<\/strong><em>Vekja vil \u00e9g ykkur til afbr\u00fd\u00f0i gegn \u00fej\u00f3\u00f0: <\/em>H\u00e9r vitnar P\u00e1ll \u00ed 5M\u00f3s 32.21, en \u00fear segir M\u00f3se a\u00f0 \u00cdsraelsmenn hafi egnt Gu\u00f0 til rei\u00f0i me\u00f0 \u00fev\u00ed a\u00f0 elta f\u00e1n\u00fdta hj\u00e1gu\u00f0i og \u00fev\u00ed muni Gu\u00f0 brei\u00f0a \u00fat fa\u00f0minn m\u00f3ti \u00f3hl\u00fd\u00f0num l\u00fd\u00f0 og sj\u00e1 til \u00feess a\u00f0 hei\u00f0ingjum hlotnist hj\u00e1lpr\u00e6\u00f0i.<\/p>\n","protected":false},"excerpt":{"rendered":"<p>10.1\u00a0\u00feeir: Sj\u00e1 athugagreinar vi\u00f0 2.9,10; 3.2 og 1.16 (Gy\u00f0inginn fyrst <a href=\"https:\/\/biblian.is\/fraedsla\/ritskyring\/romverjabrefid-10-kafli\/\"> [&#8230;]<\/a><\/p>\n","protected":false},"author":1,"featured_media":0,"parent":4829,"menu_order":0,"comment_status":"closed","ping_status":"closed","template":"","meta":{"footnotes":""},"class_list":["post-5500","page","type-page","status-publish","hentry"],"_links":{"self":[{"href":"https:\/\/biblian.is\/fraedsla\/wp-json\/wp\/v2\/pages\/5500","targetHints":{"allow":["GET"]}}],"collection":[{"href":"https:\/\/biblian.is\/fraedsla\/wp-json\/wp\/v2\/pages"}],"about":[{"href":"https:\/\/biblian.is\/fraedsla\/wp-json\/wp\/v2\/types\/page"}],"author":[{"embeddable":true,"href":"https:\/\/biblian.is\/fraedsla\/wp-json\/wp\/v2\/users\/1"}],"replies":[{"embeddable":true,"href":"https:\/\/biblian.is\/fraedsla\/wp-json\/wp\/v2\/comments?post=5500"}],"version-history":[{"count":0,"href":"https:\/\/biblian.is\/fraedsla\/wp-json\/wp\/v2\/pages\/5500\/revisions"}],"up":[{"embeddable":true,"href":"https:\/\/biblian.is\/fraedsla\/wp-json\/wp\/v2\/pages\/4829"}],"wp:attachment":[{"href":"https:\/\/biblian.is\/fraedsla\/wp-json\/wp\/v2\/media?parent=5500"}],"curies":[{"name":"wp","href":"https:\/\/api.w.org\/{rel}","templated":true}]}}