{"id":5496,"date":"2019-06-13T21:18:19","date_gmt":"2019-06-13T21:18:19","guid":{"rendered":"https:\/\/biblian.is\/fraedsla\/?page_id=5496"},"modified":"2025-06-27T02:04:25","modified_gmt":"2025-06-27T02:04:25","slug":"romverjabrefid-8-kafli","status":"publish","type":"page","link":"https:\/\/biblian.is\/fraedsla\/ritskyring\/romverjabrefid-8-kafli\/","title":{"rendered":"R\u00f3mverjabr\u00e9fi\u00f0 8. kafli"},"content":{"rendered":"<p><strong>8.2\u00a0<\/strong><em>\u00feess anda: <\/em>Heilags anda. Sj\u00e1 athugagrein vi\u00f0 1.3-4 (<a href=\"https:\/\/biblian.is\/fraedsla\/ordtakasafn\/heilagur-andi\/\">Heilagur andi<\/a>). P\u00e1ll segir anda Gu\u00f0s a\u00f0 verki \u00ed l\u00e6risveinum Jes\u00fa, \u00feeim til styrktar og til \u00feess a\u00f0 frelsa \u00fe\u00e1 undan oki syndarinnar og hj\u00e1lpa \u00feeim a\u00f0 lifa l\u00edfi sem er Gu\u00f0i vel\u00fe\u00f3knanlegt. Me\u00f0 heil\u00f6gum anda s\u00ednum eflir Gu\u00f0s og endurn\u00fdjar hinn n\u00fdja l\u00fd\u00f0 sinn.<\/p>\n<p><strong>8.3\u00a0<\/strong><em>l\u00f6gm\u00e1linu&#8230;Gu\u00f0&#8230;senda sinn eigin son&#8230;d\u00e6ma syndina: <\/em>Sj\u00e1 athugagreinar vi\u00f0 2.12 og 3.25-26.<\/p>\n<p><strong>8.5\u00a0<\/strong><em>stj\u00f3rnast af anda Gu\u00f0s: <\/em>\u00deeir sem stj\u00f3rnast af anda Gu\u00f0s reyna af fremsta megni a\u00f0 \u00fe\u00f3knast honum \u00ed einu og \u00f6llu. \u00deau, sem andinn f\u00e6r a\u00f0 lei\u00f0a hafa hugann vi\u00f0 \u00fea\u00f0 sem Gu\u00f0 vill.<\/p>\n<p><strong>8.9\u00a0<\/strong><em>anda Krists: <\/em>\u00dea\u00f0 er heilagur andi. Sj\u00e1 athugagreinar vi\u00f0 1.3-4 (Heilagur andi) og 5.5. Andinn er a\u00f0 verki \u00ed hverjum \u00feeim sem treystir Jes\u00fa Kristi og tr\u00fair \u00e1 hann.<\/p>\n<p><strong>8.11\u00a0<\/strong><em>hans sem vakti Jes\u00fa fr\u00e1 dau\u00f0um: <\/em>Sj\u00e1 athugagrein vi\u00f0 4.24.<\/p>\n<p><strong>8.14\u00a0<\/strong><em>Allir sem lei\u00f0ast af anda Gu\u00f0s eru Gu\u00f0s b\u00f6rn:<\/em>\u00deessum or\u00f0um til beint til allra manna. S\u00e9rstaklega eru \u00feau \u00fe\u00f3 \u00e6tlu\u00f0 \u00feeim, sem h\u00e9ldu \u00fev\u00ed fram a\u00f0 menn g\u00e6tu veri\u00f0 b\u00f6rn Gu\u00f0s me\u00f0 \u00fev\u00ed einungis a\u00f0 hl\u00fd\u00f0a M\u00f3sel\u00f6gum e\u00f0a v\u00e6ru f\u00e6ddir af foreldrum sem rektu \u00e6ttir s\u00ednar til Abrahams og S\u00f6ru.<\/p>\n<p><strong>8.16 <\/strong><em>Sj\u00e1lfur andinn: <\/em>Sj\u00e1 athugagreinar vi\u00f0 8.2 og 1.3-4 (Heilagur andi).<\/p>\n<p><strong>8.18\u00a0<\/strong><em>\u00fej\u00e1ningar \u00feessa t\u00edma s\u00e9u ekki neitt \u00ed samanbur\u00f0i vi\u00f0 \u00fe\u00e1 d\u00fdr\u00f0 sem \u00e1 okkur mun opinberast: <\/em>Jar\u00f0l\u00edfinu fylgja erfi\u00f0i og sorgir. \u00deeim, sem tr\u00faa \u00e1 Jes\u00fa, gefur Gu\u00f0 n\u00fdtt l\u00edf \u00ed framt\u00ed\u00f0, laust vi\u00f0 s\u00e1rsauka og andstreymi. \u00dea\u00f0 ver\u00f0ur \u00feann dag, sem vi\u00f0 eignumst l\u00edfi\u00f0 eil\u00edfa. P\u00e1ll gl\u00e6\u00f0ir me\u00f0 lesendum s\u00ednum vonina um hi\u00f0 komandi r\u00edki Gu\u00f0s, \u00fear sem b\u00f6rn hans munu nj\u00f3ta verndar hans og k\u00e6rleika a\u00f0 eil\u00edfu.<\/p>\n<p>Ekki a\u00f0eins ma\u00f0urinn, heldur og \u00f6ll sk\u00f6punin \u00fej\u00e1ist og b\u00ed\u00f0ur \u00feess a\u00f0 ver\u00f0a leyst \u00far \u00e1nau\u00f0 hverfulleikans, \u00feegar Gu\u00f0 gerir alla hluti n\u00fdja. \u00dej\u00e1ning sk\u00f6punarinnar minnir \u00e1 f\u00e6\u00f0ingarhr\u00ed\u00f0ir konu (8.22).<\/p>\n<p><strong>8.23\u00a0<\/strong><em>stynjum vi\u00f0 sem eigum\u00a0frumgr\u00f3\u00f0a andans&#8230;.me\u00f0an vi\u00f0 b\u00ed\u00f0um \u00feeirrar st\u00f6\u00f0u Gu\u00f0s barna sem \u00ed v\u00e6ndum er: <\/em>B\u00f6rn Gu\u00f0s l\u00e1ta ekki bugast af erfi\u00f0leikum og raunum af \u00fev\u00ed a\u00f0 \u00feau hafa hloti\u00f0 anda hans, sem upp\u00f6rvar \u00feau og huggar. \u00deau b\u00ed\u00f0a \u00feolinm\u00f3\u00f0 betri t\u00edma, af \u00fev\u00ed a\u00f0 \u00feau vita, a\u00f0 Gu\u00f0 mun frelsa \u00feau. Hluti af \u00feessari von er fyrirheiti\u00f0 um &#8222;endurlausn l\u00edkama okkar.&#8220; P\u00e1ll l\u00fdsir \u00ed 1Kor 15.35-49 l\u00edk\u00f6mum manna, \u00feegar \u00feeir ver\u00f0a reistir upp til l\u00edfs og ver\u00f0a &#8222;himneskir.&#8220;<\/p>\n<p><strong>8.26\u00a0<\/strong><em>andinn bi\u00f0ur fyrir okkur: <\/em>Heilagur andi bi\u00f0ur fyrir \u00feeim sem ekki geta gert \u00fea\u00f0 sj\u00e1lfir. L\u00edka er samband Gu\u00f0s og manns, sem fullur er af heil\u00f6gum anda, svo n\u00e1i\u00f0 a\u00f0 engra or\u00f0a er \u00fe\u00f6rf.<\/p>\n<p><strong>8.29\u00a0<\/strong><em>sonar s\u00edns: <\/em>Jes\u00fa Krists. Sj\u00e1 athugagrein vi\u00f0 1.3,4 (sonur Gu\u00f0s) og &#8222;<a href=\"https:\/\/biblian.is\/fraedsla\/ordtakasafn\/guds-sonur\/\">Gu\u00f0s sonur<\/a>&#8222;.<\/p>\n<p><strong>8.34 <\/strong><em>vi\u00f0 h\u00e6gri h\u00f6nd: <\/em>Vir\u00f0ingarsess, \u00e6tla\u00f0ur valdsmanni.<\/p>\n<p><strong>8.39\u00a0<\/strong><em>Kristi Jes\u00fa, Drottni vorum: <\/em>Sj\u00e1 athugagrein vi\u00f0 1.3-4 (sonur Gu\u00f0s).<\/p>\n","protected":false},"excerpt":{"rendered":"<p>8.2\u00a0\u00feess anda: Heilags anda. Sj\u00e1 athugagrein vi\u00f0 1.3-4 (Heilagur andi). <a href=\"https:\/\/biblian.is\/fraedsla\/ritskyring\/romverjabrefid-8-kafli\/\"> [&#8230;]<\/a><\/p>\n","protected":false},"author":1,"featured_media":0,"parent":4829,"menu_order":0,"comment_status":"closed","ping_status":"closed","template":"","meta":{"footnotes":""},"class_list":["post-5496","page","type-page","status-publish","hentry"],"_links":{"self":[{"href":"https:\/\/biblian.is\/fraedsla\/wp-json\/wp\/v2\/pages\/5496","targetHints":{"allow":["GET"]}}],"collection":[{"href":"https:\/\/biblian.is\/fraedsla\/wp-json\/wp\/v2\/pages"}],"about":[{"href":"https:\/\/biblian.is\/fraedsla\/wp-json\/wp\/v2\/types\/page"}],"author":[{"embeddable":true,"href":"https:\/\/biblian.is\/fraedsla\/wp-json\/wp\/v2\/users\/1"}],"replies":[{"embeddable":true,"href":"https:\/\/biblian.is\/fraedsla\/wp-json\/wp\/v2\/comments?post=5496"}],"version-history":[{"count":0,"href":"https:\/\/biblian.is\/fraedsla\/wp-json\/wp\/v2\/pages\/5496\/revisions"}],"up":[{"embeddable":true,"href":"https:\/\/biblian.is\/fraedsla\/wp-json\/wp\/v2\/pages\/4829"}],"wp:attachment":[{"href":"https:\/\/biblian.is\/fraedsla\/wp-json\/wp\/v2\/media?parent=5496"}],"curies":[{"name":"wp","href":"https:\/\/api.w.org\/{rel}","templated":true}]}}