{"id":5492,"date":"2019-06-13T21:15:19","date_gmt":"2019-06-13T21:15:19","guid":{"rendered":"https:\/\/biblian.is\/fraedsla\/?page_id=5492"},"modified":"2025-06-27T02:04:25","modified_gmt":"2025-06-27T02:04:25","slug":"romverjabrefid-7-kafli","status":"publish","type":"page","link":"https:\/\/biblian.is\/fraedsla\/ritskyring\/romverjabrefid-7-kafli\/","title":{"rendered":"R\u00f3mverjabr\u00e9fi\u00f0 7. kafli"},"content":{"rendered":"<p><strong>7.2\u00a0<\/strong><em>kona bundin manni s\u00ednum a\u00f0 l\u00f6gum: <\/em>H\u00e9r v\u00edsar P\u00e1ll til hef\u00f0bundins skilnings \u00e1 trygg\u00f0 maka \u00ed hj\u00f3nabandi, fremur en hann s\u00e9 a\u00f0 vitna \u00ed \u00e1kve\u00f0na grein \u00ed M\u00f3sel\u00f6gum.<\/p>\n<p><strong>7.4\u00a0<\/strong><em>hafi\u00f0 gefist&#8230;.honum: <\/em>N\u00fa getur f\u00f3lk &#8222;gefist&#8220; Kristi eins og \u00feegar makar eru gefnir saman \u00ed hj\u00f3naband. F\u00f3lk er frj\u00e1lst a\u00f0 \u00feessu af \u00fev\u00ed a\u00f0 \u00feeir d\u00e1nir eru me\u00f0 Kristi hafa um lei\u00f0 fengi\u00f0 lausn undan l\u00f6gm\u00e1linu, sem \u00feeir voru \u00e1\u00f0ur &#8222;gefnir.&#8220;<\/p>\n<p><strong>7.6\u00a0<\/strong><em>\u00fej\u00f3na\u00f0 me\u00f0 n\u00fdju l\u00edfi andans: <\/em>Sj\u00e1 athugagrein vi\u00f0 1.3-4 (<a href=\"https:\/\/biblian.is\/fraedsla\/ordtakasafn\/heilagur-andi\/\">Heilagur andi<\/a>). L\u00edfi\u00f0 n\u00fdja \u00ed Gu\u00f0i er innbl\u00e1si\u00f0 heil\u00f6gum anda (Gal 5.16-26).<\/p>\n<p><strong>7.7<\/strong> <em>Er l\u00f6gm\u00e1li\u00f0 synd: <\/em>Sj\u00e1 athugagrein vi\u00f0 2.12. Sumir andst\u00e6\u00f0ingar P\u00e1ls h\u00e9ldu \u00fev\u00ed fram, a\u00f0 hann \u00e1liti l\u00f6gm\u00e1li\u00f0 illt og \u00f3gu\u00f0legt. P\u00e1ll vill taka af \u00f6ll tv\u00edm\u00e6li um \u00fea\u00f0, a\u00f0 \u00feetta s\u00e9 engan veginn sko\u00f0un hans. Hann sk\u00fdrir svo hvert hlutverk l\u00f6gm\u00e1lsins s\u00e9: \u00dea\u00f0 s\u00fdnir okkur fram \u00e1 hva\u00f0 er synd. L\u00f6gm\u00e1li\u00f0 er \u00fev\u00ed heilagt og bo\u00f0or\u00f0i\u00f0 heilagt, r\u00e9ttl\u00e1tt og gott.<\/p>\n<p><strong>7.8\u00a0<\/strong><em>\u00c1n l\u00f6gm\u00e1ls er syndin dau\u00f0: <\/em>Ef ekki v\u00e6ri l\u00f6gm\u00e1l Gu\u00f0s, \u00fe\u00e1 vissi enginn hva\u00f0 v\u00e6ri synd. \u00deegar ma\u00f0urinn heyrir bo\u00f0or\u00f0i\u00f0, \u00fe\u00e1 rennur upp fyrir honum hva\u00f0 er yfirtro\u00f0sla \u00feess og um lei\u00f0 kemur hann auga \u00e1 syndina. En \u00feetta \u00fe\u00fd\u00f0ir ekki, a\u00f0 l\u00f6gm\u00e1li\u00f0 valdi syndinni. L\u00f6gm\u00e1li\u00f0 lei\u00f0ir \u00ed lj\u00f3s illsku syndarinnar. L\u00f6gm\u00e1li\u00f0 og bor\u00f0in eru \u00fev\u00ed heil\u00f6g, r\u00e9ttl\u00e1t og g\u00f3\u00f0.<\/p>\n<p><strong>7.14\u00a0<\/strong><em>l\u00f6gm\u00e1li\u00f0 er andlegt en \u00e9g er jar\u00f0neskt hold:<\/em>A\u00f0 d\u00f3mi P\u00e1ls var l\u00f6gm\u00e1li\u00f0 fr\u00e1 Gu\u00f0i komi\u00f0 og birti gj\u00f6rvallan vilja Gu\u00f0s. Aftur \u00e1 m\u00f3ti var P\u00e1ll sj\u00e1lfur a\u00f0eins mannlegur og \u00fev\u00ed \u00f3fullkominn og breyskur.<\/p>\n<p><strong>7.25\u00a0<\/strong><em>Sj\u00e1lfur \u00fej\u00f3na \u00e9g l\u00f6gm\u00e1li Gu\u00f0s me\u00f0 huga m\u00ednum en l\u00f6gm\u00e1li syndarinnar me\u00f0 ytri gj\u00f6r\u00f0um: <\/em>H\u00e9r dregur P\u00e1ll saman undanfarandi efni. Hann kve\u00f0st hafa vita\u00f0 a\u00f0 l\u00f6gm\u00e1l Gu\u00f0s v\u00e6ri gott og \u00fev\u00ed reyndi hann a\u00f0 hl\u00fd\u00f0a \u00fev\u00ed sem best hann gat. En eigingjarnar hvatir hans ur\u00f0u til \u00feess a\u00f0 hann reis gegn l\u00f6gm\u00e1linu og a\u00f0haf\u00f0ist hi\u00f0 illa. Enginn er laus vi\u00f0 \u00feessar illu hvatir og \u00fev\u00ed getur enginn hl\u00fdtt l\u00f6gm\u00e1li Gu\u00f0s algj\u00f6rlega, jafnvel \u00fe\u00f3tt hann viti vel um muninn \u00e1 r\u00e9ttu og r\u00f6ngu. \u00deess vegna fagnar P\u00e1ll og gle\u00f0st yfir \u00fev\u00ed a\u00f0 Gu\u00f0 skyldi senda Jes\u00fa til \u00feess a\u00f0 frelsa hann og alla menn fr\u00e1 \u00feessari vonlausu kl\u00edpu.<\/p>\n","protected":false},"excerpt":{"rendered":"<p>7.2\u00a0kona bundin manni s\u00ednum a\u00f0 l\u00f6gum: H\u00e9r v\u00edsar P\u00e1ll til <a href=\"https:\/\/biblian.is\/fraedsla\/ritskyring\/romverjabrefid-7-kafli\/\"> [&#8230;]<\/a><\/p>\n","protected":false},"author":1,"featured_media":0,"parent":4829,"menu_order":0,"comment_status":"closed","ping_status":"closed","template":"","meta":{"footnotes":""},"class_list":["post-5492","page","type-page","status-publish","hentry"],"_links":{"self":[{"href":"https:\/\/biblian.is\/fraedsla\/wp-json\/wp\/v2\/pages\/5492","targetHints":{"allow":["GET"]}}],"collection":[{"href":"https:\/\/biblian.is\/fraedsla\/wp-json\/wp\/v2\/pages"}],"about":[{"href":"https:\/\/biblian.is\/fraedsla\/wp-json\/wp\/v2\/types\/page"}],"author":[{"embeddable":true,"href":"https:\/\/biblian.is\/fraedsla\/wp-json\/wp\/v2\/users\/1"}],"replies":[{"embeddable":true,"href":"https:\/\/biblian.is\/fraedsla\/wp-json\/wp\/v2\/comments?post=5492"}],"version-history":[{"count":0,"href":"https:\/\/biblian.is\/fraedsla\/wp-json\/wp\/v2\/pages\/5492\/revisions"}],"up":[{"embeddable":true,"href":"https:\/\/biblian.is\/fraedsla\/wp-json\/wp\/v2\/pages\/4829"}],"wp:attachment":[{"href":"https:\/\/biblian.is\/fraedsla\/wp-json\/wp\/v2\/media?parent=5492"}],"curies":[{"name":"wp","href":"https:\/\/api.w.org\/{rel}","templated":true}]}}