{"id":5488,"date":"2019-06-13T21:12:28","date_gmt":"2019-06-13T21:12:28","guid":{"rendered":"https:\/\/biblian.is\/fraedsla\/?page_id=5488"},"modified":"2025-06-27T02:04:25","modified_gmt":"2025-06-27T02:04:25","slug":"romverjabrefid-5-kafli","status":"publish","type":"page","link":"https:\/\/biblian.is\/fraedsla\/ritskyring\/romverjabrefid-5-kafli\/","title":{"rendered":"R\u00f3mverjabr\u00e9fi\u00f0 5. kafli"},"content":{"rendered":"<p><strong>5.1 <\/strong><em>h\u00f6fum vi\u00f0 \u00fev\u00ed fri\u00f0: <\/em>\u00cd sumum handritum &#8222;skulum vi\u00f0 \u00fev\u00ed hafa fri\u00f0.&#8220;<\/p>\n<p><strong>5.2 <\/strong><em>veitt okkur a\u00f0gang: <\/em>Sum handrit b\u00e6\u00f0a vi\u00f0 &#8222;fyrir tr\u00fana.&#8220;<\/p>\n<p><strong>5.3 <\/strong><em>f\u00f6gnum l\u00edka \u00ed \u00ferengingum: <\/em>E\u00f0a &#8222;n\u00fa skulum vi\u00f0 l\u00edka fagna \u00ed \u00ferengingum.&#8220;<\/p>\n<p><strong>5.2\u00a0<\/strong><em>n\u00e1\u00f0: <\/em>N\u00e1nar um gr\u00edska or\u00f0i\u00f0 <em>charis<\/em>, sem \u00fe\u00fdtt er \u00e1 \u00edslensku me\u00f0 or\u00f0inu &#8222;n\u00e1\u00f0&#8220;.<\/p>\n<p><strong>5.5\u00a0<\/strong><em>heil\u00f6gum anda: <\/em>Sj\u00e1 athugagrein vi\u00f0 1.3-4 (heilagur andi&#8230;augl\u00fdsti). \u00dea\u00f0 var kenning P\u00e1ls, a\u00f0 l\u00e6risveinum Jes\u00fa v\u00e6ri gefinn kraftur heilags anda, sem hj\u00e1lpa\u00f0i \u00feeim a\u00f0 byrja n\u00fdtt l\u00edf \u00ed tr\u00fa (8.12-17); (1K\u00f3l 2.1-11).<\/p>\n<p><strong>5.6-9\u00a0<\/strong><em>d\u00f3 Kristur&#8230;fyrir okkur&#8230;vi\u00f0 erum r\u00e9ttl\u00e6tt fyrir bl\u00f3\u00f0 Krists: <\/em>Sj\u00e1 athugagrein vi\u00f0 3.24,25. N\u00e1nar um \u00f3gu\u00f0leika manna sj\u00e1 1.18 og 3.9-18.<\/p>\n<p><strong>5.12\u00a0<\/strong><em>Syndin kom inn \u00ed heiminn me\u00f0 einum manni og dau\u00f0inn me\u00f0 syndinni: <\/em>Hinn fyrsti ma\u00f0ur, Adam, framdi synd er hann \u00f3hl\u00fd\u00f0na\u00f0ist Gu\u00f0i \u00ed aldingar\u00f0inum Eden (1M\u00f3s 2.15-17; 3.1-24). M\u00f6nnunum var \u00ed \u00f6ndver\u00f0u \u00e6tla\u00f0 a\u00f0 lifa a\u00f0 eil\u00edfu me\u00f0 Gu\u00f0i, en synd Adams olli \u00fev\u00ed a\u00f0 allir hlutu dau\u00f0a a\u00f0 deyja. Allir menn syndga og deyja vegna \u00f3hl\u00fd\u00f0ni Adams.<\/p>\n<p><strong>5.14\u00a0<\/strong><em>fr\u00e1 Adam til M\u00f3se: <\/em>L\u00f6ngu eftir daga Adams gaf Gu\u00f0 M\u00f3se l\u00f6gm\u00e1li\u00f0. H\u00e9r segir P\u00e1ll, a\u00f0 menn \u00f3h\u00fd\u00f0nu\u00f0ust Gu\u00f0i \u00e1\u00f0ur en l\u00f6gm\u00e1li\u00f0 var gefi\u00f0 \u00feeim. Samkv\u00e6mt kenningu P\u00e1ls var meginhlutverk l\u00f6gm\u00e1lsins a\u00f0 lei\u00f0a m\u00f6nnum fyrir sj\u00f3nir synd \u00feeirra og s\u00e1ra \u00fe\u00f6rf \u00e1 fyrirgefningu Gu\u00f0s (sj\u00e1 athugagrein vi\u00f0 7.8).<\/p>\n<p><strong>5.15\u00a0<\/strong><em>n\u00e1\u00f0argj\u00f6f Gu\u00f0s og falli Adams ver\u00f0ur ekki jafna\u00f0 saman: <\/em>Gj\u00f6fin, sem P\u00e1ll r\u00e6\u00f0ir um h\u00e9r, er l\u00edfi\u00f0 n\u00fdja sem Gu\u00f0 gefur hverjum \u00feeim sem tr\u00fair og treystir Jes\u00fa Kristi. Fyrir hann hafa menn hloti\u00f0 fyrirgefningu og veri\u00f0 s\u00e6ttir vi\u00f0 Gu\u00f0. \u00d3hl\u00fd\u00f0ni Adams var\u00f0 aftur \u00e1 m\u00f3ti til \u00feess a\u00f0 kalla yfir mennina refsingu og dau\u00f0a.<\/p>\n<p><strong>5.21 <\/strong><em>Syndin r\u00edkti&#8230;\u00e1 n\u00e1\u00f0in a\u00f0 r\u00edkja: <\/em>Syndin h\u00e9ldi \u00e1fram a\u00f0 hafa yfirh\u00f6ndina \u00ed l\u00edfi manna, ef ekki v\u00e6ri fyrir frelsarann Jes\u00fa Krist. Af n\u00e1\u00f0 sinni sendi Gu\u00f0 Jes\u00fa \u00ed heiminn til \u00feess a\u00f0 f\u00e6ra fyrirgefningu og eil\u00edft l\u00edf (sj\u00e1 athugagrein vi\u00f0 2.7).<\/p>\n","protected":false},"excerpt":{"rendered":"<p>5.1 h\u00f6fum vi\u00f0 \u00fev\u00ed fri\u00f0: \u00cd sumum handritum &#8222;skulum vi\u00f0 <a href=\"https:\/\/biblian.is\/fraedsla\/ritskyring\/romverjabrefid-5-kafli\/\"> [&#8230;]<\/a><\/p>\n","protected":false},"author":1,"featured_media":0,"parent":4829,"menu_order":0,"comment_status":"closed","ping_status":"closed","template":"","meta":{"footnotes":""},"class_list":["post-5488","page","type-page","status-publish","hentry"],"_links":{"self":[{"href":"https:\/\/biblian.is\/fraedsla\/wp-json\/wp\/v2\/pages\/5488","targetHints":{"allow":["GET"]}}],"collection":[{"href":"https:\/\/biblian.is\/fraedsla\/wp-json\/wp\/v2\/pages"}],"about":[{"href":"https:\/\/biblian.is\/fraedsla\/wp-json\/wp\/v2\/types\/page"}],"author":[{"embeddable":true,"href":"https:\/\/biblian.is\/fraedsla\/wp-json\/wp\/v2\/users\/1"}],"replies":[{"embeddable":true,"href":"https:\/\/biblian.is\/fraedsla\/wp-json\/wp\/v2\/comments?post=5488"}],"version-history":[{"count":0,"href":"https:\/\/biblian.is\/fraedsla\/wp-json\/wp\/v2\/pages\/5488\/revisions"}],"up":[{"embeddable":true,"href":"https:\/\/biblian.is\/fraedsla\/wp-json\/wp\/v2\/pages\/4829"}],"wp:attachment":[{"href":"https:\/\/biblian.is\/fraedsla\/wp-json\/wp\/v2\/media?parent=5488"}],"curies":[{"name":"wp","href":"https:\/\/api.w.org\/{rel}","templated":true}]}}