{"id":5484,"date":"2019-06-13T21:09:26","date_gmt":"2019-06-13T21:09:26","guid":{"rendered":"https:\/\/biblian.is\/fraedsla\/?page_id=5484"},"modified":"2025-06-27T02:04:25","modified_gmt":"2025-06-27T02:04:25","slug":"romverjabrefid-3-kafli","status":"publish","type":"page","link":"https:\/\/biblian.is\/fraedsla\/ritskyring\/romverjabrefid-3-kafli\/","title":{"rendered":"R\u00f3mverjabr\u00e9fi\u00f0 3. kafli"},"content":{"rendered":"<p><strong>3.2\u00a0<\/strong><em>Gu\u00f0 hefur tr\u00faa\u00f0 Gy\u00f0ingum fyrir or\u00f0um s\u00ednum: <\/em>\u00cd Fyrstu M\u00f3seb\u00f3k segir fr\u00e1 \u00fev\u00ed, er Drottinn \u00fatvaldi Abraham og S\u00f6ru (1M\u00f3s 12.22). Afkomendur \u00feeirra h\u00e9tu \u00cdsraelsmenn og s\u00ed\u00f0ar Gy\u00f0ingar. Gu\u00f0 tala\u00f0i til \u00fej\u00f3\u00f0arinnar fyrir munn sp\u00e1manna sinna. Sj\u00e1 athugagrein vi\u00f0 1.2 (sp\u00e1menn). Gu\u00f0 tala\u00f0i l\u00edka \u00ed fr\u00e1s\u00f6gnum, lj\u00f3\u00f0um og \u00f6\u00f0ru efni helgirita Gy\u00f0inga, sem kristnir menn kalla Gamla testamenti.<\/p>\n<p><strong>3.8\u00a0<\/strong><em>Sumir bera mig \u00feeim \u00f3hr\u00f3\u00f0ri a\u00f0 \u00e9g kenni \u00feetta: <\/em>Einhverjir \u00f3vildarmenn P\u00e1ls s\u00f6g\u00f0u hann hvetja menn til \u00feess a\u00f0 \u00f3hl\u00fd\u00f0nast M\u00f3sel\u00f6gum og gj\u00f6ra illt til \u00feess eins a\u00f0 Gu\u00f0 fengi au\u00f0s\u00fdnt k\u00e6rleika sinn me\u00f0 \u00fev\u00ed a\u00f0 fyrirgefa \u00feeim afbrotin. \u00deessir vildu a\u00f0 allir l\u00e6risveinar Jes\u00fa semdu sig undanbrag\u00f0alaust a\u00f0 l\u00f6gum, reglum og hef\u00f0um gy\u00f0ingd\u00f3msins.<\/p>\n<p><strong>3.9\u00a0<\/strong><em>Gy\u00f0ingum&#8230;Grikkjum, a\u00f0 \u00feeir v\u00e6ru allir \u00e1 valdi syndarinnar: <\/em>Sj\u00e1 1.18 og athugagrein vi\u00f0 1.16 (Gy\u00f0inginn fyrst og a\u00f0ra s\u00ed\u00f0an).<\/p>\n<p><strong>3.18\u00a0<\/strong><em>Gu\u00f0s\u00f3tti: <\/em>\u00deetta or\u00f0 merkir ekki hr\u00e6\u00f0slu vi\u00f0 Gu\u00f0, heldur miklu fremur dj\u00fapa lotningu fyrir honum.<\/p>\n<p><strong>3.19\u00a0<\/strong><em>l\u00f6gm\u00e1li\u00f0: <\/em>L\u00f6gm\u00e1l M\u00f3se, \u00fear sem segir hvernig Gu\u00f0 vill a\u00f0 b\u00f6rn hans lifi l\u00edfi s\u00ednu.<\/p>\n<p><strong>3.22\u00a0<\/strong><em>R\u00e9ttl\u00e6ti tr\u00faarinnar, sem Gu\u00f0 gefur \u00f6llum: <\/em>\u00deetta er eitt helsta umr\u00e6\u00f0uefni\u00f0 \u00ed \u00f6llum br\u00e9faskriftum P\u00e1ls postula. Fyrir tr\u00fana \u00e1 fyrirgefningu Gu\u00f0s \u00ed Jes\u00fa Kristi r\u00e9ttl\u00e6tist ma\u00f0urinn frammi fyrir Gu\u00f0i og ver\u00f0ur s\u00fdkn saka. Sj\u00e1 og Gal. 3.26-29.<\/p>\n<p><strong>3.23\u00a0<\/strong><em>Allir hafa syndga\u00f0 og skortir Gu\u00f0s d\u00fdr\u00f0: <\/em>Sj\u00e1 &#8222;<a href=\"https:\/\/biblian.is\/fraedsla\/ordtakasafn\/synd\/\">Synd<\/a>&#8222;. A\u00f0 &#8222;skorta Gu\u00f0s d\u00fdr\u00f0&#8220; merkir a\u00f0 megna ekki a\u00f0 hl\u00fd\u00f0a l\u00f6gm\u00e1li Gu\u00f0s \u00fat\u00ed \u00e6sar og lifa samkv\u00e6mt vilja hans. Sj\u00e1 2M\u00f3s 40.34; Slm 143.2; R\u00f3m 5.2; 8.18.<\/p>\n<p><strong>3.24\u00a0<\/strong><em>endurlausn: <\/em>P\u00e1ll \u00e1 ekki vi\u00f0 \u00fea\u00f0, a\u00f0 syndin sitji ekki lengur um hinn tr\u00faa\u00f0a; aftur \u00e1 m\u00f3ti m\u00e1ir Jes\u00fas \u00fat sektina, sem syndin veldur (3.25,26).<\/p>\n<p><strong>3.25-26\u00a0<\/strong><em>Gu\u00f0 bendir \u00e1 bl\u00f3\u00f0 hans sem s\u00e1ttarf\u00f3rn: <\/em>Gr\u00edska or\u00f0i\u00f0 yfir &#8222;s\u00e1ttarf\u00f3rn&#8220; er <em>hilasterion\u00a0<\/em>og var \u00ed Gamla testamenti nota\u00f0 um loki\u00f0 \u00e1 s\u00e1ttm\u00e1ls\u00f6rkinni, sem nefndist n\u00e1\u00f0arst\u00f3ll. \u00c1 fri\u00f0\u00fe\u00e6gingardaginn \u00e1r hvert f\u00f3rnu\u00f0u prestarnir skepnu og var bl\u00f3\u00f0i hennar st\u00f6kkt \u00e1 lok s\u00e1ttm\u00e1lsarkarinnar (n\u00e1\u00f0arst\u00f3linn). \u00deannig var fri\u00f0\u00fe\u00e6gt fyrir syndir \u00cdsraelsmanna (3M\u00f3s 16.14-16). Sj\u00e1 og 1Kor 1.30; Ef 1.7,8; Heb 9.15.<\/p>\n<p><strong>3.28\u00a0<\/strong><em>r\u00e9ttl\u00e6tist af tr\u00fa: <\/em>Gr\u00edska or\u00f0i\u00f0, sem merkir a\u00f0 Gu\u00f0 &#8222;taki vi\u00f0&#8220; manneskjunni og &#8222;frelsi&#8220; hana, er h\u00e9r \u00fe\u00fdtt \u00e1 \u00edslensku me\u00f0 &#8222;r\u00e9ttl\u00e6tist.&#8220; Gu\u00f0 s\u00fdknar f\u00f3lk og tekur \u00fea\u00f0 \u00ed s\u00e1tt, ekki fyrir \u00fea\u00f0 g\u00f3\u00f0a sem \u00fea\u00f0 gerir, heldur \u00feegar \u00fea\u00f0 treystir hj\u00e1lpr\u00e6\u00f0i Jes\u00fa Krists og tr\u00fair \u00e1 hann.<\/p>\n<p><strong>3.29\u00a0<\/strong><em>Gy\u00f0inga&#8230;hei\u00f0ingja: <\/em>Sj\u00e1 athugagrein vi\u00f0 2.10 (Gy\u00f0ingurinn fyrst, en Grikkinn l\u00edka).<\/p>\n<p><strong>3.31\u00a0<\/strong><em>Geri \u00e9g l\u00f6gm\u00e1li\u00f0 a\u00f0 engu: <\/em>P\u00e1ll vill ekki a\u00f0 menn h\u00e6tti a\u00f0 hl\u00fd\u00f0a Gu\u00f0s l\u00f6gum, enda birta \u00feau vilja Gu\u00f0s. En enginn skyldi \u00fe\u00f3 \u00e1l\u00edta l\u00f6gm\u00e1li\u00f0 mikilv\u00e6gara en tr\u00fana \u00e1 Krist.<\/p>\n","protected":false},"excerpt":{"rendered":"<p>3.2\u00a0Gu\u00f0 hefur tr\u00faa\u00f0 Gy\u00f0ingum fyrir or\u00f0um s\u00ednum: \u00cd Fyrstu M\u00f3seb\u00f3k <a href=\"https:\/\/biblian.is\/fraedsla\/ritskyring\/romverjabrefid-3-kafli\/\"> [&#8230;]<\/a><\/p>\n","protected":false},"author":1,"featured_media":0,"parent":4829,"menu_order":0,"comment_status":"closed","ping_status":"closed","template":"","meta":{"footnotes":""},"class_list":["post-5484","page","type-page","status-publish","hentry"],"_links":{"self":[{"href":"https:\/\/biblian.is\/fraedsla\/wp-json\/wp\/v2\/pages\/5484","targetHints":{"allow":["GET"]}}],"collection":[{"href":"https:\/\/biblian.is\/fraedsla\/wp-json\/wp\/v2\/pages"}],"about":[{"href":"https:\/\/biblian.is\/fraedsla\/wp-json\/wp\/v2\/types\/page"}],"author":[{"embeddable":true,"href":"https:\/\/biblian.is\/fraedsla\/wp-json\/wp\/v2\/users\/1"}],"replies":[{"embeddable":true,"href":"https:\/\/biblian.is\/fraedsla\/wp-json\/wp\/v2\/comments?post=5484"}],"version-history":[{"count":0,"href":"https:\/\/biblian.is\/fraedsla\/wp-json\/wp\/v2\/pages\/5484\/revisions"}],"up":[{"embeddable":true,"href":"https:\/\/biblian.is\/fraedsla\/wp-json\/wp\/v2\/pages\/4829"}],"wp:attachment":[{"href":"https:\/\/biblian.is\/fraedsla\/wp-json\/wp\/v2\/media?parent=5484"}],"curies":[{"name":"wp","href":"https:\/\/api.w.org\/{rel}","templated":true}]}}