{"id":5476,"date":"2019-06-13T20:59:14","date_gmt":"2019-06-13T20:59:14","guid":{"rendered":"https:\/\/biblian.is\/fraedsla\/?page_id=5476"},"modified":"2022-12-16T13:59:28","modified_gmt":"2022-12-16T13:59:28","slug":"postulasagan-27-kafli","status":"publish","type":"page","link":"https:\/\/biblian.is\/fraedsla\/ritskyring\/postulasagan-27-kafli\/","title":{"rendered":"Postulasagan 27. kafli"},"content":{"rendered":"<p><strong>27.1\u00a0<\/strong><em>\u00e1kve\u00f0i\u00f0 var a\u00f0 vi\u00f0 skyldum sigla til \u00cdtal\u00edu:<\/em>Sj\u00e1 athugagreinar vi\u00f0 16.10 (V\u00e9r-kaflarnir) og 28.14 (R\u00f3m).<\/p>\n<p><strong>27.1\u00a0<\/strong><em>hundra\u00f0sh\u00f6f\u00f0ingja er J\u00fal\u00edus h\u00e9t, \u00far hersveit keisarans: <\/em>J\u00fal\u00edus er hvergi nefndur \u00e1 nafn \u00ed Postulas\u00f6gunni nema h\u00e9r. Or\u00f0i\u00f0, sem haft er um hersveitina (cohort), \u00e1 s\u00e9rstaklega vi\u00f0 hersveit keisarans.<\/p>\n<p><strong>27.2\u00a0<\/strong><em>Adram\u00fdtt\u00edum&#8230;As\u00edu: <\/em>H\u00e9r fer P\u00e1ll um bor\u00f0 \u00ed skip fr\u00e1 Adram\u00fdtt\u00edum, hafnarb\u00e6 \u00e1 vesturstr\u00f6nd skattlandsins As\u00edu, n\u00e6rri Tr\u00f3as og Assus. \u00dea\u00f0 kom vi\u00f0 \u00e1 nokkrum st\u00f6\u00f0um \u00e1 As\u00edustr\u00f6nd.<\/p>\n<p><strong>27.2\u00a0<\/strong><em>Aristarkus&#8230;fr\u00e1 \u00deessalon\u00edku: <\/em>Sj\u00e1 athugagrein vi\u00f0 19.29. Sj\u00e1 og K\u00f3l 4.10, \u00fear sem helst er a\u00f0 skilja, a\u00f0 Aristarkus \u00feessi hafi veri\u00f0 me\u00f0 P\u00e1li \u00ed R\u00f3maborg. Sj\u00e1 athugagrein vi\u00f0 17.1 (\u00deessalon\u00edka).<\/p>\n<p><strong>27.3,4\u00a0<\/strong><em>S\u00eddon&#8230;K\u00fdpur: <\/em>S\u00eddon var hafnarb\u00e6r \u00ed F\u00f6nik\u00edu, st\u00edfa 110 km. nor\u00f0ur af Sesareu. Sj\u00e1 athugagrein vi\u00f0 11.19,20 (F\u00f6nik\u00eda, K\u00fdpur). Hvassvi\u00f0ri hefur veri\u00f0 \u00e1 vestan, \u00far \u00fev\u00ed a\u00f0 \u00feeir f\u00e9lagar leitu\u00f0u skj\u00f3ls undir K\u00fdpur.<\/p>\n<p><strong>27.5\u00a0<\/strong><em>Kilik\u00edu og Pamf\u00fdl\u00edu&#8230;M\u00fdru \u00ed L\u00fdk\u00edu: <\/em>Sj\u00e1 athugagreinar vi\u00f0 vi\u00f0 6.9 (Kilik\u00eda) og 13.13 (Pamf\u00fdl\u00eda). P\u00e1ll var fr\u00e1 Tarsus \u00ed Kilik\u00edu. M\u00fdra var b\u00e6r \u00ed L\u00fdk\u00edu, sem var skattland \u00ed As\u00edu. \u00cd M\u00fdru voru miklar kornhl\u00f6\u00f0ur og \u00fear var vi\u00f0komusta\u00f0ur skipa \u00e1 langfer\u00f0um um Mi\u00f0jar\u00f0arhafi\u00f0.<\/p>\n<p><strong>27.6\u00a0<\/strong><em>Alexandr\u00edu&#8230;\u00cdtal\u00edu: <\/em>Alexandr\u00eda, st\u00f3rborg vi\u00f0 \u00f3sa N\u00edlar \u00ed Egyptalandi. Sj\u00e1 athugagreinar vi\u00f0 6.9 og 18.24. R\u00f3m, \u00e1 \u00cdtal\u00edu, var \u00e1fangasta\u00f0ur reisubr\u00e6\u00f0ranna.<\/p>\n<p><strong>27.7,8\u00a0<\/strong><em>Kn\u00eddus&#8230;Laseu: <\/em>Kn\u00eddus var um 140 km. vestur af M\u00fdru. Vestangarrinn ger\u00f0i fer\u00f0af\u00e9l\u00f6gunum n\u00e6r \u00f3kleift a\u00f0 sigla beint \u00e1 Akaiu og \u00fea\u00f0an til \u00cdtal\u00edu og brug\u00f0u \u00feeir \u00fev\u00ed \u00e1 \u00fea\u00f0 r\u00e1\u00f0 a\u00f0 stefna \u00e1 eyjuna Kr\u00edt austanver\u00f0a \u00fear sem h\u00e9t Salm\u00f3neh\u00f6f\u00f0i. S\u00ed\u00f0an l\u00e9tu \u00feeir horfa vestur me\u00f0 su\u00f0urstr\u00f6nd Kr\u00edtar og l\u00f6g\u00f0ust a\u00f0 \u00ed G\u00f3\u00f0h\u00f6fnum, um sj\u00f6 og h\u00e1lfan k\u00edl\u00f3metra \u00ed vestur fr\u00e1 Laseu.<\/p>\n<p><strong>27.9\u00a0<\/strong><em>f\u00f6stu: <\/em>F\u00f6stuna fyrir fri\u00f0\u00fe\u00e6gingardag Gy\u00f0inga, \u00ed lok september. Sj\u00f3fer\u00f0ir \u00fe\u00f3ttu \u00f3tryggar er lei\u00f0 a\u00f0 septemberlokum og fr\u00e1 \u00fev\u00ed um mi\u00f0bik n\u00f3vemberm\u00e1na\u00f0ar fram \u00ed mi\u00f0jan mars lag\u00f0i enginn \u00f3vitlaus ma\u00f0ur fr\u00e1 landi.<\/p>\n<p><strong>27.12\u00a0<\/strong><em>F\u00f6nix: <\/em>F\u00f6nix var t\u00e6pa 130 km. fyrir vestan G\u00f3\u00f0hafnir \u00e1 su\u00f0urstr\u00f6nd Kr\u00edtar. \u00dear voru hafnarskilyr\u00f0i sn\u00f6ggtum betri en \u00ed G\u00f3\u00f0h\u00f6fnum.<\/p>\n<p><strong>27.12\u00a0<\/strong><em>\u00fatsu\u00f0urs og \u00fatnor\u00f0urs: <\/em>E\u00f0a &#8222;nor\u00f0austur og su\u00f0austur.&#8220;<\/p>\n<p><strong>27.14\u00a0<\/strong><em>landnyr\u00f0ingur: <\/em>Aftakave\u00f0ur, l\u00edkast hvirfilbyl, og kallast &#8222;Euroaquilo&#8220; (af latnesku or\u00f0unum <em>eurus <\/em>[austan e\u00f0a su\u00f0austanvindur] og <em>aquilo <\/em>[nor\u00f0anvindur]; aust-nor\u00f0austan\u00e1ttin, sem hrakti P\u00e1l og f\u00f6runauta hans fr\u00e1 landi.<\/p>\n<p><strong>27.16\u00a0<\/strong><em>K\u00e1da: <\/em>L\u00edtil ey um 36 km. su\u00f0ur af Kr\u00edt. Reisubr\u00e6\u00f0urnir l\u00e1ta reka me\u00f0 su\u00f0urstr\u00f6nd Kr\u00edtar \u00e1 me\u00f0an \u00feeir reyra skipi\u00f0 k\u00f6\u00f0lum til \u00feess a\u00f0 verja \u00fea\u00f0 broti, en sigla svo undir eyna.<\/p>\n<p><strong>27.17\u00a0<\/strong><em>reyr\u00f0u skipi\u00f0 k\u00f6\u00f0lum: <\/em>Ka\u00f0lar voru reyr\u00f0ir \u00e1 milli stafns og skutar, tr\u00falega \u00fe\u00f3 ofan \u00feilja, til \u00feess a\u00f0 varna \u00fev\u00ed a\u00f0 skipi\u00f0 brotna\u00f0i \u00ed tvennt.<\/p>\n<p><strong>27.17\u00a0<\/strong><em>Syrtufl\u00f3a: <\/em>Syrtufl\u00f3i g\u00e9kk inn \u00ed nor\u00f0urstr\u00f6nd Afr\u00edku, vestan vi\u00f0 K\u00fdrena\u00edku-h\u00e9ra\u00f0. \u00dear voru st\u00f3rh\u00e6ttulegar sandgrynningar.<\/p>\n<p><strong>27.23\u00a0<\/strong><em>engill: <\/em>Sj\u00e1 athugagrein vi\u00f0 5.19.<\/p>\n<p><strong>27.24\u00a0<\/strong><em>keisarann: <\/em>Keisari \u00ed \u00feennan t\u00edma var Ner\u00f3 (54 til 68 e Kr.) Hann var sonur Agripp\u00ednu, fj\u00f3r\u00f0u eiginkonu Kl\u00e1d\u00edusar keisara. Sj\u00e1 athugagrein vi\u00f0 11.28 (Kl\u00e1d\u00edus). Ner\u00f3 umg\u00e9kkst fj\u00e1rhirslur keisarad\u00e6misins af fullkomnu vir\u00f0ingarleysi, en var daufur a\u00f0 heyja str\u00ed\u00f0. Af \u00feessu var hann \u00ed litlum metum b\u00e6\u00f0i hj\u00e1 hernum og broddborgurum R\u00f3mar. Megini\u00f0 af R\u00f3maborg brann til kaldra kola \u00e1ri\u00f0 64 e. Kr. og kenndi Ner\u00f3 kristnum m\u00f6nnum um. Voru \u00feeir ofs\u00f3ttir \u00ed kj\u00f6lfari\u00f0 \u00e1 eldsvo\u00f0anum og er tali\u00f0, a\u00f0 postularnir P\u00e9tur og P\u00e1ll hafi \u00fe\u00e1 b\u00e1\u00f0ir l\u00e1ti\u00f0 l\u00edfi\u00f0. Sj\u00e1 og athugagrein vi\u00f0 Opb 13.18.<\/p>\n<p><strong>27.27\u00a0<\/strong><em>Adr\u00edahaf: <\/em>Mi\u00f0jar\u00f0arhaf skilur a\u00f0 heims\u00e1lfurnar Afr\u00edku og Evr\u00f3pu. R\u00f3maborg er \u00e1 \u00cdtal\u00eduskaga n\u00e1l\u00e6gt mi\u00f0ju \u00feessa hafs, og l\u00f6ndin kringum \u00fea\u00f0 lutu \u00ed \u00feennan t\u00edma r\u00f3mverska heimsveldinu. Fer\u00f0ir kaupskipa um Mi\u00f0jar\u00f0arhafi\u00f0 h\u00f3fust \u00e1 \u00f6\u00f0ru \u00e1r\u00fe\u00fasundinu fyrir Krists bur\u00f0 og h\u00f6f\u00f0u aldrei veri\u00f0 t\u00ed\u00f0ari en \u00e1 d\u00f6gum P\u00e1ls.<\/p>\n<p><strong>27.28\u00a0<\/strong><em>reyndist d\u00fdpi\u00f0: <\/em>Skipverjar v\u00f6rpu\u00f0u grunns\u00f6kku fyrir bor\u00f0 til \u00feess a\u00f0 m\u00e6la d\u00fdpi\u00f0.<\/p>\n<p><strong>27.31\u00a0<\/strong><em>hundra\u00f0sh\u00f6f\u00f0ingjann: <\/em>M\u00e1 vera, a\u00f0 \u00e1tt s\u00e9 vi\u00f0 J\u00fal\u00edus \u00feann, sem nefndur er \u00ed 27.1.<\/p>\n<p><strong>27.38\u00a0<\/strong><em>kasta kornfarminum \u00ed sj\u00f3inn: <\/em>Sum skip g\u00e1tu lesta\u00f0 allt a\u00f0 \u00ferj\u00fa \u00fe\u00fasund \u00e1mur korns. H\u00e9r l\u00e9ttist skipi\u00f0, \u00feegar nokkru af farminum er varpa\u00f0 fyrir bor\u00f0. \u00dea\u00f0 ristir \u00fe\u00e1 ekki eins dj\u00fapt og getur \u00fearaflei\u00f0andi siglt n\u00e6r landi.<\/p>\n","protected":false},"excerpt":{"rendered":"<p>27.1\u00a0\u00e1kve\u00f0i\u00f0 var a\u00f0 vi\u00f0 skyldum sigla til \u00cdtal\u00edu:Sj\u00e1 athugagreinar vi\u00f0 <a href=\"https:\/\/biblian.is\/fraedsla\/ritskyring\/postulasagan-27-kafli\/\"> [&#8230;]<\/a><\/p>\n","protected":false},"author":1,"featured_media":0,"parent":4829,"menu_order":0,"comment_status":"closed","ping_status":"closed","template":"","meta":{"footnotes":""},"class_list":["post-5476","page","type-page","status-publish","hentry"],"_links":{"self":[{"href":"https:\/\/biblian.is\/fraedsla\/wp-json\/wp\/v2\/pages\/5476","targetHints":{"allow":["GET"]}}],"collection":[{"href":"https:\/\/biblian.is\/fraedsla\/wp-json\/wp\/v2\/pages"}],"about":[{"href":"https:\/\/biblian.is\/fraedsla\/wp-json\/wp\/v2\/types\/page"}],"author":[{"embeddable":true,"href":"https:\/\/biblian.is\/fraedsla\/wp-json\/wp\/v2\/users\/1"}],"replies":[{"embeddable":true,"href":"https:\/\/biblian.is\/fraedsla\/wp-json\/wp\/v2\/comments?post=5476"}],"version-history":[{"count":0,"href":"https:\/\/biblian.is\/fraedsla\/wp-json\/wp\/v2\/pages\/5476\/revisions"}],"up":[{"embeddable":true,"href":"https:\/\/biblian.is\/fraedsla\/wp-json\/wp\/v2\/pages\/4829"}],"wp:attachment":[{"href":"https:\/\/biblian.is\/fraedsla\/wp-json\/wp\/v2\/media?parent=5476"}],"curies":[{"name":"wp","href":"https:\/\/api.w.org\/{rel}","templated":true}]}}